{"id":913,"date":"2018-05-07T20:43:55","date_gmt":"2018-05-07T18:43:55","guid":{"rendered":"http:\/\/treskablinoll.nu\/?page_id=913"},"modified":"2024-01-29T16:19:31","modified_gmt":"2024-01-29T15:19:31","slug":"samarbetspartners","status":"publish","type":"page","link":"https:\/\/treskablinoll.nu\/ll\/om-treskablinoll\/samarbetspartners\/","title":{"rendered":"Samarbetspartners"},"content":{"rendered":"<p class=\"p1\" style=\"text-align: left;\">Allm\u00e4nna arvsfonden bildades 1928 n\u00e4r Riksdagen beslutade att kusiner och mer avl\u00e4gsna sl\u00e4ktingar inte l\u00e4ngre skulle \u00e4rva. I st\u00e4llet skulle arven g\u00e5 till allm\u00e4nnyttiga \u00e4ndam\u00e5l. F\u00f6r att m\u00f6jligg\u00f6ra detta inr\u00e4ttades Allm\u00e4nna arvsfonden, d\u00e4r mottagare av pengar ur fonden skulle vara barn och ungdomar. Senare g\u00e4llde \u00e4ven detta gruppen personer med funktionsneds\u00e4ttning. En fj\u00e4rde m\u00e5lgrupp, best\u00e5ende av alla \u00e4ldre personer \u00f6ver 65 \u00e5r, tillkom under 2021. Treskablinolls projekt Grundskolebrevet 2022-2024 m\u00f6jligg\u00f6rs med st\u00f6d av Arvsfonden. <a href=\"https:\/\/www.arvsfonden.se\/\" target=\"_blank\" rel=\"noopener\">www.arsfonden.se<\/a><\/p>\n<p class=\"p1\" style=\"text-align: left;\">Stiftelsen CHELHA grundades 2003 genom en g\u00e5va av Camilla Ahlstr\u00f6m och Mikael Ahlstr\u00f6m under namnet Phoenix Foundation. 2008 p\u00e5b\u00f6rjade CHELHA sin utdelningsverksamhet och bytte till sitt nuvarande namn. Stiftelsen CHELHA arbetar med att fr\u00e4mja demokratiutveckling. D\u00e5 de anser att ett v\u00e4lfungerande utbildningssystem utg\u00f6r basen f\u00f6r demokrati syftar de till att fr\u00e4mja verksamheter som st\u00f6djer utbildning samt alla m\u00e4nniskor m\u00f6jligheter till att utvecklas p\u00e5 lika villkor. L\u00e4s mer p\u00e5 <a href=\"http:\/\/chelha.se\/\" target=\"_blank\" rel=\"noopener\">www.chelha.se<\/a><\/p>\n<p style=\"text-align: left;\">G\u00e5l\u00f6stiftelsen har varit ett konkret st\u00f6d f\u00f6r utsatta barn i Stockholm sedan 1830. Initiativet till verksamheten togs redan 1830 med\u00a0en insamling med syfte att skaffa en lokal d\u00e4r man skulle ta hand om barn som hade &#8221;ov\u00e4rdiga eller inga f\u00f6r\u00e4ldrar alls&#8221;. Stiftelsen hette fr\u00e5n b\u00f6rjan &#8221;Prins Carls uppfostringsinr\u00e4ttning f\u00f6r fattiga och vanv\u00e5rdade barn&#8221;. L\u00e4s mer p\u00e5 <a href=\"https:\/\/www.galostiftelsen.se\/Historia\" target=\"_blank\" rel=\"noopener\">www.galostiftelsen.se<\/a><\/p>","protected":false},"excerpt":{"rendered":"<p>Allm\u00e4nna arvsfonden bildades 1928 n\u00e4r Riksdagen beslutade att kusiner och mer avl\u00e4gsna sl\u00e4ktingar inte l\u00e4ngre skulle \u00e4rva. I st\u00e4llet skulle arven g\u00e5 till allm\u00e4nnyttiga \u00e4ndam\u00e5l. F\u00f6r att m\u00f6jligg\u00f6ra detta inr\u00e4ttades Allm\u00e4nna arvsfonden, d\u00e4r mottagare av pengar ur fonden skulle vara barn och ungdomar. Senare g\u00e4llde \u00e4ven detta gruppen personer med funktionsneds\u00e4ttning. En fj\u00e4rde m\u00e5lgrupp, best\u00e5ende [&hellip;]<\/p>","protected":false},"author":12,"featured_media":0,"parent":894,"menu_order":15,"comment_status":"closed","ping_status":"closed","template":"","meta":{"_acf_changed":false,"footnotes":""},"class_list":["post-913","page","type-page","status-publish","hentry"],"acf":[],"_links":{"self":[{"href":"https:\/\/treskablinoll.nu\/ll\/wp-json\/wp\/v2\/pages\/913","targetHints":{"allow":["GET"]}}],"collection":[{"href":"https:\/\/treskablinoll.nu\/ll\/wp-json\/wp\/v2\/pages"}],"about":[{"href":"https:\/\/treskablinoll.nu\/ll\/wp-json\/wp\/v2\/types\/page"}],"author":[{"embeddable":true,"href":"https:\/\/treskablinoll.nu\/ll\/wp-json\/wp\/v2\/users\/12"}],"replies":[{"embeddable":true,"href":"https:\/\/treskablinoll.nu\/ll\/wp-json\/wp\/v2\/comments?post=913"}],"version-history":[{"count":4,"href":"https:\/\/treskablinoll.nu\/ll\/wp-json\/wp\/v2\/pages\/913\/revisions"}],"predecessor-version":[{"id":10012,"href":"https:\/\/treskablinoll.nu\/ll\/wp-json\/wp\/v2\/pages\/913\/revisions\/10012"}],"up":[{"embeddable":true,"href":"https:\/\/treskablinoll.nu\/ll\/wp-json\/wp\/v2\/pages\/894"}],"wp:attachment":[{"href":"https:\/\/treskablinoll.nu\/ll\/wp-json\/wp\/v2\/media?parent=913"}],"curies":[{"name":"wp","href":"https:\/\/api.w.org\/{rel}","templated":true}]}}