{"id":903,"date":"2018-05-07T20:38:45","date_gmt":"2018-05-07T18:38:45","guid":{"rendered":"http:\/\/treskablinoll.nu\/?page_id=903"},"modified":"2025-08-05T12:35:28","modified_gmt":"2025-08-05T10:35:28","slug":"statistik","status":"publish","type":"page","link":"https:\/\/treskablinoll.nu\/ll\/kunskapsbanken\/statistik\/","title":{"rendered":"Statistik"},"content":{"rendered":"<div data-elementor-type=\"wp-page\" data-elementor-id=\"903\" class=\"elementor elementor-903\" data-elementor-post-type=\"page\">\n\t\t\t\t<div class=\"elementor-element elementor-element-c4da65d e-flex e-con-boxed e-con e-parent\" data-id=\"c4da65d\" data-element_type=\"container\">\n\t\t\t\t\t<div class=\"e-con-inner\">\n\t\t\t\t<div class=\"elementor-element elementor-element-2964256 elementor-widget elementor-widget-text-editor\" data-id=\"2964256\" data-element_type=\"widget\" data-widget_type=\"text-editor.default\">\n\t\t\t\t<div class=\"elementor-widget-container\">\n\t\t\t\t\t\t\t\t\t<h4>HUR M\u00c5NGA \u00c4R DET SOM UTS\u00c4TTS?<\/h4>\n<p style=\"font-weight: 400;\">Sexuella \u00f6vergrepp mot barn \u00e4r vanligare \u00e4n m\u00e5nga tror. I rapporten \u201dV\u00e5ld mot barn 2022 \u2013 en nationell kartl\u00e4ggning\u201d som sl\u00e4pptes 2023 har Stiftelsen Allm\u00e4nna Barnhuset visat p\u00e5 att 28,6% av barnen har blivit utsatta f\u00f6r sexuella \u00f6vergrepp. Det \u00e4r mer \u00e4n 1 av 4 barn och m\u00f6rkertalet ber\u00e4knas fortfarande vara stort. Fr\u00e5n tidigare kartl\u00e4ggningar ser vi \u00e4ven att siffran har \u00f6kat markant fr\u00e5n 20,3% \u00e5r 2016 till 28,6%.<\/p>\n<p style=\"font-weight: 400;\">Enligt Brottsf\u00f6rebyggande r\u00e5det finns det ett stort m\u00f6rkertal n\u00e4r det g\u00e4ller sexuella \u00f6vergrepp mot barn. D\u00e4r ber\u00e4knar de att f\u00e4rre \u00e4n 10 procent av fall av sexuellt v\u00e5ld och \u00f6vergrepp mot barn polisanm\u00e4ls. Av de fall som polisanm\u00e4ls \u00e4r det enbart ca 2 procent som leder till en f\u00e4llande dom.<\/p>\n<p style=\"font-weight: 400;\">Barn och unga med funktionsneds\u00e4ttning \u00e4r extra s\u00e5rbara f\u00f6r sexuellt v\u00e5ld, s\u00e4rskilt barn med intellektuell funktionsneds\u00e4ttning. Internationell forskning visar p\u00e5 att denna m\u00e5lgrupp har 3\u20135 g\u00e5nger h\u00f6gre risk att uts\u00e4ttas i j\u00e4mf\u00f6relse med barn utan n\u00e5gon funktionsneds\u00e4ttning.<\/p>\n<h4>VILKA \u00c4R DET SOM UTS\u00c4TTER?<\/h4>\n<p style=\"font-weight: 400;\">Sedan Treskablinoll bildades har vi k\u00e4mpat med att belysa det faktum att en stor majoritet k\u00e4nner sin f\u00f6r\u00f6vare. I rapporten \u201dUnga, sex och internet efter #metoo\u201d fr\u00e5n 2021 visar Stiftelsen Allm\u00e4nna Barnhuset att 70% av barnen k\u00e4nner sin f\u00f6r\u00f6vare. Det \u00e4r vuxna i deras n\u00e4rhet eller j\u00e4mn\u00e5riga.&nbsp;<\/p>\n<p style=\"font-weight: 400;\">En stor majoritet av f\u00f6r\u00f6varna \u00e4r m\u00e4n eller pojkar (86%). I de fall d\u00e4r flickor blivit utsatta \u00e4r ungef\u00e4r 98% av f\u00f6r\u00f6varna m\u00e4n\/pojkar. I de fall d\u00e4r pojkar blivit utsatta \u00e4r 62% av f\u00f6r\u00f6varna kvinnor\/flickor och 38% m\u00e4n\/pojkar.<\/p>\n<p><b>F\u00f6r\u00f6vare finns d\u00e4r barn finns. D\u00e4rf\u00f6r \u00e4r det viktigt att alla arenor d\u00e4r barn befinner sig har ett starkt integritetsarbete och f\u00f6rebyggande \u00e5tg\u00e4rder.<\/b><\/p>\n<h4>VAD BLIR KONSEKVENSERNA?<\/h4>\n<p style=\"font-weight: 400;\">Barn och unga som varit utsatta f\u00f6r sexuellt v\u00e5ld m\u00e5r mycket s\u00e4mre j\u00e4mf\u00f6rt med barn som inte utsatts. Bland dessa barn \u00e4r det inte ovanligt med PTSD, depression, \u00e5ngest, s\u00f6mnsv\u00e5righeter, sj\u00e4lvskadebeteenden och suicidf\u00f6rs\u00f6k.<\/p>\n<p style=\"font-weight: 400;\">En studie fr\u00e5n Karolinska Institutet (2020) visar p\u00e5 att flickor som utsatts f\u00f6r sexuella \u00f6vergrepp har 26 g\u00e5nger h\u00f6gre risk f\u00f6r suicidf\u00f6rs\u00f6k j\u00e4mf\u00f6rt med flickor i samma \u00e5lder som inte utsatts f\u00f6r ett \u00f6vergrepp.<\/p>\t\t\t\t\t\t\t\t<\/div>\n\t\t\t\t<\/div>\n\t\t\t\t<div class=\"elementor-element elementor-element-7d08483 elementor-widget elementor-widget-heading\" data-id=\"7d08483\" data-element_type=\"widget\" data-widget_type=\"heading.default\">\n\t\t\t\t<div class=\"elementor-widget-container\">\n\t\t\t\t\t<h3 class=\"elementor-heading-title elementor-size-default\">Att vart tredje barn blir utsatt f\u00f6r sexuellt v\u00e5ld \u00e4r f\u00f6r\u00f6dande. Vi m\u00e5ste forts\u00e4tta k\u00e4mpa f\u00f6r barnens r\u00e4tt till en trygg barndom. V\u00e5rt gemensamma m\u00e5l m\u00e5ste vara att denna siffra ska bli noll. G\u00f6r v\u00e5r kamp till din kamp ocks\u00e5. <\/h3>\t\t\t\t<\/div>\n\t\t\t\t<\/div>\n\t\t\t\t<div class=\"elementor-element elementor-element-8c31faa elementor-align-center elementor-widget elementor-widget-button\" data-id=\"8c31faa\" data-element_type=\"widget\" data-widget_type=\"button.default\">\n\t\t\t\t<div class=\"elementor-widget-container\">\n\t\t\t\t\t\t\t\t\t<div class=\"elementor-button-wrapper\">\n\t\t\t\t\t<a class=\"elementor-button elementor-button-link elementor-size-sm\" href=\"https:\/\/treskablinoll.nu\/ll\/stod-oss\/\">\n\t\t\t\t\t\t<span class=\"elementor-button-content-wrapper\">\n\t\t\t\t\t\t\t\t\t<span class=\"elementor-button-text\">St\u00f6d v\u00e5rt arbete<\/span>\n\t\t\t\t\t<\/span>\n\t\t\t\t\t<\/a>\n\t\t\t\t<\/div>\n\t\t\t\t\t\t\t\t<\/div>\n\t\t\t\t<\/div>\n\t\t\t\t\t<\/div>\n\t\t\t\t<\/div>\n\t\t<div class=\"elementor-element elementor-element-1efa6d6e e-flex e-con-boxed e-con e-parent\" data-id=\"1efa6d6e\" data-element_type=\"container\">\n\t\t\t\t\t<div class=\"e-con-inner\">\n\t\t\t\t<div class=\"elementor-element elementor-element-61df4484 elementor-grid-tablet-1 elementor-grid-3 elementor-grid-mobile-1 elementor-widget elementor-widget-loop-grid\" data-id=\"61df4484\" data-element_type=\"widget\" data-settings=\"{&quot;template_id&quot;:&quot;7324&quot;,&quot;row_gap&quot;:{&quot;unit&quot;:&quot;px&quot;,&quot;size&quot;:16,&quot;sizes&quot;:[]},&quot;columns_tablet&quot;:1,&quot;columns&quot;:3,&quot;_skin&quot;:&quot;post&quot;,&quot;columns_mobile&quot;:&quot;1&quot;,&quot;edit_handle_selector&quot;:&quot;[data-elementor-type=\\&quot;loop-item\\&quot;]&quot;,&quot;row_gap_tablet&quot;:{&quot;unit&quot;:&quot;px&quot;,&quot;size&quot;:&quot;&quot;,&quot;sizes&quot;:[]},&quot;row_gap_mobile&quot;:{&quot;unit&quot;:&quot;px&quot;,&quot;size&quot;:&quot;&quot;,&quot;sizes&quot;:[]}}\" data-widget_type=\"loop-grid.post\">\n\t\t\t\t<div class=\"elementor-widget-container\">\n\t\t\t\t\t\t\t<div class=\"elementor-loop-container elementor-grid\">\n\t\t<style id=\"loop-7324\">.elementor-7324 .elementor-element.elementor-element-7ad8d679{--display:flex;--justify-content:space-between;--gap:32px 32px;--row-gap:32px;--column-gap:32px;--overflow:hidden;--border-radius:8px 8px 8px 8px;--padding-top:16px;--padding-bottom:16px;--padding-left:16px;--padding-right:16px;}.elementor-7324 .elementor-element.elementor-element-7ad8d679:not(.elementor-motion-effects-element-type-background), .elementor-7324 .elementor-element.elementor-element-7ad8d679 > .elementor-motion-effects-container > .elementor-motion-effects-layer{background-color:var( --e-global-color-text );}.elementor-7324 .elementor-element.elementor-element-390af5a6{--display:flex;--gap:16px 16px;--row-gap:16px;--column-gap:16px;}.elementor-7324 .elementor-element.elementor-element-8627b07{--display:flex;--flex-direction:row;--container-widget-width:initial;--container-widget-height:100%;--container-widget-flex-grow:1;--container-widget-align-self:stretch;--flex-wrap-mobile:wrap;--gap:16px 16px;--row-gap:16px;--column-gap:16px;--flex-wrap:nowrap;--padding-top:0px;--padding-bottom:0px;--padding-left:0px;--padding-right:0px;}.elementor-7324 .elementor-element.elementor-element-1df133b8 .elementor-heading-title{color:#FFFFFF;}.elementor-7324 .elementor-element.elementor-element-3dbba957 .elementor-widget-container{color:#FFFFFF;}.elementor-7324 .elementor-element.elementor-element-29d6d8af .elementor-button{background-color:#00000000;fill:var( --e-global-color-accent );color:var( --e-global-color-accent );padding:0px 0px 0px 0px;}.elementor-7324 .elementor-element.elementor-element-29d6d8af .elementor-button-content-wrapper{flex-direction:row-reverse;}.elementor-7324 .elementor-element.elementor-element-29d6d8af .elementor-button .elementor-button-content-wrapper{gap:16px;}.elementor-7324 .elementor-element.elementor-element-3323ce2c{--display:flex;--position:absolute;top:0px;--z-index:1;}body:not(.rtl) .elementor-7324 .elementor-element.elementor-element-3323ce2c{left:0px;}body.rtl .elementor-7324 .elementor-element.elementor-element-3323ce2c{right:0px;}\/* Start custom CSS for container, class: .elementor-element-8627b07 *\/.elementor-7324 .elementor-element.elementor-element-8627b07 img {\n    transform: none !important;\n}\/* End custom CSS *\/\n\/* Start custom CSS for container, class: .elementor-element-3323ce2c *\/.elementor-7324 .elementor-element.elementor-element-3323ce2c {\n    height: 100%;\n}\/* End custom CSS *\/\n\/* Start custom CSS for container, class: .elementor-element-7ad8d679 *\/.elementor-7324 .elementor-element.elementor-element-7ad8d679:hover h4 {\n    text-decoration: underline;\n}\n\n.elementor-7324 .elementor-element.elementor-element-7ad8d679:hover .elementor-button .fas {\n    margin-right: -4px;\n    margin-left: 4px;\n    transition: .3s;\n}\/* End custom CSS *\/<\/style>\t\t<div data-elementor-type=\"loop-item\" data-elementor-id=\"7324\" class=\"elementor elementor-7324 e-loop-item e-loop-item-9565 post-9565 page type-page status-publish has-post-thumbnail hentry\" data-elementor-post-type=\"elementor_library\" data-custom-edit-handle=\"1\">\n\t\t\t<div class=\"elementor-element elementor-element-7ad8d679 e-flex e-con-boxed e-con e-parent\" data-id=\"7ad8d679\" data-element_type=\"container\" data-settings=\"{&quot;background_background&quot;:&quot;classic&quot;}\">\n\t\t\t\t\t<div class=\"e-con-inner\">\n\t\t<div class=\"elementor-element elementor-element-390af5a6 e-flex e-con-boxed e-con e-parent\" data-id=\"390af5a6\" data-element_type=\"container\">\n\t\t\t\t\t<div class=\"e-con-inner\">\n\t\t<div class=\"elementor-element elementor-element-8627b07 e-con-full e-flex e-con e-parent\" data-id=\"8627b07\" data-element_type=\"container\" data-no-translation=\"\">\n\t\t\t\t<\/div>\n\t\t\t\t<div class=\"elementor-element elementor-element-1df133b8 elementor-widget elementor-widget-theme-post-title elementor-page-title elementor-widget-heading\" data-id=\"1df133b8\" data-element_type=\"widget\" data-widget_type=\"theme-post-title.default\">\n\t\t\t\t<div class=\"elementor-widget-container\">\n\t\t\t\t\t<h4 class=\"elementor-heading-title elementor-size-default\">Utbildning<\/h4>\t\t\t\t<\/div>\n\t\t\t\t<\/div>\n\t\t\t\t<div class=\"elementor-element elementor-element-3dbba957 elementor-widget elementor-widget-theme-post-excerpt\" data-id=\"3dbba957\" data-element_type=\"widget\" data-widget_type=\"theme-post-excerpt.default\">\n\t\t\t\t<div class=\"elementor-widget-container\">\n\t\t\t\t\tSt\u00e4rk ert f\u00f6rebyggande arbete genom kunskap. Boka oss f\u00f6r f\u00f6rel\u00e4sningar till b\u00e5de barn och vuxna. \t\t\t\t<\/div>\n\t\t\t\t<\/div>\n\t\t\t\t\t<\/div>\n\t\t\t\t<\/div>\n\t\t\t\t<div class=\"elementor-element elementor-element-29d6d8af elementor-widget elementor-widget-button\" data-id=\"29d6d8af\" data-element_type=\"widget\" data-widget_type=\"button.default\">\n\t\t\t\t<div class=\"elementor-widget-container\">\n\t\t\t\t\t\t\t\t\t<div class=\"elementor-button-wrapper\">\n\t\t\t\t\t<a class=\"elementor-button elementor-button-link elementor-size-sm\" href=\"#\">\n\t\t\t\t\t\t<span class=\"elementor-button-content-wrapper\">\n\t\t\t\t\t\t<span class=\"elementor-button-icon\">\n\t\t\t\t<i aria-hidden=\"true\" class=\"fas fa-arrow-right\"><\/i>\t\t\t<\/span>\n\t\t\t\t\t\t\t\t\t<span class=\"elementor-button-text\">L\u00e4s mer<\/span>\n\t\t\t\t\t<\/span>\n\t\t\t\t\t<\/a>\n\t\t\t\t<\/div>\n\t\t\t\t\t\t\t\t<\/div>\n\t\t\t\t<\/div>\n\t\t<a class=\"elementor-element elementor-element-3323ce2c e-flex e-con-boxed e-con e-parent\" data-id=\"3323ce2c\" data-element_type=\"container\" data-settings=\"{&quot;position&quot;:&quot;absolute&quot;}\" href=\"https:\/\/treskablinoll.nu\/ll\/vart-arbete\/utbildning\/\">\n\t\t\t\t\t<div class=\"e-con-inner\">\n\t\t\t\t\t<\/div>\n\t\t\t\t<\/a>\n\t\t\t\t\t<\/div>\n\t\t\t\t<\/div>\n\t\t\t\t<\/div>\n\t\t\t\t<div data-elementor-type=\"loop-item\" data-elementor-id=\"7324\" class=\"elementor elementor-7324 e-loop-item e-loop-item-7399 post-7399 page type-page status-publish hentry\" data-elementor-post-type=\"elementor_library\" data-custom-edit-handle=\"1\">\n\t\t\t<div class=\"elementor-element elementor-element-7ad8d679 e-flex e-con-boxed e-con e-parent\" data-id=\"7ad8d679\" data-element_type=\"container\" data-settings=\"{&quot;background_background&quot;:&quot;classic&quot;}\">\n\t\t\t\t\t<div class=\"e-con-inner\">\n\t\t<div class=\"elementor-element elementor-element-390af5a6 e-flex e-con-boxed e-con e-parent\" data-id=\"390af5a6\" data-element_type=\"container\">\n\t\t\t\t\t<div class=\"e-con-inner\">\n\t\t<div class=\"elementor-element elementor-element-8627b07 e-con-full e-flex e-con e-parent\" data-id=\"8627b07\" data-element_type=\"container\" data-no-translation=\"\">\n\t\t\t\t<\/div>\n\t\t\t\t<div class=\"elementor-element elementor-element-1df133b8 elementor-widget elementor-widget-theme-post-title elementor-page-title elementor-widget-heading\" data-id=\"1df133b8\" data-element_type=\"widget\" data-widget_type=\"theme-post-title.default\">\n\t\t\t\t<div class=\"elementor-widget-container\">\n\t\t\t\t\t<h4 class=\"elementor-heading-title elementor-size-default\">Kunskapsbanken<\/h4>\t\t\t\t<\/div>\n\t\t\t\t<\/div>\n\t\t\t\t<div class=\"elementor-element elementor-element-3dbba957 elementor-widget elementor-widget-theme-post-excerpt\" data-id=\"3dbba957\" data-element_type=\"widget\" data-widget_type=\"theme-post-excerpt.default\">\n\t\t\t\t<div class=\"elementor-widget-container\">\n\t\t\t\t\tAllt v\u00e5rt material samlat p\u00e5 en plats.\t\t\t\t<\/div>\n\t\t\t\t<\/div>\n\t\t\t\t\t<\/div>\n\t\t\t\t<\/div>\n\t\t\t\t<div class=\"elementor-element elementor-element-29d6d8af elementor-widget elementor-widget-button\" data-id=\"29d6d8af\" data-element_type=\"widget\" data-widget_type=\"button.default\">\n\t\t\t\t<div class=\"elementor-widget-container\">\n\t\t\t\t\t\t\t\t\t<div class=\"elementor-button-wrapper\">\n\t\t\t\t\t<a class=\"elementor-button elementor-button-link elementor-size-sm\" href=\"#\">\n\t\t\t\t\t\t<span class=\"elementor-button-content-wrapper\">\n\t\t\t\t\t\t<span class=\"elementor-button-icon\">\n\t\t\t\t<i aria-hidden=\"true\" class=\"fas fa-arrow-right\"><\/i>\t\t\t<\/span>\n\t\t\t\t\t\t\t\t\t<span class=\"elementor-button-text\">L\u00e4s mer<\/span>\n\t\t\t\t\t<\/span>\n\t\t\t\t\t<\/a>\n\t\t\t\t<\/div>\n\t\t\t\t\t\t\t\t<\/div>\n\t\t\t\t<\/div>\n\t\t<a class=\"elementor-element elementor-element-3323ce2c e-flex e-con-boxed e-con e-parent\" data-id=\"3323ce2c\" data-element_type=\"container\" data-settings=\"{&quot;position&quot;:&quot;absolute&quot;}\" href=\"https:\/\/treskablinoll.nu\/ll\/kunskapsbanken\/\">\n\t\t\t\t\t<div class=\"e-con-inner\">\n\t\t\t\t\t<\/div>\n\t\t\t\t<\/a>\n\t\t\t\t\t<\/div>\n\t\t\t\t<\/div>\n\t\t\t\t<\/div>\n\t\t\t\t<div data-elementor-type=\"loop-item\" data-elementor-id=\"7324\" class=\"elementor elementor-7324 e-loop-item e-loop-item-879 post-879 page type-page status-publish hentry\" data-elementor-post-type=\"elementor_library\" data-custom-edit-handle=\"1\">\n\t\t\t<div class=\"elementor-element elementor-element-7ad8d679 e-flex e-con-boxed e-con e-parent\" data-id=\"7ad8d679\" data-element_type=\"container\" data-settings=\"{&quot;background_background&quot;:&quot;classic&quot;}\">\n\t\t\t\t\t<div class=\"e-con-inner\">\n\t\t<div class=\"elementor-element elementor-element-390af5a6 e-flex e-con-boxed e-con e-parent\" data-id=\"390af5a6\" data-element_type=\"container\">\n\t\t\t\t\t<div class=\"e-con-inner\">\n\t\t<div class=\"elementor-element elementor-element-8627b07 e-con-full e-flex e-con e-parent\" data-id=\"8627b07\" data-element_type=\"container\" data-no-translation=\"\">\n\t\t\t\t<\/div>\n\t\t\t\t<div class=\"elementor-element elementor-element-1df133b8 elementor-widget elementor-widget-theme-post-title elementor-page-title elementor-widget-heading\" data-id=\"1df133b8\" data-element_type=\"widget\" data-widget_type=\"theme-post-title.default\">\n\t\t\t\t<div class=\"elementor-widget-container\">\n\t\t\t\t\t<h4 class=\"elementor-heading-title elementor-size-default\">St\u00f6d och hj\u00e4lp<\/h4>\t\t\t\t<\/div>\n\t\t\t\t<\/div>\n\t\t\t\t<div class=\"elementor-element elementor-element-3dbba957 elementor-widget elementor-widget-theme-post-excerpt\" data-id=\"3dbba957\" data-element_type=\"widget\" data-widget_type=\"theme-post-excerpt.default\">\n\t\t\t\t<div class=\"elementor-widget-container\">\n\t\t\t\t\tH\u00e4r samlar vi st\u00f6d och hj\u00e4lp dit du kan v\u00e4nda dig om du \u00e4r drabbad f\u00f6r \u00f6vergrepp och har funderingar kring sexuella \u00f6vergrepp. Det finns \u00e4ven st\u00f6d f\u00f6r dig som har tankar p\u00e5 att beg\u00e5 \u00f6vergrepp eller beter dig p\u00e5 ett gr\u00e4ns\u00f6verskridande s\u00e4tt.\t\t\t\t<\/div>\n\t\t\t\t<\/div>\n\t\t\t\t\t<\/div>\n\t\t\t\t<\/div>\n\t\t\t\t<div class=\"elementor-element elementor-element-29d6d8af elementor-widget elementor-widget-button\" data-id=\"29d6d8af\" data-element_type=\"widget\" data-widget_type=\"button.default\">\n\t\t\t\t<div class=\"elementor-widget-container\">\n\t\t\t\t\t\t\t\t\t<div class=\"elementor-button-wrapper\">\n\t\t\t\t\t<a class=\"elementor-button elementor-button-link elementor-size-sm\" href=\"#\">\n\t\t\t\t\t\t<span class=\"elementor-button-content-wrapper\">\n\t\t\t\t\t\t<span class=\"elementor-button-icon\">\n\t\t\t\t<i aria-hidden=\"true\" class=\"fas fa-arrow-right\"><\/i>\t\t\t<\/span>\n\t\t\t\t\t\t\t\t\t<span class=\"elementor-button-text\">L\u00e4s mer<\/span>\n\t\t\t\t\t<\/span>\n\t\t\t\t\t<\/a>\n\t\t\t\t<\/div>\n\t\t\t\t\t\t\t\t<\/div>\n\t\t\t\t<\/div>\n\t\t<a class=\"elementor-element elementor-element-3323ce2c e-flex e-con-boxed e-con e-parent\" data-id=\"3323ce2c\" data-element_type=\"container\" data-settings=\"{&quot;position&quot;:&quot;absolute&quot;}\" href=\"https:\/\/treskablinoll.nu\/ll\/kunskapsbanken\/stod-och-hjalp\/\">\n\t\t\t\t\t<div class=\"e-con-inner\">\n\t\t\t\t\t<\/div>\n\t\t\t\t<\/a>\n\t\t\t\t\t<\/div>\n\t\t\t\t<\/div>\n\t\t\t\t<\/div>\n\t\t\t\t<\/div>\n\t\t\n\t\t\t\t\t\t<\/div>\n\t\t\t\t<\/div>\n\t\t\t\t\t<\/div>\n\t\t\t\t<\/div>\n\t\t\t\t<\/div>","protected":false},"excerpt":{"rendered":"<p>Nyckeltal, statistik och forskning kring sexuella \u00f6vergrepp mot barn.<\/p>","protected":false},"author":6,"featured_media":0,"parent":7399,"menu_order":43,"comment_status":"closed","ping_status":"closed","template":"","meta":{"_acf_changed":false,"footnotes":""},"class_list":["post-903","page","type-page","status-publish","hentry"],"acf":[],"_links":{"self":[{"href":"https:\/\/treskablinoll.nu\/ll\/wp-json\/wp\/v2\/pages\/903","targetHints":{"allow":["GET"]}}],"collection":[{"href":"https:\/\/treskablinoll.nu\/ll\/wp-json\/wp\/v2\/pages"}],"about":[{"href":"https:\/\/treskablinoll.nu\/ll\/wp-json\/wp\/v2\/types\/page"}],"author":[{"embeddable":true,"href":"https:\/\/treskablinoll.nu\/ll\/wp-json\/wp\/v2\/users\/6"}],"replies":[{"embeddable":true,"href":"https:\/\/treskablinoll.nu\/ll\/wp-json\/wp\/v2\/comments?post=903"}],"version-history":[{"count":22,"href":"https:\/\/treskablinoll.nu\/ll\/wp-json\/wp\/v2\/pages\/903\/revisions"}],"predecessor-version":[{"id":12690,"href":"https:\/\/treskablinoll.nu\/ll\/wp-json\/wp\/v2\/pages\/903\/revisions\/12690"}],"up":[{"embeddable":true,"href":"https:\/\/treskablinoll.nu\/ll\/wp-json\/wp\/v2\/pages\/7399"}],"wp:attachment":[{"href":"https:\/\/treskablinoll.nu\/ll\/wp-json\/wp\/v2\/media?parent=903"}],"curies":[{"name":"wp","href":"https:\/\/api.w.org\/{rel}","templated":true}]}}