{"id":897,"date":"2018-05-07T20:26:06","date_gmt":"2018-05-07T18:26:06","guid":{"rendered":"http:\/\/treskablinoll.nu\/?page_id=897"},"modified":"2023-06-27T15:40:13","modified_gmt":"2023-06-27T13:40:13","slug":"orosanmalan","status":"publish","type":"page","link":"https:\/\/treskablinoll.nu\/ll\/kunskapsbanken\/orosanmalan\/","title":{"rendered":"Orosanm\u00e4lan"},"content":{"rendered":"<div data-elementor-type=\"wp-page\" data-elementor-id=\"897\" class=\"elementor elementor-897\" data-elementor-post-type=\"page\">\n\t\t\t\t<div class=\"elementor-element elementor-element-20b1ccc e-flex e-con-boxed e-con e-parent\" data-id=\"20b1ccc\" data-element_type=\"container\">\n\t\t\t\t\t<div class=\"e-con-inner\">\n\t\t\t\t<div class=\"elementor-element elementor-element-e58fe6f elementor-widget elementor-widget-text-editor\" data-id=\"e58fe6f\" data-element_type=\"widget\" data-widget_type=\"text-editor.default\">\n\t\t\t\t<div class=\"elementor-widget-container\">\n\t\t\t\t\t\t\t\t\t<h4 class=\"wp-block-heading\">HUR G\u00c5R JAG TILLV\u00c4GA?<\/h4><p>F\u00f6rst och fr\u00e4mst -bra att du tar din oro p\u00e5 allvar! Du beh\u00f6ver inte veta att n\u00e5got \u00e4r fel f\u00f6r att g\u00f6ra en orosanm\u00e4lan. Det \u00e4r precis som det l\u00e5ter, en anm\u00e4lan om oro. Alla privatpersoner som misst\u00e4nker att ett barn far illa b\u00f6r g\u00f6ra en orosanm\u00e4lan. Anst\u00e4llda inom t.ex. skola och h\u00e4lso- och sjukv\u00e5rd \u00e4r skyldiga att g\u00f6ra det.<\/p><p>Orosanm\u00e4lan ska l\u00e4mnas till den kommun d\u00e4r barnet bor. Du hittar en lista med l\u00e4nkar till kommunernas hemsidor hos SKR\u00a0<a href=\"https:\/\/skr.se\/skr\/tjanster\/kommunerochregioner\/kommunerlista.1246.html\" target=\"_blank\" rel=\"noreferrer noopener\">h\u00e4r<\/a>.<\/p><p>Du kan alltid ringa kommunens v\u00e4xel och ber\u00e4tta att du vill g\u00f6ra en orosanm\u00e4lan f\u00f6r ett barn, s\u00e5 kopplar de dig r\u00e4tt. Som privatperson har du m\u00f6jlighet att vara anonym. T\u00e4nk d\u00e5 p\u00e5 att inte uppge ditt namn n\u00e4r du ringer.<\/p><h4 class=\"wp-block-heading\">VAD SKA JAG BER\u00c4TTA?<\/h4><p>Det finns inga krav p\u00e5 hur du ska l\u00e4gga upp din anm\u00e4lan eller vad du ska ber\u00e4tta. Du ber\u00e4ttar att du \u00e4r orolig f\u00f6r ett barn och varf\u00f6r du \u00e4r orolig.<\/p><h4 class=\"wp-block-heading\">\u00c4R DU OS\u00c4KER P\u00c5 OM DU SKA G\u00d6RA EN OROSANM\u00c4LAN?<\/h4><p>Du kan alltid diskutera din oro med socialtj\u00e4nsten. T\u00e4nk d\u00e5 p\u00e5 att inte uppge barnets identitet. Om du g\u00f6r det kan socialtj\u00e4nsten hantera det som en anm\u00e4lan.<\/p>\t\t\t\t\t\t\t\t<\/div>\n\t\t\t\t<\/div>\n\t\t\t\t\t<\/div>\n\t\t\t\t<\/div>\n\t\t\t\t<\/div>","protected":false},"excerpt":{"rendered":"<p>Sexuella \u00f6vergrepp \u00e4r bland det v\u00e4rsta ett barn kan uts\u00e4ttas f\u00f6r. Utan m\u00f6jlighet till st\u00f6d och skydd fr\u00e5n vuxenv\u00e4rlden tvingas barnet hantera sm\u00e4rtan, r\u00e4dslan, maktl\u00f6sheten och \u00f6vergivenheten helt ensam.<\/p>","protected":false},"author":6,"featured_media":0,"parent":7399,"menu_order":47,"comment_status":"closed","ping_status":"closed","template":"","meta":{"_acf_changed":false,"footnotes":""},"class_list":["post-897","page","type-page","status-publish","hentry"],"acf":[],"_links":{"self":[{"href":"https:\/\/treskablinoll.nu\/ll\/wp-json\/wp\/v2\/pages\/897","targetHints":{"allow":["GET"]}}],"collection":[{"href":"https:\/\/treskablinoll.nu\/ll\/wp-json\/wp\/v2\/pages"}],"about":[{"href":"https:\/\/treskablinoll.nu\/ll\/wp-json\/wp\/v2\/types\/page"}],"author":[{"embeddable":true,"href":"https:\/\/treskablinoll.nu\/ll\/wp-json\/wp\/v2\/users\/6"}],"replies":[{"embeddable":true,"href":"https:\/\/treskablinoll.nu\/ll\/wp-json\/wp\/v2\/comments?post=897"}],"version-history":[{"count":0,"href":"https:\/\/treskablinoll.nu\/ll\/wp-json\/wp\/v2\/pages\/897\/revisions"}],"up":[{"embeddable":true,"href":"https:\/\/treskablinoll.nu\/ll\/wp-json\/wp\/v2\/pages\/7399"}],"wp:attachment":[{"href":"https:\/\/treskablinoll.nu\/ll\/wp-json\/wp\/v2\/media?parent=897"}],"curies":[{"name":"wp","href":"https:\/\/api.w.org\/{rel}","templated":true}]}}