{"id":894,"date":"2018-05-07T20:21:48","date_gmt":"2018-05-07T18:21:48","guid":{"rendered":"http:\/\/treskablinoll.nu\/?page_id=894"},"modified":"2024-04-08T14:33:51","modified_gmt":"2024-04-08T12:33:51","slug":"om-treskablinoll","status":"publish","type":"page","link":"https:\/\/treskablinoll.nu\/ll\/om-treskablinoll\/","title":{"rendered":"Om Treskablinoll"},"content":{"rendered":"<div data-elementor-type=\"wp-page\" data-elementor-id=\"894\" class=\"elementor elementor-894\" data-elementor-post-type=\"page\">\n\t\t\t\t<div class=\"elementor-element elementor-element-7f30add e-flex e-con-boxed e-con e-parent\" data-id=\"7f30add\" data-element_type=\"container\">\n\t\t\t\t\t<div class=\"e-con-inner\">\n\t\t\t\t<div class=\"elementor-element elementor-element-dafee26 elementor-widget elementor-widget-text-editor\" data-id=\"dafee26\" data-element_type=\"widget\" data-widget_type=\"text-editor.default\">\n\t\t\t\t<div class=\"elementor-widget-container\">\n\t\t\t\t\t\t\t\t\t<h4>Barn har r\u00e4tt till en trygg barndom.<\/h4><p>Treskablinoll \u00e4r en ideell f\u00f6rening, d\u00e4r samtliga int\u00e4kter g\u00e5r till arbetet med att ge alla barn den trygga barndom de har r\u00e4tt till. <strong>En barndom utan sexuella \u00f6vergrepp.<\/strong> I varje klass finns framtidens offer men ocks\u00e5 framtidens f\u00f6r\u00f6vare. D\u00e4rf\u00f6r \u00e4r undervisning i integritet viktigt, redan i en tidig \u00e5lder. Tillsammans med experter som kriminologer, barnpsykologer och personer som jobbar p\u00e5 de platser d\u00e4r barnen vistas skapar vi brottsf\u00f6rebyggande och utbildande l\u00f6sningar. Vi skapar sociala kampanjer som skapar f\u00f6r\u00e4ndring med hj\u00e4lp av det sociala trycket \u2013 d\u00e4r din r\u00f6st \u00e4r viktig. P\u00e5 s\u00e5 s\u00e4tt \u00f6ppnar vi makthavarnas \u00f6gon och f\u00e5r dem att g\u00f6ra formella f\u00f6r\u00e4ndringar.<\/p>\t\t\t\t\t\t\t\t<\/div>\n\t\t\t\t<\/div>\n\t\t\t\t\t<\/div>\n\t\t\t\t<\/div>\n\t\t<div class=\"elementor-element elementor-element-da04e13 e-flex e-con-boxed e-con e-parent\" data-id=\"da04e13\" data-element_type=\"container\">\n\t\t\t\t\t<div class=\"e-con-inner\">\n\t\t\t\t<div class=\"elementor-element elementor-element-a9cf662 elementor-blockquote--skin-quotation elementor-widget__width-initial elementor-blockquote--button-color-official elementor-widget elementor-widget-blockquote\" data-id=\"a9cf662\" data-element_type=\"widget\" data-widget_type=\"blockquote.default\">\n\t\t\t\t<div class=\"elementor-widget-container\">\n\t\t\t\t\t\t\t<blockquote class=\"elementor-blockquote\">\n\t\t\t<p class=\"elementor-blockquote__content\">\n\t\t\t\tVi m\u00e5ste vara fler som g\u00e5r samman och f\u00f6r barnens talan f\u00f6r att ge dem den trygga barndom de har r\u00e4tt till.\t\t\t<\/p>\n\t\t\t\t\t\t\t<div class=\"e-q-footer\">\n\t\t\t\t\t\t\t\t\t\t\t<cite class=\"elementor-blockquote__author\">Elaine Eksv\u00e4rd<\/cite>\n\t\t\t\t\t\t\t\t\t\t\t\t\t\t<\/div>\n\t\t\t\t\t<\/blockquote>\n\t\t\t\t\t\t<\/div>\n\t\t\t\t<\/div>\n\t\t\t\t<div class=\"elementor-element elementor-element-61882a1 elementor-widget__width-initial elementor-widget elementor-widget-image\" data-id=\"61882a1\" data-element_type=\"widget\" data-widget_type=\"image.default\">\n\t\t\t\t<div class=\"elementor-widget-container\">\n\t\t\t\t\t\t\t\t\t\t\t\t\t\t\t<img decoding=\"async\" src=\"https:\/\/treskablinoll.nu\/wp-content\/uploads\/2023\/06\/Elaine-2021.jpeg\" title=\"Elaine-2021.jpeg\" alt=\"Elaine-2021.jpeg\" loading=\"lazy\" \/>\t\t\t\t\t\t\t\t\t\t\t\t\t\t\t<\/div>\n\t\t\t\t<\/div>\n\t\t\t\t\t<\/div>\n\t\t\t\t<\/div>\n\t\t<div class=\"elementor-element elementor-element-f937f3c e-flex e-con-boxed e-con e-parent\" data-id=\"f937f3c\" data-element_type=\"container\">\n\t\t\t\t\t<div class=\"e-con-inner\">\n\t\t\t\t<div class=\"elementor-element elementor-element-8c00dc4 elementor-widget elementor-widget-text-editor\" data-id=\"8c00dc4\" data-element_type=\"widget\" data-widget_type=\"text-editor.default\">\n\t\t\t\t<div class=\"elementor-widget-container\">\n\t\t\t\t\t\t\t\t\t<h4>Vi k\u00e4mpar f\u00f6r varje barns r\u00e4tt till att f\u00e5 vara barn.<\/h4><p>Vi vill inte att n\u00e5got barn ska beh\u00f6va uppleva sexuella \u00f6vergrepp. Det \u00e4r v\u00e5r kamp. L\u00e5t det bli din kamp ocks\u00e5, tillsammans med oss!<\/p>\t\t\t\t\t\t\t\t<\/div>\n\t\t\t\t<\/div>\n\t\t\t\t<div class=\"elementor-element elementor-element-eeb3d93 elementor-widget elementor-widget-button\" data-id=\"eeb3d93\" data-element_type=\"widget\" data-widget_type=\"button.default\">\n\t\t\t\t<div class=\"elementor-widget-container\">\n\t\t\t\t\t\t\t\t\t<div class=\"elementor-button-wrapper\">\n\t\t\t\t\t<a class=\"elementor-button elementor-button-link elementor-size-sm\" href=\"https:\/\/treskablinoll.nu\/ll\/stod-oss\/\">\n\t\t\t\t\t\t<span class=\"elementor-button-content-wrapper\">\n\t\t\t\t\t\t<span class=\"elementor-button-icon\">\n\t\t\t\t<i aria-hidden=\"true\" class=\"fas fa-arrow-right\"><\/i>\t\t\t<\/span>\n\t\t\t\t\t\t\t\t\t<span class=\"elementor-button-text\">St\u00f6d v\u00e5rt arbete<\/span>\n\t\t\t\t\t<\/span>\n\t\t\t\t\t<\/a>\n\t\t\t\t<\/div>\n\t\t\t\t\t\t\t\t<\/div>\n\t\t\t\t<\/div>\n\t\t\t\t\t<\/div>\n\t\t\t\t<\/div>\n\t\t<div class=\"elementor-element elementor-element-a6bb62a e-flex e-con-boxed e-con e-parent\" data-id=\"a6bb62a\" data-element_type=\"container\">\n\t\t\t\t\t<div class=\"e-con-inner\">\n\t\t\t\t<div class=\"elementor-element elementor-element-6d1e092 elementor-grid-tablet-1 elementor-grid-3 elementor-grid-mobile-1 elementor-widget elementor-widget-loop-grid\" data-id=\"6d1e092\" data-element_type=\"widget\" data-settings=\"{&quot;template_id&quot;:&quot;7324&quot;,&quot;row_gap&quot;:{&quot;unit&quot;:&quot;px&quot;,&quot;size&quot;:16,&quot;sizes&quot;:[]},&quot;columns_tablet&quot;:1,&quot;_skin&quot;:&quot;post&quot;,&quot;columns&quot;:&quot;3&quot;,&quot;columns_mobile&quot;:&quot;1&quot;,&quot;edit_handle_selector&quot;:&quot;[data-elementor-type=\\&quot;loop-item\\&quot;]&quot;,&quot;row_gap_tablet&quot;:{&quot;unit&quot;:&quot;px&quot;,&quot;size&quot;:&quot;&quot;,&quot;sizes&quot;:[]},&quot;row_gap_mobile&quot;:{&quot;unit&quot;:&quot;px&quot;,&quot;size&quot;:&quot;&quot;,&quot;sizes&quot;:[]}}\" data-widget_type=\"loop-grid.post\">\n\t\t\t\t<div class=\"elementor-widget-container\">\n\t\t\t\t\t\t\t<div class=\"elementor-loop-container elementor-grid\">\n\t\t<style id=\"loop-7324\">.elementor-7324 .elementor-element.elementor-element-7ad8d679{--display:flex;--justify-content:space-between;--gap:32px 32px;--row-gap:32px;--column-gap:32px;--overflow:hidden;--border-radius:8px 8px 8px 8px;--padding-top:16px;--padding-bottom:16px;--padding-left:16px;--padding-right:16px;}.elementor-7324 .elementor-element.elementor-element-7ad8d679:not(.elementor-motion-effects-element-type-background), .elementor-7324 .elementor-element.elementor-element-7ad8d679 > .elementor-motion-effects-container > .elementor-motion-effects-layer{background-color:var( --e-global-color-text );}.elementor-7324 .elementor-element.elementor-element-390af5a6{--display:flex;--gap:16px 16px;--row-gap:16px;--column-gap:16px;}.elementor-7324 .elementor-element.elementor-element-8627b07{--display:flex;--flex-direction:row;--container-widget-width:initial;--container-widget-height:100%;--container-widget-flex-grow:1;--container-widget-align-self:stretch;--flex-wrap-mobile:wrap;--gap:16px 16px;--row-gap:16px;--column-gap:16px;--flex-wrap:nowrap;--padding-top:0px;--padding-bottom:0px;--padding-left:0px;--padding-right:0px;}.elementor-7324 .elementor-element.elementor-element-1df133b8 .elementor-heading-title{color:#FFFFFF;}.elementor-7324 .elementor-element.elementor-element-3dbba957 .elementor-widget-container{color:#FFFFFF;}.elementor-7324 .elementor-element.elementor-element-29d6d8af .elementor-button{background-color:#00000000;fill:var( --e-global-color-accent );color:var( --e-global-color-accent );padding:0px 0px 0px 0px;}.elementor-7324 .elementor-element.elementor-element-29d6d8af .elementor-button-content-wrapper{flex-direction:row-reverse;}.elementor-7324 .elementor-element.elementor-element-29d6d8af .elementor-button .elementor-button-content-wrapper{gap:16px;}.elementor-7324 .elementor-element.elementor-element-3323ce2c{--display:flex;--position:absolute;top:0px;--z-index:1;}body:not(.rtl) .elementor-7324 .elementor-element.elementor-element-3323ce2c{left:0px;}body.rtl .elementor-7324 .elementor-element.elementor-element-3323ce2c{right:0px;}\/* Start custom CSS for container, class: .elementor-element-8627b07 *\/.elementor-7324 .elementor-element.elementor-element-8627b07 img {\n    transform: none !important;\n}\/* End custom CSS *\/\n\/* Start custom CSS for container, class: .elementor-element-3323ce2c *\/.elementor-7324 .elementor-element.elementor-element-3323ce2c {\n    height: 100%;\n}\/* End custom CSS *\/\n\/* Start custom CSS for container, class: .elementor-element-7ad8d679 *\/.elementor-7324 .elementor-element.elementor-element-7ad8d679:hover h4 {\n    text-decoration: underline;\n}\n\n.elementor-7324 .elementor-element.elementor-element-7ad8d679:hover .elementor-button .fas {\n    margin-right: -4px;\n    margin-left: 4px;\n    transition: .3s;\n}\/* End custom CSS *\/<\/style>\t\t<div data-elementor-type=\"loop-item\" data-elementor-id=\"7324\" class=\"elementor elementor-7324 e-loop-item e-loop-item-7393 post-7393 page type-page status-publish has-post-thumbnail hentry\" data-elementor-post-type=\"elementor_library\" data-custom-edit-handle=\"1\">\n\t\t\t<div class=\"elementor-element elementor-element-7ad8d679 e-flex e-con-boxed e-con e-parent\" data-id=\"7ad8d679\" data-element_type=\"container\" data-settings=\"{&quot;background_background&quot;:&quot;classic&quot;}\">\n\t\t\t\t\t<div class=\"e-con-inner\">\n\t\t<div class=\"elementor-element elementor-element-390af5a6 e-flex e-con-boxed e-con e-parent\" data-id=\"390af5a6\" data-element_type=\"container\">\n\t\t\t\t\t<div class=\"e-con-inner\">\n\t\t<div class=\"elementor-element elementor-element-8627b07 e-con-full e-flex e-con e-parent\" data-id=\"8627b07\" data-element_type=\"container\" data-no-translation=\"\">\n\t\t\t\t<\/div>\n\t\t\t\t<div class=\"elementor-element elementor-element-1df133b8 elementor-widget elementor-widget-theme-post-title elementor-page-title elementor-widget-heading\" data-id=\"1df133b8\" data-element_type=\"widget\" data-widget_type=\"theme-post-title.default\">\n\t\t\t\t<div class=\"elementor-widget-container\">\n\t\t\t\t\t<h4 class=\"elementor-heading-title elementor-size-default\">Hur vi styrs<\/h4>\t\t\t\t<\/div>\n\t\t\t\t<\/div>\n\t\t\t\t<div class=\"elementor-element elementor-element-3dbba957 elementor-widget elementor-widget-theme-post-excerpt\" data-id=\"3dbba957\" data-element_type=\"widget\" data-widget_type=\"theme-post-excerpt.default\">\n\t\t\t\t<div class=\"elementor-widget-container\">\n\t\t\t\t\tHur Treskablinolls verksamhet styrs.\t\t\t\t<\/div>\n\t\t\t\t<\/div>\n\t\t\t\t\t<\/div>\n\t\t\t\t<\/div>\n\t\t\t\t<div class=\"elementor-element elementor-element-29d6d8af elementor-widget elementor-widget-button\" data-id=\"29d6d8af\" data-element_type=\"widget\" data-widget_type=\"button.default\">\n\t\t\t\t<div class=\"elementor-widget-container\">\n\t\t\t\t\t\t\t\t\t<div class=\"elementor-button-wrapper\">\n\t\t\t\t\t<a class=\"elementor-button elementor-button-link elementor-size-sm\" href=\"#\">\n\t\t\t\t\t\t<span class=\"elementor-button-content-wrapper\">\n\t\t\t\t\t\t<span class=\"elementor-button-icon\">\n\t\t\t\t<i aria-hidden=\"true\" class=\"fas fa-arrow-right\"><\/i>\t\t\t<\/span>\n\t\t\t\t\t\t\t\t\t<span class=\"elementor-button-text\">L\u00e4s mer<\/span>\n\t\t\t\t\t<\/span>\n\t\t\t\t\t<\/a>\n\t\t\t\t<\/div>\n\t\t\t\t\t\t\t\t<\/div>\n\t\t\t\t<\/div>\n\t\t<a class=\"elementor-element elementor-element-3323ce2c e-flex e-con-boxed e-con e-parent\" data-id=\"3323ce2c\" data-element_type=\"container\" data-settings=\"{&quot;position&quot;:&quot;absolute&quot;}\" href=\"https:\/\/treskablinoll.nu\/ll\/om-treskablinoll\/hur-vi-styrs\/\">\n\t\t\t\t\t<div class=\"e-con-inner\">\n\t\t\t\t\t<\/div>\n\t\t\t\t<\/a>\n\t\t\t\t\t<\/div>\n\t\t\t\t<\/div>\n\t\t\t\t<\/div>\n\t\t\t\t<div data-elementor-type=\"loop-item\" data-elementor-id=\"7324\" class=\"elementor elementor-7324 e-loop-item e-loop-item-7395 post-7395 page type-page status-publish has-post-thumbnail hentry\" data-elementor-post-type=\"elementor_library\" data-custom-edit-handle=\"1\">\n\t\t\t<div class=\"elementor-element elementor-element-7ad8d679 e-flex e-con-boxed e-con e-parent\" data-id=\"7ad8d679\" data-element_type=\"container\" data-settings=\"{&quot;background_background&quot;:&quot;classic&quot;}\">\n\t\t\t\t\t<div class=\"e-con-inner\">\n\t\t<div class=\"elementor-element elementor-element-390af5a6 e-flex e-con-boxed e-con e-parent\" data-id=\"390af5a6\" data-element_type=\"container\">\n\t\t\t\t\t<div class=\"e-con-inner\">\n\t\t<div class=\"elementor-element elementor-element-8627b07 e-con-full e-flex e-con e-parent\" data-id=\"8627b07\" data-element_type=\"container\" data-no-translation=\"\">\n\t\t\t\t<\/div>\n\t\t\t\t<div class=\"elementor-element elementor-element-1df133b8 elementor-widget elementor-widget-theme-post-title elementor-page-title elementor-widget-heading\" data-id=\"1df133b8\" data-element_type=\"widget\" data-widget_type=\"theme-post-title.default\">\n\t\t\t\t<div class=\"elementor-widget-container\">\n\t\t\t\t\t<h4 class=\"elementor-heading-title elementor-size-default\">Hur vi finansieras<\/h4>\t\t\t\t<\/div>\n\t\t\t\t<\/div>\n\t\t\t\t<div class=\"elementor-element elementor-element-3dbba957 elementor-widget elementor-widget-theme-post-excerpt\" data-id=\"3dbba957\" data-element_type=\"widget\" data-widget_type=\"theme-post-excerpt.default\">\n\t\t\t\t<div class=\"elementor-widget-container\">\n\t\t\t\t\tHur Treskablinolls verksamhet finansieras.\t\t\t\t<\/div>\n\t\t\t\t<\/div>\n\t\t\t\t\t<\/div>\n\t\t\t\t<\/div>\n\t\t\t\t<div class=\"elementor-element elementor-element-29d6d8af elementor-widget elementor-widget-button\" data-id=\"29d6d8af\" data-element_type=\"widget\" data-widget_type=\"button.default\">\n\t\t\t\t<div class=\"elementor-widget-container\">\n\t\t\t\t\t\t\t\t\t<div class=\"elementor-button-wrapper\">\n\t\t\t\t\t<a class=\"elementor-button elementor-button-link elementor-size-sm\" href=\"#\">\n\t\t\t\t\t\t<span class=\"elementor-button-content-wrapper\">\n\t\t\t\t\t\t<span class=\"elementor-button-icon\">\n\t\t\t\t<i aria-hidden=\"true\" class=\"fas fa-arrow-right\"><\/i>\t\t\t<\/span>\n\t\t\t\t\t\t\t\t\t<span class=\"elementor-button-text\">L\u00e4s mer<\/span>\n\t\t\t\t\t<\/span>\n\t\t\t\t\t<\/a>\n\t\t\t\t<\/div>\n\t\t\t\t\t\t\t\t<\/div>\n\t\t\t\t<\/div>\n\t\t<a class=\"elementor-element elementor-element-3323ce2c e-flex e-con-boxed e-con e-parent\" data-id=\"3323ce2c\" data-element_type=\"container\" data-settings=\"{&quot;position&quot;:&quot;absolute&quot;}\" href=\"https:\/\/treskablinoll.nu\/ll\/om-treskablinoll\/hur-vi-finansieras\/\">\n\t\t\t\t\t<div class=\"e-con-inner\">\n\t\t\t\t\t<\/div>\n\t\t\t\t<\/a>\n\t\t\t\t\t<\/div>\n\t\t\t\t<\/div>\n\t\t\t\t<\/div>\n\t\t\t\t<div data-elementor-type=\"loop-item\" data-elementor-id=\"7324\" class=\"elementor elementor-7324 e-loop-item e-loop-item-4563 post-4563 page type-page status-publish has-post-thumbnail hentry\" data-elementor-post-type=\"elementor_library\" data-custom-edit-handle=\"1\">\n\t\t\t<div class=\"elementor-element elementor-element-7ad8d679 e-flex e-con-boxed e-con e-parent\" data-id=\"7ad8d679\" data-element_type=\"container\" data-settings=\"{&quot;background_background&quot;:&quot;classic&quot;}\">\n\t\t\t\t\t<div class=\"e-con-inner\">\n\t\t<div class=\"elementor-element elementor-element-390af5a6 e-flex e-con-boxed e-con e-parent\" data-id=\"390af5a6\" data-element_type=\"container\">\n\t\t\t\t\t<div class=\"e-con-inner\">\n\t\t<div class=\"elementor-element elementor-element-8627b07 e-con-full e-flex e-con e-parent\" data-id=\"8627b07\" data-element_type=\"container\" data-no-translation=\"\">\n\t\t\t\t<\/div>\n\t\t\t\t<div class=\"elementor-element elementor-element-1df133b8 elementor-widget elementor-widget-theme-post-title elementor-page-title elementor-widget-heading\" data-id=\"1df133b8\" data-element_type=\"widget\" data-widget_type=\"theme-post-title.default\">\n\t\t\t\t<div class=\"elementor-widget-container\">\n\t\t\t\t\t<h4 class=\"elementor-heading-title elementor-size-default\">Jobba hos oss<\/h4>\t\t\t\t<\/div>\n\t\t\t\t<\/div>\n\t\t\t\t<div class=\"elementor-element elementor-element-3dbba957 elementor-widget elementor-widget-theme-post-excerpt\" data-id=\"3dbba957\" data-element_type=\"widget\" data-widget_type=\"theme-post-excerpt.default\">\n\t\t\t\t<div class=\"elementor-widget-container\">\n\t\t\t\t\tJobba hos oss och g\u00f6r skillnad p\u00e5 riktigt. \n\nKolla in v\u00e5ra lediga tj\u00e4nster och skicka in din ans\u00f6kan redan idag!\t\t\t\t<\/div>\n\t\t\t\t<\/div>\n\t\t\t\t\t<\/div>\n\t\t\t\t<\/div>\n\t\t\t\t<div class=\"elementor-element elementor-element-29d6d8af elementor-widget elementor-widget-button\" data-id=\"29d6d8af\" data-element_type=\"widget\" data-widget_type=\"button.default\">\n\t\t\t\t<div class=\"elementor-widget-container\">\n\t\t\t\t\t\t\t\t\t<div class=\"elementor-button-wrapper\">\n\t\t\t\t\t<a class=\"elementor-button elementor-button-link elementor-size-sm\" href=\"#\">\n\t\t\t\t\t\t<span class=\"elementor-button-content-wrapper\">\n\t\t\t\t\t\t<span class=\"elementor-button-icon\">\n\t\t\t\t<i aria-hidden=\"true\" class=\"fas fa-arrow-right\"><\/i>\t\t\t<\/span>\n\t\t\t\t\t\t\t\t\t<span class=\"elementor-button-text\">L\u00e4s mer<\/span>\n\t\t\t\t\t<\/span>\n\t\t\t\t\t<\/a>\n\t\t\t\t<\/div>\n\t\t\t\t\t\t\t\t<\/div>\n\t\t\t\t<\/div>\n\t\t<a class=\"elementor-element elementor-element-3323ce2c e-flex e-con-boxed e-con e-parent\" data-id=\"3323ce2c\" data-element_type=\"container\" data-settings=\"{&quot;position&quot;:&quot;absolute&quot;}\" href=\"https:\/\/treskablinoll.nu\/ll\/om-treskablinoll\/jobba-hos-oss\/\">\n\t\t\t\t\t<div class=\"e-con-inner\">\n\t\t\t\t\t<\/div>\n\t\t\t\t<\/a>\n\t\t\t\t\t<\/div>\n\t\t\t\t<\/div>\n\t\t\t\t<\/div>\n\t\t\t\t<\/div>\n\t\t\n\t\t\t\t\t\t<\/div>\n\t\t\t\t<\/div>\n\t\t\t\t\t<\/div>\n\t\t\t\t<\/div>\n\t\t\t\t<\/div>","protected":false},"excerpt":{"rendered":"<p>Treskablinolls uppdrag \u00e4r att alla barn i Sverige klart och tydligt ska veta vad integritet \u00e4r \u2013 f\u00f6r varje generation som l\u00e4r sig det \u00e4r en r\u00e4ddad generation.<\/p>","protected":false},"author":6,"featured_media":8275,"parent":0,"menu_order":8,"comment_status":"closed","ping_status":"closed","template":"","meta":{"_acf_changed":false,"footnotes":""},"class_list":["post-894","page","type-page","status-publish","has-post-thumbnail","hentry"],"acf":[],"_links":{"self":[{"href":"https:\/\/treskablinoll.nu\/ll\/wp-json\/wp\/v2\/pages\/894","targetHints":{"allow":["GET"]}}],"collection":[{"href":"https:\/\/treskablinoll.nu\/ll\/wp-json\/wp\/v2\/pages"}],"about":[{"href":"https:\/\/treskablinoll.nu\/ll\/wp-json\/wp\/v2\/types\/page"}],"author":[{"embeddable":true,"href":"https:\/\/treskablinoll.nu\/ll\/wp-json\/wp\/v2\/users\/6"}],"replies":[{"embeddable":true,"href":"https:\/\/treskablinoll.nu\/ll\/wp-json\/wp\/v2\/comments?post=894"}],"version-history":[{"count":7,"href":"https:\/\/treskablinoll.nu\/ll\/wp-json\/wp\/v2\/pages\/894\/revisions"}],"predecessor-version":[{"id":10447,"href":"https:\/\/treskablinoll.nu\/ll\/wp-json\/wp\/v2\/pages\/894\/revisions\/10447"}],"wp:featuredmedia":[{"embeddable":true,"href":"https:\/\/treskablinoll.nu\/ll\/wp-json\/wp\/v2\/media\/8275"}],"wp:attachment":[{"href":"https:\/\/treskablinoll.nu\/ll\/wp-json\/wp\/v2\/media?parent=894"}],"curies":[{"name":"wp","href":"https:\/\/api.w.org\/{rel}","templated":true}]}}