{"id":879,"date":"2018-05-07T19:27:32","date_gmt":"2018-05-07T17:27:32","guid":{"rendered":"http:\/\/treskablinoll.nu\/?page_id=879"},"modified":"2024-05-07T15:32:18","modified_gmt":"2024-05-07T13:32:18","slug":"stod-och-hjalp","status":"publish","type":"page","link":"https:\/\/treskablinoll.nu\/ll\/kunskapsbanken\/stod-och-hjalp\/","title":{"rendered":"St\u00f6d och hj\u00e4lp"},"content":{"rendered":"<div data-elementor-type=\"wp-page\" data-elementor-id=\"879\" class=\"elementor elementor-879\" data-elementor-post-type=\"page\">\n\t\t\t\t<div class=\"elementor-element elementor-element-a4cfe61 e-grid e-con-boxed e-con e-parent\" data-id=\"a4cfe61\" data-element_type=\"container\">\n\t\t\t\t\t<div class=\"e-con-inner\">\n\t\t\t\t<div class=\"elementor-element elementor-element-2f0b429 elementor-widget elementor-widget-spacer\" data-id=\"2f0b429\" data-element_type=\"widget\" data-widget_type=\"spacer.default\">\n\t\t\t\t<div class=\"elementor-widget-container\">\n\t\t\t\t\t\t\t<div class=\"elementor-spacer\">\n\t\t\t<div class=\"elementor-spacer-inner\"><\/div>\n\t\t<\/div>\n\t\t\t\t\t\t<\/div>\n\t\t\t\t<\/div>\n\t\t\t\t<div class=\"elementor-element elementor-element-6ab9245 elementor-widget elementor-widget-spacer\" data-id=\"6ab9245\" data-element_type=\"widget\" data-widget_type=\"spacer.default\">\n\t\t\t\t<div class=\"elementor-widget-container\">\n\t\t\t\t\t\t\t<div class=\"elementor-spacer\">\n\t\t\t<div class=\"elementor-spacer-inner\"><\/div>\n\t\t<\/div>\n\t\t\t\t\t\t<\/div>\n\t\t\t\t<\/div>\n\t\t\t\t<div class=\"elementor-element elementor-element-03c2e91 elementor-widget elementor-widget-text-editor\" data-id=\"03c2e91\" data-element_type=\"widget\" data-widget_type=\"text-editor.default\">\n\t\t\t\t<div class=\"elementor-widget-container\">\n\t\t\t\t\t\t\t\t\t<h3><strong>\u00c4R DU DRABBAD?<\/strong><\/h3><p><span class=\"TextRun SCXW3431733 BCX4\" lang=\"SV-SE\" xml:lang=\"SV-SE\" data-contrast=\"auto\"><span class=\"NormalTextRun SCXW3431733 BCX4\">Det finns m\u00e5nga som kan hj\u00e4lpa dig. Du kan prata med vuxna som har l\u00e5ng erfarenhet av barn som varit i din situation. Du kan prata anonymt med vuxna som kan hj\u00e4lpa dig hur du ska g\u00f6ra och du kan anm\u00e4la till polisen sj\u00e4lv, om du vill.<\/span><\/span><span class=\"EOP SCXW3431733 BCX4\" data-ccp-props=\"{}\">\u00a0<\/span><\/p>\t\t\t\t\t\t\t\t<\/div>\n\t\t\t\t<\/div>\n\t\t\t\t<div class=\"elementor-element elementor-element-b70246e elementor-widget elementor-widget-text-editor\" data-id=\"b70246e\" data-element_type=\"widget\" data-widget_type=\"text-editor.default\">\n\t\t\t\t<div class=\"elementor-widget-container\">\n\t\t\t\t\t\t\t\t\t<h3><strong>RISKERAR DU ATT UTS\u00c4TTA ANDRA?<\/strong><\/h3><p><span class=\"TextRun SCXW109301402 BCX4\" lang=\"SV-SE\" xml:lang=\"SV-SE\" data-contrast=\"auto\"><span class=\"NormalTextRun SCXW109301402 BCX4\">Om du uts\u00e4tter, eller riskerar att uts\u00e4tta andra, s\u00e5 \u00e4r det viktigt att du s\u00f6ker hj\u00e4lp s\u00e5 tidigt som m\u00f6jligt. Det kan handla om att du blir aggressiv, kontrollerande eller inte resp<\/span><span class=\"NormalTextRun SCXW109301402 BCX4\">ekterar andras gr\u00e4nser. H\u00e4r listar vi n\u00e5gra organisationer som g\u00e4rna vill hj\u00e4lpa dig.<\/span><\/span><span class=\"EOP SCXW109301402 BCX4\" data-ccp-props=\"{}\">\u00a0<\/span><\/p>\t\t\t\t\t\t\t\t<\/div>\n\t\t\t\t<\/div>\n\t\t\t\t<div class=\"elementor-element elementor-element-f623bf1 elementor-align-left elementor-widget elementor-widget-button\" data-id=\"f623bf1\" data-element_type=\"widget\" data-widget_type=\"button.default\">\n\t\t\t\t<div class=\"elementor-widget-container\">\n\t\t\t\t\t\t\t\t\t<div class=\"elementor-button-wrapper\">\n\t\t\t\t\t<a class=\"elementor-button elementor-button-link elementor-size-sm\" href=\"https:\/\/treskablinoll.nu\/ll\/kunskapsbanken\/stod-och-hjalp\/ar-du-drabbad\/\">\n\t\t\t\t\t\t<span class=\"elementor-button-content-wrapper\">\n\t\t\t\t\t\t\t\t\t<span class=\"elementor-button-text\">F\u00d6R DIG SOM \u00c4R DRABBAD<\/span>\n\t\t\t\t\t<\/span>\n\t\t\t\t\t<\/a>\n\t\t\t\t<\/div>\n\t\t\t\t\t\t\t\t<\/div>\n\t\t\t\t<\/div>\n\t\t\t\t<div class=\"elementor-element elementor-element-7483864 elementor-align-left elementor-widget elementor-widget-button\" data-id=\"7483864\" data-element_type=\"widget\" data-widget_type=\"button.default\">\n\t\t\t\t<div class=\"elementor-widget-container\">\n\t\t\t\t\t\t\t\t\t<div class=\"elementor-button-wrapper\">\n\t\t\t\t\t<a class=\"elementor-button elementor-button-link elementor-size-sm\" href=\"https:\/\/treskablinoll.nu\/ll\/kunskapsbanken\/stod-och-hjalp\/riskerar-du-att-utsatta-andra\/\">\n\t\t\t\t\t\t<span class=\"elementor-button-content-wrapper\">\n\t\t\t\t\t\t\t\t\t<span class=\"elementor-button-text\">f\u00f6r dig som riskerar att uts\u00e4tta andra<\/span>\n\t\t\t\t\t<\/span>\n\t\t\t\t\t<\/a>\n\t\t\t\t<\/div>\n\t\t\t\t\t\t\t\t<\/div>\n\t\t\t\t<\/div>\n\t\t\t\t\t<\/div>\n\t\t\t\t<\/div>\n\t\t\t\t<\/div>","protected":false},"excerpt":{"rendered":"<p>H\u00e4r samlar vi st\u00f6d och hj\u00e4lp dit du kan v\u00e4nda dig om du \u00e4r drabbad f\u00f6r \u00f6vergrepp och har funderingar kring sexuella \u00f6vergrepp. Det finns \u00e4ven st\u00f6d f\u00f6r dig som har tankar p\u00e5 att beg\u00e5 \u00f6vergrepp eller beter dig p\u00e5 ett gr\u00e4ns\u00f6verskridande s\u00e4tt.<\/p>","protected":false},"author":6,"featured_media":0,"parent":7399,"menu_order":44,"comment_status":"closed","ping_status":"closed","template":"elementor_theme","meta":{"_acf_changed":false,"footnotes":""},"class_list":["post-879","page","type-page","status-publish","hentry"],"acf":[],"_links":{"self":[{"href":"https:\/\/treskablinoll.nu\/ll\/wp-json\/wp\/v2\/pages\/879","targetHints":{"allow":["GET"]}}],"collection":[{"href":"https:\/\/treskablinoll.nu\/ll\/wp-json\/wp\/v2\/pages"}],"about":[{"href":"https:\/\/treskablinoll.nu\/ll\/wp-json\/wp\/v2\/types\/page"}],"author":[{"embeddable":true,"href":"https:\/\/treskablinoll.nu\/ll\/wp-json\/wp\/v2\/users\/6"}],"replies":[{"embeddable":true,"href":"https:\/\/treskablinoll.nu\/ll\/wp-json\/wp\/v2\/comments?post=879"}],"version-history":[{"count":47,"href":"https:\/\/treskablinoll.nu\/ll\/wp-json\/wp\/v2\/pages\/879\/revisions"}],"predecessor-version":[{"id":11037,"href":"https:\/\/treskablinoll.nu\/ll\/wp-json\/wp\/v2\/pages\/879\/revisions\/11037"}],"up":[{"embeddable":true,"href":"https:\/\/treskablinoll.nu\/ll\/wp-json\/wp\/v2\/pages\/7399"}],"wp:attachment":[{"href":"https:\/\/treskablinoll.nu\/ll\/wp-json\/wp\/v2\/media?parent=879"}],"curies":[{"name":"wp","href":"https:\/\/api.w.org\/{rel}","templated":true}]}}