{"id":7654,"date":"2023-06-26T17:40:14","date_gmt":"2023-06-26T15:40:14","guid":{"rendered":"https:\/\/treskablinoll.nu\/?page_id=7654"},"modified":"2024-10-17T14:48:19","modified_gmt":"2024-10-17T12:48:19","slug":"pressrum","status":"publish","type":"page","link":"https:\/\/treskablinoll.nu\/ll\/paverkan-och-opinion\/pressrum\/","title":{"rendered":"Pressrum"},"content":{"rendered":"<div data-elementor-type=\"wp-page\" data-elementor-id=\"7654\" class=\"elementor elementor-7654\" data-elementor-post-type=\"page\">\n\t\t\t\t<div class=\"elementor-element elementor-element-db633f4 e-flex e-con-boxed e-con e-parent\" data-id=\"db633f4\" data-element_type=\"container\">\n\t\t\t\t\t<div class=\"e-con-inner\">\n\t\t\t\t<div class=\"elementor-element elementor-element-4269bba elementor-widget elementor-widget-text-editor\" data-id=\"4269bba\" data-element_type=\"widget\" data-widget_type=\"text-editor.default\">\n\t\t\t\t<div class=\"elementor-widget-container\">\n\t\t\t\t\t\t\t\t\t<p>Du har hittat till v\u00e5rt pressrum! H\u00e4r finns v\u00e5ra <strong>pressmeddelanden samt pressbilder<\/strong>.<\/p>\t\t\t\t\t\t\t\t<\/div>\n\t\t\t\t<\/div>\n\t\t\t\t\t<\/div>\n\t\t\t\t<\/div>\n\t\t<div class=\"elementor-element elementor-element-6862775 e-flex e-con-boxed e-con e-parent\" data-id=\"6862775\" data-element_type=\"container\">\n\t\t\t\t\t<div class=\"e-con-inner\">\n\t\t\t\t<div class=\"elementor-element elementor-element-a77e989 elementor-widget elementor-widget-heading\" data-id=\"a77e989\" data-element_type=\"widget\" data-widget_type=\"heading.default\">\n\t\t\t\t<div class=\"elementor-widget-container\">\n\t\t\t\t\t<h3 class=\"elementor-heading-title elementor-size-default\">Pressmeddelanden<\/h3>\t\t\t\t<\/div>\n\t\t\t\t<\/div>\n\t\t\t\t<div class=\"elementor-element elementor-element-e4d86f4 elementor-grid-3 elementor-grid-tablet-2 elementor-grid-mobile-1 elementor-widget elementor-widget-loop-grid\" data-id=\"e4d86f4\" data-element_type=\"widget\" data-settings=\"{&quot;template_id&quot;:&quot;7314&quot;,&quot;row_gap&quot;:{&quot;unit&quot;:&quot;px&quot;,&quot;size&quot;:16,&quot;sizes&quot;:[]},&quot;_skin&quot;:&quot;post&quot;,&quot;columns&quot;:&quot;3&quot;,&quot;columns_tablet&quot;:&quot;2&quot;,&quot;columns_mobile&quot;:&quot;1&quot;,&quot;edit_handle_selector&quot;:&quot;[data-elementor-type=\\&quot;loop-item\\&quot;]&quot;,&quot;row_gap_tablet&quot;:{&quot;unit&quot;:&quot;px&quot;,&quot;size&quot;:&quot;&quot;,&quot;sizes&quot;:[]},&quot;row_gap_mobile&quot;:{&quot;unit&quot;:&quot;px&quot;,&quot;size&quot;:&quot;&quot;,&quot;sizes&quot;:[]}}\" data-widget_type=\"loop-grid.post\">\n\t\t\t\t<div class=\"elementor-widget-container\">\n\t\t\t\t\t\t\t<div class=\"elementor-loop-container elementor-grid\">\n\t\t<style id=\"loop-dynamic-7314\">.e-loop-item-12165 .elementor-element.elementor-element-48420246::before, .e-loop-item-12165 .elementor-element.elementor-element-48420246 > .elementor-background-video-container::before, .e-loop-item-12165 .elementor-element.elementor-element-48420246 > .e-con-inner > .elementor-background-video-container::before, .e-loop-item-12165 .elementor-element.elementor-element-48420246 > .elementor-background-slideshow::before, .e-loop-item-12165 .elementor-element.elementor-element-48420246 > .e-con-inner > .elementor-background-slideshow::before, .e-loop-item-12165 .elementor-element.elementor-element-48420246 > .elementor-motion-effects-container > .elementor-motion-effects-layer::before{background-image:url(\"https:\/\/treskablinoll.nu\/wp-content\/uploads\/2024\/02\/1-1.png\");}<\/style><style id=\"loop-7314\">.elementor-7314 .elementor-element.elementor-element-48420246{--display:flex;--justify-content:flex-end;--gap:16px 16px;--row-gap:16px;--column-gap:16px;--overflow:hidden;--overlay-opacity:1;--border-radius:8px 8px 8px 8px;--padding-top:32px;--padding-bottom:32px;--padding-left:32px;--padding-right:32px;}.elementor-7314 .elementor-element.elementor-element-48420246:not(.elementor-motion-effects-element-type-background), .elementor-7314 .elementor-element.elementor-element-48420246 > .elementor-motion-effects-container > .elementor-motion-effects-layer{background-color:transparent;background-image:linear-gradient(180deg, #00000000 0%, #00000080 100%);}.elementor-7314 .elementor-element.elementor-element-48420246::before, .elementor-7314 .elementor-element.elementor-element-48420246 > .elementor-background-video-container::before, .elementor-7314 .elementor-element.elementor-element-48420246 > .e-con-inner > .elementor-background-video-container::before, .elementor-7314 .elementor-element.elementor-element-48420246 > .elementor-background-slideshow::before, .elementor-7314 .elementor-element.elementor-element-48420246 > .e-con-inner > .elementor-background-slideshow::before, .elementor-7314 .elementor-element.elementor-element-48420246 > .elementor-motion-effects-container > .elementor-motion-effects-layer::before{--background-overlay:'';background-position:center center;background-size:cover;}.elementor-7314 .elementor-element.elementor-element-df93eaa > .elementor-widget-container{background-color:var( --e-global-color-secondary );margin:32px 32px 32px 32px;padding:8px 12px 8px 12px;border-radius:30px 30px 30px 30px;}body:not(.rtl) .elementor-7314 .elementor-element.elementor-element-df93eaa{left:0px;}body.rtl .elementor-7314 .elementor-element.elementor-element-df93eaa{right:0px;}.elementor-7314 .elementor-element.elementor-element-df93eaa{top:0px;}.elementor-7314 .elementor-element.elementor-element-df93eaa .elementor-heading-title{color:var( --e-global-color-text );}.elementor-7314 .elementor-element.elementor-element-13b429bb > .elementor-widget-container{margin:192px 0px 0px 0px;}.elementor-7314 .elementor-element.elementor-element-13b429bb .elementor-heading-title{color:#FFFFFF;}.elementor-7314 .elementor-element.elementor-element-a5e202d{--display:flex;--flex-direction:row;--container-widget-width:initial;--container-widget-height:100%;--container-widget-flex-grow:1;--container-widget-align-self:stretch;--flex-wrap-mobile:wrap;--gap:16px 16px;--row-gap:16px;--column-gap:16px;--flex-wrap:nowrap;--padding-top:0px;--padding-bottom:0px;--padding-left:0px;--padding-right:0px;}.elementor-7314 .elementor-element.elementor-element-4584ea72 .elementor-heading-title{color:#FFFFFF;}.elementor-7314 .elementor-element.elementor-element-60041227 .elementor-widget-container{color:#FFFFFF;font-family:var( --e-global-typography-secondary-font-family ), Sans-serif;font-weight:var( --e-global-typography-secondary-font-weight );text-transform:var( --e-global-typography-secondary-text-transform );}.elementor-7314 .elementor-element.elementor-element-63d15be{--display:flex;--flex-direction:row;--container-widget-width:initial;--container-widget-height:100%;--container-widget-flex-grow:1;--container-widget-align-self:stretch;--flex-wrap-mobile:wrap;--gap:16px 16px;--row-gap:16px;--column-gap:16px;--flex-wrap:nowrap;--padding-top:0px;--padding-bottom:0px;--padding-left:0px;--padding-right:0px;}.elementor-7314 .elementor-element.elementor-element-626aec5e{--display:flex;--position:absolute;top:0px;}body:not(.rtl) .elementor-7314 .elementor-element.elementor-element-626aec5e{left:0px;}body.rtl .elementor-7314 .elementor-element.elementor-element-626aec5e{right:0px;}\/* Start custom CSS for container, class: .elementor-element-a5e202d *\/.elementor-7314 .elementor-element.elementor-element-a5e202d img {\n    transform: none !important;\n}\/* End custom CSS *\/\n\/* Start custom CSS for container, class: .elementor-element-626aec5e *\/.elementor-7314 .elementor-element.elementor-element-626aec5e {\n    height: 100%;\n}\/* End custom CSS *\/\n\/* Start custom CSS for container, class: .elementor-element-48420246 *\/.elementor-7314 .elementor-element.elementor-element-48420246 {\n    height: 100%;\n}\n\n.elementor-7314 .elementor-element.elementor-element-48420246:hover h3 {\n    text-decoration: underline;\n}\n\n.elementor-7314 .elementor-element.elementor-element-48420246:before {\n    z-index: -1;\n    transition: 1s;\n}\n\n.elementor-7314 .elementor-element.elementor-element-48420246:hover:before {\n    transform: scale(1.1);\n}\/* End custom CSS *\/<\/style>\t\t<div data-elementor-type=\"loop-item\" data-elementor-id=\"7314\" class=\"elementor elementor-7314 e-loop-item e-loop-item-12165 post-12165 post type-post status-publish format-standard has-post-thumbnail hentry category-pressmeddelande\" data-elementor-post-type=\"elementor_library\" data-custom-edit-handle=\"1\">\n\t\t\t<div class=\"elementor-element elementor-element-48420246 e-flex e-con-boxed e-con e-parent\" data-id=\"48420246\" data-element_type=\"container\" data-settings=\"{&quot;background_background&quot;:&quot;gradient&quot;}\">\n\t\t\t\t\t<div class=\"e-con-inner\">\n\t\t\t\t<div class=\"elementor-element elementor-element-df93eaa elementor-absolute elementor-widget elementor-widget-heading\" data-id=\"df93eaa\" data-element_type=\"widget\" data-settings=\"{&quot;_position&quot;:&quot;absolute&quot;}\" data-widget_type=\"heading.default\">\n\t\t\t\t<div class=\"elementor-widget-container\">\n\t\t\t\t\t<h6 class=\"elementor-heading-title elementor-size-default\"><span>Pressmeddelande<\/span><\/h6>\t\t\t\t<\/div>\n\t\t\t\t<\/div>\n\t\t\t\t<div class=\"elementor-element elementor-element-13b429bb elementor-widget elementor-widget-heading\" data-id=\"13b429bb\" data-element_type=\"widget\" data-widget_type=\"heading.default\">\n\t\t\t\t<div class=\"elementor-widget-container\">\n\t\t\t\t\t<h6 class=\"elementor-heading-title elementor-size-default\">17 March 2025<\/h6>\t\t\t\t<\/div>\n\t\t\t\t<\/div>\n\t\t<div class=\"elementor-element elementor-element-a5e202d e-con-full e-flex e-con e-child\" data-id=\"a5e202d\" data-element_type=\"container\" data-no-translation=\"\">\n\t\t\t\t<\/div>\n\t\t\t\t<div class=\"elementor-element elementor-element-4584ea72 elementor-widget elementor-widget-theme-post-title elementor-page-title elementor-widget-heading\" data-id=\"4584ea72\" data-element_type=\"widget\" data-widget_type=\"theme-post-title.default\">\n\t\t\t\t<div class=\"elementor-widget-container\">\n\t\t\t\t\t<h3 class=\"elementor-heading-title elementor-size-default\">\u00c5tta barn i varje klass uts\u00e4tts f\u00f6r sexuella \u00f6vergrepp &#8211; nu ska skolan v\u00e4nda trenden<\/h3>\t\t\t\t<\/div>\n\t\t\t\t<\/div>\n\t\t\t\t<div class=\"elementor-element elementor-element-60041227 elementor-widget elementor-widget-theme-post-excerpt\" data-id=\"60041227\" data-element_type=\"widget\" data-widget_type=\"theme-post-excerpt.default\">\n\t\t\t\t<div class=\"elementor-widget-container\">\n\t\t\t\t\tSexuella \u00f6vergrepp mot barn har \u00f6kat betydligt sedan 2016. Fr\u00e5n 20,3 procent till 28,6 procent enligt rapporten \"V\u00e5ld mot barn 2022 - en nationell kartl\u00e4ggning\" av Stiftelsen Allm\u00e4nna Barnhuset.\t\t\t\t<\/div>\n\t\t\t\t<\/div>\n\t\t<div class=\"elementor-element elementor-element-63d15be e-con-full e-flex e-con e-child\" data-id=\"63d15be\" data-element_type=\"container\" data-no-translation=\"\">\n\t\t\t\t<\/div>\n\t\t<a class=\"elementor-element elementor-element-626aec5e e-flex e-con-boxed e-con e-child\" data-id=\"626aec5e\" data-element_type=\"container\" data-settings=\"{&quot;position&quot;:&quot;absolute&quot;}\" href=\"https:\/\/treskablinoll.nu\/ll\/atta-barn-i-varje-klass-utsetts-for-sexuella-overgrepp-nu-ska-skolan-vanda-trenden\/\">\n\t\t\t\t\t<div class=\"e-con-inner\">\n\t\t\t\t\t<\/div>\n\t\t\t\t<\/a>\n\t\t\t\t\t<\/div>\n\t\t\t\t<\/div>\n\t\t\t\t<\/div>\n\t\t<style id=\"loop-dynamic-7314\">.e-loop-item-7402 .elementor-element.elementor-element-48420246::before, .e-loop-item-7402 .elementor-element.elementor-element-48420246 > .elementor-background-video-container::before, .e-loop-item-7402 .elementor-element.elementor-element-48420246 > .e-con-inner > .elementor-background-video-container::before, .e-loop-item-7402 .elementor-element.elementor-element-48420246 > .elementor-background-slideshow::before, .e-loop-item-7402 .elementor-element.elementor-element-48420246 > .e-con-inner > .elementor-background-slideshow::before, .e-loop-item-7402 .elementor-element.elementor-element-48420246 > .elementor-motion-effects-container > .elementor-motion-effects-layer::before{background-image:url(\"https:\/\/treskablinoll.nu\/wp-content\/uploads\/2023\/05\/tsbn_inlagg_2023_ny-verksamhetschef_banner_v1.jpg\");}<\/style>\t\t<div data-elementor-type=\"loop-item\" data-elementor-id=\"7314\" class=\"elementor elementor-7314 e-loop-item e-loop-item-7402 post-7402 post type-post status-publish format-standard has-post-thumbnail hentry category-pressmeddelande\" data-elementor-post-type=\"elementor_library\" data-custom-edit-handle=\"1\">\n\t\t\t<div class=\"elementor-element elementor-element-48420246 e-flex e-con-boxed e-con e-parent\" data-id=\"48420246\" data-element_type=\"container\" data-settings=\"{&quot;background_background&quot;:&quot;gradient&quot;}\">\n\t\t\t\t\t<div class=\"e-con-inner\">\n\t\t\t\t<div class=\"elementor-element elementor-element-df93eaa elementor-absolute elementor-widget elementor-widget-heading\" data-id=\"df93eaa\" data-element_type=\"widget\" data-settings=\"{&quot;_position&quot;:&quot;absolute&quot;}\" data-widget_type=\"heading.default\">\n\t\t\t\t<div class=\"elementor-widget-container\">\n\t\t\t\t\t<h6 class=\"elementor-heading-title elementor-size-default\"><span>Pressmeddelande<\/span><\/h6>\t\t\t\t<\/div>\n\t\t\t\t<\/div>\n\t\t\t\t<div class=\"elementor-element elementor-element-13b429bb elementor-widget elementor-widget-heading\" data-id=\"13b429bb\" data-element_type=\"widget\" data-widget_type=\"heading.default\">\n\t\t\t\t<div class=\"elementor-widget-container\">\n\t\t\t\t\t<h6 class=\"elementor-heading-title elementor-size-default\">11 May 2023<\/h6>\t\t\t\t<\/div>\n\t\t\t\t<\/div>\n\t\t<div class=\"elementor-element elementor-element-a5e202d e-con-full e-flex e-con e-child\" data-id=\"a5e202d\" data-element_type=\"container\" data-no-translation=\"\">\n\t\t\t\t<\/div>\n\t\t\t\t<div class=\"elementor-element elementor-element-4584ea72 elementor-widget elementor-widget-theme-post-title elementor-page-title elementor-widget-heading\" data-id=\"4584ea72\" data-element_type=\"widget\" data-widget_type=\"theme-post-title.default\">\n\t\t\t\t<div class=\"elementor-widget-container\">\n\t\t\t\t\t<h3 class=\"elementor-heading-title elementor-size-default\">Ny verksamhetschef<\/h3>\t\t\t\t<\/div>\n\t\t\t\t<\/div>\n\t\t\t\t<div class=\"elementor-element elementor-element-60041227 elementor-widget elementor-widget-theme-post-excerpt\" data-id=\"60041227\" data-element_type=\"widget\" data-widget_type=\"theme-post-excerpt.default\">\n\t\t\t\t<div class=\"elementor-widget-container\">\n\t\t\t\t\tTreskablinoll utser Maria N\u00e4slund till ny, ordinarie verksamhetschef. \t\t\t\t<\/div>\n\t\t\t\t<\/div>\n\t\t<div class=\"elementor-element elementor-element-63d15be e-con-full e-flex e-con e-child\" data-id=\"63d15be\" data-element_type=\"container\" data-no-translation=\"\">\n\t\t\t\t<\/div>\n\t\t<a class=\"elementor-element elementor-element-626aec5e e-flex e-con-boxed e-con e-child\" data-id=\"626aec5e\" data-element_type=\"container\" data-settings=\"{&quot;position&quot;:&quot;absolute&quot;}\" href=\"https:\/\/treskablinoll.nu\/ll\/ny-verksamhetschef\/\">\n\t\t\t\t\t<div class=\"e-con-inner\">\n\t\t\t\t\t<\/div>\n\t\t\t\t<\/a>\n\t\t\t\t\t<\/div>\n\t\t\t\t<\/div>\n\t\t\t\t<\/div>\n\t\t\t\t<\/div>\n\t\t\n\t\t\t\t\t\t<\/div>\n\t\t\t\t<\/div>\n\t\t\t\t\t<\/div>\n\t\t\t\t<\/div>\n\t\t<div class=\"elementor-element elementor-element-889d242 e-flex e-con-boxed e-con e-parent\" data-id=\"889d242\" data-element_type=\"container\">\n\t\t\t\t\t<div class=\"e-con-inner\">\n\t\t\t\t<div class=\"elementor-element elementor-element-dbb9b45 elementor-widget elementor-widget-heading\" data-id=\"dbb9b45\" data-element_type=\"widget\" data-widget_type=\"heading.default\">\n\t\t\t\t<div class=\"elementor-widget-container\">\n\t\t\t\t\t<h3 class=\"elementor-heading-title elementor-size-default\">Pressbilder<\/h3>\t\t\t\t<\/div>\n\t\t\t\t<\/div>\n\t\t\t\t<div class=\"elementor-element elementor-element-f4cd4d4 elementor-widget elementor-widget-gallery\" data-id=\"f4cd4d4\" data-element_type=\"widget\" data-settings=\"{&quot;gallery_layout&quot;:&quot;masonry&quot;,&quot;lazyload&quot;:&quot;yes&quot;,&quot;columns&quot;:4,&quot;columns_tablet&quot;:2,&quot;columns_mobile&quot;:1,&quot;gap&quot;:{&quot;unit&quot;:&quot;px&quot;,&quot;size&quot;:10,&quot;sizes&quot;:[]},&quot;gap_tablet&quot;:{&quot;unit&quot;:&quot;px&quot;,&quot;size&quot;:10,&quot;sizes&quot;:[]},&quot;gap_mobile&quot;:{&quot;unit&quot;:&quot;px&quot;,&quot;size&quot;:10,&quot;sizes&quot;:[]},&quot;link_to&quot;:&quot;file&quot;,&quot;overlay_background&quot;:&quot;yes&quot;,&quot;content_hover_animation&quot;:&quot;fade-in&quot;}\" data-widget_type=\"gallery.default\">\n\t\t\t\t<div class=\"elementor-widget-container\">\n\t\t\t\t\t\t\t<div class=\"elementor-gallery__container\">\n\t\t\t\t\t\t\t<a class=\"e-gallery-item elementor-gallery-item elementor-animated-content\" href=\"https:\/\/treskablinoll.nu\/wp-content\/uploads\/2021\/02\/Elaine-2021.jpeg\" data-elementor-open-lightbox=\"yes\" data-elementor-lightbox-slideshow=\"f4cd4d4\" data-elementor-lightbox-title=\"Elaine 2021\" data-e-action-hash=\"#elementor-action%3Aaction%3Dlightbox%26settings%3DeyJpZCI6MjEzNSwidXJsIjoiaHR0cHM6XC9cL3RyZXNrYWJsaW5vbGwubnVcL3dwLWNvbnRlbnRcL3VwbG9hZHNcLzIwMjFcLzAyXC9FbGFpbmUtMjAyMS5qcGVnIiwic2xpZGVzaG93IjoiZjRjZDRkNCJ9\">\n\t\t\t\t\t<div class=\"e-gallery-image elementor-gallery-item__image\" data-thumbnail=\"https:\/\/treskablinoll.nu\/wp-content\/uploads\/2021\/02\/Elaine-2021-1024x1024.jpeg\" data-width=\"800\" data-height=\"800\" aria-label=\"\" role=\"img\" ><\/div>\n\t\t\t\t\t\t\t\t\t\t\t<div class=\"elementor-gallery-item__overlay\"><\/div>\n\t\t\t\t\t\t\t\t\t\t\t\t\t\t<\/a>\n\t\t\t\t\t\t\t<a class=\"e-gallery-item elementor-gallery-item elementor-animated-content\" href=\"https:\/\/treskablinoll.nu\/wp-content\/uploads\/2023\/01\/maria-scaled.jpg\" data-elementor-open-lightbox=\"yes\" data-elementor-lightbox-slideshow=\"f4cd4d4\" data-elementor-lightbox-title=\"maria\" data-e-action-hash=\"#elementor-action%3Aaction%3Dlightbox%26settings%3DeyJpZCI6NjYwMSwidXJsIjoiaHR0cHM6XC9cL3RyZXNrYWJsaW5vbGwubnVcL3dwLWNvbnRlbnRcL3VwbG9hZHNcLzIwMjNcLzAxXC9tYXJpYS1zY2FsZWQuanBnIiwic2xpZGVzaG93IjoiZjRjZDRkNCJ9\">\n\t\t\t\t\t<div class=\"e-gallery-image elementor-gallery-item__image\" data-thumbnail=\"https:\/\/treskablinoll.nu\/wp-content\/uploads\/2023\/01\/maria-683x1024.jpg\" data-width=\"683\" data-height=\"1024\" aria-label=\"\" role=\"img\" ><\/div>\n\t\t\t\t\t\t\t\t\t\t\t<div class=\"elementor-gallery-item__overlay\"><\/div>\n\t\t\t\t\t\t\t\t\t\t\t\t\t\t<\/a>\n\t\t\t\t\t\t\t<a class=\"e-gallery-item elementor-gallery-item elementor-animated-content\" href=\"https:\/\/treskablinoll.nu\/wp-content\/uploads\/2023\/06\/amanda-kvadrat-scaled.png\" data-elementor-open-lightbox=\"yes\" data-elementor-lightbox-slideshow=\"f4cd4d4\" data-elementor-lightbox-title=\"amanda kvadrat\" data-e-action-hash=\"#elementor-action%3Aaction%3Dlightbox%26settings%3DeyJpZCI6MTA3NTgsInVybCI6Imh0dHBzOlwvXC90cmVza2FibGlub2xsLm51XC93cC1jb250ZW50XC91cGxvYWRzXC8yMDIzXC8wNlwvYW1hbmRhLWt2YWRyYXQtc2NhbGVkLnBuZyIsInNsaWRlc2hvdyI6ImY0Y2Q0ZDQifQ%3D%3D\">\n\t\t\t\t\t<div class=\"e-gallery-image elementor-gallery-item__image\" data-thumbnail=\"https:\/\/treskablinoll.nu\/wp-content\/uploads\/2023\/06\/amanda-kvadrat-1024x1024.png\" data-width=\"800\" data-height=\"800\" aria-label=\"\" role=\"img\" ><\/div>\n\t\t\t\t\t\t\t\t\t\t\t<div class=\"elementor-gallery-item__overlay\"><\/div>\n\t\t\t\t\t\t\t\t\t\t\t\t\t\t<\/a>\n\t\t\t\t\t\t\t<a class=\"e-gallery-item elementor-gallery-item elementor-animated-content\" href=\"https:\/\/treskablinoll.nu\/wp-content\/uploads\/2021\/02\/elaine-2019-e1616144589274.jpeg\" data-elementor-open-lightbox=\"yes\" data-elementor-lightbox-slideshow=\"f4cd4d4\" data-elementor-lightbox-title=\"elaine 2019\" data-e-action-hash=\"#elementor-action%3Aaction%3Dlightbox%26settings%3DeyJpZCI6MjI0MywidXJsIjoiaHR0cHM6XC9cL3RyZXNrYWJsaW5vbGwubnVcL3dwLWNvbnRlbnRcL3VwbG9hZHNcLzIwMjFcLzAyXC9lbGFpbmUtMjAxOS1lMTYxNjE0NDU4OTI3NC5qcGVnIiwic2xpZGVzaG93IjoiZjRjZDRkNCJ9\">\n\t\t\t\t\t<div class=\"e-gallery-image elementor-gallery-item__image\" data-thumbnail=\"https:\/\/treskablinoll.nu\/wp-content\/uploads\/2021\/02\/elaine-2019-1024x683.jpeg\" data-width=\"800\" data-height=\"534\" aria-label=\"\" role=\"img\" ><\/div>\n\t\t\t\t\t\t\t\t\t\t\t<div class=\"elementor-gallery-item__overlay\"><\/div>\n\t\t\t\t\t\t\t\t\t\t\t\t\t\t<\/a>\n\t\t\t\t\t\t\t<a class=\"e-gallery-item elementor-gallery-item elementor-animated-content\" href=\"https:\/\/treskablinoll.nu\/wp-content\/uploads\/2024\/01\/AMANDA-MARIA-1.jpg\" data-elementor-open-lightbox=\"yes\" data-elementor-lightbox-slideshow=\"f4cd4d4\" data-elementor-lightbox-title=\"AMANDA MARIA 1\" data-e-action-hash=\"#elementor-action%3Aaction%3Dlightbox%26settings%3DeyJpZCI6MTAwMjksInVybCI6Imh0dHBzOlwvXC90cmVza2FibGlub2xsLm51XC93cC1jb250ZW50XC91cGxvYWRzXC8yMDI0XC8wMVwvQU1BTkRBLU1BUklBLTEuanBnIiwic2xpZGVzaG93IjoiZjRjZDRkNCJ9\">\n\t\t\t\t\t<div class=\"e-gallery-image elementor-gallery-item__image\" data-thumbnail=\"https:\/\/treskablinoll.nu\/wp-content\/uploads\/2024\/01\/AMANDA-MARIA-1-772x1024.jpg\" data-width=\"772\" data-height=\"1024\" aria-label=\"\" role=\"img\" ><\/div>\n\t\t\t\t\t\t\t\t\t\t\t<div class=\"elementor-gallery-item__overlay\"><\/div>\n\t\t\t\t\t\t\t\t\t\t\t\t\t\t<\/a>\n\t\t\t\t\t\t\t<a class=\"e-gallery-item elementor-gallery-item elementor-animated-content\" href=\"https:\/\/treskablinoll.nu\/wp-content\/uploads\/2023\/06\/amanda-scaled-1-e1729169269209.jpeg\" data-elementor-open-lightbox=\"yes\" data-elementor-lightbox-slideshow=\"f4cd4d4\" data-elementor-lightbox-title=\"amanda-scaled-1.jpeg\" data-e-action-hash=\"#elementor-action%3Aaction%3Dlightbox%26settings%3DeyJpZCI6NzgxMSwidXJsIjoiaHR0cHM6XC9cL3RyZXNrYWJsaW5vbGwubnVcL3dwLWNvbnRlbnRcL3VwbG9hZHNcLzIwMjNcLzA2XC9hbWFuZGEtc2NhbGVkLTEtZTE3MjkxNjkyNjkyMDkuanBlZyIsInNsaWRlc2hvdyI6ImY0Y2Q0ZDQifQ%3D%3D\">\n\t\t\t\t\t<div class=\"e-gallery-image elementor-gallery-item__image\" data-thumbnail=\"https:\/\/treskablinoll.nu\/wp-content\/uploads\/2023\/06\/amanda-scaled-1-e1729169269209-1024x993.jpeg\" data-width=\"800\" data-height=\"776\" aria-label=\"\" role=\"img\" ><\/div>\n\t\t\t\t\t\t\t\t\t\t\t<div class=\"elementor-gallery-item__overlay\"><\/div>\n\t\t\t\t\t\t\t\t\t\t\t\t\t\t<\/a>\n\t\t\t\t\t<\/div>\n\t\t\t\t\t<\/div>\n\t\t\t\t<\/div>\n\t\t\t\t\t<\/div>\n\t\t\t\t<\/div>\n\t\t\t\t<\/div>","protected":false},"excerpt":{"rendered":"<p>Du har hittat till v\u00e5rt pressrum! H\u00e4r finns v\u00e5ra pressmeddelanden samt pressbilder. Pressmeddelanden Pressbilder<\/p>","protected":false},"author":133,"featured_media":0,"parent":7411,"menu_order":32,"comment_status":"closed","ping_status":"closed","template":"","meta":{"_acf_changed":false,"footnotes":""},"class_list":["post-7654","page","type-page","status-publish","hentry"],"acf":[],"_links":{"self":[{"href":"https:\/\/treskablinoll.nu\/ll\/wp-json\/wp\/v2\/pages\/7654","targetHints":{"allow":["GET"]}}],"collection":[{"href":"https:\/\/treskablinoll.nu\/ll\/wp-json\/wp\/v2\/pages"}],"about":[{"href":"https:\/\/treskablinoll.nu\/ll\/wp-json\/wp\/v2\/types\/page"}],"author":[{"embeddable":true,"href":"https:\/\/treskablinoll.nu\/ll\/wp-json\/wp\/v2\/users\/133"}],"replies":[{"embeddable":true,"href":"https:\/\/treskablinoll.nu\/ll\/wp-json\/wp\/v2\/comments?post=7654"}],"version-history":[{"count":7,"href":"https:\/\/treskablinoll.nu\/ll\/wp-json\/wp\/v2\/pages\/7654\/revisions"}],"predecessor-version":[{"id":11236,"href":"https:\/\/treskablinoll.nu\/ll\/wp-json\/wp\/v2\/pages\/7654\/revisions\/11236"}],"up":[{"embeddable":true,"href":"https:\/\/treskablinoll.nu\/ll\/wp-json\/wp\/v2\/pages\/7411"}],"wp:attachment":[{"href":"https:\/\/treskablinoll.nu\/ll\/wp-json\/wp\/v2\/media?parent=7654"}],"curies":[{"name":"wp","href":"https:\/\/api.w.org\/{rel}","templated":true}]}}