{"id":7652,"date":"2023-06-26T17:39:54","date_gmt":"2023-06-26T15:39:54","guid":{"rendered":"https:\/\/treskablinoll.nu\/?page_id=7652"},"modified":"2024-03-13T10:44:30","modified_gmt":"2024-03-13T09:44:30","slug":"paverkan-i-media","status":"publish","type":"page","link":"https:\/\/treskablinoll.nu\/ll\/paverkan-och-opinion\/paverkan-i-media\/","title":{"rendered":"P\u00e5verkan i media"},"content":{"rendered":"<div data-elementor-type=\"wp-page\" data-elementor-id=\"7652\" class=\"elementor elementor-7652\" data-elementor-post-type=\"page\">\n\t\t\t\t<div class=\"elementor-element elementor-element-78c7f98 e-flex e-con-boxed e-con e-parent\" data-id=\"78c7f98\" data-element_type=\"container\">\n\t\t\t\t\t<div class=\"e-con-inner\">\n\t\t\t\t<div class=\"elementor-element elementor-element-fd19a48 elementor-widget elementor-widget-text-editor\" data-id=\"fd19a48\" data-element_type=\"widget\" data-widget_type=\"text-editor.default\">\n\t\t\t\t<div class=\"elementor-widget-container\">\n\t\t\t\t\t\t\t\t\t<p>Vi blundar inte f\u00f6r verkligheten som visar att 1 av 4 barn blivit utsatt f\u00f6r sexuellt v\u00e5ld. Tv\u00e4rtom, s\u00e5 vill vi belysa de alarmerande siffrorna. Vi arbetar aktivt sedan starten 2017 med att debattera i tidningar, medverka i media, publicera rapporter, kommentera statliga utredningar och bet\u00e4nkanden \u2013 och mycket mer. H\u00e4r finner ni v\u00e5r\u00a0<strong>p\u00e5verkan i media<\/strong>.<\/p><div><p><a href=\"https:\/\/www.tv4.se\/klipp\/va\/20568502\/darfor-valjer-hogsta-domstolen-att-prova-snippadomen\" target=\"_blank\" rel=\"noopener\">2023 | TV4 | D\u00e4rf\u00f6r v\u00e4ljer H\u00f6gsta domstolen att pr\u00f6va snippadomen<\/a><\/p><\/div><div><p><a href=\"https:\/\/www.tv4.se\/artikel\/5KVqF2oOMuFAanonvYncQP\/demonstranterna-kraever-ny-dom-i-snippafallet-en-skandal\" target=\"_blank\" rel=\"noopener\">2023 | TV4 | Demonstranterna kr\u00e4ver ny dom i snippafallet: \u201dEn skandal!\u201d<\/a><\/p><\/div><div><p><a href=\"https:\/\/www.tv4.se\/klipp\/va\/20461992\/demonstranternas-krav-omprova-snippa-domen?utm_source=tv4.se&amp;utm_medium=shared_link&amp;utm_campaign=\" target=\"_blank\" rel=\"noopener\">2023 | TV4 | Demonstranternas krav: Ompr\u00f6va snippa-domen!<\/a><\/p><\/div><div><p><a href=\"https:\/\/sverigesradio.se\/artikel\/snippadomen-overklagas-till-hd-valdigt-lattade\" target=\"_blank\" rel=\"noopener\">2023 | Sveriges Radio | Snippadomen kan pr\u00f6vas i HD: S\u00e4nder en signal till alla barn<\/a><\/p><\/div><div><p><a href=\"https:\/\/www.mynewsdesk.com\/se\/foereningen-skyddsvaernet-i-stockholm\/news\/podd-prata-med-barn-om-oevergrepp-430333\" target=\"_blank\" rel=\"noopener\" data-type=\"URL\" data-id=\"https:\/\/www.mynewsdesk.com\/se\/foereningen-skyddsvaernet-i-stockholm\/news\/podd-prata-med-barn-om-oevergrepp-430333\">2021 | Skyddsv\u00e4rnet | Podd: Prata med barn om \u00f6vergrepp<\/a><\/p><\/div><div><p><a href=\"https:\/\/poddtoppen.se\/podcast\/974053482\/vattnet-gar\/248-barnet-gar-elaine-eksvard-tre-ska-bli-noll-mot-sexuella-overgrepp-mot-barn\" target=\"_blank\" rel=\"noopener\">2021 | Vattnet G\u00e5r | Tre ska bli Noll \u2013 mot sexuella \u00f6vergrepp mot barn<\/a><\/p><\/div><div><p><a href=\"https:\/\/www.svt.se\/nyheter\/lokalt\/halland\/fem-tips-om-du-misstanker-att-ett-barn-blir-utsatt-for-overgrepp\" target=\"_blank\" rel=\"noopener\" data-type=\"URL\" data-id=\"https:\/\/www.svt.se\/nyheter\/lokalt\/halland\/fem-tips-om-du-misstanker-att-ett-barn-blir-utsatt-for-overgrepp\">2020 | SVT | Fem tips om du misst\u00e4nker att ett barn blir utsatt f\u00f6r \u00f6vergrepp<\/a><\/p><\/div><div><p><a href=\"https:\/\/www.dagensmedia.se\/marknadsforing\/kampanjer\/idrottsbrevet-lanserar-kampanj-mot-sexuella-overgrepp\/\" target=\"_blank\" rel=\"noopener\">2017 | Dagens Media | Idrottsbrevet lanserar kampanj mot sexuella \u00f6vergrepp<\/a><\/p><\/div><div><p><a href=\"https:\/\/www.forskoletidningen.se\/3-2017\/vagar-bryta-tystnaden\" target=\"_blank\" rel=\"noopener\">2017 | F\u00f6rskoletidningen | V\u00e5gar bryta tystnaden<\/a><\/p><\/div><div><p><a href=\"https:\/\/www.expressen.se\/mama\/mamaliv\/stjarnmammor\/elaine-eksvard-bekampar-sexualbrott-mot-barn-tre-ska-bli-noll\/\" target=\"_blank\" rel=\"noopener\">2017 | Expressen | Elaine Eksv\u00e4rd bek\u00e4mpar sexualbrott mot barn: \u201dTre ska bli noll!\u201d<\/a><\/p><\/div><div><p class=\"wp-embed-aspect-16-9\"><a href=\"https:\/\/www.youtube.com\/watch?v=tlMnJ5oThHM\" target=\"_blank\" rel=\"noopener\" data-type=\"URL\" data-id=\"https:\/\/www.youtube.com\/watch?v=tlMnJ5oThHM\">2016 | TV4 Nyhetsmorgon | S\u00e5 kan barn l\u00e4ra sig om integritet<\/a><\/p><\/div><p class=\"wp-embed-aspect-16-9 wp-has-aspect-ratio\">\u00a0<\/p>\t\t\t\t\t\t\t\t<\/div>\n\t\t\t\t<\/div>\n\t\t\t\t\t<\/div>\n\t\t\t\t<\/div>\n\t\t\t\t<\/div>","protected":false},"excerpt":{"rendered":"<p>Vi blundar inte f\u00f6r verkligheten som visar att 1 av 4 barn blivit utsatt f\u00f6r sexuellt v\u00e5ld. Tv\u00e4rtom, s\u00e5 vill vi belysa de alarmerande siffrorna. Vi arbetar aktivt sedan starten 2017 med att debattera i tidningar, medverka i media, publicera rapporter, kommentera statliga utredningar och bet\u00e4nkanden \u2013 och mycket mer. H\u00e4r finner ni v\u00e5r\u00a0p\u00e5verkan i [&hellip;]<\/p>","protected":false},"author":133,"featured_media":0,"parent":7411,"menu_order":39,"comment_status":"closed","ping_status":"closed","template":"","meta":{"_acf_changed":false,"footnotes":""},"class_list":["post-7652","page","type-page","status-publish","hentry"],"acf":[],"_links":{"self":[{"href":"https:\/\/treskablinoll.nu\/ll\/wp-json\/wp\/v2\/pages\/7652","targetHints":{"allow":["GET"]}}],"collection":[{"href":"https:\/\/treskablinoll.nu\/ll\/wp-json\/wp\/v2\/pages"}],"about":[{"href":"https:\/\/treskablinoll.nu\/ll\/wp-json\/wp\/v2\/types\/page"}],"author":[{"embeddable":true,"href":"https:\/\/treskablinoll.nu\/ll\/wp-json\/wp\/v2\/users\/133"}],"replies":[{"embeddable":true,"href":"https:\/\/treskablinoll.nu\/ll\/wp-json\/wp\/v2\/comments?post=7652"}],"version-history":[{"count":22,"href":"https:\/\/treskablinoll.nu\/ll\/wp-json\/wp\/v2\/pages\/7652\/revisions"}],"predecessor-version":[{"id":10389,"href":"https:\/\/treskablinoll.nu\/ll\/wp-json\/wp\/v2\/pages\/7652\/revisions\/10389"}],"up":[{"embeddable":true,"href":"https:\/\/treskablinoll.nu\/ll\/wp-json\/wp\/v2\/pages\/7411"}],"wp:attachment":[{"href":"https:\/\/treskablinoll.nu\/ll\/wp-json\/wp\/v2\/media?parent=7652"}],"curies":[{"name":"wp","href":"https:\/\/api.w.org\/{rel}","templated":true}]}}