{"id":7650,"date":"2023-06-26T17:39:22","date_gmt":"2023-06-26T15:39:22","guid":{"rendered":"https:\/\/treskablinoll.nu\/?page_id=7650"},"modified":"2023-08-22T17:01:56","modified_gmt":"2023-08-22T15:01:56","slug":"foredrag","status":"publish","type":"page","link":"https:\/\/treskablinoll.nu\/ll\/paverkan-och-opinion\/foredrag\/","title":{"rendered":"F\u00f6redrag"},"content":{"rendered":"<div data-elementor-type=\"wp-page\" data-elementor-id=\"7650\" class=\"elementor elementor-7650\" data-elementor-post-type=\"page\">\n\t\t\t\t<div class=\"elementor-element elementor-element-da032a3 e-flex e-con-boxed e-con e-parent\" data-id=\"da032a3\" data-element_type=\"container\">\n\t\t\t\t\t<div class=\"e-con-inner\">\n\t\t\t\t<div class=\"elementor-element elementor-element-053dd66 elementor-widget elementor-widget-text-editor\" data-id=\"053dd66\" data-element_type=\"widget\" data-widget_type=\"text-editor.default\">\n\t\t\t\t<div class=\"elementor-widget-container\">\n\t\t\t\t\t\t\t\t\t<p>Vi blundar inte f\u00f6r verkligheten som visar att 1 av 4 barn blivit utsatt f\u00f6r sexuellt v\u00e5ld. Tv\u00e4rtom, s\u00e5 vill vi belysa de alarmerande siffrorna. Vi arbetar aktivt sedan starten 2017 med att debattera i tidningar, medverka i media, publicera rapporter, kommentera statliga utredningar och bet\u00e4nkanden \u2013 och mycket mer. H\u00e4r finner ni v\u00e5ra&nbsp;<strong>f\u00f6redrag.<\/strong>&nbsp;<\/p>\n<h4 class=\"wp-block-heading\">F\u00d6REL\u00c4SNINGAR OM SEXUELLT V\u00c5LD MOT BARN&nbsp;&nbsp;<\/h4>\n<p>En stor del av det f\u00f6rebyggande arbetet handlar om att bryta tystnaden och skapa medvetenhet i alla rum d\u00e4r barn befinner sig. Vi arbetar d\u00e4rf\u00f6r aktivt med att sprida kunskap och information kring sexuellt v\u00e5ld mot barn. Under v\u00e5ra f\u00f6rel\u00e4sningar kan du f\u00e5 kunskap om f\u00f6rekomsten av sexuella \u00f6vergrepp mot barn i Sverige, hur \u00f6vergrepp p\u00e5verkar barns h\u00e4lsa och v\u00e4lbefinnande samt vilka konsekvenser det har i stort f\u00f6r v\u00e5rt samh\u00e4lle. Vi ger \u00e4ven \u00f6kad kunskap i hur man kan agera om man misst\u00e4nker att ett barn blir utsatt samt hur man kan arbeta f\u00f6rebyggande.&nbsp;&nbsp;<\/p>\n<p>Vi riktar oss till f\u00f6r\u00e4ldrar, skolor och f\u00f6rskolor, beslutsfattare, och till yrkesverksamma som i olika sammanhang m\u00f6ter barn och unga. Vill du att vi f\u00f6rel\u00e4ser p\u00e5 din arbetsplats eller f\u00f6rening eller vill att vi bidrar med v\u00e5r expertis i ett panelsamtal eller event? Kontakta oss p\u00e5&nbsp;<a href=\"mailto:jagvill@treskablinoll.nu\" target=\"_blank\" rel=\"noreferrer noopener\">jagvill@treskablinoll.nu<\/a>&nbsp;&nbsp;<\/p>\n<p><em>Vi har h\u00e5llit i f\u00f6redrag och medverkat i panelsamtal samt seminarium hos:&nbsp;<\/em>&nbsp;<\/p>\n<ul>\n<li>Tranemo Kommun<\/li><li>Stiftelsen allm\u00e4nna barnhuset (Almedalen)<\/li>\n<li>Barnr\u00e4ttsdagarna&nbsp;&nbsp;<\/li>\n<li>Myndigheten f\u00f6r Delaktighet&nbsp;&nbsp;<\/li>\n<li>Stockholm-Sydv\u00e4st Rotaryklubb&nbsp;&nbsp;<\/li>\n<li>M\u00e4n Stockholm&nbsp;&nbsp;<\/li>\n<li>Robotjuristen Justic&nbsp;<\/li>\n<li>Svenska med Baby&nbsp;&nbsp;<\/li>\n<li>F\u00f6reningen Stockholms makal\u00f6sa f\u00f6r\u00e4ldrar&nbsp;&nbsp;<\/li>\n<li>Familjehemmens centralorganisation (FACO)<\/li>\n<\/ul>\t\t\t\t\t\t\t\t<\/div>\n\t\t\t\t<\/div>\n\t\t\t\t\t<\/div>\n\t\t\t\t<\/div>\n\t\t\t\t<\/div>","protected":false},"excerpt":{"rendered":"<p>Vi blundar inte f\u00f6r verkligheten som visar att 1 av 4 barn blivit utsatt f\u00f6r sexuellt v\u00e5ld. Tv\u00e4rtom, s\u00e5 vill vi belysa de alarmerande siffrorna. Vi arbetar aktivt sedan starten 2017 med att debattera i tidningar, medverka i media, publicera rapporter, kommentera statliga utredningar och bet\u00e4nkanden \u2013 och mycket mer. H\u00e4r finner ni v\u00e5ra&nbsp;f\u00f6redrag.&nbsp; F\u00d6REL\u00c4SNINGAR [&hellip;]<\/p>","protected":false},"author":133,"featured_media":0,"parent":7411,"menu_order":38,"comment_status":"closed","ping_status":"closed","template":"","meta":{"_acf_changed":false,"footnotes":""},"class_list":["post-7650","page","type-page","status-publish","hentry"],"acf":[],"_links":{"self":[{"href":"https:\/\/treskablinoll.nu\/ll\/wp-json\/wp\/v2\/pages\/7650","targetHints":{"allow":["GET"]}}],"collection":[{"href":"https:\/\/treskablinoll.nu\/ll\/wp-json\/wp\/v2\/pages"}],"about":[{"href":"https:\/\/treskablinoll.nu\/ll\/wp-json\/wp\/v2\/types\/page"}],"author":[{"embeddable":true,"href":"https:\/\/treskablinoll.nu\/ll\/wp-json\/wp\/v2\/users\/133"}],"replies":[{"embeddable":true,"href":"https:\/\/treskablinoll.nu\/ll\/wp-json\/wp\/v2\/comments?post=7650"}],"version-history":[{"count":7,"href":"https:\/\/treskablinoll.nu\/ll\/wp-json\/wp\/v2\/pages\/7650\/revisions"}],"predecessor-version":[{"id":9726,"href":"https:\/\/treskablinoll.nu\/ll\/wp-json\/wp\/v2\/pages\/7650\/revisions\/9726"}],"up":[{"embeddable":true,"href":"https:\/\/treskablinoll.nu\/ll\/wp-json\/wp\/v2\/pages\/7411"}],"wp:attachment":[{"href":"https:\/\/treskablinoll.nu\/ll\/wp-json\/wp\/v2\/media?parent=7650"}],"curies":[{"name":"wp","href":"https:\/\/api.w.org\/{rel}","templated":true}]}}