{"id":7648,"date":"2023-06-26T17:39:05","date_gmt":"2023-06-26T15:39:05","guid":{"rendered":"https:\/\/treskablinoll.nu\/?page_id=7648"},"modified":"2023-06-27T13:36:56","modified_gmt":"2023-06-27T11:36:56","slug":"rapporter","status":"publish","type":"page","link":"https:\/\/treskablinoll.nu\/ll\/paverkan-och-opinion\/rapporter\/","title":{"rendered":"Rapporter"},"content":{"rendered":"<div data-elementor-type=\"wp-page\" data-elementor-id=\"7648\" class=\"elementor elementor-7648\" data-elementor-post-type=\"page\">\n\t\t\t\t<div class=\"elementor-element elementor-element-fbf4f53 e-flex e-con-boxed e-con e-parent\" data-id=\"fbf4f53\" data-element_type=\"container\">\n\t\t\t\t\t<div class=\"e-con-inner\">\n\t\t\t\t<div class=\"elementor-element elementor-element-5d82f73 elementor-widget__width-initial elementor-widget elementor-widget-text-editor\" data-id=\"5d82f73\" data-element_type=\"widget\" data-widget_type=\"text-editor.default\">\n\t\t\t\t<div class=\"elementor-widget-container\">\n\t\t\t\t\t\t\t\t\t<div class=\"elementor-element elementor-element-d5ae7ec elementor-widget__width-initial elementor-widget elementor-widget-text-editor\" data-id=\"d5ae7ec\" data-element_type=\"widget\" data-widget_type=\"text-editor.default\"><div class=\"elementor-widget-container\"><p>Vi blundar inte f\u00f6r verkligheten som visar att 1 av 4 barn blivit utsatt f\u00f6r sexuellt v\u00e5ld. Tv\u00e4rtom, s\u00e5 vill vi belysa de alarmerande siffrorna. Vi arbetar aktivt sedan starten 2017 med att debattera i tidningar, medverka i media, publicera rapporter, kommentera statliga utredningar och bet\u00e4nkanden \u2013 och mycket mer. H\u00e4r finner ni v\u00e5ra rapporter.<\/p><\/div><\/div>\t\t\t\t\t\t\t\t<\/div>\n\t\t\t\t<\/div>\n\t\t\t\t<div class=\"elementor-element elementor-element-92fda14 elementor-grid-3 elementor-grid-tablet-2 elementor-grid-mobile-1 elementor-widget elementor-widget-loop-grid\" data-id=\"92fda14\" data-element_type=\"widget\" data-settings=\"{&quot;template_id&quot;:&quot;7333&quot;,&quot;row_gap&quot;:{&quot;unit&quot;:&quot;px&quot;,&quot;size&quot;:16,&quot;sizes&quot;:[]},&quot;_skin&quot;:&quot;post&quot;,&quot;columns&quot;:&quot;3&quot;,&quot;columns_tablet&quot;:&quot;2&quot;,&quot;columns_mobile&quot;:&quot;1&quot;,&quot;edit_handle_selector&quot;:&quot;[data-elementor-type=\\&quot;loop-item\\&quot;]&quot;,&quot;row_gap_tablet&quot;:{&quot;unit&quot;:&quot;px&quot;,&quot;size&quot;:&quot;&quot;,&quot;sizes&quot;:[]},&quot;row_gap_mobile&quot;:{&quot;unit&quot;:&quot;px&quot;,&quot;size&quot;:&quot;&quot;,&quot;sizes&quot;:[]}}\" data-widget_type=\"loop-grid.post\">\n\t\t\t\t<div class=\"elementor-widget-container\">\n\t\t\t\t\t\t\t<div class=\"elementor-loop-container elementor-grid\">\n\t\t<style id=\"loop-7333\">.elementor-7333 .elementor-element.elementor-element-8e11bbe{--display:flex;--flex-direction:column;--container-widget-width:100%;--container-widget-height:initial;--container-widget-flex-grow:0;--container-widget-align-self:initial;--flex-wrap-mobile:wrap;--overflow:hidden;--border-radius:8px 8px 8px 8px;}.elementor-7333 .elementor-element.elementor-element-5dad1f1 > .elementor-widget-container{padding:16px 16px 16px 16px;}body:not(.rtl) .elementor-7333 .elementor-element.elementor-element-5dad1f1{left:0px;}body.rtl .elementor-7333 .elementor-element.elementor-element-5dad1f1{right:0px;}.elementor-7333 .elementor-element.elementor-element-5dad1f1{top:0px;z-index:2;}.elementor-7333 .elementor-element.elementor-element-5dad1f1 .elementor-icon-list-icon{width:14px;}.elementor-7333 .elementor-element.elementor-element-5dad1f1 .elementor-icon-list-icon i{font-size:14px;}.elementor-7333 .elementor-element.elementor-element-5dad1f1 .elementor-icon-list-icon svg{--e-icon-list-icon-size:14px;}.elementor-7333 .elementor-element.elementor-element-5dad1f1 .elementor-icon-list-text, .elementor-7333 .elementor-element.elementor-element-5dad1f1 .elementor-icon-list-text a{color:var( --e-global-color-text );}.elementor-7333 .elementor-element.elementor-element-5dad1f1 .elementor-icon-list-item{font-size:0.8rem;text-transform:uppercase;}.elementor-7333 .elementor-element.elementor-element-a88ce37{--display:flex;--justify-content:space-between;--gap:32px 32px;--row-gap:32px;--column-gap:32px;--padding-top:16px;--padding-bottom:16px;--padding-left:16px;--padding-right:16px;}.elementor-7333 .elementor-element.elementor-element-a88ce37:not(.elementor-motion-effects-element-type-background), .elementor-7333 .elementor-element.elementor-element-a88ce37 > .elementor-motion-effects-container > .elementor-motion-effects-layer{background-color:#FFFFFF;}.elementor-7333 .elementor-element.elementor-element-a88ce37.e-con{--flex-grow:1;--flex-shrink:0;}.elementor-7333 .elementor-element.elementor-element-1453fde{--display:flex;--gap:16px 16px;--row-gap:16px;--column-gap:16px;}.elementor-7333 .elementor-element.elementor-element-3c2c867{--display:flex;--flex-direction:row;--container-widget-width:initial;--container-widget-height:100%;--container-widget-flex-grow:1;--container-widget-align-self:stretch;--flex-wrap-mobile:wrap;--gap:16px 16px;--row-gap:16px;--column-gap:16px;--flex-wrap:nowrap;--padding-top:0px;--padding-bottom:0px;--padding-left:0px;--padding-right:0px;}.elementor-7333 .elementor-element.elementor-element-18ad194 > .elementor-widget-container{background-color:#FFFFFF;}.elementor-7333 .elementor-element.elementor-element-18ad194{z-index:2;}.elementor-7333 .elementor-element.elementor-element-18ad194 .elementor-icon-list-icon{width:14px;}.elementor-7333 .elementor-element.elementor-element-18ad194 .elementor-icon-list-icon i{font-size:14px;}.elementor-7333 .elementor-element.elementor-element-18ad194 .elementor-icon-list-icon svg{--e-icon-list-icon-size:14px;}.elementor-7333 .elementor-element.elementor-element-18ad194 .elementor-icon-list-text, .elementor-7333 .elementor-element.elementor-element-18ad194 .elementor-icon-list-text a{color:var( --e-global-color-accent );}.elementor-7333 .elementor-element.elementor-element-18ad194 .elementor-icon-list-item{font-size:0.8rem;text-transform:uppercase;}.elementor-7333 .elementor-element.elementor-element-a718058 .elementor-button{background-color:#00000000;fill:var( --e-global-color-accent );color:var( --e-global-color-accent );padding:0px 0px 0px 0px;}.elementor-7333 .elementor-element.elementor-element-a718058 .elementor-button-content-wrapper{flex-direction:row-reverse;}.elementor-7333 .elementor-element.elementor-element-a718058 .elementor-button .elementor-button-content-wrapper{gap:16px;}.elementor-7333 .elementor-element.elementor-element-867b8f1{--display:flex;--position:absolute;top:0px;}body:not(.rtl) .elementor-7333 .elementor-element.elementor-element-867b8f1{left:0px;}body.rtl .elementor-7333 .elementor-element.elementor-element-867b8f1{right:0px;}\/* Start custom CSS for post-info, class: .elementor-element-5dad1f1 *\/.elementor-7333 .elementor-element.elementor-element-5dad1f1 ul {\n    margin-block-start: 0 !important;\n    margin-block-end: 0 !important;\n}\n\n.elementor-7333 .elementor-element.elementor-element-5dad1f1 .elementor-icon-list-text a {\n    font-weight: 400;\n    text-decoration: none;\n    line-height: 1.6em;\n    color: var(--e-global-color-text );\n    background: var(--e-global-color-secondary );\n    border-radius: 64px;\n    padding: 6px 12px;\n    transition: .3s;\n}\n\n.elementor-7333 .elementor-element.elementor-element-5dad1f1 .elementor-icon-list-text a:hover {\n    font-weight: 400;\n    text-decoration: none;\n    line-height: 1.6em;\n    color: #ffffff;\n    background: var(--e-global-color-text );\n    border-radius: 64px;\n    padding: 6px 12px;\n}\/* End custom CSS *\/\n\/* Start custom CSS for container, class: .elementor-element-3c2c867 *\/.elementor-7333 .elementor-element.elementor-element-3c2c867 img {\n    transform: none !important;\n}\/* End custom CSS *\/\n\/* Start custom CSS for post-info, class: .elementor-element-18ad194 *\/.elementor-7333 .elementor-element.elementor-element-18ad194 ul {\n    margin-block-start: 0 !important;\n    margin-block-end: 0 !important;\n}\n\n.elementor-7333 .elementor-element.elementor-element-18ad194 .elementor-icon-list-text {\n    display: flex;\n    flex-wrap: wrap;\n    gap: 8px;\n}\n\n.elementor-7333 .elementor-element.elementor-element-18ad194 .elementor-icon-list-text a {\n    font-weight: 400;\n    text-decoration: none;\n    line-height: 1.6em;\n    color: var(--e-global-color-accent );\n    background: #00000000;\n    border: solid 1px var(--e-global-color-accent );\n    border-radius: 64px;\n    padding: 4px 12px;\n    transition: .3s;\n}\n\n.elementor-7333 .elementor-element.elementor-element-18ad194 .elementor-icon-list-text a:hover {\n    font-weight: 400;\n    text-decoration: none;\n    line-height: 1.6em;\n    color: #ffffff;\n    background: var(--e-global-color-accent );\n    border: solid 1px var(--e-global-color-accent );\n    border-radius: 64px;\n    padding: 4px 12px;\n}\/* End custom CSS *\/\n\/* Start custom CSS for container, class: .elementor-element-867b8f1 *\/.elementor-7333 .elementor-element.elementor-element-867b8f1 {\n    height: 100%;\n}\/* End custom CSS *\/\n\/* Start custom CSS for container, class: .elementor-element-8e11bbe *\/.elementor-7333 .elementor-element.elementor-element-8e11bbe:hover h4 {\n    text-decoration: underline;\n}\n\n.elementor-7333 .elementor-element.elementor-element-8e11bbe:hover .elementor-button .fas {\n    margin-right: -4px;\n    margin-left: 4px;\n    transition: .3s;\n}\n\n.elementor-7333 .elementor-element.elementor-element-8e11bbe img {\n    transition: 1s;\n}\n\n.elementor-7333 .elementor-element.elementor-element-8e11bbe:hover img {\n    transform: scale(1.1);\n}\/* End custom CSS *\/<\/style>\t\t<div data-elementor-type=\"loop-item\" data-elementor-id=\"7333\" class=\"elementor elementor-7333 e-loop-item e-loop-item-8132 post-8132 material type-material status-publish has-post-thumbnail hentry malgrupp-for-yrkesverksamma materialetikett-berattelser-om-overgrepp materialetikett-psykisk-ohalsa materialkategori-publikation\" data-elementor-post-type=\"elementor_library\" data-custom-edit-handle=\"1\">\n\t\t\t<div class=\"elementor-element elementor-element-8e11bbe e-flex e-con-boxed e-con e-parent\" data-id=\"8e11bbe\" data-element_type=\"container\">\n\t\t\t\t\t<div class=\"e-con-inner\">\n\t\t\t\t<div class=\"elementor-element elementor-element-5dad1f1 elementor-absolute elementor-widget elementor-widget-post-info\" data-id=\"5dad1f1\" data-element_type=\"widget\" data-settings=\"{&quot;_position&quot;:&quot;absolute&quot;}\" data-widget_type=\"post-info.default\">\n\t\t\t\t<div class=\"elementor-widget-container\">\n\t\t\t\t\t\t\t<ul class=\"elementor-inline-items elementor-icon-list-items elementor-post-info\">\n\t\t\t\t\t\t\t\t<li class=\"elementor-icon-list-item elementor-repeater-item-ba30b5f elementor-inline-item\">\n\t\t\t\t\t\t\t\t\t\t\t\t\t<span class=\"elementor-icon-list-text elementor-post-info__item elementor-post-info__item--type-custom\">\n\t\t\t\t\t\t\t\t\t\t<a href=\"https:\/\/treskablinoll.nu\/ll\/materialkategori\/publikation\/\" rel=\"tag\">Publikation<\/a>\t\t\t\t\t<\/span>\n\t\t\t\t\t\t\t\t<\/li>\n\t\t\t\t<\/ul>\n\t\t\t\t\t\t<\/div>\n\t\t\t\t<\/div>\n\t\t\t\t<div class=\"elementor-element elementor-element-4cb3173 elementor-widget elementor-widget-image\" data-id=\"4cb3173\" data-element_type=\"widget\" data-widget_type=\"image.default\">\n\t\t\t\t<div class=\"elementor-widget-container\">\n\t\t\t\t\t\t\t\t\t\t\t\t\t\t\t<img fetchpriority=\"high\" decoding=\"async\" width=\"800\" height=\"450\" src=\"https:\/\/treskablinoll.nu\/wp-content\/uploads\/2023\/06\/tsbn_material_elefanten-i-sovrummet_banner_v1-1024x576.jpg\" class=\"attachment-large size-large wp-image-8134\" alt=\"\" srcset=\"https:\/\/treskablinoll.nu\/wp-content\/uploads\/2023\/06\/tsbn_material_elefanten-i-sovrummet_banner_v1-1024x576.jpg 1024w, https:\/\/treskablinoll.nu\/wp-content\/uploads\/2023\/06\/tsbn_material_elefanten-i-sovrummet_banner_v1-600x338.jpg 600w, https:\/\/treskablinoll.nu\/wp-content\/uploads\/2023\/06\/tsbn_material_elefanten-i-sovrummet_banner_v1-900x506.jpg 900w, https:\/\/treskablinoll.nu\/wp-content\/uploads\/2023\/06\/tsbn_material_elefanten-i-sovrummet_banner_v1-768x432.jpg 768w, https:\/\/treskablinoll.nu\/wp-content\/uploads\/2023\/06\/tsbn_material_elefanten-i-sovrummet_banner_v1-1536x864.jpg 1536w, https:\/\/treskablinoll.nu\/wp-content\/uploads\/2023\/06\/tsbn_material_elefanten-i-sovrummet_banner_v1.jpg 1920w\" sizes=\"(max-width: 800px) 100vw, 800px\" \/>\t\t\t\t\t\t\t\t\t\t\t\t\t\t\t<\/div>\n\t\t\t\t<\/div>\n\t\t<div class=\"elementor-element elementor-element-a88ce37 e-flex e-con-boxed e-con e-parent\" data-id=\"a88ce37\" data-element_type=\"container\" data-settings=\"{&quot;background_background&quot;:&quot;classic&quot;}\">\n\t\t\t\t\t<div class=\"e-con-inner\">\n\t\t<div class=\"elementor-element elementor-element-1453fde e-flex e-con-boxed e-con e-parent\" data-id=\"1453fde\" data-element_type=\"container\">\n\t\t\t\t\t<div class=\"e-con-inner\">\n\t\t<div class=\"elementor-element elementor-element-3c2c867 e-con-full e-flex e-con e-parent\" data-id=\"3c2c867\" data-element_type=\"container\" data-no-translation=\"\">\n\t\t\t\t<\/div>\n\t\t\t\t<div class=\"elementor-element elementor-element-18ad194 elementor-widget elementor-widget-post-info\" data-id=\"18ad194\" data-element_type=\"widget\" data-widget_type=\"post-info.default\">\n\t\t\t\t<div class=\"elementor-widget-container\">\n\t\t\t\t\t\t\t<ul class=\"elementor-inline-items elementor-icon-list-items elementor-post-info\">\n\t\t\t\t\t\t\t\t<li class=\"elementor-icon-list-item elementor-repeater-item-ba30b5f elementor-inline-item\">\n\t\t\t\t\t\t\t\t\t\t\t\t\t<span class=\"elementor-icon-list-text elementor-post-info__item elementor-post-info__item--type-custom\">\n\t\t\t\t\t\t\t\t\t\t<a href=\"https:\/\/treskablinoll.nu\/ll\/materialetikett\/berattelser-om-overgrepp\/\" rel=\"tag\">Ber\u00e4ttelser om \u00f6vergrepp<\/a><a href=\"https:\/\/treskablinoll.nu\/ll\/materialetikett\/psykisk-ohalsa\/\" rel=\"tag\">Psykisk oh\u00e4lsa<\/a>\t\t\t\t\t<\/span>\n\t\t\t\t\t\t\t\t<\/li>\n\t\t\t\t<\/ul>\n\t\t\t\t\t\t<\/div>\n\t\t\t\t<\/div>\n\t\t\t\t<div class=\"elementor-element elementor-element-c8d9178 elementor-widget elementor-widget-theme-post-title elementor-page-title elementor-widget-heading\" data-id=\"c8d9178\" data-element_type=\"widget\" data-widget_type=\"theme-post-title.default\">\n\t\t\t\t<div class=\"elementor-widget-container\">\n\t\t\t\t\t<h4 class=\"elementor-heading-title elementor-size-default\">Elefanten i sovrummet<\/h4>\t\t\t\t<\/div>\n\t\t\t\t<\/div>\n\t\t\t\t<div class=\"elementor-element elementor-element-ad2adaf elementor-widget elementor-widget-theme-post-excerpt\" data-id=\"ad2adaf\" data-element_type=\"widget\" data-widget_type=\"theme-post-excerpt.default\">\n\t\t\t\t<div class=\"elementor-widget-container\">\n\t\t\t\t\tEn rapport av Treskablinoll om ungas upplevelser av st\u00f6d och behov av st\u00f6d i samband med sexuella \u00f6vergrepp.\t\t\t\t<\/div>\n\t\t\t\t<\/div>\n\t\t\t\t\t<\/div>\n\t\t\t\t<\/div>\n\t\t\t\t<div class=\"elementor-element elementor-element-a718058 elementor-widget elementor-widget-button\" data-id=\"a718058\" data-element_type=\"widget\" data-widget_type=\"button.default\">\n\t\t\t\t<div class=\"elementor-widget-container\">\n\t\t\t\t\t\t\t\t\t<div class=\"elementor-button-wrapper\">\n\t\t\t\t\t<a class=\"elementor-button elementor-button-link elementor-size-sm\" href=\"#\">\n\t\t\t\t\t\t<span class=\"elementor-button-content-wrapper\">\n\t\t\t\t\t\t<span class=\"elementor-button-icon\">\n\t\t\t\t<i aria-hidden=\"true\" class=\"fas fa-arrow-right\"><\/i>\t\t\t<\/span>\n\t\t\t\t\t\t\t\t\t<span class=\"elementor-button-text\">L\u00e4s mer<\/span>\n\t\t\t\t\t<\/span>\n\t\t\t\t\t<\/a>\n\t\t\t\t<\/div>\n\t\t\t\t\t\t\t\t<\/div>\n\t\t\t\t<\/div>\n\t\t\t\t\t<\/div>\n\t\t\t\t<\/div>\n\t\t<a class=\"elementor-element elementor-element-867b8f1 e-flex e-con-boxed e-con e-parent\" data-id=\"867b8f1\" data-element_type=\"container\" data-settings=\"{&quot;position&quot;:&quot;absolute&quot;}\" href=\"https:\/\/treskablinoll.nu\/ll\/material\/elefanten-i-sovrummet\/\">\n\t\t\t\t\t<div class=\"e-con-inner\">\n\t\t\t\t\t<\/div>\n\t\t\t\t<\/a>\n\t\t\t\t\t<\/div>\n\t\t\t\t<\/div>\n\t\t\t\t<\/div>\n\t\t\t\t<\/div>\n\t\t\n\t\t\t\t\t\t<\/div>\n\t\t\t\t<\/div>\n\t\t\t\t\t<\/div>\n\t\t\t\t<\/div>\n\t\t\t\t<\/div>","protected":false},"excerpt":{"rendered":"<p>Vi blundar inte f\u00f6r verkligheten som visar att 1 av 4 barn blivit utsatt f\u00f6r sexuellt v\u00e5ld. Tv\u00e4rtom, s\u00e5 vill vi belysa de alarmerande siffrorna. Vi arbetar aktivt sedan starten 2017 med att debattera i tidningar, medverka i media, publicera rapporter, kommentera statliga utredningar och bet\u00e4nkanden \u2013 och mycket mer. H\u00e4r finner ni v\u00e5ra rapporter.<\/p>","protected":false},"author":133,"featured_media":0,"parent":7411,"menu_order":37,"comment_status":"closed","ping_status":"closed","template":"","meta":{"_acf_changed":false,"footnotes":""},"class_list":["post-7648","page","type-page","status-publish","hentry"],"acf":[],"_links":{"self":[{"href":"https:\/\/treskablinoll.nu\/ll\/wp-json\/wp\/v2\/pages\/7648","targetHints":{"allow":["GET"]}}],"collection":[{"href":"https:\/\/treskablinoll.nu\/ll\/wp-json\/wp\/v2\/pages"}],"about":[{"href":"https:\/\/treskablinoll.nu\/ll\/wp-json\/wp\/v2\/types\/page"}],"author":[{"embeddable":true,"href":"https:\/\/treskablinoll.nu\/ll\/wp-json\/wp\/v2\/users\/133"}],"replies":[{"embeddable":true,"href":"https:\/\/treskablinoll.nu\/ll\/wp-json\/wp\/v2\/comments?post=7648"}],"version-history":[{"count":0,"href":"https:\/\/treskablinoll.nu\/ll\/wp-json\/wp\/v2\/pages\/7648\/revisions"}],"up":[{"embeddable":true,"href":"https:\/\/treskablinoll.nu\/ll\/wp-json\/wp\/v2\/pages\/7411"}],"wp:attachment":[{"href":"https:\/\/treskablinoll.nu\/ll\/wp-json\/wp\/v2\/media?parent=7648"}],"curies":[{"name":"wp","href":"https:\/\/api.w.org\/{rel}","templated":true}]}}