{"id":7644,"date":"2023-06-26T17:38:22","date_gmt":"2023-06-26T15:38:22","guid":{"rendered":"https:\/\/treskablinoll.nu\/?page_id=7644"},"modified":"2023-06-27T13:30:23","modified_gmt":"2023-06-27T11:30:23","slug":"samverkan-och-dialog","status":"publish","type":"page","link":"https:\/\/treskablinoll.nu\/ll\/paverkan-och-opinion\/samverkan-och-dialog\/","title":{"rendered":"Samverkan och dialog"},"content":{"rendered":"<div data-elementor-type=\"wp-page\" data-elementor-id=\"7644\" class=\"elementor elementor-7644\" data-elementor-post-type=\"page\">\n\t\t\t\t<div class=\"elementor-element elementor-element-56b5a17 e-flex e-con-boxed e-con e-parent\" data-id=\"56b5a17\" data-element_type=\"container\">\n\t\t\t\t\t<div class=\"e-con-inner\">\n\t\t\t\t<div class=\"elementor-element elementor-element-c106fb4 elementor-widget elementor-widget-text-editor\" data-id=\"c106fb4\" data-element_type=\"widget\" data-widget_type=\"text-editor.default\">\n\t\t\t\t<div class=\"elementor-widget-container\">\n\t\t\t\t\t\t\t\t\t<p>Vi blundar inte f\u00f6r verkligheten som visar att 1 av 4 barn blivit utsatt f\u00f6r sexuellt v\u00e5ld. Tv\u00e4rtom, s\u00e5 vill vi belysa de alarmerande siffrorna. Vi arbetar aktivt sedan starten 2017 med att debattera i tidningar, medverka i media, publicera rapporter, kommentera statliga utredningar och bet\u00e4nkanden \u2013 och mycket mer. H\u00e4r finner ni v\u00e5r\u00a0<strong>samverkan och dialog.<\/strong><\/p><h4 class=\"wp-block-heading\">SAMVERKAN<\/h4><p><strong>Kraftsamling mot sexuellt v\u00e5ld \u201dBarnkoalitionen\u201d.<\/strong><br \/>Under 2021 instiftade vi tillsammans med F\u00f6reningen paraply ett n\u00e4tverk f\u00f6r akt\u00f6rer som driver kampen f\u00f6r barns s\u00e4kerhet och trygga barndom. I dag ing\u00e5r nio andra akt\u00f6rer i barnkoalitionen och vi tr\u00e4ffas tv\u00e5 g\u00e5nger om \u00e5ret. Syftet med n\u00e4tverket \u00e4r att f\u00e5 en starkare samverkan mellan organisationer i civilsamh\u00e4llet i barnr\u00e4ttsfr\u00e5gor och driva gemensam politiskt p\u00e5verkansarbete.\u00a0<\/p><p>Vill du vara en del av kraftsamling mot sexuellt v\u00e5ld? Kontakta oss p\u00e5\u00a0<a href=\"mailto:jagvill@treskablinoll.nu\" target=\"_blank\" rel=\"noreferrer noopener\">jagvill@treskablinoll.nu<\/a><\/p><h4 class=\"wp-block-heading\">DIALOG OCH INSPEL<\/h4><p><strong>Dialogm\u00f6te: Barns r\u00e4ttigheter inom idrotten.\u00a0<\/strong>\u00a0<br \/>I maj 2023 deltog vi i ett m\u00f6te i riksdagen tillsammans med SafesportSweden, Socialtj\u00e4nstministern Camilla Waltersson Gr\u00f6nwall, Marlene Lund Kopparklint (M), Anne Marie Broden (styrelseledamot Treskablinoll och ordf\u00f6rande Stiftelsen Allm\u00e4nna Barnhuset) och Saila Quicklund (M). Vi fick dela v\u00e5r bild av nul\u00e4get och v\u00e5rt f\u00f6rebyggande arbete genom Idrottsbrevet och Schysst Spel.\u00a0\u00a0<\/p><p><strong>Dialogm\u00f6te: Barns behov och \u00f6nskningar av socialtj\u00e4nst och grundskola.\u00a0<\/strong>\u00a0<br \/>I mars 2023 bes\u00f6kte vi social-och trygghetsborgarr\u00e5det i Stockholm Alexander Ojanne (S). Vi ber\u00e4ttade om vilka utmaningar vi ser i socialtj\u00e4nsten och grundskolan, och om barns behov och \u00f6nskningar som framkommer i rapporten Elefanten i Sovrummet och i v\u00e5rt arvsfondsprojekt Grundskolebrevet.\u00a0\u00a0<\/p><p><strong>Inspel p\u00e5 direktiv: Skydd, st\u00f6d och v\u00e5rd f\u00f6r personer som utsatts f\u00f6r \u00f6vergrepp vid produktion eller distribution av pornografi.\u00a0<\/strong>\u00a0<br \/>I april 2023 deltog vi i Regeringskansliets m\u00f6te om den p\u00e5g\u00e5ende utredning som g\u00f6rs i direktivet \u201dskydd, st\u00f6d och v\u00e5rd f\u00f6r personer som utsatts f\u00f6r \u00f6vergrepp vid produktion eller distribution av pornografi\u201d (Dir. 2022:100). Vi gjorde inspel p\u00e5 barnr\u00e4ttsperspektivet och hur direktivet b\u00f6r utformas f\u00f6r att s\u00e4kerst\u00e4lla detta.\u00a0\u00a0<\/p><p><strong>Hearing om nationell handlingsplan f\u00f6r SRHR\u00a0<\/strong>\u00a0<br \/>Sedan 2023 \u00e4r vi delaktiga i framtagandet av Folkh\u00e4lsomyndighetens nationella handlingsplan f\u00f6r SRHR.\u00a0<\/p><p><strong>Yttrande av direktiv: Barns m\u00f6jlighet att klaga och utkr\u00e4va sina r\u00e4ttigheter enligt barnkonventionen.\u00a0<\/strong>\u00a0<br \/>I juni 2022 skrev vi tillsammans med Kraftsamling mot sexuellt v\u00e5ld \u201dBarnkoalitionen\u201d ett gemensamt yttrande om utredningen av direktivet \u201dBarns m\u00f6jlighet att klaga och utkr\u00e4va sina r\u00e4ttigheter\u201d (Dir. 2022:35). L\u00e4s yttrandet <a href=\"https:\/\/www.regeringen.se\/rattsliga-dokument\/kommittedirektiv\/2022\/04\/dir.-202235\" target=\"_blank\" rel=\"noopener\">h\u00e4r<\/a>.<\/p><p><strong>Yttrande av direktiv: Nationell strategi f\u00f6r att f\u00f6rebygga och bek\u00e4mpa v\u00e5ld mot barn.\u00a0<\/strong>\u00a0<br \/>I juni 2022 skrev vi tillsammans med Kraftsamling mot sexuellt v\u00e5ld \u201dBarnkoalitionen\u201d ett gemensamt yttrande om utredningen av direktivet \u201dNationell strategi f\u00f6r att f\u00f6rebygga och bek\u00e4mpa v\u00e5ld mot barn\u201d (Dir. 2021:29). L\u00e4s yttrandet <a href=\"https:\/\/www.regeringen.se\/rattsliga-dokument\/kommittedirektiv\/2021\/05\/dir.-202129\" target=\"_blank\" rel=\"noopener\">h\u00e4r<\/a>.<\/p>\t\t\t\t\t\t\t\t<\/div>\n\t\t\t\t<\/div>\n\t\t\t\t\t<\/div>\n\t\t\t\t<\/div>\n\t\t\t\t<\/div>","protected":false},"excerpt":{"rendered":"<p>Vi blundar inte f\u00f6r verkligheten som visar att 1 av 4 barn blivit utsatt f\u00f6r sexuellt v\u00e5ld. Tv\u00e4rtom, s\u00e5 vill vi belysa de alarmerande siffrorna. Vi arbetar aktivt sedan starten 2017 med att debattera i tidningar, medverka i media, publicera rapporter, kommentera statliga utredningar och bet\u00e4nkanden \u2013 och mycket mer. H\u00e4r finner ni v\u00e5r\u00a0samverkan och [&hellip;]<\/p>","protected":false},"author":133,"featured_media":0,"parent":7411,"menu_order":35,"comment_status":"closed","ping_status":"closed","template":"","meta":{"_acf_changed":false,"footnotes":""},"class_list":["post-7644","page","type-page","status-publish","hentry"],"acf":[],"_links":{"self":[{"href":"https:\/\/treskablinoll.nu\/ll\/wp-json\/wp\/v2\/pages\/7644","targetHints":{"allow":["GET"]}}],"collection":[{"href":"https:\/\/treskablinoll.nu\/ll\/wp-json\/wp\/v2\/pages"}],"about":[{"href":"https:\/\/treskablinoll.nu\/ll\/wp-json\/wp\/v2\/types\/page"}],"author":[{"embeddable":true,"href":"https:\/\/treskablinoll.nu\/ll\/wp-json\/wp\/v2\/users\/133"}],"replies":[{"embeddable":true,"href":"https:\/\/treskablinoll.nu\/ll\/wp-json\/wp\/v2\/comments?post=7644"}],"version-history":[{"count":0,"href":"https:\/\/treskablinoll.nu\/ll\/wp-json\/wp\/v2\/pages\/7644\/revisions"}],"up":[{"embeddable":true,"href":"https:\/\/treskablinoll.nu\/ll\/wp-json\/wp\/v2\/pages\/7411"}],"wp:attachment":[{"href":"https:\/\/treskablinoll.nu\/ll\/wp-json\/wp\/v2\/media?parent=7644"}],"curies":[{"name":"wp","href":"https:\/\/api.w.org\/{rel}","templated":true}]}}