{"id":7428,"date":"2023-06-26T12:53:45","date_gmt":"2023-06-26T10:53:45","guid":{"rendered":"https:\/\/treskablinoll.nu\/?page_id=7428"},"modified":"2025-11-18T12:47:49","modified_gmt":"2025-11-18T11:47:49","slug":"uppmana-din-idrottsforening","status":"publish","type":"page","link":"https:\/\/treskablinoll.nu\/ll\/idrottsbrevet\/uppmana-din-idrottsforening\/","title":{"rendered":"Uppmana din idrottsf\u00f6rening"},"content":{"rendered":"<div data-elementor-type=\"wp-page\" data-elementor-id=\"7428\" class=\"elementor elementor-7428\" data-elementor-post-type=\"page\">\n\t\t\t\t<div class=\"elementor-element elementor-element-0346504 e-flex e-con-boxed e-con e-parent\" data-id=\"0346504\" data-element_type=\"container\">\n\t\t\t\t\t<div class=\"e-con-inner\">\n\t\t\t\t<div class=\"elementor-element elementor-element-e85c98a elementor-widget elementor-widget-text-editor\" data-id=\"e85c98a\" data-element_type=\"widget\" data-widget_type=\"text-editor.default\">\n\t\t\t\t<div class=\"elementor-widget-container\">\n\t\t\t\t\t\t\t\t\t<p>Nedan finner du sj\u00e4lva Idrottsbrevet. Idrottsbrevet har tagits fram f\u00f6r dig som \u00e4r f\u00f6r\u00e4lder som vill att ditt barns idrottsf\u00f6rening ska engagera sig i kampen f\u00f6r barns r\u00e4tt till en barndom utan sexuella \u00f6vergrepp.<\/p><p>Allt du beh\u00f6ver g\u00f6ra \u00e4r att klicka knappen nedan, \u00e4ndra texten efter behov och skicka in till ditt barns idrottsf\u00f6rening.<\/p><p>Tipsa g\u00e4rna fler f\u00f6r\u00e4ldrar i f\u00f6reningen att skicka samma utmaning. Ju fler vi \u00e4r, desto st\u00f6rre sannolikhet f\u00f6r att f\u00f6reningen ansluter sig till Idrottsbrevet och arbetar f\u00f6r barns trygghet och integritet.<\/p>\t\t\t\t\t\t\t\t<\/div>\n\t\t\t\t<\/div>\n\t\t\t\t<div class=\"elementor-element elementor-element-8b93a72 elementor-align-center elementor-widget elementor-widget-button\" data-id=\"8b93a72\" data-element_type=\"widget\" data-widget_type=\"button.default\">\n\t\t\t\t<div class=\"elementor-widget-container\">\n\t\t\t\t\t\t\t\t\t<div class=\"elementor-button-wrapper\">\n\t\t\t\t\t<a class=\"elementor-button elementor-button-link elementor-size-sm\" href=\"mailto:?subject=Kan%20v%C3%A5r%20idrottsf%C3%B6rening%20vara%20med%20i%20Idrottsbrevet%3F&#038;body=Hej%20F%C3%96RENINGENS%20NAMN,%0D%0AJag%20%C3%A4r%20anh%C3%B6rig%20till%20BARNETS%20NAMN%0D%0A%0D%0AJag%20hoppas%20att%20v%C3%A5r%20idrottsf%C3%B6rening%20vill%20vara%20med%20i%20initiativet%20Idrottsbrevet%20som%20inneb%C3%A4r%20att%20varje%20tr%C3%A4nare%20hos%20er%20blir%20certifierade%20f%C3%B6r%20att%20b%C3%A5de%20respektera%20och%20l%C3%A4ra%20barn%20att%20respektera%20den%20egna%20och%20andras%20kroppsliga\/personliga%20sf%C3%A4r.%20Det%20%C3%A4r%20dystra%20siffror%20i%20Sverige,%20idag%20blir%20mer%20%C3%A4n%20vart%20fj%C3%A4rde%20barn%20utsatt%20f%C3%B6r%20sexuella%20%C3%B6vergrepp.%0D%0A%0D%0AMen%20nio%20av%20tio%20barn%20i%20Sverige%20kommer%20i%20kontakt%20med%20idrotten%20och%20d%C3%A4r%20har%20vi%20som%20f%C3%B6rening%20v%C3%A5r%20chans%20att%20prata%20integritet%20och%20s%C3%A4kerst%C3%A4lla%20att%20f%C3%B6reningen%20blir%20en%20trygg%20plats%20f%C3%B6r%20v%C3%A5ra%20barn.%20Alla%20f%C3%B6reningar%20som%20%C3%A4r%20med%20syns%20som%20en%20bl%C3%A5%20prick%20p%C3%A5%20Idrottskartan%20%E2%80%93%20en%20karta%20som%20visar%20vilka%20f%C3%B6reningar%20som%20jobbar%20f%C3%B6r%20barns%20integritet!%0D%0A%0D%0AIdrottsbrevet%20%C3%A4r%20kostnadsfritt%20och%20best%C3%A5r%20av%2010%20enkla%20steg%20att%20f%C3%B6lja%20och%20en%20digital%20kurs%20i%20integritet%20f%C3%B6r%20alla%20ledare,%20samt%20informationsbrev,%20affischer%20och%20annan%20material.%20Dessa%20har%20tagits%20fram%20av%20kriminolog%20Nina%20Rung%20i%20samverkan%20med%20jurist%20i%20barnr%C3%A4ttsf%C3%A5gor%20Lars%20Arrhenius%20utifr%C3%A5n%20bepr%C3%B6vad%20forskning%20och%20kunskap%20kring%20brottsf%C3%B6rebyggande%20och%20integritetsfr%C3%A4mjande%20arbete.%0D%0A%0D%0AJag%20vill,%20tillsammans%20med%20er,%20skapa%20ett%20f%C3%B6reningsliv%20som%20%C3%A4r%20tryggt%20f%C3%B6r%20barn%20och%20d%C3%A4r%20barn%20l%C3%A4r%20sig%20b%C3%A5de%20om%20idrott%20%E2%80%93%20och%20sina%20r%C3%A4ttigheter.%20Idrottsbrevet%20%C3%A4r%20ett%20initiativ%20som%20sprider%20kunskap,%20implementerar%20f%C3%B6rebyggande%20rutiner%20samt%20bidrar%20till%20dialog%20mellan%20v%C3%A5rdnadshavare%20och%20idrottsf%C3%B6reningar.%20M%C3%A5nga%20f%C3%B6reningar%20har%20redan%20g%C3%A5tt%20med%20i%20kampen%20f%C3%B6r%20barns%20r%C3%A4tt%20till%20en%20barndom%20utan%20sexuella%20%C3%B6vergrepp.%20Jag%20hoppas%20att%20vi%20tar%20steget%20och%20blir%20en%20bl%C3%A5%20prick%20p%C3%A5%20Idrottskartan%20nu!%20Ser%20fram%20emot%20att%20h%C3%B6ra%20fr%C3%A5n%20er!%0D%0A%0D%0AL%C3%A4s%20mer%20p%C3%A5%20https:\/\/treskablinoll.nu\/idrottsbrevet\/%0D%0A%0D%0AMed%20v%C3%A4nliga%20h%C3%A4lsningar,%0D%0ADITT%20NAMN\">\n\t\t\t\t\t\t<span class=\"elementor-button-content-wrapper\">\n\t\t\t\t\t\t\t\t\t<span class=\"elementor-button-text\">Skicka brevet nu<\/span>\n\t\t\t\t\t<\/span>\n\t\t\t\t\t<\/a>\n\t\t\t\t<\/div>\n\t\t\t\t\t\t\t\t<\/div>\n\t\t\t\t<\/div>\n\t\t\t\t<div class=\"elementor-element elementor-element-f241dac elementor-widget-divider--view-line elementor-widget elementor-widget-divider\" data-id=\"f241dac\" data-element_type=\"widget\" data-widget_type=\"divider.default\">\n\t\t\t\t<div class=\"elementor-widget-container\">\n\t\t\t\t\t\t\t<div class=\"elementor-divider\">\n\t\t\t<span class=\"elementor-divider-separator\">\n\t\t\t\t\t\t<\/span>\n\t\t<\/div>\n\t\t\t\t\t\t<\/div>\n\t\t\t\t<\/div>\n\t\t\t\t<div class=\"elementor-element elementor-element-7d3f5e3 elementor-widget elementor-widget-text-editor\" data-id=\"7d3f5e3\" data-element_type=\"widget\" data-widget_type=\"text-editor.default\">\n\t\t\t\t<div class=\"elementor-widget-container\">\n\t\t\t\t\t\t\t\t\t<p>Hej F\u00d6RENINGENS NAMN,\u00a0<br \/>Jag \u00e4r anh\u00f6rig till BARNETS NAMN<\/p><p>Jag hoppas att v\u00e5r idrottsf\u00f6rening vill vara med i initiativet Idrottsbrevet som inneb\u00e4r att varje tr\u00e4nare hos er blir certifierade f\u00f6r att b\u00e5de respektera och l\u00e4ra barn att respektera den egna och andras kroppsliga\/personliga sf\u00e4r. Det \u00e4r dystra siffror i Sverige, idag blir mer \u00e4n vart fj\u00e4rde barn utsatt f\u00f6r sexuella \u00f6vergrepp.<\/p><p>Men nio av tio barn i Sverige kommer i kontakt med idrotten och d\u00e4r har vi som f\u00f6rening v\u00e5r chans att prata integritet och s\u00e4kerst\u00e4lla att f\u00f6reningen blir en trygg plats f\u00f6r v\u00e5ra barn. Alla f\u00f6reningar som \u00e4r med syns som en bl\u00e5 prick p\u00e5 Idrottskartan \u2013 en karta som visar vilka f\u00f6reningar som jobbar f\u00f6r barns integritet!<\/p><p>Idrottsbrevet \u00e4r kostnadsfritt och best\u00e5r av 10 enkla steg att f\u00f6lja och en digital kurs i integritet f\u00f6r alla ledare, samt informationsbrev, affischer och annan material. Dessa har tagits fram av kriminolog Nina Rung i samverkan med jurist i barnr\u00e4ttsfr\u00e5gor Lars Arrhenius utifr\u00e5n bepr\u00f6vad forskning och kunskap kring brottsf\u00f6rebyggande och integritetsfr\u00e4mjande arbete.<\/p><p>Jag vill, tillsammans med er, skapa ett f\u00f6reningsliv som \u00e4r tryggt f\u00f6r barn och d\u00e4r barn l\u00e4r sig b\u00e5de om idrott \u2013 och sina r\u00e4ttigheter. Idrottsbrevet \u00e4r ett initiativ som sprider kunskap, implementerar f\u00f6rebyggande rutiner samt bidrar till dialog mellan v\u00e5rdnadshavare och idrottsf\u00f6reningar. M\u00e5nga f\u00f6reningar har redan g\u00e5tt med i kampen f\u00f6r barns r\u00e4tt till en barndom utan sexuella \u00f6vergrepp. Jag hoppas att vi tar steget och blir en bl\u00e5 prick p\u00e5 Idrottskartan nu! Ser fram emot att h\u00f6ra fr\u00e5n er!<br \/>L\u00e4s mer p\u00e5\u00a0<a style=\"text-align: var(--text-align);\" href=\"https:\/\/treskablinoll.nu\/ll\/idrottsbrevet\/\">https:\/\/treskablinoll.nu\/idrottsbrevet\/<\/a>\u00a0<span style=\"text-align: var(--text-align); font-size: 1.25rem;\">\u00a0<\/span><\/p><p>Med v\u00e4nliga h\u00e4lsningar,<br \/>DITT NAMN<\/p>\t\t\t\t\t\t\t\t<\/div>\n\t\t\t\t<\/div>\n\t\t\t\t\t<\/div>\n\t\t\t\t<\/div>\n\t\t\t\t<\/div>","protected":false},"excerpt":{"rendered":"<p>Nedan finner du sj\u00e4lva Idrottsbrevet. Idrottsbrevet har tagits fram f\u00f6r dig som \u00e4r f\u00f6r\u00e4lder som vill att ditt barns idrottsf\u00f6rening ska engagera sig i kampen f\u00f6r barns r\u00e4tt till en barndom utan sexuella \u00f6vergrepp. Allt du beh\u00f6ver g\u00f6ra \u00e4r att klicka knappen nedan, \u00e4ndra texten efter behov och skicka in till ditt barns idrottsf\u00f6rening. Tipsa [&hellip;]<\/p>","protected":false},"author":133,"featured_media":0,"parent":1018,"menu_order":17,"comment_status":"closed","ping_status":"closed","template":"","meta":{"_acf_changed":false,"footnotes":""},"class_list":["post-7428","page","type-page","status-publish","hentry"],"acf":[],"_links":{"self":[{"href":"https:\/\/treskablinoll.nu\/ll\/wp-json\/wp\/v2\/pages\/7428","targetHints":{"allow":["GET"]}}],"collection":[{"href":"https:\/\/treskablinoll.nu\/ll\/wp-json\/wp\/v2\/pages"}],"about":[{"href":"https:\/\/treskablinoll.nu\/ll\/wp-json\/wp\/v2\/types\/page"}],"author":[{"embeddable":true,"href":"https:\/\/treskablinoll.nu\/ll\/wp-json\/wp\/v2\/users\/133"}],"replies":[{"embeddable":true,"href":"https:\/\/treskablinoll.nu\/ll\/wp-json\/wp\/v2\/comments?post=7428"}],"version-history":[{"count":23,"href":"https:\/\/treskablinoll.nu\/ll\/wp-json\/wp\/v2\/pages\/7428\/revisions"}],"predecessor-version":[{"id":13035,"href":"https:\/\/treskablinoll.nu\/ll\/wp-json\/wp\/v2\/pages\/7428\/revisions\/13035"}],"up":[{"embeddable":true,"href":"https:\/\/treskablinoll.nu\/ll\/wp-json\/wp\/v2\/pages\/1018"}],"wp:attachment":[{"href":"https:\/\/treskablinoll.nu\/ll\/wp-json\/wp\/v2\/media?parent=7428"}],"curies":[{"name":"wp","href":"https:\/\/api.w.org\/{rel}","templated":true}]}}