{"id":7411,"date":"2023-06-26T12:30:13","date_gmt":"2023-06-26T10:30:13","guid":{"rendered":"https:\/\/treskablinoll.nu\/?page_id=7411"},"modified":"2023-06-29T10:57:31","modified_gmt":"2023-06-29T08:57:31","slug":"paverkan-och-opinion","status":"publish","type":"page","link":"https:\/\/treskablinoll.nu\/ll\/paverkan-och-opinion\/","title":{"rendered":"P\u00e5verkan och opinion"},"content":{"rendered":"<div data-elementor-type=\"wp-page\" data-elementor-id=\"7411\" class=\"elementor elementor-7411\" data-elementor-post-type=\"page\">\n\t\t\t\t<div class=\"elementor-element elementor-element-cb8c366 e-flex e-con-boxed e-con e-parent\" data-id=\"cb8c366\" data-element_type=\"container\">\n\t\t\t\t\t<div class=\"e-con-inner\">\n\t\t\t\t<div class=\"elementor-element elementor-element-e902092 elementor-widget__width-initial elementor-widget elementor-widget-text-editor\" data-id=\"e902092\" data-element_type=\"widget\" data-widget_type=\"text-editor.default\">\n\t\t\t\t<div class=\"elementor-widget-container\">\n\t\t\t\t\t\t\t\t\t<p>Vi arbetar aktivt sedan starten 2017 med att debattera i tidningar, medverka i media, publicera rapporter, kommentera statliga utredningar och bet\u00e4nkanden &#8211; och mycket mer.<\/p><p>Vi blundar inte f\u00f6r verkligheten som visar att 1 av 4 barn blivit utsatt f\u00f6r sexuellt v\u00e5ld. Tv\u00e4rtom, s\u00e5 vill vi belysa de alarmerande siffrorna. Vi informerar kring f\u00f6rebyggande \u00e5tg\u00e4rder, bland annat genom att sprida kunskap om integritet, samtycke och relationer och hur vi som vuxenv\u00e4rld l\u00e4r barn detta p\u00e5 r\u00e4tt s\u00e4tt. Genom projekt och kampanjer st\u00e4ller vi krav p\u00e5 b\u00e5de individer och samh\u00e4llet &#8211; att kroka arm med oss f\u00f6r att k\u00e4mpa f\u00f6r ett samh\u00e4lle fritt fr\u00e5n sexuella \u00f6vergrepp mot barn.<\/p>\t\t\t\t\t\t\t\t<\/div>\n\t\t\t\t<\/div>\n\t\t\t\t<div class=\"elementor-element elementor-element-80c28f4 elementor-grid-3 elementor-grid-tablet-2 elementor-grid-mobile-1 elementor-widget elementor-widget-loop-grid\" data-id=\"80c28f4\" data-element_type=\"widget\" data-settings=\"{&quot;template_id&quot;:&quot;7324&quot;,&quot;_skin&quot;:&quot;post&quot;,&quot;columns&quot;:&quot;3&quot;,&quot;columns_tablet&quot;:&quot;2&quot;,&quot;columns_mobile&quot;:&quot;1&quot;,&quot;edit_handle_selector&quot;:&quot;[data-elementor-type=\\&quot;loop-item\\&quot;]&quot;,&quot;row_gap&quot;:{&quot;unit&quot;:&quot;px&quot;,&quot;size&quot;:&quot;&quot;,&quot;sizes&quot;:[]},&quot;row_gap_tablet&quot;:{&quot;unit&quot;:&quot;px&quot;,&quot;size&quot;:&quot;&quot;,&quot;sizes&quot;:[]},&quot;row_gap_mobile&quot;:{&quot;unit&quot;:&quot;px&quot;,&quot;size&quot;:&quot;&quot;,&quot;sizes&quot;:[]}}\" data-widget_type=\"loop-grid.post\">\n\t\t\t\t<div class=\"elementor-widget-container\">\n\t\t\t\t\t\t\t<div class=\"elementor-loop-container elementor-grid\">\n\t\t<style id=\"loop-7324\">.elementor-7324 .elementor-element.elementor-element-7ad8d679{--display:flex;--justify-content:space-between;--gap:32px 32px;--row-gap:32px;--column-gap:32px;--overflow:hidden;--border-radius:8px 8px 8px 8px;--padding-top:16px;--padding-bottom:16px;--padding-left:16px;--padding-right:16px;}.elementor-7324 .elementor-element.elementor-element-7ad8d679:not(.elementor-motion-effects-element-type-background), .elementor-7324 .elementor-element.elementor-element-7ad8d679 > .elementor-motion-effects-container > .elementor-motion-effects-layer{background-color:var( --e-global-color-text );}.elementor-7324 .elementor-element.elementor-element-390af5a6{--display:flex;--gap:16px 16px;--row-gap:16px;--column-gap:16px;}.elementor-7324 .elementor-element.elementor-element-8627b07{--display:flex;--flex-direction:row;--container-widget-width:initial;--container-widget-height:100%;--container-widget-flex-grow:1;--container-widget-align-self:stretch;--flex-wrap-mobile:wrap;--gap:16px 16px;--row-gap:16px;--column-gap:16px;--flex-wrap:nowrap;--padding-top:0px;--padding-bottom:0px;--padding-left:0px;--padding-right:0px;}.elementor-7324 .elementor-element.elementor-element-1df133b8 .elementor-heading-title{color:#FFFFFF;}.elementor-7324 .elementor-element.elementor-element-3dbba957 .elementor-widget-container{color:#FFFFFF;}.elementor-7324 .elementor-element.elementor-element-29d6d8af .elementor-button{background-color:#00000000;fill:var( --e-global-color-accent );color:var( --e-global-color-accent );padding:0px 0px 0px 0px;}.elementor-7324 .elementor-element.elementor-element-29d6d8af .elementor-button-content-wrapper{flex-direction:row-reverse;}.elementor-7324 .elementor-element.elementor-element-29d6d8af .elementor-button .elementor-button-content-wrapper{gap:16px;}.elementor-7324 .elementor-element.elementor-element-3323ce2c{--display:flex;--position:absolute;top:0px;--z-index:1;}body:not(.rtl) .elementor-7324 .elementor-element.elementor-element-3323ce2c{left:0px;}body.rtl .elementor-7324 .elementor-element.elementor-element-3323ce2c{right:0px;}\/* Start custom CSS for container, class: .elementor-element-8627b07 *\/.elementor-7324 .elementor-element.elementor-element-8627b07 img {\n    transform: none !important;\n}\/* End custom CSS *\/\n\/* Start custom CSS for container, class: .elementor-element-3323ce2c *\/.elementor-7324 .elementor-element.elementor-element-3323ce2c {\n    height: 100%;\n}\/* End custom CSS *\/\n\/* Start custom CSS for container, class: .elementor-element-7ad8d679 *\/.elementor-7324 .elementor-element.elementor-element-7ad8d679:hover h4 {\n    text-decoration: underline;\n}\n\n.elementor-7324 .elementor-element.elementor-element-7ad8d679:hover .elementor-button .fas {\n    margin-right: -4px;\n    margin-left: 4px;\n    transition: .3s;\n}\/* End custom CSS *\/<\/style>\t\t<div data-elementor-type=\"loop-item\" data-elementor-id=\"7324\" class=\"elementor elementor-7324 e-loop-item e-loop-item-7654 post-7654 page type-page status-publish hentry\" data-elementor-post-type=\"elementor_library\" data-custom-edit-handle=\"1\">\n\t\t\t<div class=\"elementor-element elementor-element-7ad8d679 e-flex e-con-boxed e-con e-parent\" data-id=\"7ad8d679\" data-element_type=\"container\" data-settings=\"{&quot;background_background&quot;:&quot;classic&quot;}\">\n\t\t\t\t\t<div class=\"e-con-inner\">\n\t\t<div class=\"elementor-element elementor-element-390af5a6 e-flex e-con-boxed e-con e-parent\" data-id=\"390af5a6\" data-element_type=\"container\">\n\t\t\t\t\t<div class=\"e-con-inner\">\n\t\t<div class=\"elementor-element elementor-element-8627b07 e-con-full e-flex e-con e-parent\" data-id=\"8627b07\" data-element_type=\"container\" data-no-translation=\"\">\n\t\t\t\t<\/div>\n\t\t\t\t<div class=\"elementor-element elementor-element-1df133b8 elementor-widget elementor-widget-theme-post-title elementor-page-title elementor-widget-heading\" data-id=\"1df133b8\" data-element_type=\"widget\" data-widget_type=\"theme-post-title.default\">\n\t\t\t\t<div class=\"elementor-widget-container\">\n\t\t\t\t\t<h4 class=\"elementor-heading-title elementor-size-default\">Pressrum<\/h4>\t\t\t\t<\/div>\n\t\t\t\t<\/div>\n\t\t\t\t\t<\/div>\n\t\t\t\t<\/div>\n\t\t\t\t<div class=\"elementor-element elementor-element-29d6d8af elementor-widget elementor-widget-button\" data-id=\"29d6d8af\" data-element_type=\"widget\" data-widget_type=\"button.default\">\n\t\t\t\t<div class=\"elementor-widget-container\">\n\t\t\t\t\t\t\t\t\t<div class=\"elementor-button-wrapper\">\n\t\t\t\t\t<a class=\"elementor-button elementor-button-link elementor-size-sm\" href=\"#\">\n\t\t\t\t\t\t<span class=\"elementor-button-content-wrapper\">\n\t\t\t\t\t\t<span class=\"elementor-button-icon\">\n\t\t\t\t<i aria-hidden=\"true\" class=\"fas fa-arrow-right\"><\/i>\t\t\t<\/span>\n\t\t\t\t\t\t\t\t\t<span class=\"elementor-button-text\">L\u00e4s mer<\/span>\n\t\t\t\t\t<\/span>\n\t\t\t\t\t<\/a>\n\t\t\t\t<\/div>\n\t\t\t\t\t\t\t\t<\/div>\n\t\t\t\t<\/div>\n\t\t<a class=\"elementor-element elementor-element-3323ce2c e-flex e-con-boxed e-con e-parent\" data-id=\"3323ce2c\" data-element_type=\"container\" data-settings=\"{&quot;position&quot;:&quot;absolute&quot;}\" href=\"https:\/\/treskablinoll.nu\/ll\/paverkan-och-opinion\/pressrum\/\">\n\t\t\t\t\t<div class=\"e-con-inner\">\n\t\t\t\t\t<\/div>\n\t\t\t\t<\/a>\n\t\t\t\t\t<\/div>\n\t\t\t\t<\/div>\n\t\t\t\t<\/div>\n\t\t\t\t<div data-elementor-type=\"loop-item\" data-elementor-id=\"7324\" class=\"elementor elementor-7324 e-loop-item e-loop-item-7644 post-7644 page type-page status-publish hentry\" data-elementor-post-type=\"elementor_library\" data-custom-edit-handle=\"1\">\n\t\t\t<div class=\"elementor-element elementor-element-7ad8d679 e-flex e-con-boxed e-con e-parent\" data-id=\"7ad8d679\" data-element_type=\"container\" data-settings=\"{&quot;background_background&quot;:&quot;classic&quot;}\">\n\t\t\t\t\t<div class=\"e-con-inner\">\n\t\t<div class=\"elementor-element elementor-element-390af5a6 e-flex e-con-boxed e-con e-parent\" data-id=\"390af5a6\" data-element_type=\"container\">\n\t\t\t\t\t<div class=\"e-con-inner\">\n\t\t<div class=\"elementor-element elementor-element-8627b07 e-con-full e-flex e-con e-parent\" data-id=\"8627b07\" data-element_type=\"container\" data-no-translation=\"\">\n\t\t\t\t<\/div>\n\t\t\t\t<div class=\"elementor-element elementor-element-1df133b8 elementor-widget elementor-widget-theme-post-title elementor-page-title elementor-widget-heading\" data-id=\"1df133b8\" data-element_type=\"widget\" data-widget_type=\"theme-post-title.default\">\n\t\t\t\t<div class=\"elementor-widget-container\">\n\t\t\t\t\t<h4 class=\"elementor-heading-title elementor-size-default\">Samverkan och dialog<\/h4>\t\t\t\t<\/div>\n\t\t\t\t<\/div>\n\t\t\t\t\t<\/div>\n\t\t\t\t<\/div>\n\t\t\t\t<div class=\"elementor-element elementor-element-29d6d8af elementor-widget elementor-widget-button\" data-id=\"29d6d8af\" data-element_type=\"widget\" data-widget_type=\"button.default\">\n\t\t\t\t<div class=\"elementor-widget-container\">\n\t\t\t\t\t\t\t\t\t<div class=\"elementor-button-wrapper\">\n\t\t\t\t\t<a class=\"elementor-button elementor-button-link elementor-size-sm\" href=\"#\">\n\t\t\t\t\t\t<span class=\"elementor-button-content-wrapper\">\n\t\t\t\t\t\t<span class=\"elementor-button-icon\">\n\t\t\t\t<i aria-hidden=\"true\" class=\"fas fa-arrow-right\"><\/i>\t\t\t<\/span>\n\t\t\t\t\t\t\t\t\t<span class=\"elementor-button-text\">L\u00e4s mer<\/span>\n\t\t\t\t\t<\/span>\n\t\t\t\t\t<\/a>\n\t\t\t\t<\/div>\n\t\t\t\t\t\t\t\t<\/div>\n\t\t\t\t<\/div>\n\t\t<a class=\"elementor-element elementor-element-3323ce2c e-flex e-con-boxed e-con e-parent\" data-id=\"3323ce2c\" data-element_type=\"container\" data-settings=\"{&quot;position&quot;:&quot;absolute&quot;}\" href=\"https:\/\/treskablinoll.nu\/ll\/paverkan-och-opinion\/samverkan-och-dialog\/\">\n\t\t\t\t\t<div class=\"e-con-inner\">\n\t\t\t\t\t<\/div>\n\t\t\t\t<\/a>\n\t\t\t\t\t<\/div>\n\t\t\t\t<\/div>\n\t\t\t\t<\/div>\n\t\t\t\t<div data-elementor-type=\"loop-item\" data-elementor-id=\"7324\" class=\"elementor elementor-7324 e-loop-item e-loop-item-7646 post-7646 page type-page status-publish hentry\" data-elementor-post-type=\"elementor_library\" data-custom-edit-handle=\"1\">\n\t\t\t<div class=\"elementor-element elementor-element-7ad8d679 e-flex e-con-boxed e-con e-parent\" data-id=\"7ad8d679\" data-element_type=\"container\" data-settings=\"{&quot;background_background&quot;:&quot;classic&quot;}\">\n\t\t\t\t\t<div class=\"e-con-inner\">\n\t\t<div class=\"elementor-element elementor-element-390af5a6 e-flex e-con-boxed e-con e-parent\" data-id=\"390af5a6\" data-element_type=\"container\">\n\t\t\t\t\t<div class=\"e-con-inner\">\n\t\t<div class=\"elementor-element elementor-element-8627b07 e-con-full e-flex e-con e-parent\" data-id=\"8627b07\" data-element_type=\"container\" data-no-translation=\"\">\n\t\t\t\t<\/div>\n\t\t\t\t<div class=\"elementor-element elementor-element-1df133b8 elementor-widget elementor-widget-theme-post-title elementor-page-title elementor-widget-heading\" data-id=\"1df133b8\" data-element_type=\"widget\" data-widget_type=\"theme-post-title.default\">\n\t\t\t\t<div class=\"elementor-widget-container\">\n\t\t\t\t\t<h4 class=\"elementor-heading-title elementor-size-default\">Debatt<\/h4>\t\t\t\t<\/div>\n\t\t\t\t<\/div>\n\t\t\t\t\t<\/div>\n\t\t\t\t<\/div>\n\t\t\t\t<div class=\"elementor-element elementor-element-29d6d8af elementor-widget elementor-widget-button\" data-id=\"29d6d8af\" data-element_type=\"widget\" data-widget_type=\"button.default\">\n\t\t\t\t<div class=\"elementor-widget-container\">\n\t\t\t\t\t\t\t\t\t<div class=\"elementor-button-wrapper\">\n\t\t\t\t\t<a class=\"elementor-button elementor-button-link elementor-size-sm\" href=\"#\">\n\t\t\t\t\t\t<span class=\"elementor-button-content-wrapper\">\n\t\t\t\t\t\t<span class=\"elementor-button-icon\">\n\t\t\t\t<i aria-hidden=\"true\" class=\"fas fa-arrow-right\"><\/i>\t\t\t<\/span>\n\t\t\t\t\t\t\t\t\t<span class=\"elementor-button-text\">L\u00e4s mer<\/span>\n\t\t\t\t\t<\/span>\n\t\t\t\t\t<\/a>\n\t\t\t\t<\/div>\n\t\t\t\t\t\t\t\t<\/div>\n\t\t\t\t<\/div>\n\t\t<a class=\"elementor-element elementor-element-3323ce2c e-flex e-con-boxed e-con e-parent\" data-id=\"3323ce2c\" data-element_type=\"container\" data-settings=\"{&quot;position&quot;:&quot;absolute&quot;}\" href=\"https:\/\/treskablinoll.nu\/ll\/paverkan-och-opinion\/debatt\/\">\n\t\t\t\t\t<div class=\"e-con-inner\">\n\t\t\t\t\t<\/div>\n\t\t\t\t<\/a>\n\t\t\t\t\t<\/div>\n\t\t\t\t<\/div>\n\t\t\t\t<\/div>\n\t\t\t\t<div data-elementor-type=\"loop-item\" data-elementor-id=\"7324\" class=\"elementor elementor-7324 e-loop-item e-loop-item-7648 post-7648 page type-page status-publish hentry\" data-elementor-post-type=\"elementor_library\" data-custom-edit-handle=\"1\">\n\t\t\t<div class=\"elementor-element elementor-element-7ad8d679 e-flex e-con-boxed e-con e-parent\" data-id=\"7ad8d679\" data-element_type=\"container\" data-settings=\"{&quot;background_background&quot;:&quot;classic&quot;}\">\n\t\t\t\t\t<div class=\"e-con-inner\">\n\t\t<div class=\"elementor-element elementor-element-390af5a6 e-flex e-con-boxed e-con e-parent\" data-id=\"390af5a6\" data-element_type=\"container\">\n\t\t\t\t\t<div class=\"e-con-inner\">\n\t\t<div class=\"elementor-element elementor-element-8627b07 e-con-full e-flex e-con e-parent\" data-id=\"8627b07\" data-element_type=\"container\" data-no-translation=\"\">\n\t\t\t\t<\/div>\n\t\t\t\t<div class=\"elementor-element elementor-element-1df133b8 elementor-widget elementor-widget-theme-post-title elementor-page-title elementor-widget-heading\" data-id=\"1df133b8\" data-element_type=\"widget\" data-widget_type=\"theme-post-title.default\">\n\t\t\t\t<div class=\"elementor-widget-container\">\n\t\t\t\t\t<h4 class=\"elementor-heading-title elementor-size-default\">Rapporter<\/h4>\t\t\t\t<\/div>\n\t\t\t\t<\/div>\n\t\t\t\t\t<\/div>\n\t\t\t\t<\/div>\n\t\t\t\t<div class=\"elementor-element elementor-element-29d6d8af elementor-widget elementor-widget-button\" data-id=\"29d6d8af\" data-element_type=\"widget\" data-widget_type=\"button.default\">\n\t\t\t\t<div class=\"elementor-widget-container\">\n\t\t\t\t\t\t\t\t\t<div class=\"elementor-button-wrapper\">\n\t\t\t\t\t<a class=\"elementor-button elementor-button-link elementor-size-sm\" href=\"#\">\n\t\t\t\t\t\t<span class=\"elementor-button-content-wrapper\">\n\t\t\t\t\t\t<span class=\"elementor-button-icon\">\n\t\t\t\t<i aria-hidden=\"true\" class=\"fas fa-arrow-right\"><\/i>\t\t\t<\/span>\n\t\t\t\t\t\t\t\t\t<span class=\"elementor-button-text\">L\u00e4s mer<\/span>\n\t\t\t\t\t<\/span>\n\t\t\t\t\t<\/a>\n\t\t\t\t<\/div>\n\t\t\t\t\t\t\t\t<\/div>\n\t\t\t\t<\/div>\n\t\t<a class=\"elementor-element elementor-element-3323ce2c e-flex e-con-boxed e-con e-parent\" data-id=\"3323ce2c\" data-element_type=\"container\" data-settings=\"{&quot;position&quot;:&quot;absolute&quot;}\" href=\"https:\/\/treskablinoll.nu\/ll\/paverkan-och-opinion\/rapporter\/\">\n\t\t\t\t\t<div class=\"e-con-inner\">\n\t\t\t\t\t<\/div>\n\t\t\t\t<\/a>\n\t\t\t\t\t<\/div>\n\t\t\t\t<\/div>\n\t\t\t\t<\/div>\n\t\t\t\t<div data-elementor-type=\"loop-item\" data-elementor-id=\"7324\" class=\"elementor elementor-7324 e-loop-item e-loop-item-7650 post-7650 page type-page status-publish hentry\" data-elementor-post-type=\"elementor_library\" data-custom-edit-handle=\"1\">\n\t\t\t<div class=\"elementor-element elementor-element-7ad8d679 e-flex e-con-boxed e-con e-parent\" data-id=\"7ad8d679\" data-element_type=\"container\" data-settings=\"{&quot;background_background&quot;:&quot;classic&quot;}\">\n\t\t\t\t\t<div class=\"e-con-inner\">\n\t\t<div class=\"elementor-element elementor-element-390af5a6 e-flex e-con-boxed e-con e-parent\" data-id=\"390af5a6\" data-element_type=\"container\">\n\t\t\t\t\t<div class=\"e-con-inner\">\n\t\t<div class=\"elementor-element elementor-element-8627b07 e-con-full e-flex e-con e-parent\" data-id=\"8627b07\" data-element_type=\"container\" data-no-translation=\"\">\n\t\t\t\t<\/div>\n\t\t\t\t<div class=\"elementor-element elementor-element-1df133b8 elementor-widget elementor-widget-theme-post-title elementor-page-title elementor-widget-heading\" data-id=\"1df133b8\" data-element_type=\"widget\" data-widget_type=\"theme-post-title.default\">\n\t\t\t\t<div class=\"elementor-widget-container\">\n\t\t\t\t\t<h4 class=\"elementor-heading-title elementor-size-default\">F\u00f6redrag<\/h4>\t\t\t\t<\/div>\n\t\t\t\t<\/div>\n\t\t\t\t\t<\/div>\n\t\t\t\t<\/div>\n\t\t\t\t<div class=\"elementor-element elementor-element-29d6d8af elementor-widget elementor-widget-button\" data-id=\"29d6d8af\" data-element_type=\"widget\" data-widget_type=\"button.default\">\n\t\t\t\t<div class=\"elementor-widget-container\">\n\t\t\t\t\t\t\t\t\t<div class=\"elementor-button-wrapper\">\n\t\t\t\t\t<a class=\"elementor-button elementor-button-link elementor-size-sm\" href=\"#\">\n\t\t\t\t\t\t<span class=\"elementor-button-content-wrapper\">\n\t\t\t\t\t\t<span class=\"elementor-button-icon\">\n\t\t\t\t<i aria-hidden=\"true\" class=\"fas fa-arrow-right\"><\/i>\t\t\t<\/span>\n\t\t\t\t\t\t\t\t\t<span class=\"elementor-button-text\">L\u00e4s mer<\/span>\n\t\t\t\t\t<\/span>\n\t\t\t\t\t<\/a>\n\t\t\t\t<\/div>\n\t\t\t\t\t\t\t\t<\/div>\n\t\t\t\t<\/div>\n\t\t<a class=\"elementor-element elementor-element-3323ce2c e-flex e-con-boxed e-con e-parent\" data-id=\"3323ce2c\" data-element_type=\"container\" data-settings=\"{&quot;position&quot;:&quot;absolute&quot;}\" href=\"https:\/\/treskablinoll.nu\/ll\/paverkan-och-opinion\/foredrag\/\">\n\t\t\t\t\t<div class=\"e-con-inner\">\n\t\t\t\t\t<\/div>\n\t\t\t\t<\/a>\n\t\t\t\t\t<\/div>\n\t\t\t\t<\/div>\n\t\t\t\t<\/div>\n\t\t\t\t<div data-elementor-type=\"loop-item\" data-elementor-id=\"7324\" class=\"elementor elementor-7324 e-loop-item e-loop-item-7652 post-7652 page type-page status-publish hentry\" data-elementor-post-type=\"elementor_library\" data-custom-edit-handle=\"1\">\n\t\t\t<div class=\"elementor-element elementor-element-7ad8d679 e-flex e-con-boxed e-con e-parent\" data-id=\"7ad8d679\" data-element_type=\"container\" data-settings=\"{&quot;background_background&quot;:&quot;classic&quot;}\">\n\t\t\t\t\t<div class=\"e-con-inner\">\n\t\t<div class=\"elementor-element elementor-element-390af5a6 e-flex e-con-boxed e-con e-parent\" data-id=\"390af5a6\" data-element_type=\"container\">\n\t\t\t\t\t<div class=\"e-con-inner\">\n\t\t<div class=\"elementor-element elementor-element-8627b07 e-con-full e-flex e-con e-parent\" data-id=\"8627b07\" data-element_type=\"container\" data-no-translation=\"\">\n\t\t\t\t<\/div>\n\t\t\t\t<div class=\"elementor-element elementor-element-1df133b8 elementor-widget elementor-widget-theme-post-title elementor-page-title elementor-widget-heading\" data-id=\"1df133b8\" data-element_type=\"widget\" data-widget_type=\"theme-post-title.default\">\n\t\t\t\t<div class=\"elementor-widget-container\">\n\t\t\t\t\t<h4 class=\"elementor-heading-title elementor-size-default\">P\u00e5verkan i media<\/h4>\t\t\t\t<\/div>\n\t\t\t\t<\/div>\n\t\t\t\t\t<\/div>\n\t\t\t\t<\/div>\n\t\t\t\t<div class=\"elementor-element elementor-element-29d6d8af elementor-widget elementor-widget-button\" data-id=\"29d6d8af\" data-element_type=\"widget\" data-widget_type=\"button.default\">\n\t\t\t\t<div class=\"elementor-widget-container\">\n\t\t\t\t\t\t\t\t\t<div class=\"elementor-button-wrapper\">\n\t\t\t\t\t<a class=\"elementor-button elementor-button-link elementor-size-sm\" href=\"#\">\n\t\t\t\t\t\t<span class=\"elementor-button-content-wrapper\">\n\t\t\t\t\t\t<span class=\"elementor-button-icon\">\n\t\t\t\t<i aria-hidden=\"true\" class=\"fas fa-arrow-right\"><\/i>\t\t\t<\/span>\n\t\t\t\t\t\t\t\t\t<span class=\"elementor-button-text\">L\u00e4s mer<\/span>\n\t\t\t\t\t<\/span>\n\t\t\t\t\t<\/a>\n\t\t\t\t<\/div>\n\t\t\t\t\t\t\t\t<\/div>\n\t\t\t\t<\/div>\n\t\t<a class=\"elementor-element elementor-element-3323ce2c e-flex e-con-boxed e-con e-parent\" data-id=\"3323ce2c\" data-element_type=\"container\" data-settings=\"{&quot;position&quot;:&quot;absolute&quot;}\" href=\"https:\/\/treskablinoll.nu\/ll\/paverkan-och-opinion\/paverkan-i-media\/\">\n\t\t\t\t\t<div class=\"e-con-inner\">\n\t\t\t\t\t<\/div>\n\t\t\t\t<\/a>\n\t\t\t\t\t<\/div>\n\t\t\t\t<\/div>\n\t\t\t\t<\/div>\n\t\t\t\t<\/div>\n\t\t\n\t\t\t\t\t\t<\/div>\n\t\t\t\t<\/div>\n\t\t\t\t\t<\/div>\n\t\t\t\t<\/div>\n\t\t\t\t<\/div>","protected":false},"excerpt":{"rendered":"<p>En viktig del av Treskablinolls arbete f\u00f6r att f\u00f6rhindra och f\u00f6rebygga sexuella \u00f6vergrepp mot barn \u00e4r v\u00e5rt p\u00e5verkansarbete och opinionsbildning.<\/p>","protected":false},"author":133,"featured_media":8560,"parent":0,"menu_order":34,"comment_status":"closed","ping_status":"closed","template":"","meta":{"_acf_changed":false,"footnotes":""},"class_list":["post-7411","page","type-page","status-publish","has-post-thumbnail","hentry"],"acf":[],"_links":{"self":[{"href":"https:\/\/treskablinoll.nu\/ll\/wp-json\/wp\/v2\/pages\/7411","targetHints":{"allow":["GET"]}}],"collection":[{"href":"https:\/\/treskablinoll.nu\/ll\/wp-json\/wp\/v2\/pages"}],"about":[{"href":"https:\/\/treskablinoll.nu\/ll\/wp-json\/wp\/v2\/types\/page"}],"author":[{"embeddable":true,"href":"https:\/\/treskablinoll.nu\/ll\/wp-json\/wp\/v2\/users\/133"}],"replies":[{"embeddable":true,"href":"https:\/\/treskablinoll.nu\/ll\/wp-json\/wp\/v2\/comments?post=7411"}],"version-history":[{"count":0,"href":"https:\/\/treskablinoll.nu\/ll\/wp-json\/wp\/v2\/pages\/7411\/revisions"}],"wp:featuredmedia":[{"embeddable":true,"href":"https:\/\/treskablinoll.nu\/ll\/wp-json\/wp\/v2\/media\/8560"}],"wp:attachment":[{"href":"https:\/\/treskablinoll.nu\/ll\/wp-json\/wp\/v2\/media?parent=7411"}],"curies":[{"name":"wp","href":"https:\/\/api.w.org\/{rel}","templated":true}]}}