{"id":7404,"date":"2023-06-26T12:23:17","date_gmt":"2023-06-26T10:23:17","guid":{"rendered":"https:\/\/treskablinoll.nu\/?page_id=7404"},"modified":"2024-02-22T09:45:38","modified_gmt":"2024-02-22T08:45:38","slug":"vart-arbete","status":"publish","type":"page","link":"https:\/\/treskablinoll.nu\/ll\/vart-arbete\/","title":{"rendered":"V\u00e5rt arbete"},"content":{"rendered":"<div data-elementor-type=\"wp-page\" data-elementor-id=\"7404\" class=\"elementor elementor-7404\" data-elementor-post-type=\"page\">\n\t\t\t\t<div class=\"elementor-element elementor-element-bb66e24 e-flex e-con-boxed e-con e-parent\" data-id=\"bb66e24\" data-element_type=\"container\">\n\t\t\t\t\t<div class=\"e-con-inner\">\n\t\t\t\t<div class=\"elementor-element elementor-element-579dca2 elementor-grid-1 elementor-grid-tablet-1 elementor-grid-mobile-1 elementor-widget elementor-widget-loop-grid\" data-id=\"579dca2\" data-element_type=\"widget\" data-settings=\"{&quot;template_id&quot;:&quot;7330&quot;,&quot;row_gap&quot;:{&quot;unit&quot;:&quot;px&quot;,&quot;size&quot;:64,&quot;sizes&quot;:[]},&quot;columns&quot;:1,&quot;alternate_template&quot;:&quot;yes&quot;,&quot;columns_tablet&quot;:1,&quot;row_gap_tablet&quot;:{&quot;unit&quot;:&quot;px&quot;,&quot;size&quot;:32,&quot;sizes&quot;:[]},&quot;_skin&quot;:&quot;post&quot;,&quot;columns_mobile&quot;:&quot;1&quot;,&quot;edit_handle_selector&quot;:&quot;[data-elementor-type=\\&quot;loop-item\\&quot;]&quot;,&quot;row_gap_mobile&quot;:{&quot;unit&quot;:&quot;px&quot;,&quot;size&quot;:&quot;&quot;,&quot;sizes&quot;:[]}}\" data-widget_type=\"loop-grid.post\">\n\t\t\t\t<div class=\"elementor-widget-container\">\n\t\t\t\t\t\t\t<div class=\"elementor-loop-container elementor-grid\">\n\t\t<style id=\"loop-7330\">.elementor-7330 .elementor-element.elementor-element-1aae598{--display:flex;--flex-direction:row;--container-widget-width:initial;--container-widget-height:100%;--container-widget-flex-grow:1;--container-widget-align-self:stretch;--flex-wrap-mobile:wrap;}.elementor-7330 .elementor-element.elementor-element-64825de9 .elementor-cta .elementor-cta__bg, .elementor-7330 .elementor-element.elementor-element-64825de9 .elementor-cta .elementor-cta__bg-overlay{transition-duration:1500ms;}.elementor-7330 .elementor-element.elementor-element-64825de9{width:100%;max-width:100%;}.elementor-7330 .elementor-element.elementor-element-64825de9 .elementor-cta__content{text-align:center;background-color:#00000000;}.elementor-7330 .elementor-element.elementor-element-64825de9 .elementor-cta__bg-wrapper{min-width:calc(50% - 32px);min-height:480px;}.elementor-7330 .elementor-element.elementor-element-64825de9 .elementor-cta__image{margin-bottom:16px;}.elementor-7330 .elementor-element.elementor-element-64825de9 .elementor-cta__image img{width:192px;}.elementor-7330 .elementor-element.elementor-element-64825de9 .elementor-cta__title:not(:last-child){margin-bottom:16px;}.elementor-7330 .elementor-element.elementor-element-64825de9 .elementor-cta__description:not(:last-child){margin-bottom:32px;}.elementor-7330 .elementor-element.elementor-element-64825de9 .elementor-cta__title{color:var( --e-global-color-text );}.elementor-7330 .elementor-element.elementor-element-64825de9 .elementor-cta__description{color:var( --e-global-color-text );}.elementor-7330 .elementor-element.elementor-element-64825de9 .elementor-cta:hover .elementor-cta__content{background-color:#00000000;}.elementor-7330 .elementor-element.elementor-element-64825de9 .elementor-cta:hover .elementor-cta__title{color:var( --e-global-color-text );}.elementor-7330 .elementor-element.elementor-element-64825de9 .elementor-cta:hover .elementor-cta__description{color:var( --e-global-color-text );}.elementor-7330 .elementor-element.elementor-element-64825de9 .elementor-cta__button{color:#FFFFFF;background-color:var( --e-global-color-text );border-width:0px;}.elementor-7330 .elementor-element.elementor-element-64825de9 .elementor-cta:hover .elementor-cta__bg-overlay{background-color:#00000000;}@media(max-width:1024px){.elementor-7330 .elementor-element.elementor-element-64825de9 .elementor-cta__content{text-align:left;padding:32px 0px 32px 0px;}}@media(max-width:767px){.elementor-7330 .elementor-element.elementor-element-64825de9 .elementor-cta__bg-wrapper{min-height:320px;}}\/* Start custom CSS for call-to-action, class: .elementor-element-64825de9 *\/.elementor-7330 .elementor-element.elementor-element-64825de9 h3 {\n    color: var(--e-global-color-text );\n}\n\n.elementor-7330 .elementor-element.elementor-element-64825de9 .elementor-cta__bg-wrapper {\n    border-radius: 8px;\n}\n\n@media screen and (min-width: 1025px) {\n\n.elementor-7330 .elementor-element.elementor-element-64825de9 .elementor-cta {\n    justify-content: space-between;\n}\n\n.elementor-7330 .elementor-element.elementor-element-64825de9 .elementor-cta__content {\n    flex-grow: 0;\n    width: calc(50% - 32px);\n    padding: 32px 0;\n}\n\n}\/* End custom CSS *\/<\/style>\t\t<div data-elementor-type=\"loop-item\" data-elementor-id=\"7330\" class=\"elementor elementor-7330 e-loop-item e-loop-item-9565 post-9565 page type-page status-publish has-post-thumbnail hentry\" data-elementor-post-type=\"elementor_library\" data-custom-edit-handle=\"1\">\n\t\t\t<div class=\"elementor-element elementor-element-1aae598 e-flex e-con-boxed e-con e-parent\" data-id=\"1aae598\" data-element_type=\"container\">\n\t\t\t\t\t<div class=\"e-con-inner\">\n\t\t\t\t<div class=\"elementor-element elementor-element-64825de9 elementor-cta--layout-image-left elementor-widget__width-inherit elementor-cta--valign-middle elementor-cta--tablet-layout-image-above elementor-cta--skin-classic elementor-animated-content elementor-widget elementor-widget-call-to-action\" data-id=\"64825de9\" data-element_type=\"widget\" data-widget_type=\"call-to-action.default\">\n\t\t\t\t<div class=\"elementor-widget-container\">\n\t\t\t\t\t\t\t<div class=\"elementor-cta\">\n\t\t\t\t\t<div class=\"elementor-cta__bg-wrapper\">\n\t\t\t\t<div class=\"elementor-cta__bg elementor-bg\" style=\"background-image: url(https:\/\/treskablinoll.nu\/wp-content\/uploads\/2023\/06\/tsbn_paverkan-och-opinion_banner_v1.jpg);\" role=\"img\" aria-label=\"tsbn_paverkan-och-opinion_banner_v1\"><\/div>\n\t\t\t\t<div class=\"elementor-cta__bg-overlay\"><\/div>\n\t\t\t<\/div>\n\t\t\t\t\t\t\t<div class=\"elementor-cta__content\">\n\t\t\t\t\n\t\t\t\t\t\t\t\t\t<h3 class=\"elementor-cta__title elementor-cta__content-item elementor-content-item\">\n\t\t\t\t\t\tUtbildning\t\t\t\t\t<\/h3>\n\t\t\t\t\n\t\t\t\t\t\t\t\t\t<div class=\"elementor-cta__description elementor-cta__content-item elementor-content-item\">\n\t\t\t\t\t\tSt\u00e4rk ert f\u00f6rebyggande arbete genom kunskap. Boka oss f\u00f6r f\u00f6rel\u00e4sningar till b\u00e5de barn och vuxna. \t\t\t\t\t<\/div>\n\t\t\t\t\n\t\t\t\t\t\t\t\t\t<div class=\"elementor-cta__button-wrapper elementor-cta__content-item elementor-content-item\">\n\t\t\t\t\t<a class=\"elementor-cta__button elementor-button elementor-size-\" href=\"https:\/\/treskablinoll.nu\/ll\/vart-arbete\/utbildning\/\">\n\t\t\t\t\t\tL\u00e4s mer&emsp;<i class=\"fas fa-arrow-right\"><\/i>\t\t\t\t\t<\/a>\n\t\t\t\t\t<\/div>\n\t\t\t\t\t\t\t<\/div>\n\t\t\t\t\t\t<\/div>\n\t\t\t\t\t\t<\/div>\n\t\t\t\t<\/div>\n\t\t\t\t\t<\/div>\n\t\t\t\t<\/div>\n\t\t\t\t<\/div>\n\t\t\t\t<div data-elementor-type=\"loop-item\" data-elementor-id=\"7330\" class=\"elementor elementor-7330 elementor-repeater-item-8fd8c67 e-loop-item e-loop-item-1018 post-1018 page type-page status-publish has-post-thumbnail hentry\" data-elementor-post-type=\"elementor_library\" data-custom-edit-handle=\"1\">\n\t\t\t<div class=\"elementor-element elementor-element-1aae598 e-flex e-con-boxed e-con e-parent\" data-id=\"1aae598\" data-element_type=\"container\">\n\t\t\t\t\t<div class=\"e-con-inner\">\n\t\t\t\t<div class=\"elementor-element elementor-element-64825de9 elementor-cta--layout-image-left elementor-widget__width-inherit elementor-cta--valign-middle elementor-cta--tablet-layout-image-above elementor-cta--skin-classic elementor-animated-content elementor-widget elementor-widget-call-to-action\" data-id=\"64825de9\" data-element_type=\"widget\" data-widget_type=\"call-to-action.default\">\n\t\t\t\t<div class=\"elementor-widget-container\">\n\t\t\t\t\t\t\t<div class=\"elementor-cta\">\n\t\t\t\t\t<div class=\"elementor-cta__bg-wrapper\">\n\t\t\t\t<div class=\"elementor-cta__bg elementor-bg\" style=\"background-image: url(https:\/\/treskablinoll.nu\/wp-content\/uploads\/2024\/02\/2-3.png);\" role=\"img\" aria-label=\"2\"><\/div>\n\t\t\t\t<div class=\"elementor-cta__bg-overlay\"><\/div>\n\t\t\t<\/div>\n\t\t\t\t\t\t\t<div class=\"elementor-cta__content\">\n\t\t\t\t\t\t\t\t\t<div class=\"elementor-content-item elementor-cta__content-item elementor-cta__image\">\n\t\t\t\t\t\t<img fetchpriority=\"high\" decoding=\"async\" width=\"800\" height=\"450\" src=\"https:\/\/treskablinoll.nu\/wp-content\/uploads\/2024\/02\/Namnlos-design-22-1024x576.png\" class=\"attachment-large size-large wp-image-10154\" alt=\"\" srcset=\"https:\/\/treskablinoll.nu\/wp-content\/uploads\/2024\/02\/Namnlos-design-22-1024x576.png 1024w, https:\/\/treskablinoll.nu\/wp-content\/uploads\/2024\/02\/Namnlos-design-22-600x338.png 600w, https:\/\/treskablinoll.nu\/wp-content\/uploads\/2024\/02\/Namnlos-design-22-900x506.png 900w, https:\/\/treskablinoll.nu\/wp-content\/uploads\/2024\/02\/Namnlos-design-22-768x432.png 768w, https:\/\/treskablinoll.nu\/wp-content\/uploads\/2024\/02\/Namnlos-design-22-1536x864.png 1536w, https:\/\/treskablinoll.nu\/wp-content\/uploads\/2024\/02\/Namnlos-design-22-18x10.png 18w, https:\/\/treskablinoll.nu\/wp-content\/uploads\/2024\/02\/Namnlos-design-22.png 1920w\" sizes=\"(max-width: 800px) 100vw, 800px\" \/>\t\t\t\t\t<\/div>\n\t\t\t\t\n\t\t\t\t\n\t\t\t\t\t\t\t\t\t<div class=\"elementor-cta__description elementor-cta__content-item elementor-content-item\">\n\t\t\t\t\t\tIdrottsbrevet \u00e4r, f\u00f6rutom ett f\u00f6rskrivet brev som f\u00f6r\u00e4ldrar kan\u00a0skicka till sin idrottsf\u00f6rening, bl.a utbildningar som certifierar tr\u00e4nare att b\u00e5de f\u00f6rst\u00e5 och l\u00e4ra ut respekt till barns integritet. \t\t\t\t\t<\/div>\n\t\t\t\t\n\t\t\t\t\t\t\t\t\t<div class=\"elementor-cta__button-wrapper elementor-cta__content-item elementor-content-item\">\n\t\t\t\t\t<a class=\"elementor-cta__button elementor-button elementor-size-\" href=\"https:\/\/treskablinoll.nu\/ll\/idrottsbrevet\/\">\n\t\t\t\t\t\tL\u00e4s mer&emsp;<i class=\"fas fa-arrow-right\"><\/i>\t\t\t\t\t<\/a>\n\t\t\t\t\t<\/div>\n\t\t\t\t\t\t\t<\/div>\n\t\t\t\t\t\t<\/div>\n\t\t\t\t\t\t<\/div>\n\t\t\t\t<\/div>\n\t\t\t\t\t<\/div>\n\t\t\t\t<\/div>\n\t\t\t\t<\/div>\n\t\t\t\t<div data-elementor-type=\"loop-item\" data-elementor-id=\"7330\" class=\"elementor elementor-7330 e-loop-item e-loop-item-1107 post-1107 page type-page status-publish has-post-thumbnail hentry\" data-elementor-post-type=\"elementor_library\" data-custom-edit-handle=\"1\">\n\t\t\t<div class=\"elementor-element elementor-element-1aae598 e-flex e-con-boxed e-con e-parent\" data-id=\"1aae598\" data-element_type=\"container\">\n\t\t\t\t\t<div class=\"e-con-inner\">\n\t\t\t\t<div class=\"elementor-element elementor-element-64825de9 elementor-cta--layout-image-left elementor-widget__width-inherit elementor-cta--valign-middle elementor-cta--tablet-layout-image-above elementor-cta--skin-classic elementor-animated-content elementor-widget elementor-widget-call-to-action\" data-id=\"64825de9\" data-element_type=\"widget\" data-widget_type=\"call-to-action.default\">\n\t\t\t\t<div class=\"elementor-widget-container\">\n\t\t\t\t\t\t\t<div class=\"elementor-cta\">\n\t\t\t\t\t<div class=\"elementor-cta__bg-wrapper\">\n\t\t\t\t<div class=\"elementor-cta__bg elementor-bg\" style=\"background-image: url(https:\/\/treskablinoll.nu\/wp-content\/uploads\/2024\/02\/3-3.png);\" role=\"img\" aria-label=\"3\"><\/div>\n\t\t\t\t<div class=\"elementor-cta__bg-overlay\"><\/div>\n\t\t\t<\/div>\n\t\t\t\t\t\t\t<div class=\"elementor-cta__content\">\n\t\t\t\t\t\t\t\t\t<div class=\"elementor-content-item elementor-cta__content-item elementor-cta__image\">\n\t\t\t\t\t\t<img decoding=\"async\" width=\"800\" height=\"450\" src=\"https:\/\/treskablinoll.nu\/wp-content\/uploads\/2024\/02\/Namnlos-design-24-1024x576.png\" class=\"attachment-large size-large wp-image-10152\" alt=\"\" srcset=\"https:\/\/treskablinoll.nu\/wp-content\/uploads\/2024\/02\/Namnlos-design-24-1024x576.png 1024w, https:\/\/treskablinoll.nu\/wp-content\/uploads\/2024\/02\/Namnlos-design-24-600x338.png 600w, https:\/\/treskablinoll.nu\/wp-content\/uploads\/2024\/02\/Namnlos-design-24-900x506.png 900w, https:\/\/treskablinoll.nu\/wp-content\/uploads\/2024\/02\/Namnlos-design-24-768x432.png 768w, https:\/\/treskablinoll.nu\/wp-content\/uploads\/2024\/02\/Namnlos-design-24-1536x864.png 1536w, https:\/\/treskablinoll.nu\/wp-content\/uploads\/2024\/02\/Namnlos-design-24-18x10.png 18w, https:\/\/treskablinoll.nu\/wp-content\/uploads\/2024\/02\/Namnlos-design-24.png 1920w\" sizes=\"(max-width: 800px) 100vw, 800px\" \/>\t\t\t\t\t<\/div>\n\t\t\t\t\n\t\t\t\t\n\t\t\t\t\t\t\t\t\t<div class=\"elementor-cta__description elementor-cta__content-item elementor-content-item\">\n\t\t\t\t\t\tEtt st\u00f6d f\u00f6r f\u00f6rskolan i det f\u00f6rebyggande arbetet mot sexuella \u00f6vergrepp. Vi vill, tillsammans med er, skapa en f\u00f6rskola som \u00e4r trygg f\u00f6r barn och d\u00e4r barn l\u00e4r sig om integritet \u2013 och sina r\u00e4ttigheter.\t\t\t\t\t<\/div>\n\t\t\t\t\n\t\t\t\t\t\t\t\t\t<div class=\"elementor-cta__button-wrapper elementor-cta__content-item elementor-content-item\">\n\t\t\t\t\t<a class=\"elementor-cta__button elementor-button elementor-size-\" href=\"https:\/\/treskablinoll.nu\/ll\/forskolebrevet\/\">\n\t\t\t\t\t\tL\u00e4s mer&emsp;<i class=\"fas fa-arrow-right\"><\/i>\t\t\t\t\t<\/a>\n\t\t\t\t\t<\/div>\n\t\t\t\t\t\t\t<\/div>\n\t\t\t\t\t\t<\/div>\n\t\t\t\t\t\t<\/div>\n\t\t\t\t<\/div>\n\t\t\t\t\t<\/div>\n\t\t\t\t<\/div>\n\t\t\t\t<\/div>\n\t\t\t\t<div data-elementor-type=\"loop-item\" data-elementor-id=\"7330\" class=\"elementor elementor-7330 elementor-repeater-item-8fd8c67 e-loop-item e-loop-item-5136 post-5136 page type-page status-publish has-post-thumbnail hentry\" data-elementor-post-type=\"elementor_library\" data-custom-edit-handle=\"1\">\n\t\t\t<div class=\"elementor-element elementor-element-1aae598 e-flex e-con-boxed e-con e-parent\" data-id=\"1aae598\" data-element_type=\"container\">\n\t\t\t\t\t<div class=\"e-con-inner\">\n\t\t\t\t<div class=\"elementor-element elementor-element-64825de9 elementor-cta--layout-image-left elementor-widget__width-inherit elementor-cta--valign-middle elementor-cta--tablet-layout-image-above elementor-cta--skin-classic elementor-animated-content elementor-widget elementor-widget-call-to-action\" data-id=\"64825de9\" data-element_type=\"widget\" data-widget_type=\"call-to-action.default\">\n\t\t\t\t<div class=\"elementor-widget-container\">\n\t\t\t\t\t\t\t<div class=\"elementor-cta\">\n\t\t\t\t\t<div class=\"elementor-cta__bg-wrapper\">\n\t\t\t\t<div class=\"elementor-cta__bg elementor-bg\" style=\"background-image: url(https:\/\/treskablinoll.nu\/wp-content\/uploads\/2024\/02\/1-2.png);\" role=\"img\" aria-label=\"1\"><\/div>\n\t\t\t\t<div class=\"elementor-cta__bg-overlay\"><\/div>\n\t\t\t<\/div>\n\t\t\t\t\t\t\t<div class=\"elementor-cta__content\">\n\t\t\t\t\t\t\t\t\t<div class=\"elementor-content-item elementor-cta__content-item elementor-cta__image\">\n\t\t\t\t\t\t<img decoding=\"async\" width=\"800\" height=\"450\" src=\"https:\/\/treskablinoll.nu\/wp-content\/uploads\/2024\/02\/Namnlos-design-23-1024x576.png\" class=\"attachment-large size-large wp-image-10153\" alt=\"\" srcset=\"https:\/\/treskablinoll.nu\/wp-content\/uploads\/2024\/02\/Namnlos-design-23-1024x576.png 1024w, https:\/\/treskablinoll.nu\/wp-content\/uploads\/2024\/02\/Namnlos-design-23-600x338.png 600w, https:\/\/treskablinoll.nu\/wp-content\/uploads\/2024\/02\/Namnlos-design-23-900x506.png 900w, https:\/\/treskablinoll.nu\/wp-content\/uploads\/2024\/02\/Namnlos-design-23-768x432.png 768w, https:\/\/treskablinoll.nu\/wp-content\/uploads\/2024\/02\/Namnlos-design-23-1536x864.png 1536w, https:\/\/treskablinoll.nu\/wp-content\/uploads\/2024\/02\/Namnlos-design-23-18x10.png 18w, https:\/\/treskablinoll.nu\/wp-content\/uploads\/2024\/02\/Namnlos-design-23.png 1920w\" sizes=\"(max-width: 800px) 100vw, 800px\" \/>\t\t\t\t\t<\/div>\n\t\t\t\t\n\t\t\t\t\n\t\t\t\t\t\t\t\t\t<div class=\"elementor-cta__description elementor-cta__content-item elementor-content-item\">\n\t\t\t\t\t\tGrundskolebrevet st\u00e4rker grundskolor och anpassade grundskolor i integritetsarbetet inom ramen f\u00f6r undervisning om sexualitet, samtycke och relationer.\t\t\t\t\t<\/div>\n\t\t\t\t\n\t\t\t\t\t\t\t\t\t<div class=\"elementor-cta__button-wrapper elementor-cta__content-item elementor-content-item\">\n\t\t\t\t\t<a class=\"elementor-cta__button elementor-button elementor-size-\" href=\"https:\/\/treskablinoll.nu\/ll\/grundskolebrevet\/\">\n\t\t\t\t\t\tL\u00e4s mer&emsp;<i class=\"fas fa-arrow-right\"><\/i>\t\t\t\t\t<\/a>\n\t\t\t\t\t<\/div>\n\t\t\t\t\t\t\t<\/div>\n\t\t\t\t\t\t<\/div>\n\t\t\t\t\t\t<\/div>\n\t\t\t\t<\/div>\n\t\t\t\t\t<\/div>\n\t\t\t\t<\/div>\n\t\t\t\t<\/div>\n\t\t\t\t<div data-elementor-type=\"loop-item\" data-elementor-id=\"7330\" class=\"elementor elementor-7330 e-loop-item e-loop-item-7411 post-7411 page type-page status-publish has-post-thumbnail hentry\" data-elementor-post-type=\"elementor_library\" data-custom-edit-handle=\"1\">\n\t\t\t<div class=\"elementor-element elementor-element-1aae598 e-flex e-con-boxed e-con e-parent\" data-id=\"1aae598\" data-element_type=\"container\">\n\t\t\t\t\t<div class=\"e-con-inner\">\n\t\t\t\t<div class=\"elementor-element elementor-element-64825de9 elementor-cta--layout-image-left elementor-widget__width-inherit elementor-cta--valign-middle elementor-cta--tablet-layout-image-above elementor-cta--skin-classic elementor-animated-content elementor-widget elementor-widget-call-to-action\" data-id=\"64825de9\" data-element_type=\"widget\" data-widget_type=\"call-to-action.default\">\n\t\t\t\t<div class=\"elementor-widget-container\">\n\t\t\t\t\t\t\t<div class=\"elementor-cta\">\n\t\t\t\t\t<div class=\"elementor-cta__bg-wrapper\">\n\t\t\t\t<div class=\"elementor-cta__bg elementor-bg\" style=\"background-image: url(https:\/\/treskablinoll.nu\/wp-content\/uploads\/2023\/06\/tsbn_paverkan-och-opinion_banner_v1.jpg);\" role=\"img\" aria-label=\"tsbn_paverkan-och-opinion_banner_v1\"><\/div>\n\t\t\t\t<div class=\"elementor-cta__bg-overlay\"><\/div>\n\t\t\t<\/div>\n\t\t\t\t\t\t\t<div class=\"elementor-cta__content\">\n\t\t\t\t\n\t\t\t\t\t\t\t\t\t<h3 class=\"elementor-cta__title elementor-cta__content-item elementor-content-item\">\n\t\t\t\t\t\tP\u00e5verkan och opinion\t\t\t\t\t<\/h3>\n\t\t\t\t\n\t\t\t\t\t\t\t\t\t<div class=\"elementor-cta__description elementor-cta__content-item elementor-content-item\">\n\t\t\t\t\t\tEn viktig del av Treskablinolls arbete f\u00f6r att f\u00f6rhindra och f\u00f6rebygga sexuella \u00f6vergrepp mot barn \u00e4r v\u00e5rt p\u00e5verkansarbete och opinionsbildning.\t\t\t\t\t<\/div>\n\t\t\t\t\n\t\t\t\t\t\t\t\t\t<div class=\"elementor-cta__button-wrapper elementor-cta__content-item elementor-content-item\">\n\t\t\t\t\t<a class=\"elementor-cta__button elementor-button elementor-size-\" href=\"https:\/\/treskablinoll.nu\/ll\/paverkan-och-opinion\/\">\n\t\t\t\t\t\tL\u00e4s mer&emsp;<i class=\"fas fa-arrow-right\"><\/i>\t\t\t\t\t<\/a>\n\t\t\t\t\t<\/div>\n\t\t\t\t\t\t\t<\/div>\n\t\t\t\t\t\t<\/div>\n\t\t\t\t\t\t<\/div>\n\t\t\t\t<\/div>\n\t\t\t\t\t<\/div>\n\t\t\t\t<\/div>\n\t\t\t\t<\/div>\n\t\t\t\t<\/div>\n\t\t\n\t\t\t\t\t\t<\/div>\n\t\t\t\t<\/div>\n\t\t\t\t\t<\/div>\n\t\t\t\t<\/div>\n\t\t\t\t<\/div>","protected":false},"excerpt":{"rendered":"<p>Vi k\u00e4mpar f\u00f6r varje barns r\u00e4tt till att f\u00e5 vara barn. Vi vill inte att n\u00e5got barn ska beh\u00f6va uppleva sexuella \u00f6vergrepp. Det \u00e4r v\u00e5r kamp. L\u00e5t det bli din ocks\u00e5, tillsammans med oss!<\/p>","protected":false},"author":133,"featured_media":0,"parent":0,"menu_order":6,"comment_status":"closed","ping_status":"closed","template":"","meta":{"_acf_changed":false,"footnotes":""},"class_list":["post-7404","page","type-page","status-publish","hentry"],"acf":[],"_links":{"self":[{"href":"https:\/\/treskablinoll.nu\/ll\/wp-json\/wp\/v2\/pages\/7404","targetHints":{"allow":["GET"]}}],"collection":[{"href":"https:\/\/treskablinoll.nu\/ll\/wp-json\/wp\/v2\/pages"}],"about":[{"href":"https:\/\/treskablinoll.nu\/ll\/wp-json\/wp\/v2\/types\/page"}],"author":[{"embeddable":true,"href":"https:\/\/treskablinoll.nu\/ll\/wp-json\/wp\/v2\/users\/133"}],"replies":[{"embeddable":true,"href":"https:\/\/treskablinoll.nu\/ll\/wp-json\/wp\/v2\/comments?post=7404"}],"version-history":[{"count":9,"href":"https:\/\/treskablinoll.nu\/ll\/wp-json\/wp\/v2\/pages\/7404\/revisions"}],"predecessor-version":[{"id":10197,"href":"https:\/\/treskablinoll.nu\/ll\/wp-json\/wp\/v2\/pages\/7404\/revisions\/10197"}],"wp:attachment":[{"href":"https:\/\/treskablinoll.nu\/ll\/wp-json\/wp\/v2\/media?parent=7404"}],"curies":[{"name":"wp","href":"https:\/\/api.w.org\/{rel}","templated":true}]}}