{"id":7395,"date":"2023-06-26T12:13:45","date_gmt":"2023-06-26T10:13:45","guid":{"rendered":"https:\/\/treskablinoll.nu\/?page_id=7395"},"modified":"2024-04-25T12:58:00","modified_gmt":"2024-04-25T10:58:00","slug":"hur-vi-finansieras","status":"publish","type":"page","link":"https:\/\/treskablinoll.nu\/ll\/om-treskablinoll\/hur-vi-finansieras\/","title":{"rendered":"Hur vi finansieras"},"content":{"rendered":"<div class=\"wp-block-columns is-layout-flex wp-container-core-columns-is-layout-28f84493 wp-block-columns-is-layout-flex\">\n<div class=\"wp-block-column is-layout-flow wp-block-column-is-layout-flow\" style=\"flex-basis:960px\">\n<p>Som ideell organisation \u00e4r Treskablinoll helt beroende av bidrag och g\u00e5vor fr\u00e5n privatpersoner och f\u00f6retag. V\u00e5r verksamhet finansieras till st\u00f6rsta del av v\u00e5ra m\u00e5nadsgivare och av bidrag fr\u00e5n stiftelser.<\/p>\n\n\n\n<p><strong>I dagsl\u00e4get finansieras vi av:<\/strong><\/p>\n\n\n\n<ul class=\"wp-block-list\">\n<li>Allm\u00e4nna Arvsfonden<\/li>\n\n\n\n<li>G\u00e5l\u00f6stiftelsen<\/li>\n\n\n\n<li>Stiftelsen Chelha<\/li>\n<\/ul>\n\n\n\n<p>Vill du som privatperson, f\u00f6retag eller stiftelse st\u00f6dja v\u00e5rt livsviktiga arbete? Med ditt st\u00f6d ger du oss muskler att forts\u00e4tta k\u00e4mpa f\u00f6r varje barns r\u00e4tt till en trygg barndom.<\/p>\n\n\n\n<div class=\"wp-block-buttons is-layout-flex wp-block-buttons-is-layout-flex\">\n<div class=\"wp-block-button\"><a class=\"wp-block-button__link wp-element-button\" href=\"https:\/\/treskablinoll.nu\/ll\/stod-oss\/\">St\u00f6d oss<\/a><\/div>\n<\/div>\n<\/div>\n<\/div>","protected":false},"excerpt":{"rendered":"<p>Hur Treskablinolls verksamhet finansieras.<\/p>","protected":false},"author":133,"featured_media":10943,"parent":894,"menu_order":11,"comment_status":"closed","ping_status":"closed","template":"","meta":{"_acf_changed":false,"footnotes":""},"class_list":["post-7395","page","type-page","status-publish","has-post-thumbnail","hentry"],"acf":[],"_links":{"self":[{"href":"https:\/\/treskablinoll.nu\/ll\/wp-json\/wp\/v2\/pages\/7395","targetHints":{"allow":["GET"]}}],"collection":[{"href":"https:\/\/treskablinoll.nu\/ll\/wp-json\/wp\/v2\/pages"}],"about":[{"href":"https:\/\/treskablinoll.nu\/ll\/wp-json\/wp\/v2\/types\/page"}],"author":[{"embeddable":true,"href":"https:\/\/treskablinoll.nu\/ll\/wp-json\/wp\/v2\/users\/133"}],"replies":[{"embeddable":true,"href":"https:\/\/treskablinoll.nu\/ll\/wp-json\/wp\/v2\/comments?post=7395"}],"version-history":[{"count":1,"href":"https:\/\/treskablinoll.nu\/ll\/wp-json\/wp\/v2\/pages\/7395\/revisions"}],"predecessor-version":[{"id":10013,"href":"https:\/\/treskablinoll.nu\/ll\/wp-json\/wp\/v2\/pages\/7395\/revisions\/10013"}],"up":[{"embeddable":true,"href":"https:\/\/treskablinoll.nu\/ll\/wp-json\/wp\/v2\/pages\/894"}],"wp:featuredmedia":[{"embeddable":true,"href":"https:\/\/treskablinoll.nu\/ll\/wp-json\/wp\/v2\/media\/10943"}],"wp:attachment":[{"href":"https:\/\/treskablinoll.nu\/ll\/wp-json\/wp\/v2\/media?parent=7395"}],"curies":[{"name":"wp","href":"https:\/\/api.w.org\/{rel}","templated":true}]}}