{"id":5606,"date":"2022-06-20T12:00:27","date_gmt":"2022-06-20T10:00:27","guid":{"rendered":"https:\/\/treskablinoll.nu\/?page_id=5606"},"modified":"2026-04-24T13:30:17","modified_gmt":"2026-04-24T11:30:17","slug":"schysst-spel","status":"publish","type":"page","link":"https:\/\/treskablinoll.nu\/ll\/idrottsbrevet\/schysst-spel\/","title":{"rendered":"Schysst Spel"},"content":{"rendered":"<div data-elementor-type=\"wp-page\" data-elementor-id=\"5606\" class=\"elementor elementor-5606\" data-elementor-post-type=\"page\">\n\t\t\t\t<div class=\"elementor-element elementor-element-6a7c3a20 e-flex e-con-boxed e-con e-parent\" data-id=\"6a7c3a20\" data-element_type=\"container\">\n\t\t\t\t\t<div class=\"e-con-inner\">\n\t\t\t\t<div class=\"elementor-element elementor-element-74dad81 elementor-widget elementor-widget-text-editor\" data-id=\"74dad81\" data-element_type=\"widget\" data-widget_type=\"text-editor.default\">\n\t\t\t\t<div class=\"elementor-widget-container\">\n\t\t\t\t\t\t\t\t\t\n<div class=\"wp-block-columns is-layout-flex wp-container-core-columns-is-layout-28f84493 wp-block-columns-is-layout-flex\">\n<div class=\"wp-block-column is-layout-flow wp-block-column-is-layout-flow\" style=\"flex-basis: 960px;\">\n<p><strong>Vi h\u00e5ller workshops f\u00f6r barn 7-12 \u00e5r<\/strong> <strong>p\u00e5 idrottsf\u00f6reningar i hela Sverige<\/strong><\/p>\n\n<p>1 av 3 barn blir utsatta f\u00f6r sexuella \u00f6vergrepp. Vi vill tillsammans med er \u00e4ndra p\u00e5 det. Under v\u00e5ra workshops i Schysst Spel varvar vi samtal, \u00f6vningar och lek kring gr\u00e4nss\u00e4ttning, bra och d\u00e5liga hemligheter, utsatthet p\u00e5 n\u00e4tet och vad man som barn ska g\u00f6ra om man sj\u00e4lv eller en kompis blir utsatt. Barn som tagit del av workshoppen kommer g\u00e5 hem med st\u00f6rre kunskap och verktyg att kunna skydda sig, vilket minskar risken f\u00f6r att bli utnyttjad i framtiden.\u00a0<\/p>\n\n<p><strong>V\u00e5ra workshops \u00e4r helt kostnadsfria,<\/strong> tack vare bidrag fr\u00e5n stiftelser och v\u00e5ra m\u00e5nadsgivare. Kontakta\u00a0<a href=\"mailto:angela@treskablinoll.nu\">angela@treskablinoll.nu<\/a>\u00a0f\u00f6r att boka in din f\u00f6rening!<\/p>\n<\/div>\n<\/div>\n\t\t\t\t\t\t\t\t<\/div>\n\t\t\t\t<\/div>\n\t\t\t\t\t<\/div>\n\t\t\t\t<\/div>\n\t\t\t\t<\/div>","protected":false},"excerpt":{"rendered":"<p>Kunskapsh\u00f6jande workshops om integritet<\/p>","protected":false},"author":129,"featured_media":13118,"parent":1018,"menu_order":25,"comment_status":"closed","ping_status":"closed","template":"","meta":{"_acf_changed":false,"footnotes":""},"class_list":["post-5606","page","type-page","status-publish","has-post-thumbnail","hentry"],"acf":[],"_links":{"self":[{"href":"https:\/\/treskablinoll.nu\/ll\/wp-json\/wp\/v2\/pages\/5606","targetHints":{"allow":["GET"]}}],"collection":[{"href":"https:\/\/treskablinoll.nu\/ll\/wp-json\/wp\/v2\/pages"}],"about":[{"href":"https:\/\/treskablinoll.nu\/ll\/wp-json\/wp\/v2\/types\/page"}],"author":[{"embeddable":true,"href":"https:\/\/treskablinoll.nu\/ll\/wp-json\/wp\/v2\/users\/129"}],"replies":[{"embeddable":true,"href":"https:\/\/treskablinoll.nu\/ll\/wp-json\/wp\/v2\/comments?post=5606"}],"version-history":[{"count":8,"href":"https:\/\/treskablinoll.nu\/ll\/wp-json\/wp\/v2\/pages\/5606\/revisions"}],"predecessor-version":[{"id":13395,"href":"https:\/\/treskablinoll.nu\/ll\/wp-json\/wp\/v2\/pages\/5606\/revisions\/13395"}],"up":[{"embeddable":true,"href":"https:\/\/treskablinoll.nu\/ll\/wp-json\/wp\/v2\/pages\/1018"}],"wp:featuredmedia":[{"embeddable":true,"href":"https:\/\/treskablinoll.nu\/ll\/wp-json\/wp\/v2\/media\/13118"}],"wp:attachment":[{"href":"https:\/\/treskablinoll.nu\/ll\/wp-json\/wp\/v2\/media?parent=5606"}],"curies":[{"name":"wp","href":"https:\/\/api.w.org\/{rel}","templated":true}]}}