{"id":4563,"date":"2022-01-11T14:17:58","date_gmt":"2022-01-11T13:17:58","guid":{"rendered":"http:\/\/treskablinoll.nu\/?page_id=4563"},"modified":"2025-08-06T11:21:06","modified_gmt":"2025-08-06T09:21:06","slug":"jobba-hos-oss","status":"publish","type":"page","link":"https:\/\/treskablinoll.nu\/ll\/om-treskablinoll\/jobba-hos-oss\/","title":{"rendered":"Jobba hos oss"},"content":{"rendered":"<div data-elementor-type=\"wp-page\" data-elementor-id=\"4563\" class=\"elementor elementor-4563\" data-elementor-post-type=\"page\">\n\t\t\t\t<div class=\"elementor-element elementor-element-cee10ab e-flex e-con-boxed e-con e-parent\" data-id=\"cee10ab\" data-element_type=\"container\">\n\t\t\t\t\t<div class=\"e-con-inner\">\n\t\t\t\t<div class=\"elementor-element elementor-element-6d27a9f elementor-widget elementor-widget-text-editor\" data-id=\"6d27a9f\" data-element_type=\"widget\" data-widget_type=\"text-editor.default\">\n\t\t\t\t<div class=\"elementor-widget-container\">\n\t\t\t\t\t\t\t\t\t<p><strong>Just nu har vi inga lediga tj\u00e4nster.<\/strong><\/p>\t\t\t\t\t\t\t\t<\/div>\n\t\t\t\t<\/div>\n\t\t\t\t\t<\/div>\n\t\t\t\t<\/div>\n\t\t\t\t<\/div>","protected":false},"excerpt":{"rendered":"<p>Jobba hos oss och g\u00f6r skillnad p\u00e5 riktigt. <\/p>\n<p>Kolla in v\u00e5ra lediga tj\u00e4nster och skicka in din ans\u00f6kan redan idag!<\/p>","protected":false},"author":12,"featured_media":10228,"parent":894,"menu_order":13,"comment_status":"closed","ping_status":"closed","template":"","meta":{"_acf_changed":false,"footnotes":""},"class_list":["post-4563","page","type-page","status-publish","has-post-thumbnail","hentry"],"acf":[],"_links":{"self":[{"href":"https:\/\/treskablinoll.nu\/ll\/wp-json\/wp\/v2\/pages\/4563","targetHints":{"allow":["GET"]}}],"collection":[{"href":"https:\/\/treskablinoll.nu\/ll\/wp-json\/wp\/v2\/pages"}],"about":[{"href":"https:\/\/treskablinoll.nu\/ll\/wp-json\/wp\/v2\/types\/page"}],"author":[{"embeddable":true,"href":"https:\/\/treskablinoll.nu\/ll\/wp-json\/wp\/v2\/users\/12"}],"replies":[{"embeddable":true,"href":"https:\/\/treskablinoll.nu\/ll\/wp-json\/wp\/v2\/comments?post=4563"}],"version-history":[{"count":242,"href":"https:\/\/treskablinoll.nu\/ll\/wp-json\/wp\/v2\/pages\/4563\/revisions"}],"predecessor-version":[{"id":12694,"href":"https:\/\/treskablinoll.nu\/ll\/wp-json\/wp\/v2\/pages\/4563\/revisions\/12694"}],"up":[{"embeddable":true,"href":"https:\/\/treskablinoll.nu\/ll\/wp-json\/wp\/v2\/pages\/894"}],"wp:featuredmedia":[{"embeddable":true,"href":"https:\/\/treskablinoll.nu\/ll\/wp-json\/wp\/v2\/media\/10228"}],"wp:attachment":[{"href":"https:\/\/treskablinoll.nu\/ll\/wp-json\/wp\/v2\/media?parent=4563"}],"curies":[{"name":"wp","href":"https:\/\/api.w.org\/{rel}","templated":true}]}}