{"id":1418,"date":"2018-09-04T19:47:58","date_gmt":"2018-09-04T17:47:58","guid":{"rendered":"http:\/\/treskablinoll.nu\/?page_id=1418"},"modified":"2024-02-14T09:25:30","modified_gmt":"2024-02-14T08:25:30","slug":"lista","status":"publish","type":"page","link":"https:\/\/treskablinoll.nu\/ll\/forskolebrevet\/lista\/","title":{"rendered":"Registrerade f\u00f6rskolor"},"content":{"rendered":"<div data-elementor-type=\"wp-page\" data-elementor-id=\"1418\" class=\"elementor elementor-1418\" data-elementor-post-type=\"page\">\n\t\t\t\t<div class=\"elementor-element elementor-element-258e6fc e-flex e-con-boxed e-con e-parent\" data-id=\"258e6fc\" data-element_type=\"container\">\n\t\t\t\t\t<div class=\"e-con-inner\">\n\t\t\t\t<div class=\"elementor-element elementor-element-fbe9aa0 elementor-widget elementor-widget-text-editor\" data-id=\"fbe9aa0\" data-element_type=\"widget\" data-widget_type=\"text-editor.default\">\n\t\t\t\t<div class=\"elementor-widget-container\">\n\t\t\t\t\t\t\t\t\t<p>I v\u00e5rt register \u00e4r det m\u00f6jligt f\u00f6r v\u00e5rdnadshavare att veta vilka f\u00f6rskolor som \u00e4r registrerade och som arbetar med integritet. Hittar du inte din f\u00f6rskola? Skicka\u00a0<a href=\"https:\/\/treskablinoll.nu\/ll\/forskolebrevet\/uppmana-din-forskola\/\">F\u00f6rskolebrevet<\/a> redan idag.<\/p>\t\t\t\t\t\t\t\t<\/div>\n\t\t\t\t<\/div>\n\t\t\t\t<div class=\"elementor-element elementor-element-8a19afb elementor-widget elementor-widget-shortcode\" data-id=\"8a19afb\" data-element_type=\"widget\" data-widget_type=\"shortcode.default\">\n\t\t\t\t<div class=\"elementor-widget-container\">\n\t\t\t\t\t\t\t<div class=\"elementor-shortcode\"><div class=\"wrap pdb-list pdb-instance-1 participants-database\" id=\"participants-list-1\">\n  \n<div class=\"pdb-searchform\">\n<div class=\"pdb-error pdb-search-error\" style=\"display:none\">\n<p class=\"search_field_error\">V\u00e4lj en kolumn att s\u00f6ka i.<\/p>\n<p class=\"value_error\">Please type in something to search for.<\/p>\n<\/div>\n<form method=\"post\" class=\"sort_filter_form\" action=\"https:\/\/treskablinoll.nu\/ll\/forskolebrevet\/lista\/#participants-list-1\" data-ref=\"update\" data-trp-original-action=\"https:\/\/treskablinoll.nu\/ll\/forskolebrevet\/lista\/#participants-list-1\">\n<input name=\"action\" type=\"hidden\" value=\"pdb_list_filter\" \/>\n\n<input name=\"target_instance\" type=\"hidden\" value=\"1\" \/>\n\n<input name=\"instance_index\" type=\"hidden\" value=\"1\" \/>\n\n<input name=\"pagelink\" type=\"hidden\" value=\"\/ll\/wp-json\/wp\/v2\/pages\/1418?listpage=%1$s\" \/>\n\n<fieldset class=\"widefat inline-controls\">\n<legend>S\u00f6k:<\/legend>\n<select name=\"search_field\" id=\"pdb-search_field-2\" class=\"search-item\">\n<option value=\"none\">(v\u00e4lj)<\/option>\n<option value=\"namn_p\u00e5_f\u00f6rskola_idrottsf\u00f6rening\">Namn p\u00e5 f\u00f6rskola<\/option>\n<option value=\"city\">Stad<\/option>\n<\/select>\n\n<input name=\"operator\" type=\"hidden\" class=\"search-item\" value=\"LIKE\" \/>\n<input name=\"value\" id=\"participant_search_term\" class=\"search-item\" type=\"text\" value=\"\" \/>\n\n<input name=\"submit_button\" class=\"search-form-submit\" data-submit=\"search\" type=\"submit\" value=\"Search\">\n<input name=\"submit_button\" class=\"search-form-clear\" data-submit=\"clear\" type=\"submit\" value=\"Clear\">\n<\/fieldset>\n<input type=\"hidden\" name=\"trp-form-language\" value=\"ll\"\/><\/form><\/div>  <table class=\"wp-list-table widefat fixed pages list-container\" >\n\n              \n\n    \n      <thead>\n        <tr>\n          <th class=\"namn_p\u00e5_f\u00f6rskola_idrottsf\u00f6rening\" scope=\"col\">Namn p\u00e5 f\u00f6rskola<\/th><th class=\"city\" scope=\"col\">Stad<\/th>        <\/tr>\n      <\/thead>\n\n      <tbody>\n                    <tr>\n    \n              <td class=\"namn_p\u00e5_f\u00f6rskola_idrottsf\u00f6rening-field\">\n                \n      M\u00e5rten G\u00e5s Montessorif\u00f6rskola i \u00c5hus              <\/td>\n\n          \n              <td class=\"city-field\">\n                \n      \u00c5hus              <\/td>\n\n                    <\/tr>\n            <tr>\n    \n              <td class=\"namn_p\u00e5_f\u00f6rskola_idrottsf\u00f6rening-field\">\n                \n      F\u00f6rskola Fullriggaren              <\/td>\n\n          \n              <td class=\"city-field\">\n                \n      \u00c5hus              <\/td>\n\n                    <\/tr>\n            <tr>\n    \n              <td class=\"namn_p\u00e5_f\u00f6rskola_idrottsf\u00f6rening-field\">\n                \n      Fyrens Idrottsf\u00f6rskola              <\/td>\n\n          \n              <td class=\"city-field\">\n                \n      \u00c5hus              <\/td>\n\n                    <\/tr>\n            <tr>\n    \n              <td class=\"namn_p\u00e5_f\u00f6rskola_idrottsf\u00f6rening-field\">\n                \n      Kryddg\u00e5rdens F\u00f6rskola              <\/td>\n\n          \n              <td class=\"city-field\">\n                \n      \u00c5hus              <\/td>\n\n                    <\/tr>\n            <tr>\n    \n              <td class=\"namn_p\u00e5_f\u00f6rskola_idrottsf\u00f6rening-field\">\n                \n      Sandvaktarens f\u00f6rskola              <\/td>\n\n          \n              <td class=\"city-field\">\n                \n      \u00c5hus              <\/td>\n\n                    <\/tr>\n            <tr>\n    \n              <td class=\"namn_p\u00e5_f\u00f6rskola_idrottsf\u00f6rening-field\">\n                \n      Villa f\u00f6rskola              <\/td>\n\n          \n              <td class=\"city-field\">\n                \n      \u00c5hus              <\/td>\n\n                    <\/tr>\n            <tr>\n    \n              <td class=\"namn_p\u00e5_f\u00f6rskola_idrottsf\u00f6rening-field\">\n                \n      Yngsj\u00f6 f\u00f6rskola              <\/td>\n\n          \n              <td class=\"city-field\">\n                \n      \u00c5hus              <\/td>\n\n                    <\/tr>\n            <tr>\n    \n              <td class=\"namn_p\u00e5_f\u00f6rskola_idrottsf\u00f6rening-field\">\n                \n      F\u00f6rskola S\u00e5nna              <\/td>\n\n          \n              <td class=\"city-field\">\n                \n      \u00c5hus              <\/td>\n\n                    <\/tr>\n            <tr>\n    \n              <td class=\"namn_p\u00e5_f\u00f6rskola_idrottsf\u00f6rening-field\">\n                \n      Talldungens F\u00f6rskola              <\/td>\n\n          \n              <td class=\"city-field\">\n                \n      \u00c5hus              <\/td>\n\n                    <\/tr>\n            <tr>\n    \n              <td class=\"namn_p\u00e5_f\u00f6rskola_idrottsf\u00f6rening-field\">\n                \n      Neptunus Montessorif\u00f6rskola              <\/td>\n\n          \n              <td class=\"city-field\">\n                \n      \u00c5kersberga              <\/td>\n\n                    <\/tr>\n            <tr>\n    \n              <td class=\"namn_p\u00e5_f\u00f6rskola_idrottsf\u00f6rening-field\">\n                \n      F\u00f6rskola Aquarius              <\/td>\n\n          \n              <td class=\"city-field\">\n                \n      \u00c5kersberga              <\/td>\n\n                    <\/tr>\n            <tr>\n    \n              <td class=\"namn_p\u00e5_f\u00f6rskola_idrottsf\u00f6rening-field\">\n                \n      Montessorif\u00f6rskolan Barnens Hus i Alings\u00e5s              <\/td>\n\n          \n              <td class=\"city-field\">\n                \n      Alings\u00e5s              <\/td>\n\n                    <\/tr>\n            <tr>\n    \n              <td class=\"namn_p\u00e5_f\u00f6rskola_idrottsf\u00f6rening-field\">\n                \n      Brog\u00e5rden F\u00f6rskola              <\/td>\n\n          \n              <td class=\"city-field\">\n                \n      Alings\u00e5s              <\/td>\n\n                    <\/tr>\n            <tr>\n    \n              <td class=\"namn_p\u00e5_f\u00f6rskola_idrottsf\u00f6rening-field\">\n                \n      Montessorif\u00f6rskolan Kotten              <\/td>\n\n          \n              <td class=\"city-field\">\n                \n      Alings\u00e5s              <\/td>\n\n                    <\/tr>\n            <tr>\n    \n              <td class=\"namn_p\u00e5_f\u00f6rskola_idrottsf\u00f6rening-field\">\n                \n      F\u00f6rskolan Pr\u00e4stkragen              <\/td>\n\n          \n              <td class=\"city-field\">\n                \n      Alings\u00e5s              <\/td>\n\n                    <\/tr>\n            <tr>\n    \n              <td class=\"namn_p\u00e5_f\u00f6rskola_idrottsf\u00f6rening-field\">\n                \n      Almunge F\u00f6rskola              <\/td>\n\n          \n              <td class=\"city-field\">\n                \n      Almunge              <\/td>\n\n                    <\/tr>\n            <tr>\n    \n              <td class=\"namn_p\u00e5_f\u00f6rskola_idrottsf\u00f6rening-field\">\n                \n      H\u00f6v\u00e4gens f\u00f6rskola              <\/td>\n\n          \n              <td class=\"city-field\">\n                \n      \u00c4lv\u00e4ngen              <\/td>\n\n                    <\/tr>\n            <tr>\n    \n              <td class=\"namn_p\u00e5_f\u00f6rskola_idrottsf\u00f6rening-field\">\n                \n      Olof Persg\u00e5rdens f\u00f6rskola              <\/td>\n\n          \n              <td class=\"city-field\">\n                \n      \u00c4lv\u00e4ngen              <\/td>\n\n                    <\/tr>\n            <tr>\n    \n              <td class=\"namn_p\u00e5_f\u00f6rskola_idrottsf\u00f6rening-field\">\n                \n      F\u00f6rskola H\u00f6ghol              <\/td>\n\n          \n              <td class=\"city-field\">\n                \n      \u00c4lvdalen              <\/td>\n\n                    <\/tr>\n            <tr>\n    \n              <td class=\"namn_p\u00e5_f\u00f6rskola_idrottsf\u00f6rening-field\">\n                \n      Sagans Naturf\u00f6rskola              <\/td>\n\n          \n              <td class=\"city-field\">\n                \n      \u00c4lvkarleby kommun              <\/td>\n\n                    <\/tr>\n            <tr>\n    \n              <td class=\"namn_p\u00e5_f\u00f6rskola_idrottsf\u00f6rening-field\">\n                \n      Vantens f\u00f6rskola              <\/td>\n\n          \n              <td class=\"city-field\">\n                \n      \u00c4ngelholm              <\/td>\n\n                    <\/tr>\n            <tr>\n    \n              <td class=\"namn_p\u00e5_f\u00f6rskola_idrottsf\u00f6rening-field\">\n                \n      Personalkooperativet Kalinan              <\/td>\n\n          \n              <td class=\"city-field\">\n                \n      Arl\u00f6v              <\/td>\n\n                    <\/tr>\n            <tr>\n    \n              <td class=\"namn_p\u00e5_f\u00f6rskola_idrottsf\u00f6rening-field\">\n                \n      Karamellen F\u00f6r\u00e4ldrakooperativ              <\/td>\n\n          \n              <td class=\"city-field\">\n                \n      \u00c5sa              <\/td>\n\n                    <\/tr>\n            <tr>\n    \n              <td class=\"namn_p\u00e5_f\u00f6rskola_idrottsf\u00f6rening-field\">\n                \n      F\u00f6r\u00e4ldrakooperativet Skeppsskorporna              <\/td>\n\n          \n              <td class=\"city-field\">\n                \n      Askim              <\/td>\n\n                    <\/tr>\n            <tr>\n    \n              <td class=\"namn_p\u00e5_f\u00f6rskola_idrottsf\u00f6rening-field\">\n                \n      Askims Montessorif\u00f6rskola              <\/td>\n\n          \n              <td class=\"city-field\">\n                \n      Askim              <\/td>\n\n                    <\/tr>\n            <tr>\n    \n              <td class=\"namn_p\u00e5_f\u00f6rskola_idrottsf\u00f6rening-field\">\n                \n      F\u00f6rskolan Otto              <\/td>\n\n          \n              <td class=\"city-field\">\n                \n      Bandhagen              <\/td>\n\n                    <\/tr>\n            <tr>\n    \n              <td class=\"namn_p\u00e5_f\u00f6rskola_idrottsf\u00f6rening-field\">\n                \n      F\u00f6rskolan Sn\u00f6s\u00e4tra              <\/td>\n\n          \n              <td class=\"city-field\">\n                \n      Bandhagen              <\/td>\n\n                    <\/tr>\n            <tr>\n    \n              <td class=\"namn_p\u00e5_f\u00f6rskola_idrottsf\u00f6rening-field\">\n                \n      R\u00e5gsveds F\u00f6rskola              <\/td>\n\n          \n              <td class=\"city-field\">\n                \n      Bandhagen              <\/td>\n\n                    <\/tr>\n            <tr>\n    \n              <td class=\"namn_p\u00e5_f\u00f6rskola_idrottsf\u00f6rening-field\">\n                \n      L\u00e4nna F\u00f6rskola              <\/td>\n\n          \n              <td class=\"city-field\">\n                \n      Bergshamra              <\/td>\n\n                    <\/tr>\n            <tr>\n    \n              <td class=\"namn_p\u00e5_f\u00f6rskola_idrottsf\u00f6rening-field\">\n                \n      Montessorif\u00f6rskolan Gungh\u00e4sten              <\/td>\n\n          \n              <td class=\"city-field\">\n                \n      Bj\u00e4rred              <\/td>\n\n                    <\/tr>\n            <tr>\n    \n              <td class=\"namn_p\u00e5_f\u00f6rskola_idrottsf\u00f6rening-field\">\n                \n      Bj\u00f6rk\u00f6-Arholma f\u00f6rskola              <\/td>\n\n          \n              <td class=\"city-field\">\n                \n      Bj\u00f6rk\u00f6              <\/td>\n\n                    <\/tr>\n            <tr>\n    \n              <td class=\"namn_p\u00e5_f\u00f6rskola_idrottsf\u00f6rening-field\">\n                \n      F\u00f6r\u00e4ldrakooperativet Bj\u00f6rkdungen              <\/td>\n\n          \n              <td class=\"city-field\">\n                \n      Bohus-Bj\u00f6rk\u00f6              <\/td>\n\n                    <\/tr>\n            <tr>\n    \n              <td class=\"namn_p\u00e5_f\u00f6rskola_idrottsf\u00f6rening-field\">\n                \n      F\u00f6rskolan R\u00f6dluvan              <\/td>\n\n          \n              <td class=\"city-field\">\n                \n      Borensberg              <\/td>\n\n                    <\/tr>\n            <tr>\n    \n              <td class=\"namn_p\u00e5_f\u00f6rskola_idrottsf\u00f6rening-field\">\n                \n      Branteviks Barn              <\/td>\n\n          \n              <td class=\"city-field\">\n                \n      Brantevik              <\/td>\n\n                    <\/tr>\n            <tr>\n    \n              <td class=\"namn_p\u00e5_f\u00f6rskola_idrottsf\u00f6rening-field\">\n                \n      F\u00f6rskolan Bj\u00f6rntj\u00e4nst ek. f\u00f6r              <\/td>\n\n          \n              <td class=\"city-field\">\n                \n      Bromma              <\/td>\n\n                    <\/tr>\n            <tr>\n    \n              <td class=\"namn_p\u00e5_f\u00f6rskola_idrottsf\u00f6rening-field\">\n                \n      I Ur och Skur Musket\u00f6ren Hoppetossa              <\/td>\n\n          \n              <td class=\"city-field\">\n                \n      Bromma              <\/td>\n\n                    <\/tr>\n            <tr>\n    \n              <td class=\"namn_p\u00e5_f\u00f6rskola_idrottsf\u00f6rening-field\">\n                \n      F\u00f6rskola Bj\u00f6rnsonsgatan 4              <\/td>\n\n          \n              <td class=\"city-field\">\n                \n      Bromma              <\/td>\n\n                    <\/tr>\n            <tr>\n    \n              <td class=\"namn_p\u00e5_f\u00f6rskola_idrottsf\u00f6rening-field\">\n                \n      F\u00f6rskolan Bl\u00e5 Grodan              <\/td>\n\n          \n              <td class=\"city-field\">\n                \n      Bromma              <\/td>\n\n                    <\/tr>\n            <tr>\n    \n              <td class=\"namn_p\u00e5_f\u00f6rskola_idrottsf\u00f6rening-field\">\n                \n      Montessorif\u00f6rskolan Liten och Stor              <\/td>\n\n          \n              <td class=\"city-field\">\n                \n      Bromma              <\/td>\n\n                    <\/tr>\n            <tr>\n    \n              <td class=\"namn_p\u00e5_f\u00f6rskola_idrottsf\u00f6rening-field\">\n                \n      F\u00f6rskolan \u00c4ppelbo i Bromma              <\/td>\n\n          \n              <td class=\"city-field\">\n                \n      Bromma              <\/td>\n\n                    <\/tr>\n            <tr>\n    \n              <td class=\"namn_p\u00e5_f\u00f6rskola_idrottsf\u00f6rening-field\">\n                \n      Hoppetossa Tolvan              <\/td>\n\n          \n              <td class=\"city-field\">\n                \n      Bromma              <\/td>\n\n                    <\/tr>\n            <tr>\n    \n              <td class=\"namn_p\u00e5_f\u00f6rskola_idrottsf\u00f6rening-field\">\n                \n      F\u00f6rskolan Bruksvallarna              <\/td>\n\n          \n              <td class=\"city-field\">\n                \n      Bruksvallarna              <\/td>\n\n                    <\/tr>\n            <tr>\n    \n              <td class=\"namn_p\u00e5_f\u00f6rskola_idrottsf\u00f6rening-field\">\n                \n      F\u00f6r\u00e4ldrakooperativet Bullret              <\/td>\n\n          \n              <td class=\"city-field\">\n                \n      Bullaren              <\/td>\n\n                    <\/tr>\n            <tr>\n    \n              <td class=\"namn_p\u00e5_f\u00f6rskola_idrottsf\u00f6rening-field\">\n                \n      Frilufts F\u00f6rskolor \u00c4ventyret              <\/td>\n\n          \n              <td class=\"city-field\">\n                \n      Danderyd              <\/td>\n\n                    <\/tr>\n            <tr>\n    \n              <td class=\"namn_p\u00e5_f\u00f6rskola_idrottsf\u00f6rening-field\">\n                \n      Backsippans f\u00f6rskola              <\/td>\n\n          \n              <td class=\"city-field\">\n                \n      Djursdala, S\u00f6dra Vi              <\/td>\n\n                    <\/tr>\n            <tr>\n    \n              <td class=\"namn_p\u00e5_f\u00f6rskola_idrottsf\u00f6rening-field\">\n                \n      Drottningholms F\u00f6rskola              <\/td>\n\n          \n              <td class=\"city-field\">\n                \n      Drottningholm              <\/td>\n\n                    <\/tr>\n            <tr>\n    \n              <td class=\"namn_p\u00e5_f\u00f6rskola_idrottsf\u00f6rening-field\">\n                \n      Edsbro F\u00f6rskola              <\/td>\n\n          \n              <td class=\"city-field\">\n                \n      Edsbro              <\/td>\n\n                    <\/tr>\n            <tr>\n    \n              <td class=\"namn_p\u00e5_f\u00f6rskola_idrottsf\u00f6rening-field\">\n                \n      Enebybergs Montessorif\u00f6rskola              <\/td>\n\n          \n              <td class=\"city-field\">\n                \n      Enebyberg              <\/td>\n\n                    <\/tr>\n            <tr>\n    \n              <td class=\"namn_p\u00e5_f\u00f6rskola_idrottsf\u00f6rening-field\">\n                \n      Utforskarens F\u00f6rskola Enk\u00f6ping              <\/td>\n\n          \n              <td class=\"city-field\">\n                \n      Enk\u00f6ping              <\/td>\n\n                    <\/tr>\n            <tr>\n    \n              <td class=\"namn_p\u00e5_f\u00f6rskola_idrottsf\u00f6rening-field\">\n                \n      Uppn\u00e4sans f\u00f6rskola              <\/td>\n\n          \n              <td class=\"city-field\">\n                \n      Enk\u00f6ping              <\/td>\n\n                    <\/tr>\n        <\/tbody>\n\n\n  <\/table>\n  <div data-action=\"pdb_list_filter\" class=\"pagination pdb-pagination\"><ul><li class=\"disabled\"><span><span title=\"First\" class=\"dashicons dashicons-first-page\"><\/span><\/span><\/li> <li class=\"disabled\"><span><span title=\"Previous\" class=\"dashicons dashicons-previous-page\"><\/span><\/span><\/li> <li class=\"currentpage\"><span>1<\/span><\/li> <li class=\"direct-page\"><a href=\"\/ll\/wp-json\/wp\/v2\/pages\/1418?listpage=2&amp;instance=1\" data-page=\"2\">2<\/a><\/li><li class=\"direct-page\"><a href=\"\/ll\/wp-json\/wp\/v2\/pages\/1418?listpage=3&amp;instance=1\" data-page=\"3\">3<\/a><\/li><li class=\"direct-page\"><a href=\"\/ll\/wp-json\/wp\/v2\/pages\/1418?listpage=4&amp;instance=1\" data-page=\"4\">4<\/a><\/li><li class=\"direct-page\"><a href=\"\/ll\/wp-json\/wp\/v2\/pages\/1418?listpage=5&amp;instance=1\" data-page=\"5\">5<\/a><\/li><li class=\"nextpage\"><a title=\"Next\" href=\"\/ll\/wp-json\/wp\/v2\/pages\/1418?listpage=2&amp;instance=1\" data-page=\"2\"><span class=\"dashicons dashicons-next-page\"><\/span><\/a><\/li><li class=\"lastpage\"><a title=\"Last\" href=\"\/ll\/wp-json\/wp\/v2\/pages\/1418?listpage=9&amp;instance=1\" data-page=\"9\"><span class=\"dashicons dashicons-last-page\"><\/span><\/a><\/li><\/ul><\/div><\/div><\/div>\n\t\t\t\t\t\t<\/div>\n\t\t\t\t<\/div>\n\t\t\t\t\t<\/div>\n\t\t\t\t<\/div>\n\t\t\t\t<\/div>","protected":false},"excerpt":{"rendered":"<p>I v\u00e5rt register \u00e4r det m\u00f6jligt f\u00f6r v\u00e5rdnadshavare att veta vilka f\u00f6rskolor som \u00e4r registrerade och som arbetar med integritet. Hittar du inte din f\u00f6rskola? Skicka\u00a0F\u00f6rskolebrevet redan idag.<\/p>","protected":false},"author":6,"featured_media":0,"parent":1107,"menu_order":31,"comment_status":"closed","ping_status":"closed","template":"","meta":{"_acf_changed":false,"footnotes":""},"class_list":["post-1418","page","type-page","status-publish","hentry"],"acf":[],"_links":{"self":[{"href":"https:\/\/treskablinoll.nu\/ll\/wp-json\/wp\/v2\/pages\/1418","targetHints":{"allow":["GET"]}}],"collection":[{"href":"https:\/\/treskablinoll.nu\/ll\/wp-json\/wp\/v2\/pages"}],"about":[{"href":"https:\/\/treskablinoll.nu\/ll\/wp-json\/wp\/v2\/types\/page"}],"author":[{"embeddable":true,"href":"https:\/\/treskablinoll.nu\/ll\/wp-json\/wp\/v2\/users\/6"}],"replies":[{"embeddable":true,"href":"https:\/\/treskablinoll.nu\/ll\/wp-json\/wp\/v2\/comments?post=1418"}],"version-history":[{"count":4,"href":"https:\/\/treskablinoll.nu\/ll\/wp-json\/wp\/v2\/pages\/1418\/revisions"}],"predecessor-version":[{"id":13312,"href":"https:\/\/treskablinoll.nu\/ll\/wp-json\/wp\/v2\/pages\/1418\/revisions\/13312"}],"up":[{"embeddable":true,"href":"https:\/\/treskablinoll.nu\/ll\/wp-json\/wp\/v2\/pages\/1107"}],"wp:attachment":[{"href":"https:\/\/treskablinoll.nu\/ll\/wp-json\/wp\/v2\/media?parent=1418"}],"curies":[{"name":"wp","href":"https:\/\/api.w.org\/{rel}","templated":true}]}}