{"id":1406,"date":"2018-09-04T14:22:03","date_gmt":"2018-09-04T12:22:03","guid":{"rendered":"http:\/\/treskablinoll.nu\/?page_id=1406"},"modified":"2024-02-14T09:25:07","modified_gmt":"2024-02-14T08:25:07","slug":"registrera-forskola","status":"publish","type":"page","link":"https:\/\/treskablinoll.nu\/ll\/forskolebrevet\/registrera-forskola\/","title":{"rendered":"Registrera f\u00f6rskola"},"content":{"rendered":"<div data-elementor-type=\"wp-page\" data-elementor-id=\"1406\" class=\"elementor elementor-1406\" data-elementor-post-type=\"page\">\n\t\t\t\t<div class=\"elementor-element elementor-element-9aaab95 e-flex e-con-boxed e-con e-parent\" data-id=\"9aaab95\" data-element_type=\"container\">\n\t\t\t\t\t<div class=\"e-con-inner\">\n\t\t\t\t<div class=\"elementor-element elementor-element-9132f76 elementor-widget elementor-widget-text-editor\" data-id=\"9132f76\" data-element_type=\"widget\" data-widget_type=\"text-editor.default\">\n\t\t\t\t<div class=\"elementor-widget-container\">\n\t\t\t\t\t\t\t\t\t<p>Arbetar ni med barns integritet och f\u00f6rebygger sexuella \u00f6vergrepp? Du som f\u00f6rskolechef kan nu registrera din f\u00f6rskola. N\u00e4r du registrerar dig, l\u00e4ggs ni till i v\u00e5rt register och g\u00f6r det m\u00f6jligt f\u00f6r v\u00e5rdnadshavare att veta att just ni arbetar med integritet.<\/p>\t\t\t\t\t\t\t\t<\/div>\n\t\t\t\t<\/div>\n\t\t\t\t<div class=\"elementor-element elementor-element-52753b8 elementor-widget elementor-widget-shortcode\" data-id=\"52753b8\" data-element_type=\"widget\" data-widget_type=\"shortcode.default\">\n\t\t\t\t<div class=\"elementor-widget-container\">\n\t\t\t\t\t\t\t<div class=\"elementor-shortcode\"><div class=\"wrap pdb-signup pdb-instance-2\" >\n\n    <form method=\"post\" enctype=\"multipart\/form-data\"  autocomplete=\"off\" action=\"\/ll\/wp-json\/wp\/v2\/pages\/1406\" data-trp-original-action=\"\/ll\/wp-json\/wp\/v2\/pages\/1406\" ><input name=\"action\" type=\"hidden\" value=\"signup\" \/>\n\n<input name=\"subsource\" type=\"hidden\" value=\"participants-database\" \/>\n\n<input name=\"shortcode_page\" type=\"hidden\" value=\"\/ll\/wp-json\/wp\/v2\/pages\/1406\" \/>\n\n<input name=\"thanks_page\" type=\"hidden\" value=\"\/ll\/wp-json\/wp\/v2\/pages\/1406\" \/>\n\n<input name=\"instance_index\" type=\"hidden\" value=\"2\" \/>\n\n<input name=\"pdb_data_keys\" type=\"hidden\" value=\"20.4.1.2.21.24.8.9.23\" \/>\n\n<input name=\"session_hash\" type=\"hidden\" value=\"85dc1be5be\" \/>\n\n    <table class=\"form-table pdb-signup\">\n\n      \n      <tbody class=\"field-group field-group-main\">\n        \n                \n        \n        <tr class=\"text-line namn_p\u00e5_f\u00f6rskola_idrottsf\u00f6rening-input-group\">\n\n          <th for=\"pdb-namn_p\u00e5_f\u00f6rskola_idrottsf\u00f6rening-2\">Namn p\u00e5 f\u00f6rskola<\/th>\n\n          <td>\n\n            <input name=\"namn_p\u00e5_f\u00f6rskola_idrottsf\u00f6rening\" id=\"pdb-namn_p\u00e5_f\u00f6rskola_idrottsf\u00f6rening-2\" class=\"required-field regular-text\" type=\"text\" value=\"\" \/>\n\n                        \n          <\/td>\n\n        <\/tr>\n  \n        \n        <tr class=\"text-line city-input-group\">\n\n          <th for=\"pdb-city-2\">Stad<\/th>\n\n          <td>\n\n            <input name=\"city\" id=\"pdb-city-2\" class=\"required-field regular-text\" type=\"text\" value=\"\" \/>\n\n                        \n          <\/td>\n\n        <\/tr>\n  \n        \n        <tr class=\"text-line first_name-input-group\">\n\n          <th for=\"pdb-first_name-2\">F\u00f6rnamn<\/th>\n\n          <td>\n\n            <input name=\"first_name\" id=\"pdb-first_name-2\" class=\"required-field regular-text\" type=\"text\" value=\"\" \/>\n\n                        \n          <\/td>\n\n        <\/tr>\n  \n        \n        <tr class=\"text-line last_name-input-group\">\n\n          <th for=\"pdb-last_name-2\">Efternamn<\/th>\n\n          <td>\n\n            <input name=\"last_name\" id=\"pdb-last_name-2\" class=\"required-field regular-text\" type=\"text\" value=\"\" \/>\n\n                        \n          <\/td>\n\n        <\/tr>\n  \n        \n        <tr class=\"text-line befattning-input-group\">\n\n          <th for=\"pdb-befattning-2\">Befattning<\/th>\n\n          <td>\n\n            <input name=\"befattning\" id=\"pdb-befattning-2\" class=\"required-field regular-text\" type=\"text\" value=\"\" \/>\n\n                        \n          <\/td>\n\n        <\/tr>\n  \n        \n        <tr class=\"checkbox jag_har_mandat_att_registrera_f\u00f6rskolan-input-group\">\n\n          <th for=\"pdb-jag_har_mandat_att_registrera_f\u00f6rskolan-2\">Jag har mandat att registrera f\u00f6rskolan<\/th>\n\n          <td>\n\n            <input name=\"jag_har_mandat_att_registrera_f\u00f6rskolan\" id=\"pdb-jag_har_mandat_att_registrera_f\u00f6rskolan-2-default\" class=\"required-field\" type=\"hidden\" value=\"Nej\" \/>\n<label for=\"pdb-jag_har_mandat_att_registrera_f\u00f6rskolan-2\">\n<input name=\"jag_har_mandat_att_registrera_f\u00f6rskolan\" id=\"pdb-jag_har_mandat_att_registrera_f\u00f6rskolan-2\" class=\"required-field\" type=\"checkbox\" value=\"Ja\" \/>\nJa\n<\/label>\n\n                        \n          <\/td>\n\n        <\/tr>\n  \n        \n        <tr class=\"text-line phone-input-group\">\n\n          <th for=\"pdb-phone-2\">Telefon<\/th>\n\n          <td>\n\n            <input name=\"phone\" id=\"pdb-phone-2\" class=\"required-field regular-text\" type=\"text\" value=\"\" \/>\n\n                        \n          <\/td>\n\n        <\/tr>\n  \n        \n        <tr class=\"text-line email-input-group\">\n\n          <th for=\"pdb-email-2\">Email<\/th>\n\n          <td>\n\n            <input name=\"email\" id=\"pdb-email-2\" class=\"required-field regular-text\" type=\"text\" value=\"\" \/>\n\n                        \n          <\/td>\n\n        <\/tr>\n  \n        \n        <tr class=\"captcha jag_\u00e4r_inte_en_robot-input-group\">\n\n          <th for=\"pdb-jag_\u00e4r_inte_en_robot-2\">Jag \u00e4r inte en robot<\/th>\n\n          <td>\n\n            <input name=\"jag_\u00e4r_inte_en_robot[]\" type=\"hidden\" value=\"%7B%22type%22%3A%22math%22%2C%22nonce%22%3A%22Antcz%22%2C%22info%22%3A%7B%22a%22%3A4%2C%22o%22%3A%22%26minus%3B%22%2C%22b%22%3A1%7D%7D\" \/>\n\n<span class=\"math-captcha\">4 <span class=\"pdb-operator\">&minus;<\/span> 1 <span class=\"pdb-operator\">=<\/span> ?<\/span><input name=\"jag_\u00e4r_inte_en_robot[]\" type=\"text\" value=\"\" \/>\n\n\n                        \n          <\/td>\n\n        <\/tr>\n  \n                \n        <\/tbody>\n\n            \n        <tbody class=\"field-group field-group-submit\">\n      \n        <tr>\n          <td class=\"submit-buttons\">\n            \n           <input name=\"submit_button\" class=\"button-primary pdb-submit\" type=\"submit\" value=\"Skicka\" \/>\n            \n          <\/td>\n          <td class=\"submit-buttons\">\n            \n                      \n          <\/td>\n        <\/tr>\n        \n      <\/tbody>\n      \n    <\/table>\n    \n  <input type=\"hidden\" name=\"trp-form-language\" value=\"ll\"\/><\/form>  \n<\/div><\/div>\n\t\t\t\t\t\t<\/div>\n\t\t\t\t<\/div>\n\t\t\t\t\t<\/div>\n\t\t\t\t<\/div>\n\t\t\t\t<\/div>","protected":false},"excerpt":{"rendered":"<p>Arbetar ni med barns integritet och f\u00f6rebygger sexuella \u00f6vergrepp? Du som f\u00f6rskolechef kan nu registrera din f\u00f6rskola. N\u00e4r du registrerar dig, l\u00e4ggs ni till i v\u00e5rt register och g\u00f6r det m\u00f6jligt f\u00f6r v\u00e5rdnadshavare att veta att just ni arbetar med integritet.<\/p>","protected":false},"author":6,"featured_media":0,"parent":1107,"menu_order":30,"comment_status":"closed","ping_status":"closed","template":"","meta":{"_acf_changed":false,"footnotes":""},"class_list":["post-1406","page","type-page","status-publish","hentry"],"acf":[],"_links":{"self":[{"href":"https:\/\/treskablinoll.nu\/ll\/wp-json\/wp\/v2\/pages\/1406","targetHints":{"allow":["GET"]}}],"collection":[{"href":"https:\/\/treskablinoll.nu\/ll\/wp-json\/wp\/v2\/pages"}],"about":[{"href":"https:\/\/treskablinoll.nu\/ll\/wp-json\/wp\/v2\/types\/page"}],"author":[{"embeddable":true,"href":"https:\/\/treskablinoll.nu\/ll\/wp-json\/wp\/v2\/users\/6"}],"replies":[{"embeddable":true,"href":"https:\/\/treskablinoll.nu\/ll\/wp-json\/wp\/v2\/comments?post=1406"}],"version-history":[{"count":4,"href":"https:\/\/treskablinoll.nu\/ll\/wp-json\/wp\/v2\/pages\/1406\/revisions"}],"predecessor-version":[{"id":13313,"href":"https:\/\/treskablinoll.nu\/ll\/wp-json\/wp\/v2\/pages\/1406\/revisions\/13313"}],"up":[{"embeddable":true,"href":"https:\/\/treskablinoll.nu\/ll\/wp-json\/wp\/v2\/pages\/1107"}],"wp:attachment":[{"href":"https:\/\/treskablinoll.nu\/ll\/wp-json\/wp\/v2\/media?parent=1406"}],"curies":[{"name":"wp","href":"https:\/\/api.w.org\/{rel}","templated":true}]}}