{"id":13327,"date":"2026-03-12T15:03:40","date_gmt":"2026-03-12T14:03:40","guid":{"rendered":"https:\/\/treskablinoll.nu\/?page_id=13327"},"modified":"2026-03-12T15:10:46","modified_gmt":"2026-03-12T14:10:46","slug":"elevforelasningar","status":"publish","type":"page","link":"https:\/\/treskablinoll.nu\/ll\/grundskolebrevet\/elevforelasningar\/","title":{"rendered":"Elevf\u00f6rel\u00e4sningar"},"content":{"rendered":"<div data-elementor-type=\"wp-page\" data-elementor-id=\"13327\" class=\"elementor elementor-13327\" data-elementor-post-type=\"page\">\n\t\t\t\t<div class=\"elementor-element elementor-element-77d99f26 e-flex e-con-boxed e-con e-parent\" data-id=\"77d99f26\" data-element_type=\"container\">\n\t\t\t\t\t<div class=\"e-con-inner\">\n\t\t\t\t<div class=\"elementor-element elementor-element-3b64caa0 elementor-cta--layout-image-left elementor-cta--tablet-layout-image-above elementor-cta--skin-classic elementor-animated-content elementor-widget elementor-widget-call-to-action\" data-id=\"3b64caa0\" data-element_type=\"widget\" data-widget_type=\"call-to-action.default\">\n\t\t\t\t<div class=\"elementor-widget-container\">\n\t\t\t\t\t\t\t<div class=\"elementor-cta\">\n\t\t\t\t\t<div class=\"elementor-cta__bg-wrapper\">\n\t\t\t\t<div class=\"elementor-cta__bg elementor-bg\" style=\"background-image: url(https:\/\/treskablinoll.nu\/wp-content\/uploads\/2026\/03\/img_8840_720-e1773324604896.jpg);\" role=\"img\" aria-label=\"img_8840_720\"><\/div>\n\t\t\t\t<div class=\"elementor-cta__bg-overlay\"><\/div>\n\t\t\t<\/div>\n\t\t\t\t\t\t\t<div class=\"elementor-cta__content\">\n\t\t\t\t\n\t\t\t\t\t\t\t\t\t<h2 class=\"elementor-cta__title elementor-cta__content-item elementor-content-item\">\n\t\t\t\t\t\t<span style=\"line-height: 1.2em; margin-block: 0.5rem 1rem; font-size: 2.5rem; white-space: normal;\"><span style=\"font-weight: bolder;\">SNACKA TRYGGHET&nbsp;<br>F\u00d6R ATT SKAPA TRYGGHET!<\/span><\/span>\t\t\t\t\t<\/h2>\n\t\t\t\t\n\t\t\t\t\t\t\t\t\t<div class=\"elementor-cta__description elementor-cta__content-item elementor-content-item\">\n\t\t\t\t\t\t<p style=\"white-space: normal;\">Boka v\u00e5r kostnadsfria f\u00f6rel\u00e4sning f\u00f6r elever i \u00e5k 7 \u2013 9 f\u00f6r att f\u00f6rebygga sexuella \u00f6vergrepp. Sexuella \u00f6vergrepp g\u00e5r att f\u00f6rebygga om vi tidigt st\u00e4rker elevernas kunskap och medvetenhet om kroppslig integritet och kroppsliga r\u00e4ttigheter. Vi vill att skolan ska vara en trygg plats f\u00f6r barn, en plats fri fr\u00e5n sexuella \u00f6vergrepp. Vi st\u00f6djer grundskolor i att st\u00e4rka sitt integritetsarbete inom ramen f\u00f6r undervisning om sexualitet, samtycke och relationer.&nbsp;&nbsp;<\/p><p style=\"white-space: normal;\">V\u00e5ra f\u00f6rel\u00e4sningar \u00e4r interaktiva med \u00f6vningar som bjuder in eleverna att sj\u00e4lva reflektera kring fr\u00e5gor om samtycke, gr\u00e4nss\u00e4ttning, \u00f6vergrepp p\u00e5 n\u00e4tet och relationer. Vi informerar ocks\u00e5 om svensk sexualbrottslagstiftning och vilken hj\u00e4lp man kan f\u00e5 om man har blivit utsatt.&nbsp;&nbsp;<\/p><p style=\"white-space: normal;\">F\u00f6rel\u00e4sningen sker i halvklass och \u00e4r max&nbsp;1 h l\u00e5ng. &nbsp;&nbsp;<span style=\"white-space: pre-wrap; font-size: 1.25rem;\"><\/span><\/p>Kontakta oss f\u00f6r att veta mer och boka en f\u00f6rel\u00e4sning.\t\t\t\t\t<\/div>\n\t\t\t\t\n\t\t\t\t\t\t\t\t\t<div class=\"elementor-cta__button-wrapper elementor-cta__content-item elementor-content-item\">\n\t\t\t\t\t<a class=\"elementor-cta__button elementor-button elementor-size-\" href=\"mailto:Natalia@treskablinoll.nu?subject=Elevf\u00f6rel\u00e4sning\">\n\t\t\t\t\t\tKontakt\t\t\t\t\t<\/a>\n\t\t\t\t\t<\/div>\n\t\t\t\t\t\t\t<\/div>\n\t\t\t\t\t\t<\/div>\n\t\t\t\t\t\t<\/div>\n\t\t\t\t<\/div>\n\t\t\t\t\t<\/div>\n\t\t\t\t<\/div>\n\t\t\t\t<\/div>","protected":false},"excerpt":{"rendered":"<p>SNACKA TRYGGHET&nbsp;F\u00d6R ATT SKAPA TRYGGHET! Boka v\u00e5r kostnadsfria f\u00f6rel\u00e4sning f\u00f6r elever i \u00e5k 7 \u2013 9 f\u00f6r att f\u00f6rebygga sexuella \u00f6vergrepp. Sexuella \u00f6vergrepp g\u00e5r att f\u00f6rebygga om vi tidigt st\u00e4rker elevernas kunskap och medvetenhet om kroppslig integritet och kroppsliga r\u00e4ttigheter. Vi vill att skolan ska vara en trygg plats f\u00f6r barn, en plats fri fr\u00e5n [&hellip;]<\/p>","protected":false},"author":121,"featured_media":0,"parent":5136,"menu_order":0,"comment_status":"closed","ping_status":"closed","template":"","meta":{"_acf_changed":false,"footnotes":""},"class_list":["post-13327","page","type-page","status-publish","hentry"],"acf":[],"_links":{"self":[{"href":"https:\/\/treskablinoll.nu\/ll\/wp-json\/wp\/v2\/pages\/13327","targetHints":{"allow":["GET"]}}],"collection":[{"href":"https:\/\/treskablinoll.nu\/ll\/wp-json\/wp\/v2\/pages"}],"about":[{"href":"https:\/\/treskablinoll.nu\/ll\/wp-json\/wp\/v2\/types\/page"}],"author":[{"embeddable":true,"href":"https:\/\/treskablinoll.nu\/ll\/wp-json\/wp\/v2\/users\/121"}],"replies":[{"embeddable":true,"href":"https:\/\/treskablinoll.nu\/ll\/wp-json\/wp\/v2\/comments?post=13327"}],"version-history":[{"count":4,"href":"https:\/\/treskablinoll.nu\/ll\/wp-json\/wp\/v2\/pages\/13327\/revisions"}],"predecessor-version":[{"id":13332,"href":"https:\/\/treskablinoll.nu\/ll\/wp-json\/wp\/v2\/pages\/13327\/revisions\/13332"}],"up":[{"embeddable":true,"href":"https:\/\/treskablinoll.nu\/ll\/wp-json\/wp\/v2\/pages\/5136"}],"wp:attachment":[{"href":"https:\/\/treskablinoll.nu\/ll\/wp-json\/wp\/v2\/media?parent=13327"}],"curies":[{"name":"wp","href":"https:\/\/api.w.org\/{rel}","templated":true}]}}