{"id":13072,"date":"2025-12-04T14:29:00","date_gmt":"2025-12-04T13:29:00","guid":{"rendered":"https:\/\/treskablinoll.nu\/?page_id=13072"},"modified":"2025-12-04T14:37:56","modified_gmt":"2025-12-04T13:37:56","slug":"trygga-scouter-ett-samarbete-for-barns-ratt-till-en-trygg-fritid","status":"publish","type":"page","link":"https:\/\/treskablinoll.nu\/ll\/idrottsbrevet\/trygga-scouter-ett-samarbete-for-barns-ratt-till-en-trygg-fritid\/","title":{"rendered":"Trygga scouter, ett samarbete f\u00f6r barns r\u00e4tt till en trygg fritid."},"content":{"rendered":"<div data-elementor-type=\"wp-page\" data-elementor-id=\"13072\" class=\"elementor elementor-13072\" data-elementor-post-type=\"page\">\n\t\t\t\t<div class=\"elementor-element elementor-element-8249529 e-flex e-con-boxed e-con e-parent\" data-id=\"8249529\" data-element_type=\"container\">\n\t\t\t\t\t<div class=\"e-con-inner\">\n\t\t\t\t<div class=\"elementor-element elementor-element-f80883a elementor-widget elementor-widget-text-editor\" data-id=\"f80883a\" data-element_type=\"widget\" data-widget_type=\"text-editor.default\">\n\t\t\t\t<div class=\"elementor-widget-container\">\n\t\t\t\t\t\t\t\t\t<p>Forskning visar att mer \u00e4n vart fj\u00e4rde barn i Sverige uts\u00e4tts f\u00f6r sexuella \u00f6vergrepp. Konsekvenserna \u00e4r ofta allvarliga, med risk f\u00f6r bland annat depression, \u00e5ngest och PTSD. Genom Trygga Scouter vill vi tillsammans med Scouterna f\u00f6rebygga sexuella \u00f6vergrepp genom\u202fkunskap, dialog och st\u00e4rkta skyddsn\u00e4t.\u00a0<span style=\"font-size: 1.25rem;\">Foto: Scouterna (Eva Edsj\u00f6)<\/span><\/p>\t\t\t\t\t\t\t\t<\/div>\n\t\t\t\t<\/div>\n\t\t\t\t\t<\/div>\n\t\t\t\t<\/div>\n\t\t<div class=\"elementor-element elementor-element-d411e5f e-grid e-con-boxed e-con e-parent\" data-id=\"d411e5f\" data-element_type=\"container\">\n\t\t\t\t\t<div class=\"e-con-inner\">\n\t\t\t\t<div class=\"elementor-element elementor-element-f12c298 elementor-widget elementor-widget-image\" data-id=\"f12c298\" data-element_type=\"widget\" data-widget_type=\"image.default\">\n\t\t\t\t<div class=\"elementor-widget-container\">\n\t\t\t\t\t\t\t\t\t\t\t\t\t\t\t<img fetchpriority=\"high\" decoding=\"async\" width=\"400\" height=\"600\" src=\"https:\/\/treskablinoll.nu\/wp-content\/uploads\/2025\/11\/pexels-cottonbro-9299912-scaled-e1764855287610.jpg\" class=\"attachment-medium_large size-medium_large wp-image-12983\" alt=\"\" \/>\t\t\t\t\t\t\t\t\t\t\t\t\t\t\t<\/div>\n\t\t\t\t<\/div>\n\t\t\t\t<div class=\"elementor-element elementor-element-29885e3 elementor-widget elementor-widget-text-editor\" data-id=\"29885e3\" data-element_type=\"widget\" data-widget_type=\"text-editor.default\">\n\t\t\t\t<div class=\"elementor-widget-container\">\n\t\t\t\t\t\t\t\t\t<p><span style=\"font-size: 1.5rem; font-weight: 800; text-transform: uppercase;\">Ett helhetsgrepp f\u00f6r att f\u00f6rebygga sexuella \u00f6vergrepp\u00a0<\/span><\/p><p>Projektet utg\u00e5r fr\u00e5n den\u202fsocioekologiska modellen, som ser till hur individuella, relationella, milj\u00f6m\u00e4ssiga och samh\u00e4lleliga faktorer samverkar. Genom detta perspektiv kan vi arbeta f\u00f6rebyggande p\u00e5 flera plan samtidigt:\u00a0<\/p><ul><li>P\u00e5 individniv\u00e5:\u202fst\u00e4rka barns och ungas f\u00f6rm\u00e5ga att s\u00e4tta gr\u00e4nser, s\u00e4ga ifr\u00e5n och f\u00f6rst\u00e5 samtycke.<\/li><li>P\u00e5 relationsniv\u00e5:\u202fge scoutledare nya verktyg f\u00f6r att uppt\u00e4cka, agera och f\u00f6rebygga sexuella \u00f6vergrepp.<\/li><li>P\u00e5 organisationsniv\u00e5:\u202futveckla v\u00e5ldsf\u00f6rebyggande material och f\u00f6rdjupa utbildningen\u202fTrygga M\u00f6ten.<\/li><li>P\u00e5 samh\u00e4llsniv\u00e5:\u202fbidra till en \u00f6ppnare kultur kring fr\u00e5gor om kroppslig integritet och samtycke.<\/li><\/ul>\t\t\t\t\t\t\t\t<\/div>\n\t\t\t\t<\/div>\n\t\t\t\t\t<\/div>\n\t\t\t\t<\/div>\n\t\t<div class=\"elementor-element elementor-element-29c60fc e-flex e-con-boxed e-con e-parent\" data-id=\"29c60fc\" data-element_type=\"container\">\n\t\t\t\t\t<div class=\"e-con-inner\">\n\t\t\t\t<div class=\"elementor-element elementor-element-f348af1 elementor-widget elementor-widget-text-editor\" data-id=\"f348af1\" data-element_type=\"widget\" data-widget_type=\"text-editor.default\">\n\t\t\t\t<div class=\"elementor-widget-container\">\n\t\t\t\t\t\t\t\t\t<h4>M\u00e5let\u00a0<\/h4><p>Vid projektets slut ska Scouternas \u00f6ver\u202f81 000 barn och unga\u202fha tillg\u00e5ng till en \u00e4nnu tryggare verksamhet, d\u00e4r kunskap och samtal om integritet, respekt och samtycke \u00e4r en naturlig del av scoutlivet.\u00a0<\/p><p>P\u00e5 l\u00e5ng sikt vill Trygga Scouter bidra till att\u202ff\u00f6r\u00e4ndra attityder och beteenden\u202fkring gr\u00e4nser och samtycke, samt minska risken f\u00f6r att barn b\u00e5de uts\u00e4tts f\u00f6r \u2013 och sj\u00e4lva beg\u00e5r \u2013 sexuella \u00f6vergrepp.\u00a0<\/p><p>Tillsammans med Scouterna visar vi att\u202fv\u00e5ldsf\u00f6rebyggande arbete fungerar b\u00e4st n\u00e4r det sker i gemenskap\u202f\u2013 d\u00e4r barn, unga och vuxna st\u00e5r sida vid sida f\u00f6r en tryggare framtid.<\/p>\t\t\t\t\t\t\t\t<\/div>\n\t\t\t\t<\/div>\n\t\t\t\t<div class=\"elementor-element elementor-element-6285e7d elementor-widget elementor-widget-text-editor\" data-id=\"6285e7d\" data-element_type=\"widget\" data-widget_type=\"text-editor.default\">\n\t\t\t\t<div class=\"elementor-widget-container\">\n\t\t\t\t\t\t\t\t\t<h3>Treskablinoll + Scouterna = Trygga Scouter<\/h3><h4>f\u00f6r barns r\u00e4tt till trygghet och respekt.\u00a0<\/h4>\t\t\t\t\t\t\t\t<\/div>\n\t\t\t\t<\/div>\n\t\t\t\t\t<\/div>\n\t\t\t\t<\/div>\n\t\t<div class=\"elementor-element elementor-element-400fe59 e-flex e-con-boxed e-con e-parent\" data-id=\"400fe59\" data-element_type=\"container\">\n\t\t\t\t\t<div class=\"e-con-inner\">\n\t\t\t\t<div class=\"elementor-element elementor-element-37c5ee8 elementor-widget-divider--view-line elementor-widget elementor-widget-divider\" data-id=\"37c5ee8\" data-element_type=\"widget\" data-widget_type=\"divider.default\">\n\t\t\t\t<div class=\"elementor-widget-container\">\n\t\t\t\t\t\t\t<div class=\"elementor-divider\">\n\t\t\t<span class=\"elementor-divider-separator\">\n\t\t\t\t\t\t<\/span>\n\t\t<\/div>\n\t\t\t\t\t\t<\/div>\n\t\t\t\t<\/div>\n\t\t\t\t<div class=\"elementor-element elementor-element-7943bdf elementor-widget elementor-widget-text-editor\" data-id=\"7943bdf\" data-element_type=\"widget\" data-widget_type=\"text-editor.default\">\n\t\t\t\t<div class=\"elementor-widget-container\">\n\t\t\t\t\t\t\t\t\t<h3>I samarbete med<\/h3>\t\t\t\t\t\t\t\t<\/div>\n\t\t\t\t<\/div>\n\t\t\t\t\t<\/div>\n\t\t\t\t<\/div>\n\t\t<div class=\"elementor-element elementor-element-bc9a950 e-grid e-con-boxed e-con e-parent\" data-id=\"bc9a950\" data-element_type=\"container\">\n\t\t\t\t\t<div class=\"e-con-inner\">\n\t\t\t\t<div class=\"elementor-element elementor-element-a5520ac elementor-widget elementor-widget-image\" data-id=\"a5520ac\" data-element_type=\"widget\" data-widget_type=\"image.default\">\n\t\t\t\t<div class=\"elementor-widget-container\">\n\t\t\t\t\t\t\t\t\t\t\t\t\t\t\t<img decoding=\"async\" width=\"900\" height=\"197\" src=\"https:\/\/treskablinoll.nu\/wp-content\/uploads\/2025\/11\/scouterna_blue_RGB-900x197.png\" class=\"attachment-medium size-medium wp-image-12998\" alt=\"\" srcset=\"https:\/\/treskablinoll.nu\/wp-content\/uploads\/2025\/11\/scouterna_blue_RGB-900x197.png 900w, https:\/\/treskablinoll.nu\/wp-content\/uploads\/2025\/11\/scouterna_blue_RGB-scaled-600x131.png 600w, https:\/\/treskablinoll.nu\/wp-content\/uploads\/2025\/11\/scouterna_blue_RGB-1024x224.png 1024w, https:\/\/treskablinoll.nu\/wp-content\/uploads\/2025\/11\/scouterna_blue_RGB-768x168.png 768w, https:\/\/treskablinoll.nu\/wp-content\/uploads\/2025\/11\/scouterna_blue_RGB-1536x336.png 1536w, https:\/\/treskablinoll.nu\/wp-content\/uploads\/2025\/11\/scouterna_blue_RGB-2048x448.png 2048w, https:\/\/treskablinoll.nu\/wp-content\/uploads\/2025\/11\/scouterna_blue_RGB-18x4.png 18w\" sizes=\"(max-width: 900px) 100vw, 900px\" \/>\t\t\t\t\t\t\t\t\t\t\t\t\t\t\t<\/div>\n\t\t\t\t<\/div>\n\t\t<div class=\"elementor-element elementor-element-721cb3b e-con-full e-flex e-con e-child\" data-id=\"721cb3b\" data-element_type=\"container\">\n\t\t\t\t<div class=\"elementor-element elementor-element-cbc7aa0 elementor-widget elementor-widget-image\" data-id=\"cbc7aa0\" data-element_type=\"widget\" data-widget_type=\"image.default\">\n\t\t\t\t<div class=\"elementor-widget-container\">\n\t\t\t\t\t\t\t\t\t\t\t\t\t\t\t<img decoding=\"async\" width=\"500\" height=\"155\" src=\"https:\/\/treskablinoll.nu\/wp-content\/uploads\/2025\/03\/jamy-logo.png\" class=\"attachment-medium size-medium wp-image-12187\" alt=\"\" srcset=\"https:\/\/treskablinoll.nu\/wp-content\/uploads\/2025\/03\/jamy-logo.png 500w, https:\/\/treskablinoll.nu\/wp-content\/uploads\/2025\/03\/jamy-logo-18x6.png 18w\" sizes=\"(max-width: 500px) 100vw, 500px\" \/>\t\t\t\t\t\t\t\t\t\t\t\t\t\t\t<\/div>\n\t\t\t\t<\/div>\n\t\t\t\t<\/div>\n\t\t\t\t\t<\/div>\n\t\t\t\t<\/div>\n\t\t\t\t<\/div>","protected":false},"excerpt":{"rendered":"<p>Treskablinoll arbetar f\u00f6r att alla barn ska ha r\u00e4tt till en uppv\u00e4xt fri fr\u00e5n sexuella \u00f6vergrepp. I samarbete med\u202fScouterna driver vi projektet\u202fTrygga scouter, med m\u00e5let att st\u00e4rka och utveckla scoutr\u00f6relsens redan omfattande trygghetsarbete.<\/p>","protected":false},"author":137,"featured_media":13075,"parent":1018,"menu_order":0,"comment_status":"closed","ping_status":"closed","template":"","meta":{"_acf_changed":false,"footnotes":""},"class_list":["post-13072","page","type-page","status-publish","has-post-thumbnail","hentry"],"acf":[],"_links":{"self":[{"href":"https:\/\/treskablinoll.nu\/ll\/wp-json\/wp\/v2\/pages\/13072","targetHints":{"allow":["GET"]}}],"collection":[{"href":"https:\/\/treskablinoll.nu\/ll\/wp-json\/wp\/v2\/pages"}],"about":[{"href":"https:\/\/treskablinoll.nu\/ll\/wp-json\/wp\/v2\/types\/page"}],"author":[{"embeddable":true,"href":"https:\/\/treskablinoll.nu\/ll\/wp-json\/wp\/v2\/users\/137"}],"replies":[{"embeddable":true,"href":"https:\/\/treskablinoll.nu\/ll\/wp-json\/wp\/v2\/comments?post=13072"}],"version-history":[{"count":41,"href":"https:\/\/treskablinoll.nu\/ll\/wp-json\/wp\/v2\/pages\/13072\/revisions"}],"predecessor-version":[{"id":13284,"href":"https:\/\/treskablinoll.nu\/ll\/wp-json\/wp\/v2\/pages\/13072\/revisions\/13284"}],"up":[{"embeddable":true,"href":"https:\/\/treskablinoll.nu\/ll\/wp-json\/wp\/v2\/pages\/1018"}],"wp:featuredmedia":[{"embeddable":true,"href":"https:\/\/treskablinoll.nu\/ll\/wp-json\/wp\/v2\/media\/13075"}],"wp:attachment":[{"href":"https:\/\/treskablinoll.nu\/ll\/wp-json\/wp\/v2\/media?parent=13072"}],"curies":[{"name":"wp","href":"https:\/\/api.w.org\/{rel}","templated":true}]}}