{"id":12641,"date":"2025-08-07T21:28:06","date_gmt":"2025-08-07T19:28:06","guid":{"rendered":"https:\/\/treskablinoll.nu\/?page_id=12641"},"modified":"2025-08-11T10:41:19","modified_gmt":"2025-08-11T08:41:19","slug":"onboarding-grundskolebrevet","status":"publish","type":"page","link":"https:\/\/treskablinoll.nu\/ll\/onboarding-grundskolebrevet\/","title":{"rendered":"Onboarding Grundskolebrevet"},"content":{"rendered":"<div data-elementor-type=\"wp-page\" data-elementor-id=\"12641\" class=\"elementor elementor-12641\" data-elementor-post-type=\"page\">\n\t\t\t\t<div class=\"elementor-element elementor-element-71987e4 e-flex e-con-boxed e-con e-parent\" data-id=\"71987e4\" data-element_type=\"container\">\n\t\t\t\t\t<div class=\"e-con-inner\">\n\t\t\t\t\t<\/div>\n\t\t\t\t<\/div>\n\t\t<div class=\"elementor-element elementor-element-3b7bfa8 e-grid e-con-boxed e-con e-parent\" data-id=\"3b7bfa8\" data-element_type=\"container\">\n\t\t\t\t\t<div class=\"e-con-inner\">\n\t\t\t\t<div class=\"elementor-element elementor-element-87a8f7b elementor-widget elementor-widget-video\" data-id=\"87a8f7b\" data-element_type=\"widget\" data-settings=\"{&quot;video_type&quot;:&quot;hosted&quot;,&quot;start&quot;:1,&quot;controls&quot;:&quot;yes&quot;}\" data-widget_type=\"video.default\">\n\t\t\t\t<div class=\"elementor-widget-container\">\n\t\t\t\t\t\t\t<div class=\"e-hosted-video elementor-wrapper elementor-open-inline\">\n\t\t\t\t\t<video class=\"elementor-video\" src=\"https:\/\/treskablinoll.nu\/wp-content\/uploads\/2025\/08\/treskablinoll-1.mp4#t=1\" controls=\"\" preload=\"metadata\" controlslist=\"nodownload\"><\/video>\n\t\t\t\t<\/div>\n\t\t\t\t\t\t<\/div>\n\t\t\t\t<\/div>\n\t\t\t\t<div class=\"elementor-element elementor-element-b20a489 elementor-widget elementor-widget-video\" data-id=\"b20a489\" data-element_type=\"widget\" data-settings=\"{&quot;video_type&quot;:&quot;hosted&quot;,&quot;start&quot;:1,&quot;controls&quot;:&quot;yes&quot;}\" data-widget_type=\"video.default\">\n\t\t\t\t<div class=\"elementor-widget-container\">\n\t\t\t\t\t\t\t<div class=\"e-hosted-video elementor-wrapper elementor-open-inline\">\n\t\t\t\t\t<video class=\"elementor-video\" src=\"https:\/\/treskablinoll.nu\/wp-content\/uploads\/2025\/08\/treskablinoll-2.mp4#t=1\" controls=\"\" preload=\"metadata\" controlslist=\"nodownload\"><\/video>\n\t\t\t\t<\/div>\n\t\t\t\t\t\t<\/div>\n\t\t\t\t<\/div>\n\t\t\t\t\t<\/div>\n\t\t\t\t<\/div>\n\t\t<div class=\"elementor-element elementor-element-c07fd74 e-grid e-con-boxed e-con e-parent\" data-id=\"c07fd74\" data-element_type=\"container\">\n\t\t\t\t\t<div class=\"e-con-inner\">\n\t\t\t\t<div class=\"elementor-element elementor-element-a5dcced elementor-widget elementor-widget-text-editor\" data-id=\"a5dcced\" data-element_type=\"widget\" data-widget_type=\"text-editor.default\">\n\t\t\t\t<div class=\"elementor-widget-container\">\n\t\t\t\t\t\t\t\t\t<h4>Film 1: Vad \u00e4r Grundskolebrevet?<\/h4><p>H\u00e4r hittar du en \u00f6verblick av grundskolebrevet och vad det \u00e4r f\u00f6r n\u00e5got.\u00a0<\/p>\t\t\t\t\t\t\t\t<\/div>\n\t\t\t\t<\/div>\n\t\t\t\t<div class=\"elementor-element elementor-element-4ebdcd6 elementor-widget elementor-widget-text-editor\" data-id=\"4ebdcd6\" data-element_type=\"widget\" data-widget_type=\"text-editor.default\">\n\t\t\t\t<div class=\"elementor-widget-container\">\n\t\t\t\t\t\t\t\t\t<h4>Film 2: Integritetsst\u00e4rkande lektionsunderlag<\/h4><p>H\u00e4r g\u00e5r vi igenom integritetsst\u00e4rkande lektionsunderlag materialet och presenterar hur du kan anv\u00e4nda det i klassrummet.<\/p>\t\t\t\t\t\t\t\t<\/div>\n\t\t\t\t<\/div>\n\t\t\t\t\t<\/div>\n\t\t\t\t<\/div>\n\t\t<div class=\"elementor-element elementor-element-b226625 e-grid e-con-boxed e-con e-parent\" data-id=\"b226625\" data-element_type=\"container\">\n\t\t\t\t\t<div class=\"e-con-inner\">\n\t\t\t\t<div class=\"elementor-element elementor-element-05f9a1e elementor-widget elementor-widget-video\" data-id=\"05f9a1e\" data-element_type=\"widget\" data-settings=\"{&quot;video_type&quot;:&quot;hosted&quot;,&quot;start&quot;:1,&quot;controls&quot;:&quot;yes&quot;}\" data-widget_type=\"video.default\">\n\t\t\t\t<div class=\"elementor-widget-container\">\n\t\t\t\t\t\t\t<div class=\"e-hosted-video elementor-wrapper elementor-open-inline\">\n\t\t\t\t\t<video class=\"elementor-video\" src=\"https:\/\/treskablinoll.nu\/wp-content\/uploads\/2025\/08\/treskablinoll-3.mp4#t=1\" controls=\"\" preload=\"metadata\" controlslist=\"nodownload\"><\/video>\n\t\t\t\t<\/div>\n\t\t\t\t\t\t<\/div>\n\t\t\t\t<\/div>\n\t\t\t\t<div class=\"elementor-element elementor-element-58a8662 elementor-widget elementor-widget-video\" data-id=\"58a8662\" data-element_type=\"widget\" data-settings=\"{&quot;youtube_url&quot;:&quot;https:\\\/\\\/www.youtube.com\\\/watch?v=atydPzrwWSk&quot;,&quot;show_image_overlay&quot;:&quot;yes&quot;,&quot;image_overlay&quot;:{&quot;url&quot;:&quot;https:\\\/\\\/treskablinoll.nu\\\/wp-content\\\/uploads\\\/2025\\\/08\\\/Screenshot-2025-08-07-203007.png&quot;,&quot;id&quot;:12711,&quot;size&quot;:&quot;&quot;,&quot;alt&quot;:&quot;&quot;,&quot;source&quot;:&quot;library&quot;},&quot;video_type&quot;:&quot;youtube&quot;,&quot;controls&quot;:&quot;yes&quot;}\" data-widget_type=\"video.default\">\n\t\t\t\t<div class=\"elementor-widget-container\">\n\t\t\t\t\t\t\t<div class=\"elementor-wrapper elementor-open-inline\">\n\t\t\t<div class=\"elementor-video\"><\/div>\t\t\t\t<div class=\"elementor-custom-embed-image-overlay\" style=\"background-image: url(https:\/\/treskablinoll.nu\/wp-content\/uploads\/2025\/08\/Screenshot-2025-08-07-203007.png);\">\n\t\t\t\t\t\t\t\t\t\t\t\t\t\t<\/div>\n\t\t\t\t\t<\/div>\n\t\t\t\t\t\t<\/div>\n\t\t\t\t<\/div>\n\t\t\t\t\t<\/div>\n\t\t\t\t<\/div>\n\t\t<div class=\"elementor-element elementor-element-6727dea e-grid e-con-boxed e-con e-parent\" data-id=\"6727dea\" data-element_type=\"container\">\n\t\t\t\t\t<div class=\"e-con-inner\">\n\t\t\t\t<div class=\"elementor-element elementor-element-20fb817 elementor-widget elementor-widget-text-editor\" data-id=\"20fb817\" data-element_type=\"widget\" data-widget_type=\"text-editor.default\">\n\t\t\t\t<div class=\"elementor-widget-container\">\n\t\t\t\t\t\t\t\t\t<h4>Film 3: Material som v\u00e4cker diskussion<\/h4><p>H\u00e4r presenterar vi hur du kan anv\u00e4nda l\u00e4randespelet Artemis, Pratstartare och spelet Okej eller nej i klassrummet.<\/p>\t\t\t\t\t\t\t\t<\/div>\n\t\t\t\t<\/div>\n\t\t\t\t<div class=\"elementor-element elementor-element-3630463 elementor-widget elementor-widget-text-editor\" data-id=\"3630463\" data-element_type=\"widget\" data-widget_type=\"text-editor.default\">\n\t\t\t\t<div class=\"elementor-widget-container\">\n\t\t\t\t\t\t\t\t\t<h4>Film 4: Dela Grundskolebrevet med andra skolpersonal<\/h4><p>H\u00e4r pratar vi om grundl\u00e4ggande information om grundskolebrevet plus m\u00f6liga diskussionsfr\u00e5gor.<\/p><p>Du kan anv\u00e4nda den h\u00e4r videon i ex.<br \/>planeringsdagar\/personaldagar\/APT m\u00f6ten.<\/p>\t\t\t\t\t\t\t\t<\/div>\n\t\t\t\t<\/div>\n\t\t\t\t\t<\/div>\n\t\t\t\t<\/div>\n\t\t\t\t<\/div>","protected":false},"excerpt":{"rendered":"<p>L\u00e4r dig hur du kan anv\u00e4nda Grundskolebrevet materialet i klassrummet och arbeta f\u00f6rebyggande i hela verksamheten.<\/p>","protected":false},"author":137,"featured_media":10167,"parent":0,"menu_order":0,"comment_status":"closed","ping_status":"closed","template":"","meta":{"_acf_changed":false,"footnotes":""},"class_list":["post-12641","page","type-page","status-publish","has-post-thumbnail","hentry"],"acf":[],"_links":{"self":[{"href":"https:\/\/treskablinoll.nu\/ll\/wp-json\/wp\/v2\/pages\/12641","targetHints":{"allow":["GET"]}}],"collection":[{"href":"https:\/\/treskablinoll.nu\/ll\/wp-json\/wp\/v2\/pages"}],"about":[{"href":"https:\/\/treskablinoll.nu\/ll\/wp-json\/wp\/v2\/types\/page"}],"author":[{"embeddable":true,"href":"https:\/\/treskablinoll.nu\/ll\/wp-json\/wp\/v2\/users\/137"}],"replies":[{"embeddable":true,"href":"https:\/\/treskablinoll.nu\/ll\/wp-json\/wp\/v2\/comments?post=12641"}],"version-history":[{"count":64,"href":"https:\/\/treskablinoll.nu\/ll\/wp-json\/wp\/v2\/pages\/12641\/revisions"}],"predecessor-version":[{"id":12759,"href":"https:\/\/treskablinoll.nu\/ll\/wp-json\/wp\/v2\/pages\/12641\/revisions\/12759"}],"wp:featuredmedia":[{"embeddable":true,"href":"https:\/\/treskablinoll.nu\/ll\/wp-json\/wp\/v2\/media\/10167"}],"wp:attachment":[{"href":"https:\/\/treskablinoll.nu\/ll\/wp-json\/wp\/v2\/media?parent=12641"}],"curies":[{"name":"wp","href":"https:\/\/api.w.org\/{rel}","templated":true}]}}