{"id":1132,"date":"2018-05-10T16:03:45","date_gmt":"2018-05-10T14:03:45","guid":{"rendered":"http:\/\/treskablinoll.nu\/?page_id=1132"},"modified":"2025-12-03T18:01:37","modified_gmt":"2025-12-03T17:01:37","slug":"uppmana-din-forskola","status":"publish","type":"page","link":"https:\/\/treskablinoll.nu\/ll\/forskolebrevet\/uppmana-din-forskola\/","title":{"rendered":"Uppmana din f\u00f6rskola"},"content":{"rendered":"<div data-elementor-type=\"wp-page\" data-elementor-id=\"1132\" class=\"elementor elementor-1132\" data-elementor-post-type=\"page\">\n\t\t\t\t<div class=\"elementor-element elementor-element-70342fa e-flex e-con-boxed e-con e-parent\" data-id=\"70342fa\" data-element_type=\"container\">\n\t\t\t\t\t<div class=\"e-con-inner\">\n\t\t\t\t<div class=\"elementor-element elementor-element-e25d76f elementor-widget elementor-widget-text-editor\" data-id=\"e25d76f\" data-element_type=\"widget\" data-widget_type=\"text-editor.default\">\n\t\t\t\t<div class=\"elementor-widget-container\">\n\t\t\t\t\t\t\t\t\t<p>Nedan finner du sj\u00e4lva F\u00f6rskolebrevet. F\u00f6rskolebrevet har tagits fram f\u00f6r dig som \u00e4r f\u00f6r\u00e4lder som vill att ditt barns f\u00f6rskola ska engagera sig i kampen f\u00f6r barns r\u00e4tt till en barndom utan sexuella \u00f6vergrepp. F\u00f6rskolebrevet \u00e4r ett f\u00f6rskrivet brev som uppmanar f\u00f6rskolor att jobba med integritet.<\/p><p>Allt du beh\u00f6ver g\u00f6ra \u00e4r att klicka knappen nedan, \u00e4ndra texten efter behov och skicka in till ditt barns f\u00f6rskola.<\/p><p>Tipsa g\u00e4rna fler f\u00f6r\u00e4ldrar i f\u00f6rskolan att skicka samma utmaning. Ju fler vi \u00e4r, desto st\u00f6rre sannolikhet f\u00f6r en trygg f\u00f6rskola med respekt som sj\u00e4lvklart moment.<\/p>\t\t\t\t\t\t\t\t<\/div>\n\t\t\t\t<\/div>\n\t\t\t\t<div class=\"elementor-element elementor-element-53d3895 elementor-align-center elementor-widget elementor-widget-button\" data-id=\"53d3895\" data-element_type=\"widget\" data-widget_type=\"button.default\">\n\t\t\t\t<div class=\"elementor-widget-container\">\n\t\t\t\t\t\t\t\t\t<div class=\"elementor-button-wrapper\">\n\t\t\t\t\t<a class=\"elementor-button elementor-button-link elementor-size-sm\" href=\"mailto:?subject=Kan%20v%C3%A5r%20skola%20vara%20med%20i%20F%C3%B6rskolebrevet&#038;body=Hej%2C%20NAMN%0A%0AJag%20%C3%A4r%20anh%C3%B6rig%20till%20DITT%20BARNS%20NAMN.%0A%0ANya%20siffror%20visar%20att%201%20av%205%20barn%20i%20Sverige%20uts%C3%A4tts%20f%C3%B6r%20sexuella%20%C3%B6vergrepp.%20En%20stor%20del%20av%20dessa%20%C3%B6vergrepp%20sker%20av%20en%20n%C3%A4rst%C3%A5ende%20person%20i%20hemmet%2C%20d%C3%A4rf%C3%B6r%20%C3%A4r%20det%20viktigt%20att%20barnen%20f%C3%A5r%20en%20trygg%20plats%20hos%20er%20d%C3%A4r%20de%20l%C3%A4r%20sig%20vikten%20av%20kroppslig%20integritet.%20Men%20inte%20bara%20det%2C%20att%20respekten%20f%C3%B6r%20barns%20integritet%20generellt%20genomsyrar%20arbetet.%20Jag%20vill%20f%C3%B6rs%C3%A4kra%20mig%20om%20att%20ni%20pratar%20med%20b%C3%A5de%20personal%20och%20barn%20om%20integritet.%20Barn%20som%20l%C3%A4r%20sig%20om%20integritet%20redan%20i%20tidig%20%C3%A5lder%20signalerar%20och%20kommunicerar%20tydligare%20om%20de%20far%20illa%2C%20oavsett%20om%20det%20%C3%A4r%20p%C3%A5%20f%C3%B6rskolan%20eller%20i%20hemmet%2C%20och%20ju%20mottagligare%20alla%20vuxna%20i%20barnets%20omgivning%20%C3%A4r%20f%C3%B6r%20signalerna%2C%20desto%20l%C3%A4ttare%20%C3%A4r%20det%20att%20uppt%C3%A4cka%20n%C3%A4r%20barn%20far%20illa.%0A%0ANi%20%C3%A4r%20en%20stor%20och%20viktig%20del%20av%20barnens%20vardag%20och%20d%C3%A4rf%C3%B6r%20v%C3%A4nder%20jag%20mig%20till%20er.%20Kanske%20har%20du%20sett%20kampanjen%20F%C3%B6rskolebrevet%20som%20lanserades%20den%2022%20februari%202017%3F%0A%0AJag%20ser%20fram%20emot%20att%20vi%20genom%20F%C3%B6rskolebrevet%20tillsammans%20skapar%20en%20dialog%2C%20men%20framf%C3%B6r%20allt%20riktlinjer%20och%20handlingsplaner%20f%C3%B6r%20barns%20integritet.%20Allt%20f%C3%B6r%20att%20barnen%20ska%20vara%20trygga%20%E2%80%93%20b%C3%A5de%20p%C3%A5%20f%C3%B6rskolan%20och%20i%20hemmet.%20Det%20h%C3%A4r%20%C3%A4r%20ett%20gemensamt%20arbete%20mellan%20hem%20och%20f%C3%B6rskola%2C%20med%20F%C3%B6rskolebrevets%20riktlinjer%2C%20integritetspolicy%20och%20integritets%C3%B6vningar%20som%20verktyg.%0A%0AMin%20f%C3%B6rhoppning%20%C3%A4r%20att%20inom%20kort%20se%20att%20v%C3%A5r%20f%C3%B6rskola%20arbetar%20med%20integritet%20genom%20F%C3%B6rskolebrevet%20och%20att%20vi%20tillsammans%20g%C3%B6r%20skillnad%20f%C3%B6r%20den%20femtedel%20av%20barnen%20som%20i%20varje%20klass%20inte%20f%C3%A5r%20den%20barndom%20de%20har%20r%C3%A4tt%20till%20%E2%80%93%20den%20utan%20sexuella%20%C3%B6vergrepp.%20Jag%20ser%20fram%20emot%20att%20h%C3%B6ra%20mer%20om%20hur%20ni%20arbetar%20med%20barns%20integritet.%0A%0AMed%20hopp%20om%20en%20fin%20dialog%2C%0A%0ADITT%20NAMN\">\n\t\t\t\t\t\t<span class=\"elementor-button-content-wrapper\">\n\t\t\t\t\t\t\t\t\t<span class=\"elementor-button-text\">Skicka Brevet Nu<\/span>\n\t\t\t\t\t<\/span>\n\t\t\t\t\t<\/a>\n\t\t\t\t<\/div>\n\t\t\t\t\t\t\t\t<\/div>\n\t\t\t\t<\/div>\n\t\t\t\t<div class=\"elementor-element elementor-element-de3ee93 elementor-widget-divider--view-line elementor-widget elementor-widget-divider\" data-id=\"de3ee93\" data-element_type=\"widget\" data-widget_type=\"divider.default\">\n\t\t\t\t<div class=\"elementor-widget-container\">\n\t\t\t\t\t\t\t<div class=\"elementor-divider\">\n\t\t\t<span class=\"elementor-divider-separator\">\n\t\t\t\t\t\t<\/span>\n\t\t<\/div>\n\t\t\t\t\t\t<\/div>\n\t\t\t\t<\/div>\n\t\t\t\t<div class=\"elementor-element elementor-element-35dbfba elementor-widget elementor-widget-text-editor\" data-id=\"35dbfba\" data-element_type=\"widget\" data-widget_type=\"text-editor.default\">\n\t\t\t\t<div class=\"elementor-widget-container\">\n\t\t\t\t\t\t\t\t\t<p>Hej, NAMN\u00a0<\/p><p>Jag \u00e4r anh\u00f6rig till DITT BARNS NAMN.<\/p><p>Nya siffror visar att 1 av 5 barn i Sverige uts\u00e4tts f\u00f6r sexuella \u00f6vergrepp. En stor del av dessa \u00f6vergrepp sker av en n\u00e4rst\u00e5ende person i hemmet, d\u00e4rf\u00f6r \u00e4r det viktigt att barnen f\u00e5r en trygg plats hos er d\u00e4r de l\u00e4r sig vikten av kroppslig integritet. Men inte bara det, att respekten f\u00f6r barns integritet generellt genomsyrar arbetet. Jag vill f\u00f6rs\u00e4kra mig om att ni pratar med b\u00e5de personal och barn om integritet. Barn som l\u00e4r sig om integritet redan i tidig \u00e5lder signalerar och kommunicerar tydligare om de far illa, oavsett om det \u00e4r p\u00e5 f\u00f6rskolan eller i hemmet, och ju mottagligare alla vuxna i barnets omgivning \u00e4r f\u00f6r signalerna, desto l\u00e4ttare \u00e4r det att uppt\u00e4cka n\u00e4r barn far illa.<\/p><p>Ni \u00e4r en stor och viktig del av barnens vardag och d\u00e4rf\u00f6r v\u00e4nder jag mig till er. Kanske har du sett kampanjen F\u00f6rskolebrevet som lanserades den 22 februari 2017?<\/p><p>Jag ser fram emot att vi genom F\u00f6rskolebrevet tillsammans skapar en dialog, men framf\u00f6r allt riktlinjer och handlingsplaner f\u00f6r barns integritet. Allt f\u00f6r att barnen ska vara trygga \u2013 b\u00e5de p\u00e5 f\u00f6rskolan och i hemmet. Det h\u00e4r \u00e4r ett gemensamt arbete mellan hem och f\u00f6rskola, med F\u00f6rskolebrevets riktlinjer, integritetspolicy och integritets\u00f6vningar som verktyg.<\/p><p>Min f\u00f6rhoppning \u00e4r att inom kort se att v\u00e5r f\u00f6rskola arbetar med integritet genom F\u00f6rskolebrevet och att vi tillsammans g\u00f6r skillnad f\u00f6r den femtedel av barnen som i varje klass inte f\u00e5r den barndom de har r\u00e4tt till \u2013 den utan sexuella \u00f6vergrepp. Jag ser fram emot att h\u00f6ra mer om hur ni arbetar med barns integritet.<\/p><p>Med hopp om en fin dialog,<\/p><p>DITT NAMN<\/p>\t\t\t\t\t\t\t\t<\/div>\n\t\t\t\t<\/div>\n\t\t\t\t\t<\/div>\n\t\t\t\t<\/div>\n\t\t\t\t<\/div>","protected":false},"excerpt":{"rendered":"<p>Nedan finner du sj\u00e4lva F\u00f6rskolebrevet. F\u00f6rskolebrevet har tagits fram f\u00f6r dig som \u00e4r f\u00f6r\u00e4lder som vill att ditt barns f\u00f6rskola ska engagera sig i kampen f\u00f6r barns r\u00e4tt till en barndom utan sexuella \u00f6vergrepp. F\u00f6rskolebrevet \u00e4r ett f\u00f6rskrivet brev som uppmanar f\u00f6rskolor att jobba med integritet. Allt du beh\u00f6ver g\u00f6ra \u00e4r att klicka knappen nedan, [&hellip;]<\/p>","protected":false},"author":6,"featured_media":0,"parent":1107,"menu_order":29,"comment_status":"closed","ping_status":"closed","template":"","meta":{"_acf_changed":false,"footnotes":""},"class_list":["post-1132","page","type-page","status-publish","hentry"],"acf":[],"_links":{"self":[{"href":"https:\/\/treskablinoll.nu\/ll\/wp-json\/wp\/v2\/pages\/1132","targetHints":{"allow":["GET"]}}],"collection":[{"href":"https:\/\/treskablinoll.nu\/ll\/wp-json\/wp\/v2\/pages"}],"about":[{"href":"https:\/\/treskablinoll.nu\/ll\/wp-json\/wp\/v2\/types\/page"}],"author":[{"embeddable":true,"href":"https:\/\/treskablinoll.nu\/ll\/wp-json\/wp\/v2\/users\/6"}],"replies":[{"embeddable":true,"href":"https:\/\/treskablinoll.nu\/ll\/wp-json\/wp\/v2\/comments?post=1132"}],"version-history":[{"count":16,"href":"https:\/\/treskablinoll.nu\/ll\/wp-json\/wp\/v2\/pages\/1132\/revisions"}],"predecessor-version":[{"id":13234,"href":"https:\/\/treskablinoll.nu\/ll\/wp-json\/wp\/v2\/pages\/1132\/revisions\/13234"}],"up":[{"embeddable":true,"href":"https:\/\/treskablinoll.nu\/ll\/wp-json\/wp\/v2\/pages\/1107"}],"wp:attachment":[{"href":"https:\/\/treskablinoll.nu\/ll\/wp-json\/wp\/v2\/media?parent=1132"}],"curies":[{"name":"wp","href":"https:\/\/api.w.org\/{rel}","templated":true}]}}