{"id":11257,"date":"2024-10-31T11:50:36","date_gmt":"2024-10-31T10:50:36","guid":{"rendered":"https:\/\/treskablinoll.nu\/varukorg\/"},"modified":"2024-11-29T12:39:36","modified_gmt":"2024-11-29T11:39:36","slug":"varukorg","status":"publish","type":"page","link":"https:\/\/treskablinoll.nu\/ll\/varukorg\/","title":{"rendered":"Varukorg"},"content":{"rendered":"<div data-elementor-type=\"wp-page\" data-elementor-id=\"11257\" class=\"elementor elementor-11257\" data-elementor-post-type=\"page\">\n\t\t\t\t<div class=\"elementor-element elementor-element-5b405e4f e-flex e-con-boxed e-con e-parent\" data-id=\"5b405e4f\" data-element_type=\"container\">\n\t\t\t\t\t<div class=\"e-con-inner\">\n\t\t<div class=\"elementor-element elementor-element-53bb7ca e-flex e-con-boxed e-con e-child\" data-id=\"53bb7ca\" data-element_type=\"container\">\n\t\t\t\t\t<div class=\"e-con-inner\">\n\t\t\t\t\t<\/div>\n\t\t\t\t<\/div>\n\t\t\t\t\t<\/div>\n\t\t\t\t<\/div>\n\t\t\t\t<\/div>","protected":false},"excerpt":{"rendered":"<p>Ta bort artikel Miniatyrbild Produkt Pris Antal Delsumma &times; Handm\u00e5lat kort 175,00&nbsp;&#107;&#114; Handm\u00e5lat kort m\u00e4ngd 875,00&nbsp;&#107;&#114; Varukorg totalt Delsumma 875,00&nbsp;&#107;&#114; Frakt Gratis frakt Fraktalternativ kommer att uppdateras i kassan. Ber\u00e4kna frakt Land\/Region: V\u00e4lj ett land\/region \u2026Sverige Ort: Postnummer: Uppdatera Totalt 875,00&nbsp;&#107;&#114; Forts\u00e4tt till kassan<\/p>","protected":false},"author":1,"featured_media":0,"parent":0,"menu_order":0,"comment_status":"closed","ping_status":"closed","template":"elementor_header_footer","meta":{"_acf_changed":false,"footnotes":""},"class_list":["post-11257","page","type-page","status-publish","hentry"],"acf":[],"_links":{"self":[{"href":"https:\/\/treskablinoll.nu\/ll\/wp-json\/wp\/v2\/pages\/11257","targetHints":{"allow":["GET"]}}],"collection":[{"href":"https:\/\/treskablinoll.nu\/ll\/wp-json\/wp\/v2\/pages"}],"about":[{"href":"https:\/\/treskablinoll.nu\/ll\/wp-json\/wp\/v2\/types\/page"}],"author":[{"embeddable":true,"href":"https:\/\/treskablinoll.nu\/ll\/wp-json\/wp\/v2\/users\/1"}],"replies":[{"embeddable":true,"href":"https:\/\/treskablinoll.nu\/ll\/wp-json\/wp\/v2\/comments?post=11257"}],"version-history":[{"count":49,"href":"https:\/\/treskablinoll.nu\/ll\/wp-json\/wp\/v2\/pages\/11257\/revisions"}],"predecessor-version":[{"id":11746,"href":"https:\/\/treskablinoll.nu\/ll\/wp-json\/wp\/v2\/pages\/11257\/revisions\/11746"}],"wp:attachment":[{"href":"https:\/\/treskablinoll.nu\/ll\/wp-json\/wp\/v2\/media?parent=11257"}],"curies":[{"name":"wp","href":"https:\/\/api.w.org\/{rel}","templated":true}]}}