{"id":1107,"date":"2018-05-10T15:35:14","date_gmt":"2018-05-10T13:35:14","guid":{"rendered":"http:\/\/treskablinoll.nu\/?page_id=1107"},"modified":"2026-03-30T18:02:40","modified_gmt":"2026-03-30T16:02:40","slug":"forskolebrevet","status":"publish","type":"page","link":"https:\/\/treskablinoll.nu\/ll\/forskolebrevet\/","title":{"rendered":"F\u00f6rskolebrevet"},"content":{"rendered":"<div data-elementor-type=\"wp-page\" data-elementor-id=\"1107\" class=\"elementor elementor-1107\" data-elementor-post-type=\"page\">\n\t\t\t\t<div class=\"elementor-element elementor-element-461d54f e-flex e-con-boxed e-con e-parent\" data-id=\"461d54f\" data-element_type=\"container\">\n\t\t\t\t\t<div class=\"e-con-inner\">\n\t\t\t\t<div class=\"elementor-element elementor-element-251af93 elementor-widget elementor-widget-text-editor\" data-id=\"251af93\" data-element_type=\"widget\" data-widget_type=\"text-editor.default\">\n\t\t\t\t<div class=\"elementor-widget-container\">\n\t\t\t\t\t\t\t\t\t<p>Sexuellt utnyttjande av barn \u00e4r ett allvarligt samh\u00e4llsproblem i Sverige idag. L\u00e5gt r\u00e4knat \u00e4r det fler \u00e4n sju barn i varje klass som blir utsatta f\u00f6r sexuella \u00f6vergrepp. F\u00e4rska siffror s\u00e4ger nu att fler \u00e4n ett av fyra barn uts\u00e4tts i Sverige.* 70% av f\u00f6r\u00f6varna \u00e4r n\u00e5gon barnet k\u00e4nner och tillsammans med f\u00f6rskolor kan vi f\u00f6rebygga problemen genom att l\u00e4ra barn och vuxna integritet.<\/p><p>F\u00f6rskolebrevets riktlinjer \u00e4r avsedda att anv\u00e4ndas som ett st\u00f6d f\u00f6r f\u00f6rskolan i det f\u00f6rebyggande arbetet mot sexuella \u00f6vergrepp p\u00e5 barn. Vi vill, tillsammans med er, skapa en f\u00f6rskola som \u00e4r trygg f\u00f6r barn och d\u00e4r barn l\u00e4r sig om integritet \u2013 och sina r\u00e4ttigheter.<\/p><p>Materialet har tagits fram i samverkan med kriminolog Maria Dufva, \u00c4ngbybarnens f\u00f6rskolor, f\u00f6rskoll\u00e4rare Mia Ling\u00e5ker, leg. psykolog Ulrika Gutgard samt Psykologer utan gr\u00e4nser. F\u00f6rskolebrevet \u00e4r ett initiativ som sprider kunskap, implementerar f\u00f6rebyggande rutiner samt bidrar till dialog mellan v\u00e5rdnadshavare och f\u00f6rskolor.<\/p>\t\t\t\t\t\t\t\t<\/div>\n\t\t\t\t<\/div>\n\t\t\t\t<div class=\"elementor-element elementor-element-90224fa elementor-widget elementor-widget-text-editor\" data-id=\"90224fa\" data-element_type=\"widget\" data-widget_type=\"text-editor.default\">\n\t\t\t\t<div class=\"elementor-widget-container\">\n\t\t\t\t\t\t\t\t\t<p>*Enligt&nbsp;<span style=\"font-size: 1rem; text-align: var(--text-align); color: #270f1b; font-kerning: none;\">rapporten<\/span><span style=\"font-size: 1rem; text-align: var(--text-align); color: #270f1b; font-kerning: none;\">&nbsp;&nbsp;<\/span><span style=\"font-size: 1rem; text-align: var(--text-align); color: #270f1b; font-kerning: none;\">\u201cV\u00e5ld \u00e4r aldrig okej!\u201d av stiftelsen Allm\u00e4nna barnhuset (2022) \u00e4r det fler \u00e4n ett av fyra barn som uts\u00e4tts. I en klass p\u00e5 25 elever blir 7 av eleverna utsatta f\u00f6r sexuella \u00f6vergrepp innan de hinner fyller 18 \u00e5r.<\/span><span style=\"font-size: 1rem; text-align: var(--text-align);\">&nbsp;<\/span><\/p>\t\t\t\t\t\t\t\t<\/div>\n\t\t\t\t<\/div>\n\t\t\t\t\t<\/div>\n\t\t\t\t<\/div>\n\t\t<div class=\"elementor-element elementor-element-6fc7408 e-flex e-con-boxed e-con e-parent\" data-id=\"6fc7408\" data-element_type=\"container\">\n\t\t\t\t\t<div class=\"e-con-inner\">\n\t\t\t\t<div class=\"elementor-element elementor-element-98edbec elementor-widget elementor-widget-video\" data-id=\"98edbec\" data-element_type=\"widget\" data-settings=\"{&quot;youtube_url&quot;:&quot;https:\\\/\\\/www.youtube.com\\\/watch?v=2dmvCHPOYTM&quot;,&quot;video_type&quot;:&quot;youtube&quot;,&quot;controls&quot;:&quot;yes&quot;}\" data-widget_type=\"video.default\">\n\t\t\t\t<div class=\"elementor-widget-container\">\n\t\t\t\t\t\t\t<div class=\"elementor-wrapper elementor-open-inline\">\n\t\t\t<div class=\"elementor-video\"><\/div>\t\t<\/div>\n\t\t\t\t\t\t<\/div>\n\t\t\t\t<\/div>\n\t\t\t\t<div class=\"elementor-element elementor-element-125d4ae elementor-blockquote--skin-quotation elementor-widget__width-initial elementor-blockquote--button-color-official elementor-widget elementor-widget-blockquote\" data-id=\"125d4ae\" data-element_type=\"widget\" data-widget_type=\"blockquote.default\">\n\t\t\t\t<div class=\"elementor-widget-container\">\n\t\t\t\t\t\t\t<blockquote class=\"elementor-blockquote\">\n\t\t\t<p class=\"elementor-blockquote__content\">\n\t\t\t\tAlla barn har r\u00e4tt till sin barndom. Tre barn i varje klass har inte f\u00e5tt den r\u00e4tten. Jag \u00e4r en av de tre. Min mission \u00e4r att tre ska bli noll.\t\t\t<\/p>\n\t\t\t\t\t\t\t<div class=\"e-q-footer\">\n\t\t\t\t\t\t\t\t\t\t\t<cite class=\"elementor-blockquote__author\">Elaine Eksv\u00e4rd<\/cite>\n\t\t\t\t\t\t\t\t\t\t\t\t\t\t<\/div>\n\t\t\t\t\t<\/blockquote>\n\t\t\t\t\t\t<\/div>\n\t\t\t\t<\/div>\n\t\t\t\t\t<\/div>\n\t\t\t\t<\/div>\n\t\t<div class=\"elementor-element elementor-element-9c0e33e e-flex e-con-boxed e-con e-parent\" data-id=\"9c0e33e\" data-element_type=\"container\">\n\t\t\t\t\t<div class=\"e-con-inner\">\n\t\t\t\t<div class=\"elementor-element elementor-element-4994e54 elementor-widget elementor-widget-text-editor\" data-id=\"4994e54\" data-element_type=\"widget\" data-widget_type=\"text-editor.default\">\n\t\t\t\t<div class=\"elementor-widget-container\">\n\t\t\t\t\t\t\t\t\t<h3>Registrera din f\u00f6rskola<\/h3><p>Arbetar ni med barns integritet och f\u00f6rebygger sexuella \u00f6vergrepp? Du som f\u00f6rskolechef kan nu registrera din f\u00f6rskola. N\u00e4r du registrerar dig, l\u00e4ggs ni till i v\u00e5rt register och g\u00f6r det m\u00f6jligt f\u00f6r v\u00e5rdnadshavare att veta att just ni arbetar med integritet.<\/p>\t\t\t\t\t\t\t\t<\/div>\n\t\t\t\t<\/div>\n\t\t\t\t<div class=\"elementor-element elementor-element-227907e elementor-widget elementor-widget-button\" data-id=\"227907e\" data-element_type=\"widget\" data-widget_type=\"button.default\">\n\t\t\t\t<div class=\"elementor-widget-container\">\n\t\t\t\t\t\t\t\t\t<div class=\"elementor-button-wrapper\">\n\t\t\t\t\t<a class=\"elementor-button elementor-button-link elementor-size-sm\" href=\"https:\/\/treskablinoll.nu\/ll\/forskolebrevet\/registrera-forskola\/\">\n\t\t\t\t\t\t<span class=\"elementor-button-content-wrapper\">\n\t\t\t\t\t\t<span class=\"elementor-button-icon\">\n\t\t\t\t<i aria-hidden=\"true\" class=\"fas fa-arrow-right\"><\/i>\t\t\t<\/span>\n\t\t\t\t\t\t\t\t\t<span class=\"elementor-button-text\">Registrera f\u00f6rskola<\/span>\n\t\t\t\t\t<\/span>\n\t\t\t\t\t<\/a>\n\t\t\t\t<\/div>\n\t\t\t\t\t\t\t\t<\/div>\n\t\t\t\t<\/div>\n\t\t\t\t\t<\/div>\n\t\t\t\t<\/div>\n\t\t\t\t<\/div>","protected":false},"excerpt":{"rendered":"<p>Ett st\u00f6d f\u00f6r f\u00f6rskolan i det f\u00f6rebyggande arbetet mot sexuella \u00f6vergrepp. Vi vill, tillsammans med er, skapa en f\u00f6rskola som \u00e4r trygg f\u00f6r barn och d\u00e4r barn l\u00e4r sig om integritet \u2013 och sina r\u00e4ttigheter.<\/p>","protected":false},"author":6,"featured_media":10175,"parent":0,"menu_order":27,"comment_status":"closed","ping_status":"closed","template":"","meta":{"_acf_changed":false,"footnotes":""},"class_list":["post-1107","page","type-page","status-publish","has-post-thumbnail","hentry"],"acf":[],"_links":{"self":[{"href":"https:\/\/treskablinoll.nu\/ll\/wp-json\/wp\/v2\/pages\/1107","targetHints":{"allow":["GET"]}}],"collection":[{"href":"https:\/\/treskablinoll.nu\/ll\/wp-json\/wp\/v2\/pages"}],"about":[{"href":"https:\/\/treskablinoll.nu\/ll\/wp-json\/wp\/v2\/types\/page"}],"author":[{"embeddable":true,"href":"https:\/\/treskablinoll.nu\/ll\/wp-json\/wp\/v2\/users\/6"}],"replies":[{"embeddable":true,"href":"https:\/\/treskablinoll.nu\/ll\/wp-json\/wp\/v2\/comments?post=1107"}],"version-history":[{"count":42,"href":"https:\/\/treskablinoll.nu\/ll\/wp-json\/wp\/v2\/pages\/1107\/revisions"}],"predecessor-version":[{"id":13364,"href":"https:\/\/treskablinoll.nu\/ll\/wp-json\/wp\/v2\/pages\/1107\/revisions\/13364"}],"wp:featuredmedia":[{"embeddable":true,"href":"https:\/\/treskablinoll.nu\/ll\/wp-json\/wp\/v2\/media\/10175"}],"wp:attachment":[{"href":"https:\/\/treskablinoll.nu\/ll\/wp-json\/wp\/v2\/media?parent=1107"}],"curies":[{"name":"wp","href":"https:\/\/api.w.org\/{rel}","templated":true}]}}