{"id":10970,"date":"2024-05-07T13:18:00","date_gmt":"2024-05-07T11:18:00","guid":{"rendered":"https:\/\/treskablinoll.nu\/?page_id=10970"},"modified":"2024-05-07T14:04:53","modified_gmt":"2024-05-07T12:04:53","slug":"riskerar-du-att-utsatta-andra","status":"publish","type":"page","link":"https:\/\/treskablinoll.nu\/ll\/kunskapsbanken\/stod-och-hjalp\/riskerar-du-att-utsatta-andra\/","title":{"rendered":"Riskerar du att uts\u00e4tta andra?"},"content":{"rendered":"<div data-elementor-type=\"wp-page\" data-elementor-id=\"10970\" class=\"elementor elementor-10970\" data-elementor-post-type=\"page\">\n\t\t\t\t<div class=\"elementor-element elementor-element-0d69f99 e-flex e-con-boxed e-con e-parent\" data-id=\"0d69f99\" data-element_type=\"container\" data-settings=\"{&quot;background_background&quot;:&quot;classic&quot;}\">\n\t\t\t\t\t<div class=\"e-con-inner\">\n\t\t\t\t<div class=\"elementor-element elementor-element-ab283e8 elementor-widget elementor-widget-heading\" data-id=\"ab283e8\" data-element_type=\"widget\" data-widget_type=\"heading.default\">\n\t\t\t\t<div class=\"elementor-widget-container\">\n\t\t\t\t\t<h3 class=\"elementor-heading-title elementor-size-default\">OM DU RISKERAR ATT UTS\u00c4TTA ANDRA<\/h3>\t\t\t\t<\/div>\n\t\t\t\t<\/div>\n\t\t\t\t<div class=\"elementor-element elementor-element-56d02f4 elementor-widget elementor-widget-toggle\" data-id=\"56d02f4\" data-element_type=\"widget\" data-widget_type=\"toggle.default\">\n\t\t\t\t<div class=\"elementor-widget-container\">\n\t\t\t\t\t\t\t<div class=\"elementor-toggle\">\n\t\t\t\t\t\t\t<div class=\"elementor-toggle-item\">\n\t\t\t\t\t<h5 id=\"elementor-tab-title-9101\" class=\"elementor-tab-title\" data-tab=\"1\" role=\"button\" aria-controls=\"elementor-tab-content-9101\" aria-expanded=\"false\">\n\t\t\t\t\t\t\t\t\t\t\t\t<span class=\"elementor-toggle-icon elementor-toggle-icon-right\" aria-hidden=\"true\">\n\t\t\t\t\t\t\t\t\t\t\t\t\t\t\t<span class=\"elementor-toggle-icon-closed\"><i class=\"fas fa-caret-down\"><\/i><\/span>\n\t\t\t\t\t\t\t\t<span class=\"elementor-toggle-icon-opened\"><i class=\"elementor-toggle-icon-opened fas fa-caret-up\"><\/i><\/span>\n\t\t\t\t\t\t\t\t\t\t\t\t\t<\/span>\n\t\t\t\t\t\t\t\t\t\t\t\t<a class=\"elementor-toggle-title\" tabindex=\"0\">V\u00c4LJ ATT SLUTA<\/a>\n\t\t\t\t\t<\/h5>\n\n\t\t\t\t\t<div id=\"elementor-tab-content-9101\" class=\"elementor-tab-content elementor-clearfix\" data-tab=\"1\" role=\"region\" aria-labelledby=\"elementor-tab-title-9101\"><p><span data-contrast=\"auto\">V\u00e4lj att sluta \u00e4r en nationell telefonlinje f\u00f6r dig som vill f\u00e5 hj\u00e4lp att f\u00f6r\u00e4ndra ett kontrollerande eller v\u00e5ldsamt beteende mot dina n\u00e4rst\u00e5ende. Telefonlinjen v\u00e4nder sig till alla, oavsett k\u00f6n och sexuell l\u00e4ggning, och oavsett var du bor. Du \u00e4r anonym n\u00e4r du ringer.<\/span><span data-ccp-props=\"{}\">\u00a0<\/span><\/p><p><a href=\"https:\/\/valjattsluta.se\" target=\"_blank\" rel=\"noopener\"><span data-contrast=\"auto\">www.valjattsluta.se<\/span><\/a><\/p><\/div>\n\t\t\t\t<\/div>\n\t\t\t\t\t\t\t<div class=\"elementor-toggle-item\">\n\t\t\t\t\t<h5 id=\"elementor-tab-title-9102\" class=\"elementor-tab-title\" data-tab=\"2\" role=\"button\" aria-controls=\"elementor-tab-content-9102\" aria-expanded=\"false\">\n\t\t\t\t\t\t\t\t\t\t\t\t<span class=\"elementor-toggle-icon elementor-toggle-icon-right\" aria-hidden=\"true\">\n\t\t\t\t\t\t\t\t\t\t\t\t\t\t\t<span class=\"elementor-toggle-icon-closed\"><i class=\"fas fa-caret-down\"><\/i><\/span>\n\t\t\t\t\t\t\t\t<span class=\"elementor-toggle-icon-opened\"><i class=\"elementor-toggle-icon-opened fas fa-caret-up\"><\/i><\/span>\n\t\t\t\t\t\t\t\t\t\t\t\t\t<\/span>\n\t\t\t\t\t\t\t\t\t\t\t\t<a class=\"elementor-toggle-title\" tabindex=\"0\">KILLAR \u2013 MOTTAGNINGEN<\/a>\n\t\t\t\t\t<\/h5>\n\n\t\t\t\t\t<div id=\"elementor-tab-content-9102\" class=\"elementor-tab-content elementor-clearfix\" data-tab=\"2\" role=\"region\" aria-labelledby=\"elementor-tab-title-9102\"><p><span data-contrast=\"auto\">Killar.se har en samtalsmottagning f\u00f6r dem som identifierar sig som kille och \u00e4r mellan 15-25 \u00e5r. Mottagningen erbjuder samtal med kurator som kan ske fysiskt (Stockholm) eller online f\u00f6r de som inte kan tr\u00e4ffas fysiskt.\u00a0<\/span><span data-ccp-props=\"{}\">\u00a0<\/span><\/p><p><a class=\"Hyperlink SCXW38565173 BCX4\" href=\"https:\/\/killar.se\/mer\/mottagningen\" target=\"_blank\" rel=\"noreferrer noopener\"><span class=\"TextRun Underlined SCXW38565173 BCX4\" lang=\"SV-SE\" xml:lang=\"SV-SE\" data-contrast=\"none\"><span class=\"NormalTextRun SCXW38565173 BCX4\" data-ccp-charstyle=\"Hyperlink\">killar.se\/mer\/mottagningen<\/span><\/span><\/a><\/p><\/div>\n\t\t\t\t<\/div>\n\t\t\t\t\t\t\t<div class=\"elementor-toggle-item\">\n\t\t\t\t\t<h5 id=\"elementor-tab-title-9103\" class=\"elementor-tab-title\" data-tab=\"3\" role=\"button\" aria-controls=\"elementor-tab-content-9103\" aria-expanded=\"false\">\n\t\t\t\t\t\t\t\t\t\t\t\t<span class=\"elementor-toggle-icon elementor-toggle-icon-right\" aria-hidden=\"true\">\n\t\t\t\t\t\t\t\t\t\t\t\t\t\t\t<span class=\"elementor-toggle-icon-closed\"><i class=\"fas fa-caret-down\"><\/i><\/span>\n\t\t\t\t\t\t\t\t<span class=\"elementor-toggle-icon-opened\"><i class=\"elementor-toggle-icon-opened fas fa-caret-up\"><\/i><\/span>\n\t\t\t\t\t\t\t\t\t\t\t\t\t<\/span>\n\t\t\t\t\t\t\t\t\t\t\t\t<a class=\"elementor-toggle-title\" tabindex=\"0\">UNGA RELATIONER<\/a>\n\t\t\t\t\t<\/h5>\n\n\t\t\t\t\t<div id=\"elementor-tab-content-9103\" class=\"elementor-tab-content elementor-clearfix\" data-tab=\"3\" role=\"region\" aria-labelledby=\"elementor-tab-title-9103\"><p><span data-contrast=\"auto\">Unga relationer ger <\/span><span data-contrast=\"auto\">st\u00f6d och information till dig upp till 20 \u00e5r, som blir utsatt i din relation, \u00e4r kompis till n\u00e5gon som blir det, eller \u00e4r den som uts\u00e4tter. Det kan vara p\u00e5g\u00e5ende eller ha h\u00e4nt tidigare. Chatten \u00e4r anonym.<\/span><span data-ccp-props=\"{}\">\u00a0<\/span><\/p><p><a href=\"http:\/\/www.ungarelationer.se\/\" target=\"_blank\" rel=\"noopener\"><span data-contrast=\"none\">www.ungarelationer.se<\/span><\/a> <span data-ccp-props=\"{}\">\u00a0<\/span><\/p><\/div>\n\t\t\t\t<\/div>\n\t\t\t\t\t\t\t<div class=\"elementor-toggle-item\">\n\t\t\t\t\t<h5 id=\"elementor-tab-title-9104\" class=\"elementor-tab-title\" data-tab=\"4\" role=\"button\" aria-controls=\"elementor-tab-content-9104\" aria-expanded=\"false\">\n\t\t\t\t\t\t\t\t\t\t\t\t<span class=\"elementor-toggle-icon elementor-toggle-icon-right\" aria-hidden=\"true\">\n\t\t\t\t\t\t\t\t\t\t\t\t\t\t\t<span class=\"elementor-toggle-icon-closed\"><i class=\"fas fa-caret-down\"><\/i><\/span>\n\t\t\t\t\t\t\t\t<span class=\"elementor-toggle-icon-opened\"><i class=\"elementor-toggle-icon-opened fas fa-caret-up\"><\/i><\/span>\n\t\t\t\t\t\t\t\t\t\t\t\t\t<\/span>\n\t\t\t\t\t\t\t\t\t\t\t\t<a class=\"elementor-toggle-title\" tabindex=\"0\">PREVENTELL<\/a>\n\t\t\t\t\t<\/h5>\n\n\t\t\t\t\t<div id=\"elementor-tab-content-9104\" class=\"elementor-tab-content elementor-clearfix\" data-tab=\"4\" role=\"region\" aria-labelledby=\"elementor-tab-title-9104\"><p><span data-contrast=\"auto\">PrevenTell \u00e4r en nationell hj\u00e4lplinje f\u00f6r dig som upplever att du tappat kontrollen \u00f6ver din sexualitet, som kanske k\u00e4nner oro f\u00f6r tankar och handlingar, eller \u00e4r r\u00e4dd att g\u00f6ra dig sj\u00e4lv eller andra illa. Hos oss f\u00e5r du m\u00f6jlighet att prata anonymt med n\u00e5gon som har stor erfarenhet av liknande fr\u00e5gor. PrevenTell hj\u00e4lper dig som \u00e4r \u00f6ver 16 \u00e5r.<\/span><span data-ccp-props=\"{&quot;335559739&quot;:480}\">\u00a0<\/span><\/p><p><a href=\"http:\/\/preventell.se\/\" target=\"_blank\" rel=\"noopener\"><span data-contrast=\"auto\">L\u00e4s mer p\u00e5 preventell.se<\/span><\/a><span data-ccp-props=\"{&quot;335559739&quot;:480}\">\u00a0<\/span><\/p><\/div>\n\t\t\t\t<\/div>\n\t\t\t\t\t\t\t<div class=\"elementor-toggle-item\">\n\t\t\t\t\t<h5 id=\"elementor-tab-title-9105\" class=\"elementor-tab-title\" data-tab=\"5\" role=\"button\" aria-controls=\"elementor-tab-content-9105\" aria-expanded=\"false\">\n\t\t\t\t\t\t\t\t\t\t\t\t<span class=\"elementor-toggle-icon elementor-toggle-icon-right\" aria-hidden=\"true\">\n\t\t\t\t\t\t\t\t\t\t\t\t\t\t\t<span class=\"elementor-toggle-icon-closed\"><i class=\"fas fa-caret-down\"><\/i><\/span>\n\t\t\t\t\t\t\t\t<span class=\"elementor-toggle-icon-opened\"><i class=\"elementor-toggle-icon-opened fas fa-caret-up\"><\/i><\/span>\n\t\t\t\t\t\t\t\t\t\t\t\t\t<\/span>\n\t\t\t\t\t\t\t\t\t\t\t\t<a class=\"elementor-toggle-title\" tabindex=\"0\">MANSJOUREN<\/a>\n\t\t\t\t\t<\/h5>\n\n\t\t\t\t\t<div id=\"elementor-tab-content-9105\" class=\"elementor-tab-content elementor-clearfix\" data-tab=\"5\" role=\"region\" aria-labelledby=\"elementor-tab-title-9105\"><p><span data-contrast=\"auto\">Mansjouren \u00e4r en ideell f\u00f6rening som ger samtalsst\u00f6d till m\u00e4n som beh\u00f6ver prata med n\u00e5gon f\u00f6r att hitta sin v\u00e4g fram\u00e5t i livet. Dom har bland annat telefonjour.<\/span><span data-ccp-props=\"{}\">\u00a0<\/span><\/p><p><a href=\"http:\/\/www.mansjouren.se\/\" target=\"_blank\" rel=\"noopener\"><span data-contrast=\"none\">www.mansjouren.se<\/span><\/a> <span data-ccp-props=\"{&quot;335559739&quot;:0}\">\u00a0<\/span><\/p><\/div>\n\t\t\t\t<\/div>\n\t\t\t\t\t\t\t\t<\/div>\n\t\t\t\t\t\t<\/div>\n\t\t\t\t<\/div>\n\t\t\t\t\t<\/div>\n\t\t\t\t<\/div>\n\t\t\t\t<\/div>","protected":false},"excerpt":{"rendered":"<p>Om du uts\u00e4tter, eller riskerar att uts\u00e4tta andra, s\u00e5 \u00e4r det viktigt att du s\u00f6ker hj\u00e4lp s\u00e5 tidigt som m\u00f6jligt. Det kan handla om att du blir aggressiv, kontrollerande eller inte respekterar andras gr\u00e4nser. H\u00e4r listar vi n\u00e5gra organisationer som g\u00e4rna vill hj\u00e4lpa dig.<\/p>","protected":false},"author":129,"featured_media":0,"parent":879,"menu_order":46,"comment_status":"closed","ping_status":"closed","template":"","meta":{"_acf_changed":false,"footnotes":""},"class_list":["post-10970","page","type-page","status-publish","hentry"],"acf":[],"_links":{"self":[{"href":"https:\/\/treskablinoll.nu\/ll\/wp-json\/wp\/v2\/pages\/10970","targetHints":{"allow":["GET"]}}],"collection":[{"href":"https:\/\/treskablinoll.nu\/ll\/wp-json\/wp\/v2\/pages"}],"about":[{"href":"https:\/\/treskablinoll.nu\/ll\/wp-json\/wp\/v2\/types\/page"}],"author":[{"embeddable":true,"href":"https:\/\/treskablinoll.nu\/ll\/wp-json\/wp\/v2\/users\/129"}],"replies":[{"embeddable":true,"href":"https:\/\/treskablinoll.nu\/ll\/wp-json\/wp\/v2\/comments?post=10970"}],"version-history":[{"count":8,"href":"https:\/\/treskablinoll.nu\/ll\/wp-json\/wp\/v2\/pages\/10970\/revisions"}],"predecessor-version":[{"id":11003,"href":"https:\/\/treskablinoll.nu\/ll\/wp-json\/wp\/v2\/pages\/10970\/revisions\/11003"}],"up":[{"embeddable":true,"href":"https:\/\/treskablinoll.nu\/ll\/wp-json\/wp\/v2\/pages\/879"}],"wp:attachment":[{"href":"https:\/\/treskablinoll.nu\/ll\/wp-json\/wp\/v2\/media?parent=10970"}],"curies":[{"name":"wp","href":"https:\/\/api.w.org\/{rel}","templated":true}]}}