{"id":10968,"date":"2024-05-07T13:17:36","date_gmt":"2024-05-07T11:17:36","guid":{"rendered":"https:\/\/treskablinoll.nu\/?page_id=10968"},"modified":"2025-12-03T11:02:27","modified_gmt":"2025-12-03T10:02:27","slug":"ar-du-drabbad","status":"publish","type":"page","link":"https:\/\/treskablinoll.nu\/ll\/kunskapsbanken\/stod-och-hjalp\/ar-du-drabbad\/","title":{"rendered":"\u00c4r du drabbad?"},"content":{"rendered":"<div data-elementor-type=\"wp-page\" data-elementor-id=\"10968\" class=\"elementor elementor-10968\" data-elementor-post-type=\"page\">\n\t\t\t\t<div class=\"elementor-element elementor-element-6f114c94 e-flex e-con-boxed e-con e-parent\" data-id=\"6f114c94\" data-element_type=\"container\" data-settings=\"{&quot;background_background&quot;:&quot;classic&quot;}\">\n\t\t\t\t\t<div class=\"e-con-inner\">\n\t\t\t\t<div class=\"elementor-element elementor-element-3886eaf2 elementor-widget elementor-widget-heading\" data-id=\"3886eaf2\" data-element_type=\"widget\" data-widget_type=\"heading.default\">\n\t\t\t\t<div class=\"elementor-widget-container\">\n\t\t\t\t\t<h3 class=\"elementor-heading-title elementor-size-default\">HIT KAN DU V\u00c4NDA DIG OM DU \u00c4R DRABBAD<\/h3>\t\t\t\t<\/div>\n\t\t\t\t<\/div>\n\t\t\t\t<div class=\"elementor-element elementor-element-3b2f16ba elementor-widget elementor-widget-toggle\" data-id=\"3b2f16ba\" data-element_type=\"widget\" data-widget_type=\"toggle.default\">\n\t\t\t\t<div class=\"elementor-widget-container\">\n\t\t\t\t\t\t\t<div class=\"elementor-toggle\">\n\t\t\t\t\t\t\t<div class=\"elementor-toggle-item\">\n\t\t\t\t\t<h5 id=\"elementor-tab-title-9921\" class=\"elementor-tab-title\" data-tab=\"1\" role=\"button\" aria-controls=\"elementor-tab-content-9921\" aria-expanded=\"false\">\n\t\t\t\t\t\t\t\t\t\t\t\t<span class=\"elementor-toggle-icon elementor-toggle-icon-right\" aria-hidden=\"true\">\n\t\t\t\t\t\t\t\t\t\t\t\t\t\t\t<span class=\"elementor-toggle-icon-closed\"><i class=\"fas fa-caret-down\"><\/i><\/span>\n\t\t\t\t\t\t\t\t<span class=\"elementor-toggle-icon-opened\"><i class=\"elementor-toggle-icon-opened fas fa-caret-up\"><\/i><\/span>\n\t\t\t\t\t\t\t\t\t\t\t\t\t<\/span>\n\t\t\t\t\t\t\t\t\t\t\t\t<a class=\"elementor-toggle-title\" tabindex=\"0\">DITT ECPAT- f\u00f6r  alla under 18<\/a>\n\t\t\t\t\t<\/h5>\n\n\t\t\t\t\t<div id=\"elementor-tab-content-9921\" class=\"elementor-tab-content elementor-clearfix\" data-tab=\"1\" role=\"region\" aria-labelledby=\"elementor-tab-title-9921\"><p><span data-contrast=\"auto\">Ditt ECPAT \u00e4r en plats f\u00f6r alla under 18 \u00e5r. De ger hj\u00e4lp, st\u00f6d och kunskap om bilder, sexuella kr\u00e4nkningar, hot och \u00f6vergrepp p\u00e5 n\u00e4tet eller IRL. De kan \u00e4ven hj\u00e4lpa dig ta ner nakenbilder som har spridits.<\/span><span data-ccp-props=\"{&quot;335559739&quot;:480}\">\u00a0<\/span><\/p><p><a href=\"http:\/\/www.dittecpat.se\/\" target=\"_blank\" rel=\"noopener\"><span data-contrast=\"auto\">www.dittecpat.se<\/span><\/a><span data-ccp-props=\"{&quot;335559739&quot;:480}\">\u00a0<\/span><\/p><\/div>\n\t\t\t\t<\/div>\n\t\t\t\t\t\t\t<div class=\"elementor-toggle-item\">\n\t\t\t\t\t<h5 id=\"elementor-tab-title-9922\" class=\"elementor-tab-title\" data-tab=\"2\" role=\"button\" aria-controls=\"elementor-tab-content-9922\" aria-expanded=\"false\">\n\t\t\t\t\t\t\t\t\t\t\t\t<span class=\"elementor-toggle-icon elementor-toggle-icon-right\" aria-hidden=\"true\">\n\t\t\t\t\t\t\t\t\t\t\t\t\t\t\t<span class=\"elementor-toggle-icon-closed\"><i class=\"fas fa-caret-down\"><\/i><\/span>\n\t\t\t\t\t\t\t\t<span class=\"elementor-toggle-icon-opened\"><i class=\"elementor-toggle-icon-opened fas fa-caret-up\"><\/i><\/span>\n\t\t\t\t\t\t\t\t\t\t\t\t\t<\/span>\n\t\t\t\t\t\t\t\t\t\t\t\t<a class=\"elementor-toggle-title\" tabindex=\"0\">NOVAHUSET - f\u00f6r alla <\/a>\n\t\t\t\t\t<\/h5>\n\n\t\t\t\t\t<div id=\"elementor-tab-content-9922\" class=\"elementor-tab-content elementor-clearfix\" data-tab=\"2\" role=\"region\" aria-labelledby=\"elementor-tab-title-9922\"><p><span data-contrast=\"auto\">Novahuset \u00e4r en ideell f\u00f6rening som erbjuder st\u00f6d och r\u00e5dgivning till personer som har blivit utsatta f\u00f6r n\u00e5gon form av sexuellt \u00f6vergrepp, online eller offline. Oavsett vem du \u00e4r s\u00e5 \u00e4r du alltid v\u00e4lkommen att kontakta oss. Det kan handla om allt fr\u00e5n att prata om kroppen, porr, sex och relationer, till att f\u00e5 st\u00f6d med att hantera ett \u00f6vergrepp, eller hj\u00e4lp med att g\u00f6ra en polisanm\u00e4lan. Vi har ingen anm\u00e4lningsplikt och som st\u00f6ds\u00f6kande har du alltid m\u00f6jlighet att vara anonym.<\/span><span data-ccp-props=\"{&quot;335559739&quot;:480}\">\u00a0<\/span><\/p><p><span data-contrast=\"auto\">Vi v\u00e4nder oss \u00e4ven till anh\u00f6riga och yrkesverksamma.<\/span><span data-ccp-props=\"{&quot;335559739&quot;:480}\">\u00a0<\/span><\/p><p><a href=\"https:\/\/www.novahuset.com\/\" target=\"_blank\" rel=\"noopener\"><span data-contrast=\"auto\">L\u00e4s mer novahuset.com<\/span><\/a><span data-ccp-props=\"{&quot;335559739&quot;:480}\">\u00a0<\/span><\/p><\/div>\n\t\t\t\t<\/div>\n\t\t\t\t\t\t\t<div class=\"elementor-toggle-item\">\n\t\t\t\t\t<h5 id=\"elementor-tab-title-9923\" class=\"elementor-tab-title\" data-tab=\"3\" role=\"button\" aria-controls=\"elementor-tab-content-9923\" aria-expanded=\"false\">\n\t\t\t\t\t\t\t\t\t\t\t\t<span class=\"elementor-toggle-icon elementor-toggle-icon-right\" aria-hidden=\"true\">\n\t\t\t\t\t\t\t\t\t\t\t\t\t\t\t<span class=\"elementor-toggle-icon-closed\"><i class=\"fas fa-caret-down\"><\/i><\/span>\n\t\t\t\t\t\t\t\t<span class=\"elementor-toggle-icon-opened\"><i class=\"elementor-toggle-icon-opened fas fa-caret-up\"><\/i><\/span>\n\t\t\t\t\t\t\t\t\t\t\t\t\t<\/span>\n\t\t\t\t\t\t\t\t\t\t\t\t<a class=\"elementor-toggle-title\" tabindex=\"0\">NXTME - f\u00f6r dig utsatt f\u00f6r incest<\/a>\n\t\t\t\t\t<\/h5>\n\n\t\t\t\t\t<div id=\"elementor-tab-content-9923\" class=\"elementor-tab-content elementor-clearfix\" data-tab=\"3\" role=\"region\" aria-labelledby=\"elementor-tab-title-9923\"><p><span data-contrast=\"auto\">Nxtme<\/span><span data-contrast=\"auto\"> erbjuder st\u00f6d och hj\u00e4lp till alla som \u00e4r, riskerar att bli eller som varit utsatta f\u00f6r incest \u2014sexuella \u00f6vergrepp av n\u00e4rst\u00e5ende.\u00a0<\/span><span data-ccp-props=\"{&quot;335559739&quot;:480}\">\u00a0<\/span><\/p><p><span data-contrast=\"auto\">www.nxtme.se<\/span><span data-ccp-props=\"{&quot;335559739&quot;:480}\">\u00a0<\/span><\/p><\/div>\n\t\t\t\t<\/div>\n\t\t\t\t\t\t\t<div class=\"elementor-toggle-item\">\n\t\t\t\t\t<h5 id=\"elementor-tab-title-9924\" class=\"elementor-tab-title\" data-tab=\"4\" role=\"button\" aria-controls=\"elementor-tab-content-9924\" aria-expanded=\"false\">\n\t\t\t\t\t\t\t\t\t\t\t\t<span class=\"elementor-toggle-icon elementor-toggle-icon-right\" aria-hidden=\"true\">\n\t\t\t\t\t\t\t\t\t\t\t\t\t\t\t<span class=\"elementor-toggle-icon-closed\"><i class=\"fas fa-caret-down\"><\/i><\/span>\n\t\t\t\t\t\t\t\t<span class=\"elementor-toggle-icon-opened\"><i class=\"elementor-toggle-icon-opened fas fa-caret-up\"><\/i><\/span>\n\t\t\t\t\t\t\t\t\t\t\t\t\t<\/span>\n\t\t\t\t\t\t\t\t\t\t\t\t<a class=\"elementor-toggle-title\" tabindex=\"0\">Paraply - f\u00f6r barn och unga<\/a>\n\t\t\t\t\t<\/h5>\n\n\t\t\t\t\t<div id=\"elementor-tab-content-9924\" class=\"elementor-tab-content elementor-clearfix\" data-tab=\"4\" role=\"region\" aria-labelledby=\"elementor-tab-title-9924\"><p>Paraply \u00e4r en ideell, partipolitiskt och religi\u00f6st obunden organisation som arbetar f\u00f6r att s\u00e4kerst\u00e4lla alla barns r\u00e4tt till ett tryggt liv fritt fr\u00e5n sexuella \u00f6vergrepp. Paraply erbjuder en st\u00f6dchatt d\u00e4r du kan anonymt s\u00f6ka st\u00f6d. Chatten \u00e4r f\u00f6r barn och unga som utsatts f\u00f6r sexuellt v\u00e5ld IRL eller online men ocks\u00e5 f\u00f6r vuxna som utsatts i barndomen, har en anh\u00f6rig som utsatts eller k\u00e4nner oro f\u00f6r n\u00e5gon.\u00a0<br \/><a href=\"https:\/\/www.paraply.org\" target=\"_blank\" rel=\"noopener\">Bes\u00f6k Paraply h\u00e4r.\u00a0<\/a><\/p><\/div>\n\t\t\t\t<\/div>\n\t\t\t\t\t\t\t<div class=\"elementor-toggle-item\">\n\t\t\t\t\t<h5 id=\"elementor-tab-title-9925\" class=\"elementor-tab-title\" data-tab=\"5\" role=\"button\" aria-controls=\"elementor-tab-content-9925\" aria-expanded=\"false\">\n\t\t\t\t\t\t\t\t\t\t\t\t<span class=\"elementor-toggle-icon elementor-toggle-icon-right\" aria-hidden=\"true\">\n\t\t\t\t\t\t\t\t\t\t\t\t\t\t\t<span class=\"elementor-toggle-icon-closed\"><i class=\"fas fa-caret-down\"><\/i><\/span>\n\t\t\t\t\t\t\t\t<span class=\"elementor-toggle-icon-opened\"><i class=\"elementor-toggle-icon-opened fas fa-caret-up\"><\/i><\/span>\n\t\t\t\t\t\t\t\t\t\t\t\t\t<\/span>\n\t\t\t\t\t\t\t\t\t\t\t\t<a class=\"elementor-toggle-title\" tabindex=\"0\">RISE - f\u00f6r vuxna utsatta som barn<\/a>\n\t\t\t\t\t<\/h5>\n\n\t\t\t\t\t<div id=\"elementor-tab-content-9925\" class=\"elementor-tab-content elementor-clearfix\" data-tab=\"5\" role=\"region\" aria-labelledby=\"elementor-tab-title-9925\"><p>Rise har st\u00f6d f\u00f6r vuxna som utsatts sexuellt som barn. Du kan f\u00e5 hj\u00e4lp via telefon, chatt eller st\u00f6dgrupper. <br \/><br \/>L\u00e4s mer p\u00e5: <a href=\"https:\/\/rise-sverige.se\" target=\"_blank\" rel=\"noopener\">www.rise-sverige.se<\/a> \u00a0<\/p><\/div>\n\t\t\t\t<\/div>\n\t\t\t\t\t\t\t<div class=\"elementor-toggle-item\">\n\t\t\t\t\t<h5 id=\"elementor-tab-title-9926\" class=\"elementor-tab-title\" data-tab=\"6\" role=\"button\" aria-controls=\"elementor-tab-content-9926\" aria-expanded=\"false\">\n\t\t\t\t\t\t\t\t\t\t\t\t<span class=\"elementor-toggle-icon elementor-toggle-icon-right\" aria-hidden=\"true\">\n\t\t\t\t\t\t\t\t\t\t\t\t\t\t\t<span class=\"elementor-toggle-icon-closed\"><i class=\"fas fa-caret-down\"><\/i><\/span>\n\t\t\t\t\t\t\t\t<span class=\"elementor-toggle-icon-opened\"><i class=\"elementor-toggle-icon-opened fas fa-caret-up\"><\/i><\/span>\n\t\t\t\t\t\t\t\t\t\t\t\t\t<\/span>\n\t\t\t\t\t\t\t\t\t\t\t\t<a class=\"elementor-toggle-title\" tabindex=\"0\">WONSA - specialklinik med kunskap om sexuella \u00f6vergrepp<\/a>\n\t\t\t\t\t<\/h5>\n\n\t\t\t\t\t<div id=\"elementor-tab-content-9926\" class=\"elementor-tab-content elementor-clearfix\" data-tab=\"6\" role=\"region\" aria-labelledby=\"elementor-tab-title-9926\"><p><span data-contrast=\"auto\">World of No Sexual Abuse. Genom behandling, forskning och utbildning arbetar vi f\u00f6r en v\u00e4rld utan sexuella \u00f6vergrepp. Hj\u00e4rtat i Wonsas verksamhet \u00e4r v\u00e5r specialistklinik, d\u00e4r\u00a0 l\u00e4kare och terapeuter med s\u00e4rskild kunskap om incest och andra sexuella \u00f6vergrepp m\u00f6ter patienter som utsatts f\u00f6r \u00f6vergrepp, i barndomen eller i vuxenlivet.<\/span><span data-ccp-props=\"{&quot;335559739&quot;:480}\">\u00a0<\/span><\/p><p><span data-contrast=\"auto\">Du som patient \u00e4r alltid v\u00e4lkommen att kontakta Wonsa direkt, och ingen remiss beh\u00f6vs f\u00f6r det f\u00f6rsta l\u00e4karbes\u00f6ket. Du n\u00e5r oss enklast genom v\u00e5r mejl: <\/span><a href=\"mailto:mottagningen@wonsa.org\"><span data-contrast=\"auto\">mottagningen@wonsa.org<\/span><\/a><span data-ccp-props=\"{&quot;335559739&quot;:480}\">\u00a0<\/span><\/p><p><a href=\"http:\/\/www.wonsa.se\/sv\/\" target=\"_blank\" rel=\"noopener\"><span data-contrast=\"auto\">L\u00e4s mer p\u00e5 wonsa.se<\/span><\/a><span data-ccp-props=\"{&quot;335559739&quot;:480}\">\u00a0<\/span><\/p><\/div>\n\t\t\t\t<\/div>\n\t\t\t\t\t\t\t<div class=\"elementor-toggle-item\">\n\t\t\t\t\t<h5 id=\"elementor-tab-title-9927\" class=\"elementor-tab-title\" data-tab=\"7\" role=\"button\" aria-controls=\"elementor-tab-content-9927\" aria-expanded=\"false\">\n\t\t\t\t\t\t\t\t\t\t\t\t<span class=\"elementor-toggle-icon elementor-toggle-icon-right\" aria-hidden=\"true\">\n\t\t\t\t\t\t\t\t\t\t\t\t\t\t\t<span class=\"elementor-toggle-icon-closed\"><i class=\"fas fa-caret-down\"><\/i><\/span>\n\t\t\t\t\t\t\t\t<span class=\"elementor-toggle-icon-opened\"><i class=\"elementor-toggle-icon-opened fas fa-caret-up\"><\/i><\/span>\n\t\t\t\t\t\t\t\t\t\t\t\t\t<\/span>\n\t\t\t\t\t\t\t\t\t\t\t\t<a class=\"elementor-toggle-title\" tabindex=\"0\">ATSUB - anh\u00f6rig till ett barn utsatt f\u00f6r \u00f6vergrepp<\/a>\n\t\t\t\t\t<\/h5>\n\n\t\t\t\t\t<div id=\"elementor-tab-content-9927\" class=\"elementor-tab-content elementor-clearfix\" data-tab=\"7\" role=\"region\" aria-labelledby=\"elementor-tab-title-9927\"><p><a href=\"https:\/\/atsub.se\" target=\"_blank\" rel=\"noopener\">Anh\u00f6riga till sexuellt utsatta barn.<\/a> H\u00e4r kan du f\u00e5 st\u00f6d om du \u00e4r n\u00e4rst\u00e5ende till ett barn utsatt f\u00f6r \u00f6vergrepp.\u00a0<\/p><\/div>\n\t\t\t\t<\/div>\n\t\t\t\t\t\t\t<div class=\"elementor-toggle-item\">\n\t\t\t\t\t<h5 id=\"elementor-tab-title-9928\" class=\"elementor-tab-title\" data-tab=\"8\" role=\"button\" aria-controls=\"elementor-tab-content-9928\" aria-expanded=\"false\">\n\t\t\t\t\t\t\t\t\t\t\t\t<span class=\"elementor-toggle-icon elementor-toggle-icon-right\" aria-hidden=\"true\">\n\t\t\t\t\t\t\t\t\t\t\t\t\t\t\t<span class=\"elementor-toggle-icon-closed\"><i class=\"fas fa-caret-down\"><\/i><\/span>\n\t\t\t\t\t\t\t\t<span class=\"elementor-toggle-icon-opened\"><i class=\"elementor-toggle-icon-opened fas fa-caret-up\"><\/i><\/span>\n\t\t\t\t\t\t\t\t\t\t\t\t\t<\/span>\n\t\t\t\t\t\t\t\t\t\t\t\t<a class=\"elementor-toggle-title\" tabindex=\"0\">UNIZON<\/a>\n\t\t\t\t\t<\/h5>\n\n\t\t\t\t\t<div id=\"elementor-tab-content-9928\" class=\"elementor-tab-content elementor-clearfix\" data-tab=\"8\" role=\"region\" aria-labelledby=\"elementor-tab-title-9928\"><p><span data-contrast=\"auto\">Unizon samlar \u00f6ver 130 kvinnojourer, tjejjourer och andra st\u00f6dverksamheter som arbetar f\u00f6r ett j\u00e4mst\u00e4llt samh\u00e4lle fritt fr\u00e5n v\u00e5ld. Det finns omkring 200 kvinno- och tjejjourer i Sverige. H\u00e4r finns alla samlade. Du kan enkelt hitta den jour som ligger n\u00e4ra dig.<\/span><span data-ccp-props=\"{&quot;335559739&quot;:480}\">\u00a0<\/span><\/p><p><span data-contrast=\"auto\">I akuta situationer, ring Polisen p\u00e5 telefonnummer 112. Kvinnofridslinjen ger st\u00f6d dygnet runt p\u00e5 020-50 50 50.<\/span><span data-ccp-props=\"{&quot;335559739&quot;:480}\">\u00a0<\/span><\/p><p><a href=\"http:\/\/unizon.se\/\" target=\"_blank\" rel=\"noopener\"><span data-contrast=\"auto\">L\u00e4s mer p\u00e5 unizon.se<\/span><\/a><span data-ccp-props=\"{&quot;335559739&quot;:480}\">\u00a0<\/span><\/p><\/div>\n\t\t\t\t<\/div>\n\t\t\t\t\t\t\t<div class=\"elementor-toggle-item\">\n\t\t\t\t\t<h5 id=\"elementor-tab-title-9929\" class=\"elementor-tab-title\" data-tab=\"9\" role=\"button\" aria-controls=\"elementor-tab-content-9929\" aria-expanded=\"false\">\n\t\t\t\t\t\t\t\t\t\t\t\t<span class=\"elementor-toggle-icon elementor-toggle-icon-right\" aria-hidden=\"true\">\n\t\t\t\t\t\t\t\t\t\t\t\t\t\t\t<span class=\"elementor-toggle-icon-closed\"><i class=\"fas fa-caret-down\"><\/i><\/span>\n\t\t\t\t\t\t\t\t<span class=\"elementor-toggle-icon-opened\"><i class=\"elementor-toggle-icon-opened fas fa-caret-up\"><\/i><\/span>\n\t\t\t\t\t\t\t\t\t\t\t\t\t<\/span>\n\t\t\t\t\t\t\t\t\t\t\t\t<a class=\"elementor-toggle-title\" tabindex=\"0\">ROKS<\/a>\n\t\t\t\t\t<\/h5>\n\n\t\t\t\t\t<div id=\"elementor-tab-content-9929\" class=\"elementor-tab-content elementor-clearfix\" data-tab=\"9\" role=\"region\" aria-labelledby=\"elementor-tab-title-9929\"><p><span data-contrast=\"auto\">Roks (Riksorganisationen f\u00f6r kvinnojourer och tjejjourer i Sverige) vill att m\u00e4n ska sluta sl\u00e5 eller skr\u00e4mma kvinnor, tjejer och barn. Nu g\u00f6r m\u00e4n ofta s\u00e5. D\u00e4rf\u00f6r finns det skyddade platser \u00e5t kvinnor, tjejer och barn som \u00e4r r\u00e4dda f\u00f6r en farlig man. Platserna heter kvinnojourer. Och f\u00f6r unga tjejer som beh\u00f6ver st\u00f6d, r\u00e5d och hj\u00e4lp finns det \u00e4ven tjejjourer att v\u00e4nda sig till.<\/span><span data-ccp-props=\"{&quot;335559739&quot;:480}\">\u00a0<\/span><\/p><p><a href=\"https:\/\/www.roks.se\/\" target=\"_blank\" rel=\"noopener\"><span data-contrast=\"auto\">L\u00e4s mer p\u00e5 roks.se<\/span><\/a><span data-ccp-props=\"{&quot;335559739&quot;:480}\">\u00a0<\/span><\/p><\/div>\n\t\t\t\t<\/div>\n\t\t\t\t\t\t\t<div class=\"elementor-toggle-item\">\n\t\t\t\t\t<h5 id=\"elementor-tab-title-99210\" class=\"elementor-tab-title\" data-tab=\"10\" role=\"button\" aria-controls=\"elementor-tab-content-99210\" aria-expanded=\"false\">\n\t\t\t\t\t\t\t\t\t\t\t\t<span class=\"elementor-toggle-icon elementor-toggle-icon-right\" aria-hidden=\"true\">\n\t\t\t\t\t\t\t\t\t\t\t\t\t\t\t<span class=\"elementor-toggle-icon-closed\"><i class=\"fas fa-caret-down\"><\/i><\/span>\n\t\t\t\t\t\t\t\t<span class=\"elementor-toggle-icon-opened\"><i class=\"elementor-toggle-icon-opened fas fa-caret-up\"><\/i><\/span>\n\t\t\t\t\t\t\t\t\t\t\t\t\t<\/span>\n\t\t\t\t\t\t\t\t\t\t\t\t<a class=\"elementor-toggle-title\" tabindex=\"0\">KILLAR<\/a>\n\t\t\t\t\t<\/h5>\n\n\t\t\t\t\t<div id=\"elementor-tab-content-99210\" class=\"elementor-tab-content elementor-clearfix\" data-tab=\"10\" role=\"region\" aria-labelledby=\"elementor-tab-title-99210\"><p><span data-contrast=\"auto\">Killar.se har en samtalsmottagning f\u00f6r dem som identifierar sig som kille och \u00e4r mellan 15-25 \u00e5r. Mottagningen erbjuder samtal med kurator som kan ske fysiskt (Stockholm) eller online f\u00f6r de som inte kan tr\u00e4ffas fysiskt.\u00a0<\/span><span data-ccp-props=\"{}\">\u00a0<\/span><\/p><p><a href=\"http:\/\/www.killar.se\/mer\/mottagningen\" target=\"_blank\" rel=\"noopener\"><span data-contrast=\"none\">www.killar.se\/mer\/mottagningen<\/span><\/a> <span data-ccp-props=\"{}\">\u00a0<\/span><\/p><\/div>\n\t\t\t\t<\/div>\n\t\t\t\t\t\t\t<div class=\"elementor-toggle-item\">\n\t\t\t\t\t<h5 id=\"elementor-tab-title-99211\" class=\"elementor-tab-title\" data-tab=\"11\" role=\"button\" aria-controls=\"elementor-tab-content-99211\" aria-expanded=\"false\">\n\t\t\t\t\t\t\t\t\t\t\t\t<span class=\"elementor-toggle-icon elementor-toggle-icon-right\" aria-hidden=\"true\">\n\t\t\t\t\t\t\t\t\t\t\t\t\t\t\t<span class=\"elementor-toggle-icon-closed\"><i class=\"fas fa-caret-down\"><\/i><\/span>\n\t\t\t\t\t\t\t\t<span class=\"elementor-toggle-icon-opened\"><i class=\"elementor-toggle-icon-opened fas fa-caret-up\"><\/i><\/span>\n\t\t\t\t\t\t\t\t\t\t\t\t\t<\/span>\n\t\t\t\t\t\t\t\t\t\t\t\t<a class=\"elementor-toggle-title\" tabindex=\"0\">UNGA RELATIONER<\/a>\n\t\t\t\t\t<\/h5>\n\n\t\t\t\t\t<div id=\"elementor-tab-content-99211\" class=\"elementor-tab-content elementor-clearfix\" data-tab=\"11\" role=\"region\" aria-labelledby=\"elementor-tab-title-99211\"><p><span data-contrast=\"auto\">Unga relationer ger <\/span><span data-contrast=\"auto\">st\u00f6d och information till dig upp till 20 \u00e5r, som blir utsatt i din relation, \u00e4r kompis till n\u00e5gon som blir det, eller \u00e4r den som uts\u00e4tter. Det kan vara p\u00e5g\u00e5ende eller ha h\u00e4nt tidigare. Chatten \u00e4r anonym.<\/span><span data-ccp-props=\"{}\">\u00a0<\/span><\/p><p><span data-contrast=\"auto\">www.ungarelationer.se<\/span><span data-ccp-props=\"{}\">\u00a0<\/span><\/p><\/div>\n\t\t\t\t<\/div>\n\t\t\t\t\t\t\t\t<\/div>\n\t\t\t\t\t\t<\/div>\n\t\t\t\t<\/div>\n\t\t\t\t\t<\/div>\n\t\t\t\t<\/div>\n\t\t\t\t<\/div>","protected":false},"excerpt":{"rendered":"<p>Det finns m\u00e5nga som kan hj\u00e4lpa dig. H\u00e4r finns l\u00e4nkar till dig som beh\u00f6ver n\u00e5gon trygg vuxen att prata med. P\u00e5 m\u00e5nga av de h\u00e4r sidorna kan du vara anonym. Du \u00e4r inte ensam.<\/p>","protected":false},"author":129,"featured_media":0,"parent":879,"menu_order":45,"comment_status":"closed","ping_status":"closed","template":"","meta":{"_acf_changed":false,"footnotes":""},"class_list":["post-10968","page","type-page","status-publish","hentry"],"acf":[],"_links":{"self":[{"href":"https:\/\/treskablinoll.nu\/ll\/wp-json\/wp\/v2\/pages\/10968","targetHints":{"allow":["GET"]}}],"collection":[{"href":"https:\/\/treskablinoll.nu\/ll\/wp-json\/wp\/v2\/pages"}],"about":[{"href":"https:\/\/treskablinoll.nu\/ll\/wp-json\/wp\/v2\/types\/page"}],"author":[{"embeddable":true,"href":"https:\/\/treskablinoll.nu\/ll\/wp-json\/wp\/v2\/users\/129"}],"replies":[{"embeddable":true,"href":"https:\/\/treskablinoll.nu\/ll\/wp-json\/wp\/v2\/comments?post=10968"}],"version-history":[{"count":21,"href":"https:\/\/treskablinoll.nu\/ll\/wp-json\/wp\/v2\/pages\/10968\/revisions"}],"predecessor-version":[{"id":13179,"href":"https:\/\/treskablinoll.nu\/ll\/wp-json\/wp\/v2\/pages\/10968\/revisions\/13179"}],"up":[{"embeddable":true,"href":"https:\/\/treskablinoll.nu\/ll\/wp-json\/wp\/v2\/pages\/879"}],"wp:attachment":[{"href":"https:\/\/treskablinoll.nu\/ll\/wp-json\/wp\/v2\/media?parent=10968"}],"curies":[{"name":"wp","href":"https:\/\/api.w.org\/{rel}","templated":true}]}}