{"id":10443,"date":"2024-04-16T12:11:27","date_gmt":"2024-04-16T10:11:27","guid":{"rendered":"https:\/\/treskablinoll.nu\/?page_id=10443"},"modified":"2025-10-21T18:06:18","modified_gmt":"2025-10-21T16:06:18","slug":"artemis","status":"publish","type":"page","link":"https:\/\/treskablinoll.nu\/ll\/grundskolebrevet\/artemis\/","title":{"rendered":"Spelet Artemis"},"content":{"rendered":"<div data-elementor-type=\"wp-page\" data-elementor-id=\"10443\" class=\"elementor elementor-10443\" data-elementor-post-type=\"page\">\n\t\t\t\t<div class=\"elementor-element elementor-element-d34ca5c e-flex e-con-boxed e-con e-parent\" data-id=\"d34ca5c\" data-element_type=\"container\">\n\t\t\t\t\t<div class=\"e-con-inner\">\n\t\t<div class=\"elementor-element elementor-element-91da2cf e-flex e-con-boxed e-con e-child\" data-id=\"91da2cf\" data-element_type=\"container\">\n\t\t\t\t\t<div class=\"e-con-inner\">\n\t\t\t\t<div class=\"elementor-element elementor-element-c431ed0 elementor-widget elementor-widget-spacer\" data-id=\"c431ed0\" data-element_type=\"widget\" data-widget_type=\"spacer.default\">\n\t\t\t\t<div class=\"elementor-widget-container\">\n\t\t\t\t\t\t\t<div class=\"elementor-spacer\">\n\t\t\t<div class=\"elementor-spacer-inner\"><\/div>\n\t\t<\/div>\n\t\t\t\t\t\t<\/div>\n\t\t\t\t<\/div>\n\t\t\t\t\t<\/div>\n\t\t\t\t<\/div>\n\t\t<div class=\"elementor-element elementor-element-4922d786 e-con-full e-flex e-con e-child\" data-id=\"4922d786\" data-element_type=\"container\">\n\t\t\t\t<div class=\"elementor-element elementor-element-37b318a elementor-widget elementor-widget-text-editor\" data-id=\"37b318a\" data-element_type=\"widget\" data-widget_type=\"text-editor.default\">\n\t\t\t\t<div class=\"elementor-widget-container\">\n\t\t\t\t\t\t\t\t\t<p><span data-contrast=\"none\">Artemis tillh\u00f6r det arvsfondsfinansierade projektet Grundskolebrevet och \u00e4r ett spel som ska hj\u00e4lpa barn att reflektera och diskutera om kroppslig integritet. Genom spelet Artemis s\u00e5 vill vi \u00f6ka kunskapen, ge handlingskraftiga verktyg och skapa en yta f\u00f6r dialog som st\u00e4rker barns kroppsliga integritet. Spelet \u00e4r skapat f\u00f6r att anv\u00e4ndas i klassrummet, d\u00e4r elever f\u00f6rst utforskar Artemis v\u00e4rld genom att spela spelet, f\u00f6r att sedan diskutera och tillsammans i klassrummet l\u00f6sa situationer kopplade till kroppslig integritet.<\/span><\/p><p>Spelet \u00e4r framtaget f\u00f6r barn i \u00e5ldrarna 7-12 \u00e5r.<\/p><p><span data-contrast=\"none\">F\u00f6r att f\u00e5 tillg\u00e5ng till spelet Artemis och inloggningsuppgifter s\u00e5 beh\u00f6ver ni <a href=\"https:\/\/treskablinoll.nu\/ll\/?page_id=10433\" target=\"_blank\" rel=\"noopener\">registrera er grundskola h\u00e4r<\/a>.<\/span><\/p>\t\t\t\t\t\t\t\t<\/div>\n\t\t\t\t<\/div>\n\t\t\t\t<\/div>\n\t\t\t\t<div class=\"elementor-element elementor-element-c8569e5 elementor-widget elementor-widget-spacer\" data-id=\"c8569e5\" data-element_type=\"widget\" data-widget_type=\"spacer.default\">\n\t\t\t\t<div class=\"elementor-widget-container\">\n\t\t\t\t\t\t\t<div class=\"elementor-spacer\">\n\t\t\t<div class=\"elementor-spacer-inner\"><\/div>\n\t\t<\/div>\n\t\t\t\t\t\t<\/div>\n\t\t\t\t<\/div>\n\t\t\t\t\t<\/div>\n\t\t\t\t<\/div>\n\t\t<div class=\"elementor-element elementor-element-2a9a1bb e-flex e-con-boxed e-con e-parent\" data-id=\"2a9a1bb\" data-element_type=\"container\" data-settings=\"{&quot;background_background&quot;:&quot;classic&quot;}\">\n\t\t\t\t\t<div class=\"e-con-inner\">\n\t\t\t\t<div class=\"elementor-element elementor-element-a6d850a elementor-widget elementor-widget-heading\" data-id=\"a6d850a\" data-element_type=\"widget\" data-widget_type=\"heading.default\">\n\t\t\t\t<div class=\"elementor-widget-container\">\n\t\t\t\t\t<h3 class=\"elementor-heading-title elementor-size-default\">FR\u00c5GOR OM ARTEMIS<\/h3>\t\t\t\t<\/div>\n\t\t\t\t<\/div>\n\t\t\t\t<div class=\"elementor-element elementor-element-cf97202 elementor-widget elementor-widget-toggle\" data-id=\"cf97202\" data-element_type=\"widget\" data-widget_type=\"toggle.default\">\n\t\t\t\t<div class=\"elementor-widget-container\">\n\t\t\t\t\t\t\t<div class=\"elementor-toggle\">\n\t\t\t\t\t\t\t<div class=\"elementor-toggle-item\">\n\t\t\t\t\t<h5 id=\"elementor-tab-title-2171\" class=\"elementor-tab-title\" data-tab=\"1\" role=\"button\" aria-controls=\"elementor-tab-content-2171\" aria-expanded=\"false\">\n\t\t\t\t\t\t\t\t\t\t\t\t<span class=\"elementor-toggle-icon elementor-toggle-icon-right\" aria-hidden=\"true\">\n\t\t\t\t\t\t\t\t\t\t\t\t\t\t\t<span class=\"elementor-toggle-icon-closed\"><i class=\"fas fa-caret-down\"><\/i><\/span>\n\t\t\t\t\t\t\t\t<span class=\"elementor-toggle-icon-opened\"><i class=\"elementor-toggle-icon-opened fas fa-caret-up\"><\/i><\/span>\n\t\t\t\t\t\t\t\t\t\t\t\t\t<\/span>\n\t\t\t\t\t\t\t\t\t\t\t\t<a class=\"elementor-toggle-title\" tabindex=\"0\">VARF\u00d6R FINNS SPELET ARTEMIS? <\/a>\n\t\t\t\t\t<\/h5>\n\n\t\t\t\t\t<div id=\"elementor-tab-content-2171\" class=\"elementor-tab-content elementor-clearfix\" data-tab=\"1\" role=\"region\" aria-labelledby=\"elementor-tab-title-2171\"><p><span class=\"TextRun SCXW242870876 BCX4\" lang=\"SV-SE\" xml:lang=\"SV-SE\" data-contrast=\"none\"><span class=\"NormalTextRun SCXW242870876 BCX4\">Spelet \u00e4r skapat f\u00f6r att anv\u00e4ndas i klassrummet, d\u00e4r elever f\u00f6rst utforskar Artemis v\u00e4rld f\u00f6r att sedan diskutera och tillsammans l\u00f6sa situationer kopplade till kroppslig integritet<\/span><span class=\"NormalTextRun SCXW242870876 BCX4\">, tillsammans med skolpersonal<\/span><span class=\"NormalTextRun SCXW242870876 BCX4\">. Eleverna kommer att sitta och spela spel<\/span><span class=\"NormalTextRun SCXW242870876 BCX4\">et<\/span><span class=\"NormalTextRun SCXW242870876 BCX4\"> som ska hj\u00e4lpa dem att st\u00e4rka sin kroppsliga integritet. Man blandar ett roligt spel med nyttig information och v\u00e4rdefulla dialoger mellan l\u00e4rare och elever.<\/span><\/span><span class=\"EOP SCXW242870876 BCX4\" data-ccp-props=\"{&quot;201341983&quot;:0,&quot;335559739&quot;:0,&quot;335559740&quot;:259}\">\u00a0<\/span><\/p><\/div>\n\t\t\t\t<\/div>\n\t\t\t\t\t\t\t<div class=\"elementor-toggle-item\">\n\t\t\t\t\t<h5 id=\"elementor-tab-title-2172\" class=\"elementor-tab-title\" data-tab=\"2\" role=\"button\" aria-controls=\"elementor-tab-content-2172\" aria-expanded=\"false\">\n\t\t\t\t\t\t\t\t\t\t\t\t<span class=\"elementor-toggle-icon elementor-toggle-icon-right\" aria-hidden=\"true\">\n\t\t\t\t\t\t\t\t\t\t\t\t\t\t\t<span class=\"elementor-toggle-icon-closed\"><i class=\"fas fa-caret-down\"><\/i><\/span>\n\t\t\t\t\t\t\t\t<span class=\"elementor-toggle-icon-opened\"><i class=\"elementor-toggle-icon-opened fas fa-caret-up\"><\/i><\/span>\n\t\t\t\t\t\t\t\t\t\t\t\t\t<\/span>\n\t\t\t\t\t\t\t\t\t\t\t\t<a class=\"elementor-toggle-title\" tabindex=\"0\">VAD HANDLAR SPELET ARTEMIS OM? <\/a>\n\t\t\t\t\t<\/h5>\n\n\t\t\t\t\t<div id=\"elementor-tab-content-2172\" class=\"elementor-tab-content elementor-clearfix\" data-tab=\"2\" role=\"region\" aria-labelledby=\"elementor-tab-title-2172\"><p><span class=\"TextRun SCXW161230284 BCX4\" lang=\"SV-SE\" xml:lang=\"SV-SE\" data-contrast=\"none\"><span class=\"NormalTextRun SCXW161230284 BCX4\">Artemis \u00e4r ett \u00e4ventyrs-\/mysteriespel d\u00e4r du ska utforska platser, samla f\u00f6rem\u00e5l och l\u00e4ra dig om kroppslig integritet. <\/span><span class=\"NormalTextRun SCXW161230284 BCX4\">I spelet <\/span><span class=\"NormalTextRun SCXW161230284 BCX4\">representerar<\/span><span class=\"NormalTextRun SCXW161230284 BCX4\"> karakt\u00e4ren <\/span><span class=\"NormalTextRun SCXW161230284 BCX4\">Artemis<\/span> <span class=\"NormalTextRun CommentStart CommentHighlightPipeRestV2 CommentHighlightRest SCXW161230284 BCX4\">trygghet, integritet och respekt<\/span><span class=\"NormalTextRun CommentHighlightPipeRestV2 SCXW161230284 BCX4\">, men s\u00e5 finns ocks\u00e5 <\/span><span class=\"NormalTextRun SpellingErrorV2Themed SCXW161230284 BCX4\">Vidras<\/span><span class=\"NormalTextRun SCXW161230284 BCX4\"> som \u00e4r en karakt\u00e4r som st\u00e5r f\u00f6r det m\u00f6rka och otrygga. Eleverna kommer att utforska Artemis v\u00e4rld och f\u00f6rs\u00f6ka \u00e5terst\u00e4lla Artemis krafter genom att ta tillbaka alla Artemis fj\u00e4drar som <\/span><span class=\"NormalTextRun SpellingErrorV2Themed SCXW161230284 BCX4\">Vidras<\/span><span class=\"NormalTextRun SCXW161230284 BCX4\"> stulit. Fj\u00e4drarna \u00e4r v\u00e4rdefulla och besitter mycket information som \u00e4r viktig f\u00f6r att barnen ska l\u00e4ra sig s\u00e5 mycket som m\u00f6jligt om kroppslig integritet.<\/span><\/span><\/p><\/div>\n\t\t\t\t<\/div>\n\t\t\t\t\t\t\t<div class=\"elementor-toggle-item\">\n\t\t\t\t\t<h5 id=\"elementor-tab-title-2173\" class=\"elementor-tab-title\" data-tab=\"3\" role=\"button\" aria-controls=\"elementor-tab-content-2173\" aria-expanded=\"false\">\n\t\t\t\t\t\t\t\t\t\t\t\t<span class=\"elementor-toggle-icon elementor-toggle-icon-right\" aria-hidden=\"true\">\n\t\t\t\t\t\t\t\t\t\t\t\t\t\t\t<span class=\"elementor-toggle-icon-closed\"><i class=\"fas fa-caret-down\"><\/i><\/span>\n\t\t\t\t\t\t\t\t<span class=\"elementor-toggle-icon-opened\"><i class=\"elementor-toggle-icon-opened fas fa-caret-up\"><\/i><\/span>\n\t\t\t\t\t\t\t\t\t\t\t\t\t<\/span>\n\t\t\t\t\t\t\t\t\t\t\t\t<a class=\"elementor-toggle-title\" tabindex=\"0\">HUR LYDER STORYN OM ARTEMIS?<\/a>\n\t\t\t\t\t<\/h5>\n\n\t\t\t\t\t<div id=\"elementor-tab-content-2173\" class=\"elementor-tab-content elementor-clearfix\" data-tab=\"3\" role=\"region\" aria-labelledby=\"elementor-tab-title-2173\"><p><span class=\"TextRun SCXW116295408 BCX4\" lang=\"SV-SE\" xml:lang=\"SV-SE\" data-contrast=\"none\"><span class=\"NormalTextRun SCXW116295408 BCX4\">En g\u00e5ng f\u00f6r l\u00e4nge sedan levde en varelse vid namn Artemis. Artemis beskyddade alla barn med hj\u00e4lp av masker med magiska krafter.<\/span><\/span> <span class=\"TextRun SCXW116295408 BCX4\" lang=\"SV-SE\" xml:lang=\"SV-SE\" data-contrast=\"none\"><span class=\"NormalTextRun SCXW116295408 BCX4\">Artemis levde p\u00e5 en plats inte olik den vi lever i idag. Det var en vacker plats, en plats d\u00e4r alla barn kunde k\u00e4nna sig trygga. Men d\u00e4r levde \u00e4ven <\/span><span class=\"NormalTextRun SpellingErrorV2Themed SCXW116295408 BCX4\">Vidras<\/span><span class=\"NormalTextRun SCXW116295408 BCX4\">. <\/span><span class=\"NormalTextRun SpellingErrorV2Themed SCXW116295408 BCX4\">Vidras<\/span><span class=\"NormalTextRun SCXW116295408 BCX4\"> var ett v\u00e4sen av m\u00f6rker som hatade barn. Han best\u00e4mde sig f\u00f6r att ta krafterna i maskerna och l\u00e4gga sitt m\u00f6rker \u00f6ver alla.<\/span><\/span> <span class=\"TextRun SCXW116295408 BCX4\" lang=\"SV-SE\" xml:lang=\"SV-SE\" data-contrast=\"none\"><span class=\"NormalTextRun SpellingErrorV2Themed SCXW116295408 BCX4\">Vidras<\/span><span class=\"NormalTextRun SCXW116295408 BCX4\"> trodde han hade lyckats men han hade fel. Maskerna hade en v\u00e4ktare vars m\u00e5l blev att ta tillbaka sin magi och \u00e5terge kraften till Artemis.<\/span><\/span><\/p><\/div>\n\t\t\t\t<\/div>\n\t\t\t\t\t\t\t<div class=\"elementor-toggle-item\">\n\t\t\t\t\t<h5 id=\"elementor-tab-title-2174\" class=\"elementor-tab-title\" data-tab=\"4\" role=\"button\" aria-controls=\"elementor-tab-content-2174\" aria-expanded=\"false\">\n\t\t\t\t\t\t\t\t\t\t\t\t<span class=\"elementor-toggle-icon elementor-toggle-icon-right\" aria-hidden=\"true\">\n\t\t\t\t\t\t\t\t\t\t\t\t\t\t\t<span class=\"elementor-toggle-icon-closed\"><i class=\"fas fa-caret-down\"><\/i><\/span>\n\t\t\t\t\t\t\t\t<span class=\"elementor-toggle-icon-opened\"><i class=\"elementor-toggle-icon-opened fas fa-caret-up\"><\/i><\/span>\n\t\t\t\t\t\t\t\t\t\t\t\t\t<\/span>\n\t\t\t\t\t\t\t\t\t\t\t\t<a class=\"elementor-toggle-title\" tabindex=\"0\">VILKA \u00c4R KARAKT\u00c4RERNA I SPELET ARTEMIS?<\/a>\n\t\t\t\t\t<\/h5>\n\n\t\t\t\t\t<div id=\"elementor-tab-content-2174\" class=\"elementor-tab-content elementor-clearfix\" data-tab=\"4\" role=\"region\" aria-labelledby=\"elementor-tab-title-2174\"><p><strong>Artemis:<\/strong><span data-contrast=\"none\"> Beskyddade alla barn i v\u00e4rlden med hj\u00e4lp av sina tre m\u00e4ktiga masker: Abeona, Idunn och Ostara.\u00a0<\/span><span data-ccp-props=\"{&quot;201341983&quot;:0,&quot;335559739&quot;:0,&quot;335559740&quot;:259}\"><br \/><\/span><strong>Vidras:<\/strong><span data-contrast=\"none\"> Ett v\u00e4sen av m\u00f6rker som hatar barn. I spelet s\u00e5 \u00e4r han en karakt\u00e4r som har tv\u00e5 sidor. Han \u00e4r dels en h\u00f6gst p\u00e5litlig och trofast tj\u00e4nare till Artemis, men med en m\u00f6rk sida och avsikter att lura och kasta ett m\u00f6rker \u00f6ver Artemis v\u00e4rld.<\/span><span data-ccp-props=\"{&quot;201341983&quot;:0,&quot;335559739&quot;:0,&quot;335559740&quot;:259}\">\u00a0<br \/><\/span><strong>Idunn:<\/strong><span data-contrast=\"none\"> Den r\u00f6da kraften var r\u00e4ttvisans mask. Den gav alla barn kraften att se skillnaden mellan r\u00e4tt och fel.<\/span><span data-ccp-props=\"{&quot;201341983&quot;:0,&quot;335559739&quot;:0,&quot;335559740&quot;:259}\">\u00a0<br \/><\/span><strong>Ostara:<\/strong><span data-contrast=\"none\"> Den gula kraften var visdomens mask. Den gav alla barn kraften att f\u00f6rst\u00e5 och respektera varandra.<\/span><span data-ccp-props=\"{&quot;201341983&quot;:0,&quot;335559739&quot;:0,&quot;335559740&quot;:259}\">\u00a0<br \/><\/span><strong>Abeona:<\/strong><span data-contrast=\"none\"> Den gr\u00f6na kraften var modets mask. Den gav alla barn kraften att hitta mod att v\u00e5ga ber\u00e4tta om s\u00e5dant som \u00e4r fel.<\/span><span data-ccp-props=\"{&quot;201341983&quot;:0,&quot;335559739&quot;:0,&quot;335559740&quot;:259}\">\u00a0<\/span><\/p><\/div>\n\t\t\t\t<\/div>\n\t\t\t\t\t\t\t<div class=\"elementor-toggle-item\">\n\t\t\t\t\t<h5 id=\"elementor-tab-title-2175\" class=\"elementor-tab-title\" data-tab=\"5\" role=\"button\" aria-controls=\"elementor-tab-content-2175\" aria-expanded=\"false\">\n\t\t\t\t\t\t\t\t\t\t\t\t<span class=\"elementor-toggle-icon elementor-toggle-icon-right\" aria-hidden=\"true\">\n\t\t\t\t\t\t\t\t\t\t\t\t\t\t\t<span class=\"elementor-toggle-icon-closed\"><i class=\"fas fa-caret-down\"><\/i><\/span>\n\t\t\t\t\t\t\t\t<span class=\"elementor-toggle-icon-opened\"><i class=\"elementor-toggle-icon-opened fas fa-caret-up\"><\/i><\/span>\n\t\t\t\t\t\t\t\t\t\t\t\t\t<\/span>\n\t\t\t\t\t\t\t\t\t\t\t\t<a class=\"elementor-toggle-title\" tabindex=\"0\">HUR F\u00c5R MAN TILLG\u00c5NG TILL SPELET ARTEMIS?<\/a>\n\t\t\t\t\t<\/h5>\n\n\t\t\t\t\t<div id=\"elementor-tab-content-2175\" class=\"elementor-tab-content elementor-clearfix\" data-tab=\"5\" role=\"region\" aria-labelledby=\"elementor-tab-title-2175\"><p><span class=\"TextRun SCXW261392594 BCX4\" lang=\"SV-SE\" xml:lang=\"SV-SE\" data-contrast=\"none\"><span class=\"NormalTextRun SCXW261392594 BCX4\">N\u00e4r du <a href=\"https:\/\/treskablinoll.nu\/ll\/?page_id=10433\">registrerar din skola<\/a> till\u00a0<\/span><span class=\"NormalTextRun SCXW261392594 BCX4\">Grundskolebrevet, f\u00e5r du ocks\u00e5 tillg\u00e5ng till spelet Artemis. N\u00e4r din skola \u00e4r registrerad skickar vi p\u00e5 Treskablinoll ut inloggningsuppgifter till den mejladress ni registrerat er p\u00e5.<\/span><\/span><\/p><\/div>\n\t\t\t\t<\/div>\n\t\t\t\t\t\t\t<div class=\"elementor-toggle-item\">\n\t\t\t\t\t<h5 id=\"elementor-tab-title-2176\" class=\"elementor-tab-title\" data-tab=\"6\" role=\"button\" aria-controls=\"elementor-tab-content-2176\" aria-expanded=\"false\">\n\t\t\t\t\t\t\t\t\t\t\t\t<span class=\"elementor-toggle-icon elementor-toggle-icon-right\" aria-hidden=\"true\">\n\t\t\t\t\t\t\t\t\t\t\t\t\t\t\t<span class=\"elementor-toggle-icon-closed\"><i class=\"fas fa-caret-down\"><\/i><\/span>\n\t\t\t\t\t\t\t\t<span class=\"elementor-toggle-icon-opened\"><i class=\"elementor-toggle-icon-opened fas fa-caret-up\"><\/i><\/span>\n\t\t\t\t\t\t\t\t\t\t\t\t\t<\/span>\n\t\t\t\t\t\t\t\t\t\t\t\t<a class=\"elementor-toggle-title\" tabindex=\"0\">VEM KAN SPELA SPELET ARTEMIS?<\/a>\n\t\t\t\t\t<\/h5>\n\n\t\t\t\t\t<div id=\"elementor-tab-content-2176\" class=\"elementor-tab-content elementor-clearfix\" data-tab=\"6\" role=\"region\" aria-labelledby=\"elementor-tab-title-2176\"><p><span class=\"TextRun SCXW110234971 BCX4\" lang=\"SV-SE\" xml:lang=\"SV-SE\" data-contrast=\"none\"><span class=\"NormalTextRun CommentHighlightClicked SCXW110234971 BCX4\">Artemis \u00e4r gjort f\u00f6r alla sve<\/span><span class=\"NormalTextRun CommentHighlightClicked SCXW110234971 BCX4\">nska grundskolor. Det \u00e4r gjort f\u00f6r att spelas tillsammans med en vuxen och ska v\u00e4xlas mellan individuellt spel och klassrumsdiskussioner.<\/span><\/span><\/p><\/div>\n\t\t\t\t<\/div>\n\t\t\t\t\t\t\t<div class=\"elementor-toggle-item\">\n\t\t\t\t\t<h5 id=\"elementor-tab-title-2177\" class=\"elementor-tab-title\" data-tab=\"7\" role=\"button\" aria-controls=\"elementor-tab-content-2177\" aria-expanded=\"false\">\n\t\t\t\t\t\t\t\t\t\t\t\t<span class=\"elementor-toggle-icon elementor-toggle-icon-right\" aria-hidden=\"true\">\n\t\t\t\t\t\t\t\t\t\t\t\t\t\t\t<span class=\"elementor-toggle-icon-closed\"><i class=\"fas fa-caret-down\"><\/i><\/span>\n\t\t\t\t\t\t\t\t<span class=\"elementor-toggle-icon-opened\"><i class=\"elementor-toggle-icon-opened fas fa-caret-up\"><\/i><\/span>\n\t\t\t\t\t\t\t\t\t\t\t\t\t<\/span>\n\t\t\t\t\t\t\t\t\t\t\t\t<a class=\"elementor-toggle-title\" tabindex=\"0\">VAD \u00c4R L\u00c4RARENS ROLL?<\/a>\n\t\t\t\t\t<\/h5>\n\n\t\t\t\t\t<div id=\"elementor-tab-content-2177\" class=\"elementor-tab-content elementor-clearfix\" data-tab=\"7\" role=\"region\" aria-labelledby=\"elementor-tab-title-2177\"><p><span data-contrast=\"none\">L\u00e4raren f\u00f6rbereder sig genom att ta del av l\u00e4rarhandledningen som ni f\u00e5r tillg\u00e5ng till n\u00e4r ni har registrerat er. Sedan ska l\u00e4raren ansvara f\u00f6r att leda diskussioner om integritet med hj\u00e4lp av fr\u00e5gest\u00e4llningar och fallbeskrivningar i l\u00e4rarhandledningen.<\/span><\/p><\/div>\n\t\t\t\t<\/div>\n\t\t\t\t\t\t\t<div class=\"elementor-toggle-item\">\n\t\t\t\t\t<h5 id=\"elementor-tab-title-2178\" class=\"elementor-tab-title\" data-tab=\"8\" role=\"button\" aria-controls=\"elementor-tab-content-2178\" aria-expanded=\"false\">\n\t\t\t\t\t\t\t\t\t\t\t\t<span class=\"elementor-toggle-icon elementor-toggle-icon-right\" aria-hidden=\"true\">\n\t\t\t\t\t\t\t\t\t\t\t\t\t\t\t<span class=\"elementor-toggle-icon-closed\"><i class=\"fas fa-caret-down\"><\/i><\/span>\n\t\t\t\t\t\t\t\t<span class=\"elementor-toggle-icon-opened\"><i class=\"elementor-toggle-icon-opened fas fa-caret-up\"><\/i><\/span>\n\t\t\t\t\t\t\t\t\t\t\t\t\t<\/span>\n\t\t\t\t\t\t\t\t\t\t\t\t<a class=\"elementor-toggle-title\" tabindex=\"0\">KOSTAR SPELET PENGAR?<\/a>\n\t\t\t\t\t<\/h5>\n\n\t\t\t\t\t<div id=\"elementor-tab-content-2178\" class=\"elementor-tab-content elementor-clearfix\" data-tab=\"8\" role=\"region\" aria-labelledby=\"elementor-tab-title-2178\"><p><span class=\"TextRun SCXW178322236 BCX4\" lang=\"SV-SE\" xml:lang=\"SV-SE\" data-contrast=\"none\"><span class=\"NormalTextRun SCXW178322236 BCX4\">Nej. Artemis \u00e4r en del av det arvsfondsfinansierade projektet Grundskolebrevet. Detta inneb\u00e4r att spelet \u00e4r helt kostnadsfritt. Grundskolebrevet \u00e4r <\/span><span class=\"NormalTextRun SCXW178322236 BCX4\">ett ideellt, icke-vinstdrivande projekt med syftet att minska sexuella \u00f6vergrepp mot barn.<\/span><\/span><\/p><\/div>\n\t\t\t\t<\/div>\n\t\t\t\t\t\t\t\t<\/div>\n\t\t\t\t\t\t<\/div>\n\t\t\t\t<\/div>\n\t\t\t\t\t<\/div>\n\t\t\t\t<\/div>\n\t\t\t\t<\/div>","protected":false},"excerpt":{"rendered":"<p>Artemis \u00e4r ett digitalt l\u00e4randespel som ska hj\u00e4lpa till att \u00f6ppna upp f\u00f6r diskussioner om sv\u00e5ra \u00e4mnen. Spelet \u00e4r utvecklat av och f\u00f6r barn och l\u00e4rare i grundskola.<\/p>","protected":false},"author":129,"featured_media":10460,"parent":5136,"menu_order":0,"comment_status":"closed","ping_status":"closed","template":"","meta":{"_acf_changed":false,"footnotes":""},"class_list":["post-10443","page","type-page","status-publish","has-post-thumbnail","hentry"],"acf":[],"_links":{"self":[{"href":"https:\/\/treskablinoll.nu\/ll\/wp-json\/wp\/v2\/pages\/10443","targetHints":{"allow":["GET"]}}],"collection":[{"href":"https:\/\/treskablinoll.nu\/ll\/wp-json\/wp\/v2\/pages"}],"about":[{"href":"https:\/\/treskablinoll.nu\/ll\/wp-json\/wp\/v2\/types\/page"}],"author":[{"embeddable":true,"href":"https:\/\/treskablinoll.nu\/ll\/wp-json\/wp\/v2\/users\/129"}],"replies":[{"embeddable":true,"href":"https:\/\/treskablinoll.nu\/ll\/wp-json\/wp\/v2\/comments?post=10443"}],"version-history":[{"count":104,"href":"https:\/\/treskablinoll.nu\/ll\/wp-json\/wp\/v2\/pages\/10443\/revisions"}],"predecessor-version":[{"id":12963,"href":"https:\/\/treskablinoll.nu\/ll\/wp-json\/wp\/v2\/pages\/10443\/revisions\/12963"}],"up":[{"embeddable":true,"href":"https:\/\/treskablinoll.nu\/ll\/wp-json\/wp\/v2\/pages\/5136"}],"wp:featuredmedia":[{"embeddable":true,"href":"https:\/\/treskablinoll.nu\/ll\/wp-json\/wp\/v2\/media\/10460"}],"wp:attachment":[{"href":"https:\/\/treskablinoll.nu\/ll\/wp-json\/wp\/v2\/media?parent=10443"}],"curies":[{"name":"wp","href":"https:\/\/api.w.org\/{rel}","templated":true}]}}