{"id":10433,"date":"2024-04-16T14:33:51","date_gmt":"2024-04-16T12:33:51","guid":{"rendered":"https:\/\/treskablinoll.nu\/?page_id=10433"},"modified":"2026-03-18T10:26:40","modified_gmt":"2026-03-18T09:26:40","slug":"registrera-din-grundskola","status":"publish","type":"page","link":"https:\/\/treskablinoll.nu\/ll\/grundskolebrevet\/registrera-din-grundskola\/","title":{"rendered":"Registrera din grundskola"},"content":{"rendered":"<div data-elementor-type=\"wp-page\" data-elementor-id=\"10433\" class=\"elementor elementor-10433\" data-elementor-post-type=\"page\">\n\t\t\t\t<div class=\"elementor-element elementor-element-3d0db9f e-flex e-con-boxed e-con e-parent\" data-id=\"3d0db9f\" data-element_type=\"container\">\n\t\t\t\t\t<div class=\"e-con-inner\">\n\t\t\t\t<div class=\"elementor-element elementor-element-8de077f elementor-widget elementor-widget-spacer\" data-id=\"8de077f\" data-element_type=\"widget\" data-widget_type=\"spacer.default\">\n\t\t\t\t<div class=\"elementor-widget-container\">\n\t\t\t\t\t\t\t<div class=\"elementor-spacer\">\n\t\t\t<div class=\"elementor-spacer-inner\"><\/div>\n\t\t<\/div>\n\t\t\t\t\t\t<\/div>\n\t\t\t\t<\/div>\n\t\t\t\t<div class=\"elementor-element elementor-element-a21e6f2 elementor-widget elementor-widget-spacer\" data-id=\"a21e6f2\" data-element_type=\"widget\" data-widget_type=\"spacer.default\">\n\t\t\t\t<div class=\"elementor-widget-container\">\n\t\t\t\t\t\t\t<div class=\"elementor-spacer\">\n\t\t\t<div class=\"elementor-spacer-inner\"><\/div>\n\t\t<\/div>\n\t\t\t\t\t\t<\/div>\n\t\t\t\t<\/div>\n\t\t\t\t<div class=\"elementor-element elementor-element-1c52cb6 elementor-widget__width-auto elementor-widget elementor-widget-text-editor\" data-id=\"1c52cb6\" data-element_type=\"widget\" data-widget_type=\"text-editor.default\">\n\t\t\t\t<div class=\"elementor-widget-container\">\n\t\t\t\t\t\t\t\t\t<p><strong>1 av 4 barn blir utsatta f\u00f6r sexuella \u00f6vergrepp innan de fyller 18 \u00e5r. Grundskolebrevet hj\u00e4lper er som skola att \u00e4ndra p\u00e5 det, genom att st\u00e4rka eleverna i sexualitet, samtycke och relationer \u2013 och motverka sexuella \u00f6vergrepp.<\/strong><\/p><p><strong>Nu kan du som rektor registrera din skola<\/strong> och vara med oss i kampen. Allt material i Grundskolebrevet \u00e4r kostnadsfritt, och ni l\u00e4ggs till i v\u00e5rt register som g\u00f6r det m\u00f6jligt f\u00f6r v\u00e5rdnadshavare att veta att just ni arbetar mot sexuella \u00f6vergrepp.<\/p><p>Efter registrering f\u00e5r ni f\u00e5r d\u00e5 tillg\u00e5ng till material som inkluderar bland annat det digitala l\u00e4randespelet Artemis, och flera lektionsmaterial om hur ni kan arbeta med sexualitet, samtycke och relationer p\u00e5 er skola.<\/p><h6>Du kan bara registrera skolan om du har mandat att g\u00f6ra det, exempelvis om du \u00e4r rektor eller om du f\u00e5tt godk\u00e4nt av rektor att g\u00f6ra det.\u00a0<\/h6>\t\t\t\t\t\t\t\t<\/div>\n\t\t\t\t<\/div>\n\t\t\t\t<div class=\"elementor-element elementor-element-a831155 elementor-button-align-stretch elementor-widget elementor-widget-form\" data-id=\"a831155\" data-element_type=\"widget\" data-settings=\"{&quot;step_next_label&quot;:&quot;N\\u00e4sta&quot;,&quot;step_previous_label&quot;:&quot;F\\u00f6reg\\u00e5ende&quot;,&quot;button_width&quot;:&quot;100&quot;,&quot;step_type&quot;:&quot;number_text&quot;,&quot;step_icon_shape&quot;:&quot;circle&quot;}\" data-widget_type=\"form.default\">\n\t\t\t\t<div class=\"elementor-widget-container\">\n\t\t\t\t\t\t\t<form class=\"elementor-form\" method=\"post\" name=\"Registrera grundskola\" action=\"\">\n\t\t\t<input type=\"hidden\" name=\"post_id\" value=\"10433\"\/>\n\t\t\t<input type=\"hidden\" name=\"form_id\" value=\"a831155\"\/>\n\t\t\t<input type=\"hidden\" name=\"referer_title\" value=\"\" \/>\n\n\t\t\t\n\t\t\t<div class=\"elementor-form-fields-wrapper elementor-labels-above\">\n\t\t\t\t\t\t\t\t<div class=\"elementor-field-type-text elementor-field-group elementor-column elementor-field-group-name elementor-col-100 elementor-field-required elementor-mark-required\">\n\t\t\t\t\t\t\t\t\t\t\t\t<label for=\"form-field-name\" class=\"elementor-field-label\">\n\t\t\t\t\t\t\t\tNamn p\u00e5 grundskola\t\t\t\t\t\t\t<\/label>\n\t\t\t\t\t\t\t\t\t\t\t\t\t\t<input size=\"1\" type=\"text\" name=\"form_fields[name]\" id=\"form-field-name\" class=\"elementor-field elementor-size-sm  elementor-field-textual\" placeholder=\"Skolans namn\" required=\"required\">\n\t\t\t\t\t\t\t\t\t\t\t<\/div>\n\t\t\t\t\t\t\t\t<div class=\"elementor-field-type-checkbox elementor-field-group elementor-column elementor-field-group-field_7286fdf elementor-col-100\">\n\t\t\t\t\t\t\t\t\t\t\t\t<label for=\"form-field-field_7286fdf\" class=\"elementor-field-label\">\n\t\t\t\t\t\t\t\tJag har mandat att registrera min skola: \t\t\t\t\t\t\t<\/label>\n\t\t\t\t\t\t<div class=\"elementor-field-subgroup\"><span class=\"elementor-field-option\"><input type=\"checkbox\" value=\"JA \" id=\"form-field-field_7286fdf-0\" name=\"form_fields[field_7286fdf][]\"> <label for=\"form-field-field_7286fdf-0\">JA <\/label><\/span><span class=\"elementor-field-option\"><input type=\"checkbox\" value=\"NEJ\" id=\"form-field-field_7286fdf-1\" name=\"form_fields[field_7286fdf][]\"> <label for=\"form-field-field_7286fdf-1\">NEJ<\/label><\/span><\/div>\t\t\t\t<\/div>\n\t\t\t\t\t\t\t\t<div class=\"elementor-field-type-email elementor-field-group elementor-column elementor-field-group-email elementor-col-100 elementor-field-required elementor-mark-required\">\n\t\t\t\t\t\t\t\t\t\t\t\t<label for=\"form-field-email\" class=\"elementor-field-label\">\n\t\t\t\t\t\t\t\tEmail\t\t\t\t\t\t\t<\/label>\n\t\t\t\t\t\t\t\t\t\t\t\t\t\t<input size=\"1\" type=\"email\" name=\"form_fields[email]\" id=\"form-field-email\" class=\"elementor-field elementor-size-sm  elementor-field-textual\" placeholder=\"Din email\" required=\"required\">\n\t\t\t\t\t\t\t\t\t\t\t<\/div>\n\t\t\t\t\t\t\t\t<div class=\"elementor-field-type-text elementor-field-group elementor-column elementor-field-group-field_95977e0 elementor-col-100 elementor-field-required elementor-mark-required\">\n\t\t\t\t\t\t\t\t\t\t\t\t<label for=\"form-field-field_95977e0\" class=\"elementor-field-label\">\n\t\t\t\t\t\t\t\tStad\t\t\t\t\t\t\t<\/label>\n\t\t\t\t\t\t\t\t\t\t\t\t\t\t<input size=\"1\" type=\"text\" name=\"form_fields[field_95977e0]\" id=\"form-field-field_95977e0\" class=\"elementor-field elementor-size-sm  elementor-field-textual\" placeholder=\"Stad\" required=\"required\">\n\t\t\t\t\t\t\t\t\t\t\t<\/div>\n\t\t\t\t\t\t\t\t<div class=\"elementor-field-type-text elementor-field-group elementor-column elementor-field-group-field_0696a20 elementor-col-100 elementor-field-required elementor-mark-required\">\n\t\t\t\t\t\t\t\t\t\t\t\t<label for=\"form-field-field_0696a20\" class=\"elementor-field-label\">\n\t\t\t\t\t\t\t\tF\u00f6rnamn\t\t\t\t\t\t\t<\/label>\n\t\t\t\t\t\t\t\t\t\t\t\t\t\t<input size=\"1\" type=\"text\" name=\"form_fields[field_0696a20]\" id=\"form-field-field_0696a20\" class=\"elementor-field elementor-size-sm  elementor-field-textual\" placeholder=\"Ditt namn\" required=\"required\">\n\t\t\t\t\t\t\t\t\t\t\t<\/div>\n\t\t\t\t\t\t\t\t<div class=\"elementor-field-type-text elementor-field-group elementor-column elementor-field-group-field_7f4d910 elementor-col-100 elementor-field-required elementor-mark-required\">\n\t\t\t\t\t\t\t\t\t\t\t\t<label for=\"form-field-field_7f4d910\" class=\"elementor-field-label\">\n\t\t\t\t\t\t\t\tEfternamn\t\t\t\t\t\t\t<\/label>\n\t\t\t\t\t\t\t\t\t\t\t\t\t\t<input size=\"1\" type=\"text\" name=\"form_fields[field_7f4d910]\" id=\"form-field-field_7f4d910\" class=\"elementor-field elementor-size-sm  elementor-field-textual\" placeholder=\"Ditt efternamn\" required=\"required\">\n\t\t\t\t\t\t\t\t\t\t\t<\/div>\n\t\t\t\t\t\t\t\t<div class=\"elementor-field-type-checkbox elementor-field-group elementor-column elementor-field-group-field_54b6338 elementor-col-100\">\n\t\t\t\t\t\t\t\t\t\t\t\t<label for=\"form-field-field_54b6338\" class=\"elementor-field-label\">\n\t\t\t\t\t\t\t\t\u00d6nskar ni tillg\u00e5ng till Artemisspelet?\t\t\t\t\t\t\t<\/label>\n\t\t\t\t\t\t<div class=\"elementor-field-subgroup\"><span class=\"elementor-field-option\"><input type=\"checkbox\" value=\"Ja\" id=\"form-field-field_54b6338-0\" name=\"form_fields[field_54b6338][]\"> <label for=\"form-field-field_54b6338-0\">Ja<\/label><\/span><span class=\"elementor-field-option\"><input type=\"checkbox\" value=\"Nej\" id=\"form-field-field_54b6338-1\" name=\"form_fields[field_54b6338][]\"> <label for=\"form-field-field_54b6338-1\">Nej<\/label><\/span><\/div>\t\t\t\t<\/div>\n\t\t\t\t\t\t\t\t<div class=\"elementor-field-type-radio elementor-field-group elementor-column elementor-field-group-field_658ef14 elementor-col-100 elementor-field-required elementor-mark-required\">\n\t\t\t\t\t\t\t\t\t\t\t\t<label for=\"form-field-field_658ef14\" class=\"elementor-field-label\">\n\t\t\t\t\t\t\t\tJag godk\u00e4nner att f\u00e5 grundskolebrevet nyhetsbrev via e-post.\t\t\t\t\t\t\t<\/label>\n\t\t\t\t\t\t<div class=\"elementor-field-subgroup\"><span class=\"elementor-field-option\"><input type=\"radio\" value=\"Ja\" id=\"form-field-field_658ef14-0\" name=\"form_fields[field_658ef14]\" required=\"required\"> <label for=\"form-field-field_658ef14-0\">Ja<\/label><\/span><\/div>\t\t\t\t<\/div>\n\t\t\t\t\t\t\t\t<div class=\"elementor-field-type-text elementor-field-group elementor-column elementor-field-group-field_73f8288 elementor-col-100 elementor-field-required elementor-mark-required\">\n\t\t\t\t\t\t\t\t\t\t\t\t<label for=\"form-field-field_73f8288\" class=\"elementor-field-label\">\n\t\t\t\t\t\t\t\tJag \u00e4r inte en robot\t\t\t\t\t\t\t<\/label>\n\t\t\t\t\t\t\t\t\t\t\t\t\t\t<input size=\"1\" type=\"text\" name=\"form_fields[field_73f8288]\" id=\"form-field-field_73f8288\" class=\"elementor-field elementor-size-sm  elementor-field-textual\" placeholder=\"3 x 9?\" required=\"required\">\n\t\t\t\t\t\t\t\t\t\t\t<\/div>\n\t\t\t\t\t\t\t\t<div class=\"elementor-field-group elementor-column elementor-field-type-submit elementor-col-100 e-form__buttons\">\n\t\t\t\t\t<button class=\"elementor-button elementor-size-sm\" type=\"submit\">\n\t\t\t\t\t\t<span class=\"elementor-button-content-wrapper\">\n\t\t\t\t\t\t\t\t\t\t\t\t\t\t\t\t\t\t\t\t\t\t<span class=\"elementor-button-text\">Skicka<\/span>\n\t\t\t\t\t\t\t\t\t\t\t\t\t<\/span>\n\t\t\t\t\t<\/button>\n\t\t\t\t<\/div>\n\t\t\t<\/div>\n\t\t<input type=\"hidden\" name=\"trp-form-language\" value=\"ll\"\/><\/form>\n\t\t\t\t\t\t<\/div>\n\t\t\t\t<\/div>\n\t\t\t\t\t<\/div>\n\t\t\t\t<\/div>\n\t\t<div class=\"elementor-element elementor-element-27060a0 e-flex e-con-boxed e-con e-parent\" data-id=\"27060a0\" data-element_type=\"container\">\n\t\t\t\t\t<div class=\"e-con-inner\">\n\t\t\t\t\t<\/div>\n\t\t\t\t<\/div>\n\t\t\t\t<\/div>","protected":false},"excerpt":{"rendered":"<p>1 av 4 barn blir utsatta f\u00f6r sexuella \u00f6vergrepp innan de fyller 18 \u00e5r. Grundskolebrevet hj\u00e4lper er som skola att \u00e4ndra p\u00e5 det, genom att st\u00e4rka eleverna i sexualitet, samtycke och relationer \u2013 och motverka sexuella \u00f6vergrepp. Nu kan du som rektor registrera din skola och vara med oss i kampen. Allt material i Grundskolebrevet [&hellip;]<\/p>","protected":false},"author":129,"featured_media":0,"parent":5136,"menu_order":0,"comment_status":"closed","ping_status":"closed","template":"","meta":{"_acf_changed":false,"footnotes":""},"class_list":["post-10433","page","type-page","status-publish","hentry"],"acf":[],"_links":{"self":[{"href":"https:\/\/treskablinoll.nu\/ll\/wp-json\/wp\/v2\/pages\/10433","targetHints":{"allow":["GET"]}}],"collection":[{"href":"https:\/\/treskablinoll.nu\/ll\/wp-json\/wp\/v2\/pages"}],"about":[{"href":"https:\/\/treskablinoll.nu\/ll\/wp-json\/wp\/v2\/types\/page"}],"author":[{"embeddable":true,"href":"https:\/\/treskablinoll.nu\/ll\/wp-json\/wp\/v2\/users\/129"}],"replies":[{"embeddable":true,"href":"https:\/\/treskablinoll.nu\/ll\/wp-json\/wp\/v2\/comments?post=10433"}],"version-history":[{"count":114,"href":"https:\/\/treskablinoll.nu\/ll\/wp-json\/wp\/v2\/pages\/10433\/revisions"}],"predecessor-version":[{"id":13341,"href":"https:\/\/treskablinoll.nu\/ll\/wp-json\/wp\/v2\/pages\/10433\/revisions\/13341"}],"up":[{"embeddable":true,"href":"https:\/\/treskablinoll.nu\/ll\/wp-json\/wp\/v2\/pages\/5136"}],"wp:attachment":[{"href":"https:\/\/treskablinoll.nu\/ll\/wp-json\/wp\/v2\/media?parent=10433"}],"curies":[{"name":"wp","href":"https:\/\/api.w.org\/{rel}","templated":true}]}}