{"id":10431,"date":"2024-04-08T13:42:44","date_gmt":"2024-04-08T11:42:44","guid":{"rendered":"https:\/\/treskablinoll.nu\/?page_id=10431"},"modified":"2025-12-03T18:00:37","modified_gmt":"2025-12-03T17:00:37","slug":"uppmana-grundskola","status":"publish","type":"page","link":"https:\/\/treskablinoll.nu\/ll\/grundskolebrevet\/uppmana-grundskola\/","title":{"rendered":"Uppmana din grundskola"},"content":{"rendered":"<div data-elementor-type=\"wp-page\" data-elementor-id=\"10431\" class=\"elementor elementor-10431\" data-elementor-post-type=\"page\">\n\t\t\t\t<div class=\"elementor-element elementor-element-66f456c e-flex e-con-boxed e-con e-parent\" data-id=\"66f456c\" data-element_type=\"container\">\n\t\t\t\t\t<div class=\"e-con-inner\">\n\t\t\t\t<div class=\"elementor-element elementor-element-e48d4e4 elementor-widget elementor-widget-text-editor\" data-id=\"e48d4e4\" data-element_type=\"widget\" data-widget_type=\"text-editor.default\">\n\t\t\t\t<div class=\"elementor-widget-container\">\n\t\t\t\t\t\t\t\t\t<p>Nedan finner du Grundskolebrevet, f\u00f6r dig som \u00e4r f\u00f6r\u00e4lder och vill att ditt barns skola ska engagera sig i kampen f\u00f6r barns r\u00e4tt till en barndom fri fr\u00e5n sexuella \u00f6vergrepp. Grundskolebrevet \u00e4r ett f\u00f6rskrivet brev som uppmanar grundskola och anpassad grundskola att jobba f\u00f6rebyggande mot sexuella \u00f6vergrepp.\u00a0<\/p><p>Allt du beh\u00f6ver g\u00f6ra \u00e4r att klicka knappen nedan, \u00e4ndra texten efter behov och skicka in till rektorn p\u00e5 ditt barns skola.<\/p><p>Tipsa g\u00e4rna fler f\u00f6r\u00e4ldrar med barn i grundskola och anpassad skola att skicka samma utmaning. Ju fler vi \u00e4r, desto st\u00f6rre skillnad g\u00f6r vi.<\/p>\t\t\t\t\t\t\t\t<\/div>\n\t\t\t\t<\/div>\n\t\t\t\t<div class=\"elementor-element elementor-element-799c290 elementor-align-center elementor-widget elementor-widget-button\" data-id=\"799c290\" data-element_type=\"widget\" data-widget_type=\"button.default\">\n\t\t\t\t<div class=\"elementor-widget-container\">\n\t\t\t\t\t\t\t\t\t<div class=\"elementor-button-wrapper\">\n\t\t\t\t\t<a class=\"elementor-button elementor-button-link elementor-size-sm\" href=\"mailto:?subject=Kan%20v%C3%A5r%20skola%20vara%20med%20i%20Grundskolebrevet%3F&#038;body=Hej%2C%20NAMN%0A%0AJag%20%C3%A4r%20anh%C3%B6rig%20till%20DITT%20BARNS%20NAMN.%0A%0AJag%20%C3%A4r%20f%C3%B6r%C3%A4lder%20till%20ett%20barn%20p%C3%A5%20er%20skola.%20Ni%20g%C3%B6r%20ett%20fantastiskt%20jobb%2C%20och%20jag%20vet%20att%20det%20finns%20m%C3%A5nga%20engagerade%20pedagoger%20hos%20er%20som%20g%C3%B6r%20s%C3%A5%20mycket%20f%C3%B6r%20barnen.%20Trots%20detta%20vill%20jag%20be%20er%20om%20en%20sak%3A%0A%0AAtt%20ansluta%20er%20till%20Grundskolebrevet.%0A%0A1%20av%204%20barn%20uts%C3%A4tts%20f%C3%B6r%20sexuella%20%C3%B6vergrepp%20innan%20de%20fyllt%2018%20%C3%A5r.%20L%C3%A5gt%20r%C3%A4knat%20%C3%A4r%20det%207%20barn%20i%20varje%20klass.%20%C3%85r%202024%20var%2041%25%20av%20anm%C3%A4lda%20v%C3%A5ldt%C3%A4kter%20mot%20barn.%20Skolan%20%C3%A4r%20en%20stor%20del%20av%20barnens%20vardag%2C%20och%20d%C3%A4rf%C3%B6r%20blir%20den%20en%20viktig%20arena%20f%C3%B6r%20f%C3%B6r%C3%A4ndring.%0A%0AGrundskolebrevet%20%C3%A4r%20ett%20kostnadsfritt%20projekt%20f%C3%B6r%20alla%20svenska%20grundskolor%20och%20anpassade%20grundskolor.%20Det%20best%C3%A5r%20utav%20st%C3%B6dmaterial%20och%20inspiration%20till%20pedagoger%20f%C3%B6r%20att%20f%C3%B6rebygga%20sexuella%20%C3%B6vergrepp.%20Materialet%20%C3%A4r%20utvecklat%20av%20experter%2C%20l%C3%A4rare%20och%20elever%2C%20och%20utg%C3%A5r%20fr%C3%A5n%20l%C3%A4roplanen%20och%20skolans%20styrdokument.%0A%0AGrundskolebrevet%20inneh%C3%A5ller%20bland%20annat%20lektionsf%C3%B6rslag%20f%C3%B6r%20alla%20%C3%A4mnen%20och%20%C3%A5rskurser%20i%20hur%20man%20l%C3%A4r%20ut%20om%20kroppslig%20integritet%20och%20samtycke%2C%20ett%20digitalt%20l%C3%A4randespel%20om%20samtycke%20p%C3%A5%20och%20utanf%C3%B6r%20n%C3%A4tet%20som%20man%20spelar%20i%20klassrummet%2C%20och%20st%C3%B6dmaterial%20att%20anv%C3%A4nda%20vid%20oro%20f%C3%B6r%20ett%20barn.%0A%0ADu%20kan%20l%C3%A4sa%20mer%20om%20det%20p%C3%A5%20www.Grundskolebrevet.se%0A%0ATack%20f%C3%B6r%20att%20du%20tog%20dig%20tiden%21%0A%0AMed%20v%C3%A4nliga%20h%C3%A4lsningar%2C%0A%0ADITT%20NAMN\">\n\t\t\t\t\t\t<span class=\"elementor-button-content-wrapper\">\n\t\t\t\t\t\t\t\t\t<span class=\"elementor-button-text\">Skicka Brevet nu<\/span>\n\t\t\t\t\t<\/span>\n\t\t\t\t\t<\/a>\n\t\t\t\t<\/div>\n\t\t\t\t\t\t\t\t<\/div>\n\t\t\t\t<\/div>\n\t\t\t\t<div class=\"elementor-element elementor-element-32b681a elementor-widget-divider--view-line elementor-widget elementor-widget-divider\" data-id=\"32b681a\" data-element_type=\"widget\" data-widget_type=\"divider.default\">\n\t\t\t\t<div class=\"elementor-widget-container\">\n\t\t\t\t\t\t\t<div class=\"elementor-divider\">\n\t\t\t<span class=\"elementor-divider-separator\">\n\t\t\t\t\t\t<\/span>\n\t\t<\/div>\n\t\t\t\t\t\t<\/div>\n\t\t\t\t<\/div>\n\t\t\t\t<div class=\"elementor-element elementor-element-da9a2df elementor-widget elementor-widget-text-editor\" data-id=\"da9a2df\" data-element_type=\"widget\" data-widget_type=\"text-editor.default\">\n\t\t\t\t<div class=\"elementor-widget-container\">\n\t\t\t\t\t\t\t\t\t<p>Hej, NAMN\u00a0<\/p><p>Jag \u00e4r anh\u00f6rig till DITT BARNS NAMN.<\/p><p>Jag \u00e4r f\u00f6r\u00e4lder till ett barn p\u00e5 er skola. Ni g\u00f6r ett fantastiskt jobb, och jag vet att det finns m\u00e5nga engagerade pedagoger hos er som g\u00f6r s\u00e5 mycket f\u00f6r barnen. Trots detta vill jag be er om en sak:\u00a0<\/p><p><strong>Att ansluta er till Grundskolebrevet.\u00a0<\/strong><\/p><p>1 av 4 barn uts\u00e4tts f\u00f6r sexuella \u00f6vergrepp innan de fyllt 18 \u00e5r. L\u00e5gt r\u00e4knat \u00e4r det 7 barn i varje klass. \u00c5r 2024 var 41% av anm\u00e4lda v\u00e5ldt\u00e4kter mot barn. Skolan \u00e4r en stor del av barnens vardag, och d\u00e4rf\u00f6r blir den en viktig arena f\u00f6r f\u00f6r\u00e4ndring.\u00a0<\/p><p>Grundskolebrevet \u00e4r ett kostnadsfritt projekt f\u00f6r alla svenska grundskolor och anpassade grundskolor. Det best\u00e5r utav st\u00f6dmaterial och inspiration till pedagoger f\u00f6r att f\u00f6rebygga sexuella \u00f6vergrepp. Materialet \u00e4r utvecklat av experter, l\u00e4rare och elever, och utg\u00e5r fr\u00e5n l\u00e4roplanen och skolans styrdokument.\u00a0<\/p><p>Grundskolebrevet inneh\u00e5ller bland annat lektionsf\u00f6rslag f\u00f6r alla \u00e4mnen och \u00e5rskurser i hur man l\u00e4r ut om kroppslig integritet och samtycke, ett digitalt l\u00e4randespel om samtycke p\u00e5 och utanf\u00f6r n\u00e4tet som man spelar i klassrummet, och st\u00f6dmaterial att anv\u00e4nda vid oro f\u00f6r ett barn.\u00a0<\/p><p>Du kan l\u00e4sa mer om det p\u00e5 <a href=\"http:\/\/grundskolebrevet.se\" target=\"_blank\" rel=\"noopener\">www.Grundskolebrevet.se<\/a>\u00a0<\/p><p>Tack f\u00f6r att du tog dig tiden!\u00a0<\/p><p>Med v\u00e4nliga h\u00e4lsningar,<\/p><p>DITT NAMN<\/p>\t\t\t\t\t\t\t\t<\/div>\n\t\t\t\t<\/div>\n\t\t\t\t\t<\/div>\n\t\t\t\t<\/div>\n\t\t\t\t<\/div>","protected":false},"excerpt":{"rendered":"<p>Nedan finner du Grundskolebrevet, f\u00f6r dig som \u00e4r f\u00f6r\u00e4lder och vill att ditt barns skola ska engagera sig i kampen f\u00f6r barns r\u00e4tt till en barndom fri fr\u00e5n sexuella \u00f6vergrepp. Grundskolebrevet \u00e4r ett f\u00f6rskrivet brev som uppmanar grundskola och anpassad grundskola att jobba f\u00f6rebyggande mot sexuella \u00f6vergrepp.\u00a0 Allt du beh\u00f6ver g\u00f6ra \u00e4r att klicka knappen [&hellip;]<\/p>","protected":false},"author":129,"featured_media":0,"parent":5136,"menu_order":0,"comment_status":"closed","ping_status":"closed","template":"","meta":{"_acf_changed":false,"footnotes":""},"class_list":["post-10431","page","type-page","status-publish","hentry"],"acf":[],"_links":{"self":[{"href":"https:\/\/treskablinoll.nu\/ll\/wp-json\/wp\/v2\/pages\/10431","targetHints":{"allow":["GET"]}}],"collection":[{"href":"https:\/\/treskablinoll.nu\/ll\/wp-json\/wp\/v2\/pages"}],"about":[{"href":"https:\/\/treskablinoll.nu\/ll\/wp-json\/wp\/v2\/types\/page"}],"author":[{"embeddable":true,"href":"https:\/\/treskablinoll.nu\/ll\/wp-json\/wp\/v2\/users\/129"}],"replies":[{"embeddable":true,"href":"https:\/\/treskablinoll.nu\/ll\/wp-json\/wp\/v2\/comments?post=10431"}],"version-history":[{"count":113,"href":"https:\/\/treskablinoll.nu\/ll\/wp-json\/wp\/v2\/pages\/10431\/revisions"}],"predecessor-version":[{"id":13231,"href":"https:\/\/treskablinoll.nu\/ll\/wp-json\/wp\/v2\/pages\/10431\/revisions\/13231"}],"up":[{"embeddable":true,"href":"https:\/\/treskablinoll.nu\/ll\/wp-json\/wp\/v2\/pages\/5136"}],"wp:attachment":[{"href":"https:\/\/treskablinoll.nu\/ll\/wp-json\/wp\/v2\/media?parent=10431"}],"curies":[{"name":"wp","href":"https:\/\/api.w.org\/{rel}","templated":true}]}}